{"id":3278,"date":"2025-10-22T08:06:39","date_gmt":"2025-10-22T08:06:39","guid":{"rendered":"https:\/\/evyan.es\/sostenibilita\/"},"modified":"2025-11-13T09:11:01","modified_gmt":"2025-11-13T09:11:01","slug":"sostenibilita","status":"publish","type":"page","link":"https:\/\/evyan.es\/it\/sostenibilita\/","title":{"rendered":"Sostenibilit\u00e0"},"content":{"rendered":"<p><div class=\"fusion-fullwidth fullwidth-box fusion-builder-row-1 fusion-flex-container has-pattern-background has-mask-background fusion-parallax-none hundred-percent-fullwidth non-hundred-percent-height-scrolling lazyload\" style=\"--awb-border-radius-top-left:0px;--awb-border-radius-top-right:0px;--awb-border-radius-bottom-right:0px;--awb-border-radius-bottom-left:0px;--awb-padding-top:80px;--awb-padding-bottom:80px;--awb-margin-top:0px;--awb-background-image:linear-gradient(180deg, rgba(15,19,23,0.39) 0%,rgba(15,19,23,0.39) 100%);;--awb-background-size:cover;--awb-flex-wrap:wrap;\" data-bg=\"https:\/\/evyan.es\/wp-content\/uploads\/2025\/10\/oranges-1117628_1280.jpg\" data-bg-gradient=\"linear-gradient(180deg, rgba(15,19,23,0.39) 0%,rgba(15,19,23,0.39) 100%)\" ><div class=\"fusion-builder-row fusion-row fusion-flex-align-items-center fusion-flex-justify-content-center fusion-flex-content-wrap\" style=\"width:104% !important;max-width:104% !important;margin-left: calc(-4% \/ 2 );margin-right: calc(-4% \/ 2 );\"><div class=\"fusion-layout-column fusion_builder_column fusion-builder-column-0 fusion_builder_column_3_5 3_5 fusion-flex-column\" style=\"--awb-bg-size:cover;--awb-width-large:60%;--awb-margin-top-large:0px;--awb-spacing-right-large:3.2%;--awb-margin-bottom-large:0px;--awb-spacing-left-large:3.2%;--awb-width-medium:66.666666666667%;--awb-order-medium:0;--awb-spacing-right-medium:2.88%;--awb-margin-bottom-medium:0px;--awb-spacing-left-medium:2.88%;--awb-width-small:80%;--awb-order-small:0;--awb-spacing-right-small:2.4%;--awb-margin-bottom-small:0px;--awb-spacing-left-small:2.4%;\"><div class=\"fusion-column-wrapper fusion-column-has-shadow fusion-flex-justify-content-flex-start fusion-content-layout-column\"><div class=\"fusion-title title fusion-title-1 fusion-sep-none fusion-title-text fusion-title-size-three\" style=\"--awb-text-color:var(--awb-color1);\"><h3 class=\"fusion-title-heading title-heading-left\" style=\"margin:0;text-transform:none;\">Sostenibilit\u00e0<\/h3><\/div><\/div><\/div><\/div><\/div><div class=\"fusion-fullwidth fullwidth-box fusion-builder-row-2 fusion-flex-container has-pattern-background has-mask-background nonhundred-percent-fullwidth non-hundred-percent-height-scrolling\" style=\"--awb-background-position:right bottom;--awb-background-repeat:repeat-y;--awb-border-radius-top-left:0px;--awb-border-radius-top-right:0px;--awb-border-radius-bottom-right:0px;--awb-border-radius-bottom-left:0px;--awb-margin-top:100px;--awb-margin-bottom:80px;--awb-flex-wrap:wrap;\" ><div class=\"fusion-builder-row fusion-row fusion-flex-align-items-flex-start fusion-flex-content-wrap\" style=\"max-width:1393.6px;margin-left: calc(-4% \/ 2 );margin-right: calc(-4% \/ 2 );\"><div class=\"fusion-layout-column fusion_builder_column fusion-builder-column-1 fusion_builder_column_1_2 1_2 fusion-flex-column\" style=\"--awb-bg-size:cover;--awb-width-large:50%;--awb-margin-top-large:0px;--awb-spacing-right-large:3.84%;--awb-margin-bottom-large:0px;--awb-spacing-left-large:3.84%;--awb-width-medium:50%;--awb-order-medium:0;--awb-spacing-right-medium:3.84%;--awb-spacing-left-medium:3.84%;--awb-width-small:100%;--awb-order-small:0;--awb-spacing-right-small:1.92%;--awb-spacing-left-small:1.92%;\"><div class=\"fusion-column-wrapper fusion-column-has-shadow fusion-flex-justify-content-flex-start fusion-content-layout-column\"><div class=\"fusion-image-element \" style=\"--awb-caption-title-font-family:var(--h2_typography-font-family);--awb-caption-title-font-weight:var(--h2_typography-font-weight);--awb-caption-title-font-style:var(--h2_typography-font-style);--awb-caption-title-size:var(--h2_typography-font-size);--awb-caption-title-transform:var(--h2_typography-text-transform);--awb-caption-title-line-height:var(--h2_typography-line-height);--awb-caption-title-letter-spacing:var(--h2_typography-letter-spacing);\"><span class=\" fusion-imageframe imageframe-none imageframe-1 hover-type-none\"><img decoding=\"async\" width=\"600\" height=\"449\" title=\"Captura de pantalla 2025-10-20 155218\" src=\"https:\/\/evyan.es\/wp-content\/uploads\/2025\/10\/Captura-de-pantalla-2025-10-20-155218.png\" data-orig-src=\"https:\/\/evyan.es\/wp-content\/uploads\/2025\/10\/Captura-de-pantalla-2025-10-20-155218-600x449.png\" alt class=\"lazyload img-responsive wp-image-3277\" srcset=\"data:image\/svg+xml,%3Csvg%20xmlns%3D%27http%3A%2F%2Fwww.w3.org%2F2000%2Fsvg%27%20width%3D%27725%27%20height%3D%27542%27%20viewBox%3D%270%200%20725%20542%27%3E%3Crect%20width%3D%27725%27%20height%3D%27542%27%20fill-opacity%3D%220%22%2F%3E%3C%2Fsvg%3E\" data-srcset=\"https:\/\/evyan.es\/wp-content\/uploads\/2025\/10\/Captura-de-pantalla-2025-10-20-155218-200x150.png 200w, https:\/\/evyan.es\/wp-content\/uploads\/2025\/10\/Captura-de-pantalla-2025-10-20-155218-400x299.png 400w, https:\/\/evyan.es\/wp-content\/uploads\/2025\/10\/Captura-de-pantalla-2025-10-20-155218-600x449.png 600w, https:\/\/evyan.es\/wp-content\/uploads\/2025\/10\/Captura-de-pantalla-2025-10-20-155218.png 725w\" data-sizes=\"auto\" data-orig-sizes=\"(max-width: 800px) 100vw, 600px\" \/><\/span><\/div><\/div><\/div><div class=\"fusion-layout-column fusion_builder_column fusion-builder-column-2 fusion_builder_column_1_2 1_2 fusion-flex-column fusion-flex-align-self-center\" style=\"--awb-padding-left:15x;--awb-bg-size:cover;--awb-width-large:50%;--awb-margin-top-large:0px;--awb-spacing-right-large:3.84%;--awb-margin-bottom-large:0px;--awb-spacing-left-large:3.84%;--awb-width-medium:50%;--awb-order-medium:0;--awb-spacing-right-medium:3.84%;--awb-spacing-left-medium:3.84%;--awb-width-small:100%;--awb-order-small:0;--awb-margin-top-small:40px;--awb-spacing-right-small:1.92%;--awb-spacing-left-small:1.92%;\"><div class=\"fusion-column-wrapper fusion-column-has-shadow fusion-flex-justify-content-flex-start fusion-content-layout-column\"><div class=\"fusion-title title fusion-title-2 fusion-sep-none fusion-title-text fusion-title-size-three\" style=\"--awb-margin-top:0px;\"><h3 class=\"fusion-title-heading title-heading-left\" style=\"margin:0;text-transform:capitalize;\">Coltiviamo con rispetto, raccogliamo il futuro<\/h3><\/div><div class=\"fusion-text fusion-text-1\" style=\"--awb-text-transform:none;--awb-margin-top:18px;\"><p>Nei nostri campi coltiviamo pi\u00f9 che semplice frutta: coltiviamo un futuro. Con passione e responsabilit\u00e0, applichiamo tecniche agricole che si prendono cura del territorio, riducono l\u2019uso di prodotti chimici e promuovono la biodiversit\u00e0. Grazie ai sistemi di lotta biologica e al continuo miglioramento del suolo, le nostre piantagioni prosperano con un impatto ambientale ridotto. Ogni arancia che raccogliamo proviene da un ambiente sano, dove rispettiamo l\u2019acqua, proteggiamo il paesaggio e cerchiamo l\u2019armonia tra coltivazione e natura. Perch\u00e9 per noi la sostenibilit\u00e0 non \u00e8 un\u2019opzione: \u00e8 il nostro modo di lavorare.<\/p>\n<\/div><\/div><\/div><\/div><\/div><\/p>\n","protected":false},"excerpt":{"rendered":"","protected":false},"author":1,"featured_media":0,"parent":0,"menu_order":0,"comment_status":"closed","ping_status":"closed","template":"100-width.php","meta":{"footnotes":""},"class_list":["post-3278","page","type-page","status-publish","hentry"],"yoast_head":"<!-- This site is optimized with the Yoast SEO plugin v26.1.1 - https:\/\/yoast.com\/wordpress\/plugins\/seo\/ -->\n<title>Evyan | Produttore di arance e grossista di agrumi \u2013 Sostenibilit\u00e0 nella produzione di frutta<\/title>\n<meta name=\"description\" content=\"Evyan, grossista di frutta e distributore di agrumi in Spagna, promuove la sostenibilit\u00e0 nella coltivazione e nella distribuzione all&#039;ingrosso di arance e agrumi.\" \/>\n<meta name=\"robots\" content=\"index, follow, max-snippet:-1, max-image-preview:large, max-video-preview:-1\" \/>\n<link rel=\"canonical\" href=\"https:\/\/evyan.es\/it\/sostenibilita\/\" \/>\n<meta property=\"og:locale\" content=\"it_IT\" \/>\n<meta property=\"og:type\" content=\"article\" \/>\n<meta property=\"og:title\" content=\"Evyan | Produttore di arance e grossista di agrumi \u2013 Sostenibilit\u00e0 nella produzione di frutta\" \/>\n<meta property=\"og:description\" content=\"Evyan, grossista di frutta e distributore di agrumi in Spagna, promuove la sostenibilit\u00e0 nella coltivazione e nella distribuzione all&#039;ingrosso di arance e agrumi.\" \/>\n<meta property=\"og:url\" content=\"https:\/\/evyan.es\/it\/sostenibilita\/\" \/>\n<meta property=\"og:site_name\" content=\"Evyan\" \/>\n<meta property=\"article:modified_time\" content=\"2025-11-13T09:11:01+00:00\" \/>\n<meta name=\"twitter:card\" content=\"summary_large_image\" \/>\n<meta name=\"twitter:label1\" content=\"Tempo di lettura stimato\" \/>\n\t<meta name=\"twitter:data1\" content=\"13 minuti\" \/>\n<!-- \/ Yoast SEO plugin. -->","yoast_head_json":{"title":"Evyan | Produttore di arance e grossista di agrumi \u2013 Sostenibilit\u00e0 nella produzione di frutta","description":"Evyan, grossista di frutta e distributore di agrumi in Spagna, promuove la sostenibilit\u00e0 nella coltivazione e nella distribuzione all'ingrosso di arance e agrumi.","robots":{"index":"index","follow":"follow","max-snippet":"max-snippet:-1","max-image-preview":"max-image-preview:large","max-video-preview":"max-video-preview:-1"},"canonical":"https:\/\/evyan.es\/it\/sostenibilita\/","og_locale":"it_IT","og_type":"article","og_title":"Evyan | Produttore di arance e grossista di agrumi \u2013 Sostenibilit\u00e0 nella produzione di frutta","og_description":"Evyan, grossista di frutta e distributore di agrumi in Spagna, promuove la sostenibilit\u00e0 nella coltivazione e nella distribuzione all'ingrosso di arance e agrumi.","og_url":"https:\/\/evyan.es\/it\/sostenibilita\/","og_site_name":"Evyan","article_modified_time":"2025-11-13T09:11:01+00:00","twitter_card":"summary_large_image","twitter_misc":{"Tempo di lettura stimato":"13 minuti"},"schema":{"@context":"https:\/\/schema.org","@graph":[{"@type":"WebPage","@id":"https:\/\/evyan.es\/it\/sostenibilita\/","url":"https:\/\/evyan.es\/it\/sostenibilita\/","name":"Evyan | Produttore di arance e grossista di agrumi \u2013 Sostenibilit\u00e0 nella produzione di frutta","isPartOf":{"@id":"https:\/\/evyan.es\/it\/#website"},"datePublished":"2025-10-22T08:06:39+00:00","dateModified":"2025-11-13T09:11:01+00:00","description":"Evyan, grossista di frutta e distributore di agrumi in Spagna, promuove la sostenibilit\u00e0 nella coltivazione e nella distribuzione all'ingrosso di arance e agrumi.","breadcrumb":{"@id":"https:\/\/evyan.es\/it\/sostenibilita\/#breadcrumb"},"inLanguage":"it-IT","potentialAction":[{"@type":"ReadAction","target":["https:\/\/evyan.es\/it\/sostenibilita\/"]}]},{"@type":"BreadcrumbList","@id":"https:\/\/evyan.es\/it\/sostenibilita\/#breadcrumb","itemListElement":[{"@type":"ListItem","position":1,"name":"Portada","item":"https:\/\/evyan.es\/it\/"},{"@type":"ListItem","position":2,"name":"Sostenibilit\u00e0"}]},{"@type":"WebSite","@id":"https:\/\/evyan.es\/it\/#website","url":"https:\/\/evyan.es\/it\/","name":"Evyan","description":"","potentialAction":[{"@type":"SearchAction","target":{"@type":"EntryPoint","urlTemplate":"https:\/\/evyan.es\/it\/?s={search_term_string}"},"query-input":{"@type":"PropertyValueSpecification","valueRequired":true,"valueName":"search_term_string"}}],"inLanguage":"it-IT"}]}},"_hostinger_reach_plugin_has_subscription_block":false,"_hostinger_reach_plugin_is_elementor":false,"_links":{"self":[{"href":"https:\/\/evyan.es\/it\/wp-json\/wp\/v2\/pages\/3278","targetHints":{"allow":["GET"]}}],"collection":[{"href":"https:\/\/evyan.es\/it\/wp-json\/wp\/v2\/pages"}],"about":[{"href":"https:\/\/evyan.es\/it\/wp-json\/wp\/v2\/types\/page"}],"author":[{"embeddable":true,"href":"https:\/\/evyan.es\/it\/wp-json\/wp\/v2\/users\/1"}],"replies":[{"embeddable":true,"href":"https:\/\/evyan.es\/it\/wp-json\/wp\/v2\/comments?post=3278"}],"version-history":[{"count":3,"href":"https:\/\/evyan.es\/it\/wp-json\/wp\/v2\/pages\/3278\/revisions"}],"predecessor-version":[{"id":3281,"href":"https:\/\/evyan.es\/it\/wp-json\/wp\/v2\/pages\/3278\/revisions\/3281"}],"wp:attachment":[{"href":"https:\/\/evyan.es\/it\/wp-json\/wp\/v2\/media?parent=3278"}],"curies":[{"name":"wp","href":"https:\/\/api.w.org\/{rel}","templated":true}]}}