{"id":3260,"date":"2025-11-11T10:25:45","date_gmt":"2025-11-11T10:25:45","guid":{"rendered":"https:\/\/evyan.es\/produttore-di-arance\/"},"modified":"2025-11-13T08:59:43","modified_gmt":"2025-11-13T08:59:43","slug":"produttore-di-arance","status":"publish","type":"page","link":"https:\/\/evyan.es\/it\/produttore-di-arance\/","title":{"rendered":"Produttore di arance"},"content":{"rendered":"<p><div class=\"fusion-fullwidth fullwidth-box fusion-builder-row-1 fusion-flex-container has-pattern-background has-mask-background nonhundred-percent-fullwidth non-hundred-percent-height-scrolling\" style=\"--awb-border-radius-top-left:0px;--awb-border-radius-top-right:0px;--awb-border-radius-bottom-right:0px;--awb-border-radius-bottom-left:0px;--awb-margin-top:20px;--awb-margin-bottom:20px;--awb-flex-wrap:wrap;\" ><div class=\"fusion-builder-row fusion-row fusion-flex-align-items-flex-start fusion-flex-content-wrap\" style=\"max-width:1393.6px;margin-left: calc(-4% \/ 2 );margin-right: calc(-4% \/ 2 );\"><div class=\"fusion-layout-column fusion_builder_column fusion-builder-column-0 fusion_builder_column_1_1 1_1 fusion-flex-column\" style=\"--awb-bg-size:cover;--awb-width-large:100%;--awb-margin-top-large:0px;--awb-spacing-right-large:1.92%;--awb-margin-bottom-large:20px;--awb-spacing-left-large:1.92%;--awb-width-medium:100%;--awb-order-medium:0;--awb-spacing-right-medium:1.92%;--awb-spacing-left-medium:1.92%;--awb-width-small:100%;--awb-order-small:0;--awb-spacing-right-small:1.92%;--awb-spacing-left-small:1.92%;\"><div class=\"fusion-column-wrapper fusion-column-has-shadow fusion-flex-justify-content-flex-start fusion-content-layout-column\"><div class=\"fusion-title title fusion-title-1 fusion-sep-none fusion-title-center fusion-title-text fusion-title-size-two\"><h2 class=\"fusion-title-heading title-heading-center\" style=\"margin:0;text-transform:capitalize;\">Produttore di arance valenciane con qualit\u00e0 di origine<\/h2><\/div><div class=\"fusion-text fusion-text-1\" style=\"--awb-content-alignment:center;\"><p>Noi di <strong data-start=\"438\" data-end=\"447\">Evyan<\/strong> siamo un <strong data-start=\"457\" data-end=\"494\">produttore di arance valenciano <\/strong>impegnato nell\u2019eccellenza, nella sostenibilit\u00e0 e nella tradizione agricola. Coltiviamo le nostre arance nei fertili campi di Manuel (Valencia), dove il clima mediterraneo e la cura dei nostri agricoltori garantiscono frutti dal sapore, dalla freschezza e dalla consistenza ineguagliabili.<br data-start=\"778\" data-end=\"781\">Controlliamo l\u2019intero processo, dalla coltivazione e raccolta alla lavorazione, al confezionamento e alla distribuzione, per offrire arance con la massima tracciabilit\u00e0 e qualit\u00e0 certificata. Ogni frutto che raggiunge i nostri clienti riflette l\u2019impegno di Evyan per l\u2019autenticit\u00e0 e il rispetto per la terra.<\/p>\n<\/div><div style=\"text-align:center;\"><a class=\"fusion-button button-flat button-xlarge button-default fusion-button-default button-1 fusion-button-default-span fusion-button-default-type\" style=\"--button-border-radius-top-left:0;--button-border-radius-top-right:0;--button-border-radius-bottom-right:0;--button-border-radius-bottom-left:0;\" target=\"_self\" href=\"https:\/\/evyan.es\/it\/azienda-di-produzione-e-distribuzione-di-arance\/\"><span class=\"fusion-button-text awb-button__text awb-button__text--default\">Informazioni sull\u2019azienda<\/span><\/a><\/div><\/div><\/div><\/div><\/div><div class=\"fusion-fullwidth fullwidth-box fusion-builder-row-2 fusion-flex-container has-pattern-background has-mask-background nonhundred-percent-fullwidth non-hundred-percent-height-scrolling\" style=\"--awb-border-radius-top-left:0px;--awb-border-radius-top-right:0px;--awb-border-radius-bottom-right:0px;--awb-border-radius-bottom-left:0px;--awb-margin-top:20px;--awb-margin-bottom:20px;--awb-flex-wrap:wrap;\" ><div class=\"fusion-builder-row fusion-row fusion-flex-align-items-stretch fusion-flex-content-wrap\" style=\"max-width:1393.6px;margin-left: calc(-4% \/ 2 );margin-right: calc(-4% \/ 2 );\"><div class=\"fusion-layout-column fusion_builder_column fusion-builder-column-1 fusion_builder_column_1_2 1_2 fusion-flex-column fusion-flex-align-self-stretch\" style=\"--awb-bg-size:cover;--awb-width-large:50%;--awb-margin-top-large:0px;--awb-spacing-right-large:3.84%;--awb-margin-bottom-large:20px;--awb-spacing-left-large:3.84%;--awb-width-medium:50%;--awb-order-medium:0;--awb-spacing-right-medium:3.84%;--awb-spacing-left-medium:3.84%;--awb-width-small:100%;--awb-order-small:0;--awb-spacing-right-small:1.92%;--awb-spacing-left-small:1.92%;\" data-scroll-devices=\"small-visibility,medium-visibility,large-visibility\"><div class=\"fusion-column-wrapper lazyload fusion-column-has-shadow fusion-flex-justify-content-flex-start fusion-content-layout-column fusion-empty-column-bg-image fusion-column-has-bg-image\" data-bg-url=\"https:\/\/evyan.es\/wp-content\/uploads\/2025\/10\/NARANJA-SALUSTIANA.png\" data-bg=\"https:\/\/evyan.es\/wp-content\/uploads\/2025\/10\/NARANJA-SALUSTIANA.png\"><img decoding=\"async\" class=\"fusion-empty-dims-img-placeholder fusion-no-large-visibility fusion-no-medium-visibility\" aria-label=\"NARANJA SALUSTIANA\" src=\"data:image\/svg+xml,%3Csvg%20xmlns%3D%27http%3A%2F%2Fwww.w3.org%2F2000%2Fsvg%27%20width%3D%27946%27%20height%3D%27965%27%20viewBox%3D%270%200%20946%20965%27%3E%3Crect%20width%3D%27946%27%20height%3D%27965%27%20fill-opacity%3D%220%22%2F%3E%3C%2Fsvg%3E\"><\/div><\/div><div class=\"fusion-layout-column fusion_builder_column fusion-builder-column-2 fusion_builder_column_1_2 1_2 fusion-flex-column fusion-flex-align-self-center\" style=\"--awb-bg-size:cover;--awb-width-large:50%;--awb-margin-top-large:0px;--awb-spacing-right-large:3.84%;--awb-margin-bottom-large:20px;--awb-spacing-left-large:3.84%;--awb-width-medium:50%;--awb-order-medium:0;--awb-spacing-right-medium:3.84%;--awb-spacing-left-medium:3.84%;--awb-width-small:100%;--awb-order-small:0;--awb-spacing-right-small:1.92%;--awb-spacing-left-small:1.92%;\" data-scroll-devices=\"small-visibility,medium-visibility,large-visibility\"><div class=\"fusion-column-wrapper fusion-column-has-shadow fusion-flex-justify-content-center fusion-content-layout-column\"><div class=\"fusion-title title fusion-title-2 fusion-sep-none fusion-title-text fusion-title-size-three\"><h3 class=\"fusion-title-heading title-heading-left\" style=\"margin:0;text-transform:capitalize;\">Agricoltura responsabile e sostenibile<\/h3><\/div><div class=\"fusion-text fusion-text-2\"><p>Il nostro modello di produzione si basa su pratiche <strong data-start=\"1235\" data-end=\"1272\">agricole rispettose dell\u2019ambiente. In Evyan,<\/strong> utilizziamo tecniche di irrigazione efficienti, lotta biologica contro i parassiti e gestione sostenibile del suolo per ridurre l\u2019impatto ambientale e migliorare la produttivit\u00e0. <\/p>\n<p>Promuoviamo la <strong data-start=\"1462\" data-end=\"1503\">collaborazione con gli agricoltori locali<\/strong> e ci impegniamo per lo sviluppo delle comunit\u00e0 rurali di Valencia.<\/p>\n<p>Questo approccio ci consente di offrire un prodotto naturale e sano, coltivato secondo criteri di <strong data-start=\"1668\" data-end=\"1706\">responsabilit\u00e0 sociale ed ecologica.<\/strong><\/p>\n<p>Ogni arancia Evyan \u00e8 il risultato di un equilibrio tra tradizione, innovazione e sostenibilit\u00e0.<\/p>\n<\/div><div ><a class=\"fusion-button button-flat button-xlarge button-default fusion-button-default button-2 fusion-button-default-span fusion-button-default-type\" style=\"--button-border-radius-top-left:0;--button-border-radius-top-right:0;--button-border-radius-bottom-right:0;--button-border-radius-bottom-left:0;\" target=\"_self\" href=\"https:\/\/evyan.es\/sobre-nosotros\/\"><span class=\"fusion-button-text awb-button__text awb-button__text--default\">Chi siamo<\/span><\/a><\/div><\/div><\/div><\/div><\/div><div class=\"fusion-fullwidth fullwidth-box fusion-builder-row-3 fusion-flex-container has-pattern-background has-mask-background nonhundred-percent-fullwidth non-hundred-percent-height-scrolling\" style=\"--awb-border-radius-top-left:0px;--awb-border-radius-top-right:0px;--awb-border-radius-bottom-right:0px;--awb-border-radius-bottom-left:0px;--awb-margin-top:20px;--awb-margin-bottom:20px;--awb-flex-wrap:wrap;\" ><div class=\"fusion-builder-row fusion-row fusion-flex-align-items-stretch fusion-flex-content-wrap\" style=\"max-width:1393.6px;margin-left: calc(-4% \/ 2 );margin-right: calc(-4% \/ 2 );\"><div class=\"fusion-layout-column fusion_builder_column fusion-builder-column-3 fusion_builder_column_1_2 1_2 fusion-flex-column fusion-flex-align-self-center\" style=\"--awb-bg-size:cover;--awb-width-large:50%;--awb-margin-top-large:0px;--awb-spacing-right-large:3.84%;--awb-margin-bottom-large:20px;--awb-spacing-left-large:3.84%;--awb-width-medium:50%;--awb-order-medium:0;--awb-spacing-right-medium:3.84%;--awb-spacing-left-medium:3.84%;--awb-width-small:100%;--awb-order-small:0;--awb-spacing-right-small:1.92%;--awb-spacing-left-small:1.92%;\" data-scroll-devices=\"small-visibility,medium-visibility,large-visibility\"><div class=\"fusion-column-wrapper fusion-column-has-shadow fusion-flex-justify-content-center fusion-content-layout-column\"><div class=\"fusion-title title fusion-title-3 fusion-sep-none fusion-title-text fusion-title-size-three\"><h3 class=\"fusion-title-heading title-heading-left\" style=\"margin:0;text-transform:capitalize;\">Dai nostri campi alla tua attivit\u00e0<\/h3><\/div><div class=\"fusion-text fusion-text-3\"><p>Come <strong data-start=\"1886\" data-end=\"1930\">coltivatori e distributori di arance<\/strong>, garantiamo la massima freschezza dal raccolto alla consegna finale.<br \/>Disponiamo di una catena logistica refrigerata e controllata che garantisce che ogni pezzo conservi il suo sapore e il suo valore nutrizionale.<br \/>Collaboriamo con supermercati, distributori, ristoranti e aziende del settore alimentare, adattandoci alle loro esigenze in termini di volume, tempi e presentazione del prodotto.<br \/>In Evyan, ogni spedizione \u00e8 pianificata per soddisfare i pi\u00f9 elevati standard di puntualit\u00e0 e qualit\u00e0.<\/p>\n<\/div><div ><a class=\"fusion-button button-flat button-xlarge button-default fusion-button-default button-3 fusion-button-default-span fusion-button-default-type\" style=\"--button-border-radius-top-left:0;--button-border-radius-top-right:0;--button-border-radius-bottom-right:0;--button-border-radius-bottom-left:0;\" target=\"_self\" href=\"https:\/\/evyan.es\/it\/arance\/\"><span class=\"fusion-button-text awb-button__text awb-button__text--default\">Productos<\/span><\/a><\/div><\/div><\/div><div class=\"fusion-layout-column fusion_builder_column fusion-builder-column-4 fusion_builder_column_1_2 1_2 fusion-flex-column fusion-flex-align-self-stretch\" style=\"--awb-bg-size:cover;--awb-width-large:50%;--awb-margin-top-large:0px;--awb-spacing-right-large:3.84%;--awb-margin-bottom-large:20px;--awb-spacing-left-large:3.84%;--awb-width-medium:50%;--awb-order-medium:0;--awb-spacing-right-medium:3.84%;--awb-spacing-left-medium:3.84%;--awb-width-small:100%;--awb-order-small:0;--awb-spacing-right-small:1.92%;--awb-spacing-left-small:1.92%;\" data-scroll-devices=\"small-visibility,medium-visibility,large-visibility\"><div class=\"fusion-column-wrapper lazyload fusion-column-has-shadow fusion-flex-justify-content-flex-start fusion-content-layout-column fusion-empty-column-bg-image fusion-column-has-bg-image\" data-bg-url=\"https:\/\/evyan.es\/wp-content\/uploads\/2025\/10\/empleo-evyan-3.jpeg\" data-bg=\"https:\/\/evyan.es\/wp-content\/uploads\/2025\/10\/empleo-evyan-3.jpeg\"><img decoding=\"async\" class=\"fusion-empty-dims-img-placeholder fusion-no-large-visibility fusion-no-medium-visibility\" aria-label=\"empleo evyan 3\" src=\"data:image\/svg+xml,%3Csvg%20xmlns%3D%27http%3A%2F%2Fwww.w3.org%2F2000%2Fsvg%27%20width%3D%271009%27%20height%3D%27931%27%20viewBox%3D%270%200%201009%20931%27%3E%3Crect%20width%3D%271009%27%20height%3D%27931%27%20fill-opacity%3D%220%22%2F%3E%3C%2Fsvg%3E\"><\/div><\/div><\/div><\/div><div class=\"fusion-fullwidth fullwidth-box fusion-builder-row-4 fusion-flex-container has-pattern-background has-mask-background nonhundred-percent-fullwidth non-hundred-percent-height-scrolling\" style=\"--awb-border-radius-top-left:0px;--awb-border-radius-top-right:0px;--awb-border-radius-bottom-right:0px;--awb-border-radius-bottom-left:0px;--awb-margin-top:20px;--awb-margin-bottom:20px;--awb-flex-wrap:wrap;\" ><div class=\"fusion-builder-row fusion-row fusion-flex-align-items-flex-start fusion-flex-content-wrap\" style=\"max-width:1393.6px;margin-left: calc(-4% \/ 2 );margin-right: calc(-4% \/ 2 );\"><div class=\"fusion-layout-column fusion_builder_column fusion-builder-column-5 fusion_builder_column_1_1 1_1 fusion-flex-column\" style=\"--awb-bg-size:cover;--awb-width-large:100%;--awb-margin-top-large:0px;--awb-spacing-right-large:1.92%;--awb-margin-bottom-large:20px;--awb-spacing-left-large:1.92%;--awb-width-medium:100%;--awb-order-medium:0;--awb-spacing-right-medium:1.92%;--awb-spacing-left-medium:1.92%;--awb-width-small:100%;--awb-order-small:0;--awb-spacing-right-small:1.92%;--awb-spacing-left-small:1.92%;\"><div class=\"fusion-column-wrapper fusion-column-has-shadow fusion-flex-justify-content-flex-start fusion-content-layout-column\"><div class=\"fusion-title title fusion-title-4 fusion-sep-none fusion-title-center fusion-title-text fusion-title-size-two\"><h2 class=\"fusion-title-heading title-heading-center\" style=\"margin:0;text-transform:capitalize;\">Contatta il tuo produttore di arance di fiducia<\/h2><\/div><div class=\"fusion-text fusion-text-4\" style=\"--awb-content-alignment:center;\"><p>Cerchi un <strong data-start=\"2550\" data-end=\"2582\">produttore di arance affidabile che unisca esperienza<\/strong>, sostenibilit\u00e0 e un servizio personalizzato? Noi di <strong data-start=\"2652\" data-end=\"2661\">Evyan<\/strong> offriamo soluzioni su misura per le esigenze della tua azienda.<\/p>\n<\/div><div style=\"text-align:center;\"><a class=\"fusion-button button-flat button-xlarge button-default fusion-button-default button-4 fusion-button-default-span fusion-button-default-type\" style=\"--button-border-radius-top-left:0;--button-border-radius-top-right:0;--button-border-radius-bottom-right:0;--button-border-radius-bottom-left:0;\" target=\"_self\" href=\"https:\/\/evyan.es\/it\/contatto\/\"><span class=\"fusion-button-text awb-button__text awb-button__text--default\">Contattaci<\/span><\/a><\/div><\/div><\/div><\/div><\/div><\/p>\n","protected":false},"excerpt":{"rendered":"","protected":false},"author":3,"featured_media":0,"parent":0,"menu_order":0,"comment_status":"closed","ping_status":"closed","template":"","meta":{"footnotes":""},"class_list":["post-3260","page","type-page","status-publish","hentry"],"yoast_head":"<!-- This site is optimized with the Yoast SEO plugin v26.1.1 - https:\/\/yoast.com\/wordpress\/plugins\/seo\/ -->\n<title>Evyan | Produttore di arance valenciane | Coltivazione, qualit\u00e0<\/title>\n<meta name=\"description\" content=\"Evyan, produttore di arance valenciane. Coltiviamo, selezioniamo e distribuiamo arance fresche di origine garantita, sostenibilit\u00e0 e sapore mediterraneo direttamente dal campo.\" \/>\n<meta name=\"robots\" content=\"index, follow, max-snippet:-1, max-image-preview:large, max-video-preview:-1\" \/>\n<link rel=\"canonical\" href=\"https:\/\/evyan.es\/it\/produttore-di-arance\/\" \/>\n<meta property=\"og:locale\" content=\"it_IT\" \/>\n<meta property=\"og:type\" content=\"article\" \/>\n<meta property=\"og:title\" content=\"Evyan | Produttore di arance valenciane | Coltivazione, qualit\u00e0\" \/>\n<meta property=\"og:description\" content=\"Evyan, produttore di arance valenciane. Coltiviamo, selezioniamo e distribuiamo arance fresche di origine garantita, sostenibilit\u00e0 e sapore mediterraneo direttamente dal campo.\" \/>\n<meta property=\"og:url\" content=\"https:\/\/evyan.es\/it\/produttore-di-arance\/\" \/>\n<meta property=\"og:site_name\" content=\"Evyan\" \/>\n<meta property=\"article:modified_time\" content=\"2025-11-13T08:59:43+00:00\" \/>\n<meta name=\"twitter:card\" content=\"summary_large_image\" \/>\n<meta name=\"twitter:label1\" content=\"Tempo di lettura stimato\" \/>\n\t<meta name=\"twitter:data1\" content=\"38 minuti\" \/>\n<!-- \/ Yoast SEO plugin. -->","yoast_head_json":{"title":"Evyan | Produttore di arance valenciane | Coltivazione, qualit\u00e0","description":"Evyan, produttore di arance valenciane. Coltiviamo, selezioniamo e distribuiamo arance fresche di origine garantita, sostenibilit\u00e0 e sapore mediterraneo direttamente dal campo.","robots":{"index":"index","follow":"follow","max-snippet":"max-snippet:-1","max-image-preview":"max-image-preview:large","max-video-preview":"max-video-preview:-1"},"canonical":"https:\/\/evyan.es\/it\/produttore-di-arance\/","og_locale":"it_IT","og_type":"article","og_title":"Evyan | Produttore di arance valenciane | Coltivazione, qualit\u00e0","og_description":"Evyan, produttore di arance valenciane. Coltiviamo, selezioniamo e distribuiamo arance fresche di origine garantita, sostenibilit\u00e0 e sapore mediterraneo direttamente dal campo.","og_url":"https:\/\/evyan.es\/it\/produttore-di-arance\/","og_site_name":"Evyan","article_modified_time":"2025-11-13T08:59:43+00:00","twitter_card":"summary_large_image","twitter_misc":{"Tempo di lettura stimato":"38 minuti"},"schema":{"@context":"https:\/\/schema.org","@graph":[{"@type":"WebPage","@id":"https:\/\/evyan.es\/it\/produttore-di-arance\/","url":"https:\/\/evyan.es\/it\/produttore-di-arance\/","name":"Evyan | Produttore di arance valenciane | Coltivazione, qualit\u00e0","isPartOf":{"@id":"https:\/\/evyan.es\/it\/#website"},"datePublished":"2025-11-11T10:25:45+00:00","dateModified":"2025-11-13T08:59:43+00:00","description":"Evyan, produttore di arance valenciane. Coltiviamo, selezioniamo e distribuiamo arance fresche di origine garantita, sostenibilit\u00e0 e sapore mediterraneo direttamente dal campo.","breadcrumb":{"@id":"https:\/\/evyan.es\/it\/produttore-di-arance\/#breadcrumb"},"inLanguage":"it-IT","potentialAction":[{"@type":"ReadAction","target":["https:\/\/evyan.es\/it\/produttore-di-arance\/"]}]},{"@type":"BreadcrumbList","@id":"https:\/\/evyan.es\/it\/produttore-di-arance\/#breadcrumb","itemListElement":[{"@type":"ListItem","position":1,"name":"Portada","item":"https:\/\/evyan.es\/it\/"},{"@type":"ListItem","position":2,"name":"Produttore di arance"}]},{"@type":"WebSite","@id":"https:\/\/evyan.es\/it\/#website","url":"https:\/\/evyan.es\/it\/","name":"Evyan","description":"","potentialAction":[{"@type":"SearchAction","target":{"@type":"EntryPoint","urlTemplate":"https:\/\/evyan.es\/it\/?s={search_term_string}"},"query-input":{"@type":"PropertyValueSpecification","valueRequired":true,"valueName":"search_term_string"}}],"inLanguage":"it-IT"}]}},"_hostinger_reach_plugin_has_subscription_block":false,"_hostinger_reach_plugin_is_elementor":false,"_links":{"self":[{"href":"https:\/\/evyan.es\/it\/wp-json\/wp\/v2\/pages\/3260","targetHints":{"allow":["GET"]}}],"collection":[{"href":"https:\/\/evyan.es\/it\/wp-json\/wp\/v2\/pages"}],"about":[{"href":"https:\/\/evyan.es\/it\/wp-json\/wp\/v2\/types\/page"}],"author":[{"embeddable":true,"href":"https:\/\/evyan.es\/it\/wp-json\/wp\/v2\/users\/3"}],"replies":[{"embeddable":true,"href":"https:\/\/evyan.es\/it\/wp-json\/wp\/v2\/comments?post=3260"}],"version-history":[{"count":2,"href":"https:\/\/evyan.es\/it\/wp-json\/wp\/v2\/pages\/3260\/revisions"}],"predecessor-version":[{"id":3262,"href":"https:\/\/evyan.es\/it\/wp-json\/wp\/v2\/pages\/3260\/revisions\/3262"}],"wp:attachment":[{"href":"https:\/\/evyan.es\/it\/wp-json\/wp\/v2\/media?parent=3260"}],"curies":[{"name":"wp","href":"https:\/\/api.w.org\/{rel}","templated":true}]}}