{"id":3253,"date":"2025-10-15T06:56:45","date_gmt":"2025-10-15T06:56:45","guid":{"rendered":"https:\/\/evyan.es\/politica-sulla-riservatezza\/"},"modified":"2025-10-15T06:56:45","modified_gmt":"2025-10-15T06:56:45","slug":"politica-sulla-riservatezza","status":"publish","type":"page","link":"https:\/\/evyan.es\/it\/politica-sulla-riservatezza\/","title":{"rendered":"politica sulla riservatezza"},"content":{"rendered":"<h2>POLITICA SULLA PROTEZIONE DEI DATI<\/h2>\n<p>In ottemperanza a quanto previsto dalla Legge 34\/2002 LSSICE e dal REGOLAMENTO (UE) 2016\/679 DEL PARLAMENTO EUROPEO E DEL CONSIGLIO del 27 aprile 2016 relativo alla protezione delle persone fisiche con riguardo al trattamento dei dati personali, nonch\u00e9 alla libera circolazione di tali dati, vi informiamo che:<\/p>\n<p>Di norma, \u00e8 possibile utilizzare il nostro sito web senza fornire dati personali. Se i tuoi dati personali (ad esempio, nome, indirizzo o e-mail) vengono raccolti sui nostri siti web, ci\u00f2 \u00e8, ove possibile, sempre facoltativo. <\/p>\n<p>Qui ti spieghiamo quando raccogliamo dati, chi \u00e8 responsabile dei dati raccolti, la legittimit\u00e0 di tale raccolta, per quale scopo li raccogliamo, cosa facciamo con i tuoi dati e come li proteggiamo e come puoi esercitare i tuoi diritti.<\/p>\n<p>La cosa pi\u00f9 importante: non condivideremo, venderemo o affitteremo i tuoi dati personali a terzi. Potremmo condividere alcune informazioni con fornitori di servizi terzi autorizzati, se necessario, per fornirti i nostri servizi. <\/p>\n<h3><strong>1. Chi \u00e8 responsabile dei tuoi dati e a chi li fornisci:<\/strong><\/h3>\n<p>evyan.com, di cui \u00e8 proprietario:<\/p>\n<p>Evyan SL<\/p>\n<p>B46006722<\/p>\n<p>Poligono industrial raco canyeres, s\/n, 46660 Manuel, Valencia<\/p>\n<p>(di seguito, \u201cevyan.com\u201d), \u00e8 responsabile del trattamento dei dati raccolti-ottenuti tramite questo sito web, app e altri supporti digitali o cartacei in cui evyan.com richiede dati personali.<\/p>\n<h3><strong>2. Riepilogo di come utilizziamo i tuoi dati<\/strong><\/h3>\n<p>evyan.com utilizza i tuoi dati personali per vari scopi, a seconda del tuo rapporto con evyan.com, che si tratti di gestire il tuo rapporto come cliente, acquistare i nostri servizi, gestire la fatturazione e garantire che possiamo comunicare con te in modo efficiente, inviarti informazioni come abbonato o rispondere alle tue domande, richieste di informazioni\/preventivi, ecc.<\/p>\n<h3><strong>Sistemi di acquisizione dati, finalit\u00e0, legittimit\u00e0 e tempi di elaborazione dei tuoi dati:<\/strong><\/h3>\n<p>Se hai compilato un modulo di contatto per effettuare una richiesta, richiedere informazioni e preventivi e hai selezionato la casella di accettazione corrispondente, la base giuridica o legittimazione del trattamento dei tuoi dati \u00e8 il tuo consenso. In questo caso, i tuoi dati saranno trattati esclusivamente per rispondere alla tua richiesta, saranno cancellati 7 giorni dopo la nostra ultima comunicazione con te e i dati saranno conservati solo a fini statistici e storici.<\/p>\n<p>Se ti registri sul sito web utilizzando il modulo di registrazione per creare un account utente e accedere alle aree che richiedono nome utente e password, e hai selezionato la casella di accettazione corrispondente, abbiamo il tuo consenso esplicito e informato. La base giuridica per il trattamento dei tuoi dati \u00e8 il tuo consenso. Lo scopo del trattamento dei tuoi dati \u00e8 autenticarti nel sistema e consentirti l&#8217;accesso a queste aree riservate. I tuoi dati saranno cancellati quando la tua registrazione utente verr\u00e0 disabilitata o annullata. Puoi annullare l&#8217;iscrizione come utente registrato in qualsiasi momento.  <\/p>\n<p>Se acquisti uno qualsiasi dei nostri servizi, la base giuridica per il trattamento dei tuoi dati \u00e8 il rapporto contrattuale formalizzato. La finalit\u00e0 del trattamento dei tuoi dati sar\u00e0 quella di svolgere le necessarie attivit\u00e0 amministrative, la fatturazione, il servizio clienti, le notifiche di sicurezza tecnica, il supporto e gli aggiornamenti dei servizi, le comunicazioni relative a modifiche dei prezzi o delle condizioni dei tuoi servizi, i sondaggi sulla qualit\u00e0 e sulla soddisfazione e altre comunicazioni relative ai servizi da te acquistati, nonch\u00e9 quelle legalmente richieste dalle autorit\u00e0 pubbliche. I tuoi dati saranno cancellati, come stabilito dalla legge, sei anni dopo la cessazione del tuo rapporto come cliente. <\/p>\n<p>Se ti iscrivi alla nostra mailing list o indichi il tuo desiderio di ricevere informazioni di marketing sulla nostra azienda e sui nostri servizi e hai selezionato la casella di accettazione corrispondente, la base giuridica del trattamento dei tuoi dati \u00e8 il tuo consenso. Lo scopo del trattamento dei tuoi dati sar\u00e0 quello di inviarti informazioni di marketing, novit\u00e0, promozioni e pubblicit\u00e0 sui nostri servizi e prodotti. Puoi annullare l&#8217;iscrizione in qualsiasi momento inviando un&#8217;e-mail a bajas@evyan.com o cliccando sul link di annullamento dell&#8217;iscrizione presente in ogni e-mail che ricevi. <\/p>\n<p><strong>Cookie:<\/strong> Quando l&#8217;utente si registra o naviga su questo sito web, vengono memorizzati dei &#8220;cookie&#8221;. L&#8217;utente pu\u00f2 consultare in qualsiasi momento la cookie policy per maggiori informazioni sull&#8217;utilizzo dei cookie e su come disattivarli.<\/p>\n<p><strong>Google (Analytics)<\/strong>, Sistema di tracciamento utilizzato su questo sito: con queste piattaforme di terze parti vengono studiate le preferenze dei tuoi utenti, le loro caratteristiche demografiche, i loro modelli di traffico e altre informazioni in forma aggregata per comprendere meglio chi costituisce il tuo pubblico e di cosa ha bisogno.<\/p>\n<h3><strong>Quali informazioni raccogliamo, quale categoria di dati elaboriamo?<\/strong><\/h3>\n<p>Raccogliamo ed elaboriamo i tuoi dati personali quando interagisci con noi e con i nostri siti web, e quando acquisti i nostri servizi. A seconda del tipo di interazione, ti chiederemo dati diversi. <\/p>\n<p>Ad esempio, in un modulo di contatto ti chiederemo il tuo numero di telefono, l&#8217;indirizzo email e il nome, ma in un contratto avremo bisogno anche del tuo NIF\/CIF o dei metodi di pagamento.<\/p>\n<p><strong>La categoria di dati che richiediamo \u00e8 quella dei dati identificativi e comprende:<\/strong><\/p>\n<ul>\n<li>il tuo nome<\/li>\n<li>Il tuo indirizzo di posta elettronica<\/li>\n<li>il tuo numero di telefono<\/li>\n<li>il tuo indirizzo postale<\/li>\n<li>i tuoi dati di pagamento (inclusi il tuo indirizzo di fatturazione e il tuo documento d&#8217;identit\u00e0 e\/o codice fiscale, dati bancari, altro, se applicabile)<\/li>\n<li>Informazioni relative al browser o al dispositivo che utilizzi per accedere al nostro sito web;<\/li>\n<li>L&#8217;indirizzo IP da cui ti connetti, per verificare le nostre comunicazioni e\/o fornire tali informazioni su richiesta delle Forze e dei Corpi di Sicurezza dello Stato, dei Giudici, del Pubblico Ministero, dei Tribunali, della Corte dei Conti o del Difensore Civico.<\/li>\n<\/ul>\n<h3><strong>MISURE DI SICUREZZA.<\/strong><\/h3>\n<p>evyan.com ti informa di aver implementato le misure di sicurezza tecniche e organizzative necessarie per garantire la sicurezza dei tuoi dati personali e prevenirne l&#8217;alterazione, la perdita, il trattamento e\/o l&#8217;accesso non autorizzati, tenendo conto dello stato dell&#8217;arte, della natura dei dati conservati e dei rischi a cui sono esposti, derivanti dall&#8217;azione umana o dall&#8217;ambiente fisico o naturale. Il tutto in conformit\u00e0 con le disposizioni del GDPR. <\/p>\n<p>Inoltre, evyan.com ha implementato misure aggiuntive per rafforzare la riservatezza e l&#8217;integrit\u00e0 delle informazioni all&#8217;interno della propria organizzazione, monitorando, controllando e valutando costantemente i processi per garantire il rispetto della privacy dei dati. <\/p>\n<h3><strong>Quali sono i miei diritti?<\/strong><\/h3>\n<p>Hai il diritto di richiederci una copia dei tuoi dati personali; di correggere, eliminare o limitare (interrompere qualsiasi trattamento attivo) dei tuoi dati personali; di ottenere i dati personali che ci fornisci per un contratto o con il tuo consenso in un formato strutturato e leggibile da una macchina e di chiederci di condividere (trasferire) tali dati a un altro titolare del trattamento.<\/p>\n<p><strong>Inoltre, puoi in qualsiasi momento revocare, annullare o eliminare il trattamento dei tuoi dati personali.<\/strong><\/p>\n<p>Tali diritti potrebbero essere limitati, ad esempio, se ci chiedi di eliminare informazioni che siamo legalmente tenuti a conservare o per le quali abbiamo interessi legittimi cogenti.<\/p>\n<p><strong>Diritti:<\/strong><\/p>\n<ul>\n<li>Diritto di accesso ai tuoi dati personali.<\/li>\n<li>Diritto di richiederne la rettifica o la cancellazione.<\/li>\n<li>Diritto di richiedere la limitazione del trattamento.<\/li>\n<li>Diritto di opporsi al trattamento dei propri dati.<\/li>\n<li>Diritto alla portabilit\u00e0 dei dati.<\/li>\n<li>Diritto di revocare il consenso prestato.<\/li>\n<\/ul>\n<p>Per esercitare uno qualsiasi di questi diritti, puoi contattarci all&#8217;indirizzo info@evyan.com o inviando una richiesta scritta a evyan.com, Poligono industrial raco canyeres, s\/n, 46660 Manuel, Valencia, Spagna.<span style=\"font-size: medium;\"> <\/span>all&#8217;attenzione del Dipartimento &#8220;Protezione dei dati&#8221;, indicando chiaramente la richiesta o il diritto che si intende esercitare, nonch\u00e9 il proprio nome, cognome e indirizzo postale, e allegando una copia della carta d&#8217;identit\u00e0 o di un documento legalmente valido che attesti la propria identit\u00e0, al fine di identificarla inequivocabilmente.<\/p>\n<h3><strong>A chi vengono comunicati i miei dati, chi altro ha accesso ai miei dati<\/strong><\/h3>\n<p>evyan.com potr\u00e0 comunicare i tuoi dati per adempiere ai propri obblighi alle Pubbliche Amministrazioni nei casi previsti dalla normativa vigente e, ove opportuno, anche ad altri enti quali Forze e Corpi di Sicurezza dello Stato, Magistrati, Procura della Repubblica, Tribunali, Corte dei Conti o Difensore Civico.<\/p>\n<p>Allo stesso modo, i dati personali del CLIENTE potranno essere accessibili a societ\u00e0 terze o professionisti con cui evyan.com collabora (Consulenza, Web Hosting Provider, Agenzie di Marketing, ecc.) e che sono necessari per la fornitura del servizio, incluso l&#8217;accesso al sito web, le comunicazioni tramite il sito web, la contrattazione di servizi, l&#8217;invio di informazioni commerciali, gli obblighi di legge e\/o la raccolta di dati.<\/p>\n<p>In nessun caso queste societ\u00e0 potranno utilizzare i tuoi dati per scopi diversi da quelli stipulati nel contratto di elaborazione dati con terze parti sottoscritto con ciascuna di esse.<br \/>\nTerze parti che elaborano i tuoi dati:<\/p>\n<p>Il nostro fornitore di web hosting (ZONADEWEB \u2013 Juan Vicente Navarro Garc\u00eda), in qualit\u00e0 di fornitore di servizi di web hosting e posta elettronica, del servizio di trasmissione e archiviazione di dati tramite web ed e-mail, e in qualit\u00e0 di amministratori dei nostri sistemi web su Internet, avr\u00e0 accesso ai tuoi dati al solo scopo di risolvere problemi con il nostro web hosting, eseguire test di posta elettronica, effettuare aggiornamenti, risolvere problemi e rivedere le tabelle del database con errori e altre funzioni tecniche inerenti al servizio contrattato, che ci consentiranno di fornire correttamente web hosting, registrazione di domini, posta elettronica e altri servizi Internet.<\/p>\n<p>La nostra Consulenza: avr\u00e0 accesso ai tuoi dati per la corretta organizzazione e gestione delle fatture, della contabilit\u00e0, degli incassi e dei pagamenti e di altre funzioni amministrative.<\/p>\n<p>Per fornire i servizi strettamente necessari allo sviluppo della propria attivit\u00e0, evyan.com si avvale anche di questi altri fornitori di servizi, alle condizioni di privacy da essi previste.<\/p>\n<ul>\n<li>Piattaforma del sito web: WordPress.Org<\/li>\n<li>Piattaforme di modelli WordPress: Avada<\/li>\n<li>Privacy delle fonti di tracciamento utilizzate su questo sito: Google (Analytics)<\/li>\n<\/ul>\n<p>evyan.com, in qualit\u00e0 di titolare del trattamento dei dati, stipuler\u00e0 un contratto di servizio con qualsiasi terza parte che elabori i tuoi dati. Tali terze parti agiranno in qualit\u00e0 di Responsabili del trattamento dei dati ai sensi del GDPR. Tale contratto includer\u00e0 le istruzioni di evyan.com al Responsabile del trattamento dei dati in merito all&#8217;utilizzo dei dati, al livello e alle misure di sicurezza applicabili e alle garanzie stabilite per l&#8217;utilizzo e la cancellazione dei dati al termine del servizio contrattuale. <\/p>\n<h3><strong>Altre terze parti con accesso ai dati tramite Cookie: analisi web e social network<\/strong><\/h3>\n<p>Utilizziamo lo strumento statistico del servizio Google Analytics. Questo servizio utilizza i cookie per raccogliere informazioni per i propri servizi di analisi web e pubblicitari. Ulteriori informazioni sono disponibili nella nostra Informativa sui cookie.  <\/p>\n<p>Sul nostro sito web offriamo link e servizi relativi a vari social network (ad esempio, il pulsante &#8220;Mi piace&#8221; di Facebook). Se sei iscritto a un social network e clicchi sul link corrispondente, il fornitore del social network potrebbe collegare i dati del tuo profilo con le informazioni relative alla tua visita a questo sito web. <\/p>\n<p>Facebook: Sulle pagine web di evyan.com che offrono contenuti di Facebook, Facebook utilizza i cookie per selezionare i contenuti visualizzati in ciascuna sezione. Tutte le informazioni relative all&#8217;utilizzo dei cookie da parte di Facebook sono disponibili al seguente link: http:\/\/www.facebook.com\/help\/cookies?ref_type=sitefooter. Ulteriori informazioni sono disponibili nella nostra Informativa sui cookie. <\/p>\n<p>Se un utente condivide contenuti dai siti web di evyan.com su determinati social network, questi siti potrebbero inserire cookie al momento della registrazione del loro servizio. evyan.com non ha alcun controllo sulla distribuzione e sulla gestione di questi cookie e si consiglia agli utenti di consultare le informative sulla privacy di tali siti. <\/p>\n<p>Sui siti web, app e altri media digitali di evyan.com, a volte vengono incorporati foto e contenuti video provenienti da siti web come YouTube, Instagram e Flickr. Questi contenuti sono incorporati nei nostri siti web e i siti web di riferimento potrebbero utilizzare cookie. evyan.com non ha alcun controllo sulla distribuzione e la gestione di questi cookie e, pertanto, consigliamo di consultare le informative sulla privacy di questi siti web per determinarne l&#8217;utilizzo.  <\/p>\n<p>Puoi accedere in qualsiasi momento alle informative sulla privacy dei diversi social network e configurare il tuo profilo per garantire la tua privacy. Ti invitiamo a leggere attentamente i termini e le condizioni d&#8217;uso di questi social network prima di iniziare a utilizzarli. <\/p>\n<ul>\n<li>Facebook: https:\/\/www.facebook.com\/help\/323540651073243\/<\/li>\n<li>Youtube: http:\/\/www.google.es\/intl\/es\/policies\/privacy\/<\/li>\n<li>Google Plus: http:\/\/www.google.es\/intl\/es\/policies\/privacy\/<\/li>\n<li>Twitter: https:\/\/twitter.com\/privacy<\/li>\n<li>Instagram: https:\/\/help.instagram.com\/155833707900388<\/li>\n<\/ul>\n<p><strong>In ogni caso, evyan.com si impegna ad applicare le seguenti garanzie:<\/strong><\/p>\n<ol>\n<li>In nessun caso i dati raccolti saranno ceduti a terzi, salvo che per le finalit\u00e0 descritte in ogni raccolta dati e gli obblighi di legge applicabili.<\/li>\n<li>Utilizzare i dati personali solo ed esclusivamente per le finalit\u00e0 indicate<\/li>\n<li>Cancellare i dati personali dell&#8217;UTENTE o dell&#8217;interessato, il che comprender\u00e0 il seguente periodo di cancellazione di tali dati: saranno conservati finch\u00e9 sar\u00e0 mantenuto il rapporto con l&#8217;ente e la loro cancellazione non sar\u00e0 richiesta dall&#8217;interessato, saranno inoltre conservati in conformit\u00e0 con i termini legali stabiliti.<\/li>\n<\/ol>\n<p>Allo stesso modo, evyan.com informa l&#8217;utente che qualsiasi altro trasferimento di dati che dovesse essere effettuato gli sar\u00e0 reso noto quando previsto o autorizzato dalla normativa applicabile in materia di protezione dei dati, informandolo in modo espresso, preciso e inequivocabile dei destinatari delle informazioni, dello scopo per cui saranno destinati i dati e della natura dei dati trasferiti o, se del caso, quando la normativa applicabile in materia di protezione dei dati lo stabilisca, verr\u00e0 richiesto in anticipo il consenso inequivocabile, specifico e informato dell&#8217;utente.<\/p>\n<h3><strong>ACCETTAZIONE, CONSENSO E REVOCABILIT\u00c0<\/strong><\/h3>\n<p>L&#8217;Utente dichiara di essere stato informato delle condizioni relative alla protezione dei dati personali, accettando e acconsentendo al trattamento degli stessi da parte di evyan.com e per le finalit\u00e0 indicate nell&#8217;avviso legale.<\/p>\n<p>Come sapete e come gi\u00e0 detto sopra, potete revocare i vostri dati in qualsiasi momento, ma sempre senza effetto retroattivo.<\/p>\n<h3><strong>MODIFICHE ALLA PRESENTE INFORMATIVA SULLA PRIVACY<\/strong><\/h3>\n<p>evyan.com si riserva il diritto di modificare la presente informativa per adattarla a nuove normative o giurisprudenza, nonch\u00e9 alle prassi del settore. In tali casi, il Fornitore annuncer\u00e0 le modifiche su questa pagina con ragionevole preavviso prima che entrino in vigore. <\/p>\n","protected":false},"excerpt":{"rendered":"<p>POLITICA SULLA PROTEZIONE DEI DATI In ottemperanza a quanto previsto  [&#8230;]<\/p>\n","protected":false},"author":1,"featured_media":0,"parent":0,"menu_order":0,"comment_status":"closed","ping_status":"closed","template":"","meta":{"footnotes":""},"class_list":["post-3253","page","type-page","status-publish","hentry"],"yoast_head":"<!-- This site is optimized with the Yoast SEO plugin v26.1.1 - https:\/\/yoast.com\/wordpress\/plugins\/seo\/ -->\n<title>Evyan | Grossista di frutta e produttore di arance \u2013 Informativa sulla privacy<\/title>\n<meta name=\"description\" content=\"Consulta l&#039;informativa sulla privacy di Evyan, grossista di frutta e distributore di agrumi in Spagna.\" \/>\n<meta name=\"robots\" content=\"index, follow, max-snippet:-1, max-image-preview:large, max-video-preview:-1\" \/>\n<link rel=\"canonical\" href=\"https:\/\/evyan.es\/it\/politica-sulla-riservatezza\/\" \/>\n<meta property=\"og:locale\" content=\"it_IT\" \/>\n<meta property=\"og:type\" content=\"article\" \/>\n<meta property=\"og:title\" content=\"Evyan | Grossista di frutta e produttore di arance \u2013 Informativa sulla privacy\" \/>\n<meta property=\"og:description\" content=\"Consulta l&#039;informativa sulla privacy di Evyan, grossista di frutta e distributore di agrumi in Spagna.\" \/>\n<meta property=\"og:url\" content=\"https:\/\/evyan.es\/it\/politica-sulla-riservatezza\/\" \/>\n<meta property=\"og:site_name\" content=\"Evyan\" \/>\n<meta name=\"twitter:card\" content=\"summary_large_image\" \/>\n<meta name=\"twitter:label1\" content=\"Tempo di lettura stimato\" \/>\n\t<meta name=\"twitter:data1\" content=\"12 minuti\" \/>\n<!-- \/ Yoast SEO plugin. -->","yoast_head_json":{"title":"Evyan | Grossista di frutta e produttore di arance \u2013 Informativa sulla privacy","description":"Consulta l'informativa sulla privacy di Evyan, grossista di frutta e distributore di agrumi in Spagna.","robots":{"index":"index","follow":"follow","max-snippet":"max-snippet:-1","max-image-preview":"max-image-preview:large","max-video-preview":"max-video-preview:-1"},"canonical":"https:\/\/evyan.es\/it\/politica-sulla-riservatezza\/","og_locale":"it_IT","og_type":"article","og_title":"Evyan | Grossista di frutta e produttore di arance \u2013 Informativa sulla privacy","og_description":"Consulta l'informativa sulla privacy di Evyan, grossista di frutta e distributore di agrumi in Spagna.","og_url":"https:\/\/evyan.es\/it\/politica-sulla-riservatezza\/","og_site_name":"Evyan","twitter_card":"summary_large_image","twitter_misc":{"Tempo di lettura stimato":"12 minuti"},"schema":{"@context":"https:\/\/schema.org","@graph":[{"@type":"WebPage","@id":"https:\/\/evyan.es\/it\/politica-sulla-riservatezza\/","url":"https:\/\/evyan.es\/it\/politica-sulla-riservatezza\/","name":"Evyan | Grossista di frutta e produttore di arance \u2013 Informativa sulla privacy","isPartOf":{"@id":"https:\/\/evyan.es\/it\/#website"},"datePublished":"2025-10-15T06:56:45+00:00","description":"Consulta l'informativa sulla privacy di Evyan, grossista di frutta e distributore di agrumi in Spagna.","breadcrumb":{"@id":"https:\/\/evyan.es\/it\/politica-sulla-riservatezza\/#breadcrumb"},"inLanguage":"it-IT","potentialAction":[{"@type":"ReadAction","target":["https:\/\/evyan.es\/it\/politica-sulla-riservatezza\/"]}]},{"@type":"BreadcrumbList","@id":"https:\/\/evyan.es\/it\/politica-sulla-riservatezza\/#breadcrumb","itemListElement":[{"@type":"ListItem","position":1,"name":"Portada","item":"https:\/\/evyan.es\/it\/"},{"@type":"ListItem","position":2,"name":"politica sulla riservatezza"}]},{"@type":"WebSite","@id":"https:\/\/evyan.es\/it\/#website","url":"https:\/\/evyan.es\/it\/","name":"Evyan","description":"","potentialAction":[{"@type":"SearchAction","target":{"@type":"EntryPoint","urlTemplate":"https:\/\/evyan.es\/it\/?s={search_term_string}"},"query-input":{"@type":"PropertyValueSpecification","valueRequired":true,"valueName":"search_term_string"}}],"inLanguage":"it-IT"}]}},"_hostinger_reach_plugin_has_subscription_block":false,"_hostinger_reach_plugin_is_elementor":false,"_links":{"self":[{"href":"https:\/\/evyan.es\/it\/wp-json\/wp\/v2\/pages\/3253","targetHints":{"allow":["GET"]}}],"collection":[{"href":"https:\/\/evyan.es\/it\/wp-json\/wp\/v2\/pages"}],"about":[{"href":"https:\/\/evyan.es\/it\/wp-json\/wp\/v2\/types\/page"}],"author":[{"embeddable":true,"href":"https:\/\/evyan.es\/it\/wp-json\/wp\/v2\/users\/1"}],"replies":[{"embeddable":true,"href":"https:\/\/evyan.es\/it\/wp-json\/wp\/v2\/comments?post=3253"}],"version-history":[{"count":0,"href":"https:\/\/evyan.es\/it\/wp-json\/wp\/v2\/pages\/3253\/revisions"}],"wp:attachment":[{"href":"https:\/\/evyan.es\/it\/wp-json\/wp\/v2\/media?parent=3253"}],"curies":[{"name":"wp","href":"https:\/\/api.w.org\/{rel}","templated":true}]}}