{"id":3212,"date":"2025-10-15T06:56:02","date_gmt":"2025-10-15T06:56:02","guid":{"rendered":"https:\/\/evyan.es\/politica-sui-cookie\/"},"modified":"2025-10-15T06:56:02","modified_gmt":"2025-10-15T06:56:02","slug":"politica-sui-cookie","status":"publish","type":"page","link":"https:\/\/evyan.es\/it\/politica-sui-cookie\/","title":{"rendered":"Politica sui cookie"},"content":{"rendered":"<div class=\"entry-content\">\n<h2>POLITICA SUI COOKIE<\/h2>\n<p>A causa dell&#8217;entrata in vigore della modifica pertinente della &#8220;Legge sui Servizi della Societ\u00e0 dell&#8217;Informazione&#8221; (LSSICE) stabilita dal Regio Decreto 13\/2012, \u00e8 obbligatorio ottenere il consenso espresso dell&#8217;utente di tutte le pagine web che utilizzano cookie non essenziali, prima di navigarvi.<\/p>\n<h2><span id=\"%C2%BFQUE_SON_LAS_COOKIES\" class=\"ez-toc-section\"><\/span>COSA SONO I COOKIE?<\/h2>\n<p>I cookie e altre tecnologie simili, come gli oggetti condivisi locali, i cookie flash o i pixel, sono strumenti utilizzati dai server web per archiviare e recuperare informazioni sui loro visitatori, nonch\u00e9 per garantire il corretto funzionamento del sito.<\/p>\n<p>Utilizzando questi dispositivi, il server web \u00e8 in grado di ricordare alcuni dati riguardanti l&#8217;utente, come le sue preferenze per la visualizzazione delle pagine di quel server, nome e password, prodotti che pi\u00f9 gli interessano, ecc.<\/p>\n<h2><span id=\"COOKIES_AFECTADAS_POR_LA_NORMATIVA_Y_COOKIES_EXCEPTUADAS\" class=\"ez-toc-section\"><\/span>COOKIE SOGGETTI ALLA NORMATIVA E COOKIE ESENTI<\/h2>\n<p>Secondo la direttiva UE, i cookie che richiedono il consenso informato dell&#8217;utente sono i cookie analitici e i cookie pubblicitari e di affiliazione, ad eccezione dei cookie tecnici e di quelli necessari al funzionamento del sito web o alla fornitura di servizi espressamente richiesti dall&#8217;utente.<\/p>\n<h2><span id=\"%C2%BFQUE_TIPOS_DE_COOKIES_EXISTEN\" class=\"ez-toc-section\"><\/span>QUALI TIPI DI COOKIE ESISTONO?<\/h2>\n<h3><span id=\"SEGUN_LA_FINALIDAD\" class=\"ez-toc-section\"><\/span><strong>SECONDO LO SCOPO<\/strong><\/h3>\n<ul>\n<li><strong>Cookie tecnici e funzionali:<\/strong> sono quelli che permettono all&#8217;utente di navigare attraverso un sito web, una piattaforma o un&#8217;applicazione e di utilizzare le diverse opzioni o servizi che esistono in esso.<\/li>\n<li><strong>Cookie analitici:<\/strong> questi cookie consentono al proprietario del sito web di monitorare e analizzare il comportamento degli utenti sui siti web a cui sono collegati. Le informazioni raccolte tramite questi cookie vengono utilizzate per misurare l&#8217;attivit\u00e0 del sito web, dell&#8217;applicazione o della piattaforma e per creare profili di navigazione degli utenti al fine di apportare miglioramenti basati sull&#8217;analisi dei dati degli utenti. <\/li>\n<li><strong>Cookie pubblicitari<\/strong>: sono cookie che consentono la gestione pi\u00f9 efficiente degli spazi pubblicitari che l&#8217;editore pu\u00f2 aver inserito in un sito web, applicazione o piattaforma da cui viene fornito il servizio richiesto, in base a criteri quali il contenuto visualizzato o la frequenza con cui vengono mostrati gli annunci.<\/li>\n<li><strong>Cookie pubblicitari comportamentali<\/strong>: raccolgono informazioni sulle preferenze e le scelte personali dell&#8217;utente (retargeting) per consentire la gestione pi\u00f9 efficace degli spazi pubblicitari che l&#8217;editore pu\u00f2 aver inserito in un sito web, applicazione o piattaforma da cui viene fornito il servizio richiesto.<\/li>\n<li><strong>Cookie social:<\/strong> vengono impostati dalle piattaforme di social media sui Servizi per consentirti di condividere contenuti con i tuoi amici e i tuoi contatti. Le piattaforme di social media hanno la possibilit\u00e0 di tracciare la tua attivit\u00e0 online al di fuori dei Servizi. Ci\u00f2 potrebbe influire sui contenuti e sui messaggi che visualizzi su altri servizi che visiti.  <\/li>\n<li><strong>Cookie di affiliazione:<\/strong> consentono il tracciamento delle visite provenienti da altri siti web, con i quali il sito web stabilisce un accordo di affiliazione (societ\u00e0 affiliate).<\/li>\n<li><strong>Cookie di sicurezza<\/strong>: memorizzano informazioni crittografate per impedire che i dati in essi contenuti siano vulnerabili ad attacchi dannosi da parte di terzi.<\/li>\n<\/ul>\n<h3><span id=\"SEGUN_LA_PROPIEDAD\" class=\"ez-toc-section\"><\/span>SECONDO LA PROPRIET\u00c0<\/h3>\n<ul>\n<li><strong>Cookie proprietari<\/strong>: sono quelli che vengono inviati al terminale dell&#8217;utente da un computer o dominio gestito dallo stesso editore e dal quale viene fornito il servizio richiesto dall&#8217;utente.<\/li>\n<li><strong>Cookie di terze parti:<\/strong> sono cookie che vengono inviati al terminale dell&#8217;utente da un computer o dominio non gestito dall&#8217;editore, ma da un&#8217;altra entit\u00e0 che elabora i dati ottenuti tramite i cookie.<\/li>\n<\/ul>\n<h3><span id=\"SEGUN_EL_PLAZO_DE_CONSERVACION\" class=\"ez-toc-section\"><\/span>SECONDO IL PERIODO DI CONSERVAZIONE<\/h3>\n<ul>\n<li><strong>Cookie di sessione:<\/strong> si tratta di un tipo di cookie progettato per raccogliere e memorizzare dati mentre l&#8217;utente accede a un sito web.<\/li>\n<li><strong>Cookie persistenti:<\/strong> si tratta di un tipo di cookie in cui i dati rimangono memorizzati sul dispositivo e possono essere consultati ed elaborati per un periodo definito dal proprietario del cookie, che pu\u00f2 variare da pochi minuti a diversi anni.<\/li>\n<\/ul>\n<h2><span id=\"COOKIES_UTILIZADAS_EN_ESTE_SITIO_WEB\" class=\"ez-toc-section\"><\/span>COOKIE UTILIZZATI SU QUESTO SITO WEB<\/h2>\n<h3><span id=\"COOKIES_CONTROLADAS_POR_EL_EDITOR\" class=\"ez-toc-section\"><\/span>COOKIE CONTROLLATI DALL&#8217;EDITORE<\/h3>\n<h4><span id=\"Tecnicas_y_funcionales\" class=\"ez-toc-section\"><\/span><strong>Tecnico e funzionale<\/strong><\/h4>\n<figure class=\"wp-block-table is-style-regular\">\n<table class=\"has-fixed-layout\">\n<thead>\n<tr>\n<th><strong>Propriet\u00e0<\/strong><\/th>\n<th>Cookie<\/th>\n<th><strong>Scopo<\/strong><\/th>\n<th><strong>Termine<\/strong><\/th>\n<\/tr>\n<\/thead>\n<tbody>\n<tr>\n<td>evyan<\/td>\n<td><strong>cmplz_marketing<\/strong><\/td>\n<td>Cookie necessario per l&#8217;utilizzo delle opzioni e dei servizi del sito web<\/td>\n<td>entro un anno<\/td>\n<\/tr>\n<tr>\n<td>evyan<\/td>\n<td><strong>complianz_consent_status<\/strong><\/td>\n<td>Cookie necessario per l&#8217;utilizzo delle opzioni e dei servizi del sito web<\/td>\n<td>entro un anno<\/td>\n<\/tr>\n<tr>\n<td>evyan<\/td>\n<td><strong>complianz_policy_id<\/strong><\/td>\n<td><em>Cookie <\/em>necesaria para la utilizaci\u00f3n de las opciones y<br \/>\nservicios del sitio web<\/td>\n<td>en un a\u00f1o<\/td>\n<\/tr>\n<tr>\n<td>evyan<\/td>\n<td><strong>tocplus_hideto<br \/>\nc<\/strong><\/td>\n<td><em>Cookie <\/em>necesaria para la utilizaci\u00f3n de las opciones y<br \/>\nservicios del sitio web<\/td>\n<td>en un mes<\/td>\n<\/tr>\n<\/tbody>\n<\/table>\n<\/figure>\n<h4><span id=\"Analiticas\" class=\"ez-toc-section\"><\/span><strong>Analisi<\/strong><\/h4>\n<figure class=\"wp-block-table\">\n<table class=\"has-fixed-layout\">\n<thead>\n<tr>\n<th><strong>Propriet\u00e0<\/strong><\/th>\n<th>Cookie<\/th>\n<th><strong>Scopo<\/strong><\/th>\n<th><strong>Termine<\/strong><\/th>\n<\/tr>\n<\/thead>\n<tbody>\n<tr>\n<td>evyan<\/td>\n<td><strong>_ga<\/strong><\/td>\n<td>ID utiliza para identificar a los usuarios<\/td>\n<td>en 2 a\u00f1os<\/td>\n<\/tr>\n<tr>\n<td>evyan<\/td>\n<td><strong>_gat<\/strong><\/td>\n<td>Se utiliza para monitorizar el n\u00famero de peticiones al servidor de Google Analytics cuando se utiliza el Administrador de etiquetas Google<\/td>\n<td>sesi\u00f3n<\/td>\n<\/tr>\n<tr>\n<td>evyan<\/td>\n<td><strong>_gid<\/strong><\/td>\n<td>ID utiliza para identificar a los usuarios durante 24 horas despu\u00e9s de la \u00faltima actividad<\/td>\n<td>en 22 horas<\/td>\n<\/tr>\n<\/tbody>\n<\/table>\n<\/figure>\n<h3><span id=\"COOKIES_DE_TERCEROS\" class=\"ez-toc-section\"><\/span>COOKIE DI TERZE PARTI<\/h3>\n<p>I servizi di terze parti sono al di fuori del controllo dell&#8217;editore. I fornitori possono modificare i propri termini di servizio, finalit\u00e0 e utilizzo dei cookie, ecc., in qualsiasi momento. <\/p>\n<h4><span id=\"Proveedores_externos_de_este_sitio_web\" class=\"ez-toc-section\"><\/span><strong>Fornitori terzi di questo sito web:<\/strong><\/h4>\n<figure class=\"wp-block-table\">\n<table class=\"has-fixed-layout\">\n<thead>\n<tr>\n<th>Editor<\/th>\n<th>Pol\u00edtica de privacidad<\/th>\n<\/tr>\n<\/thead>\n<tbody>\n<tr>\n<td>Google Analytics<\/td>\n<td><a href=\"https:\/\/privacy.google.com\/take-control.html\" target=\"_blank\" rel=\"noreferrer noopener nofollow\">https:\/\/privacy.google.com\/take-control.html<\/a><\/td>\n<\/tr>\n<tr>\n<td>Medios sociales<\/td>\n<td><a href=\"https:\/\/www.facebook.com\/policies\/cookies\/\" target=\"_blank\" rel=\"noreferrer noopener nofollow\">Facebook<\/a><\/td>\n<\/tr>\n<\/tbody>\n<\/table>\n<\/figure>\n<h2><span id=\"REVOCACION_DEL_CONSENTIMIENTO_PARA_INSTALAR_COOKIES\" class=\"ez-toc-section\"><\/span>REVOCA DEL CONSENSO ALL&#8217;INSTALLAZIONE DEI COOKIE<\/h2>\n<p><strong>Puoi seguire le istruzioni qui sotto per revocare il <em><a href=\"https:\/\/www.excavacionesvalencia\/politica-de-cookies\/\" target=\"_blank\" rel=\"noreferrer noopener\">Cookies<\/a><\/em>.<\/strong><\/p>\n<h2><span id=\"COMO_GESTIONAR_LAS_COOKIES_DESDE_EL_NAVEGADOR\" class=\"ez-toc-section\"><\/span>COME GESTIRE I COOKIE DAL TUO BROWSER<\/h2>\n<ul>\n<li>Elimina i cookie dal tuo dispositivo: i cookie gi\u00e0 presenti sul tuo dispositivo possono essere eliminati cancellando la cronologia del browser, rimuovendo cos\u00ec i cookie da tutti i siti web visitati. Tuttavia, ci\u00f2 potrebbe comportare anche la perdita di alcune informazioni salvate (come i dati di accesso o le preferenze del sito web). <\/li>\n<li><strong>Gestisci i cookie specifici del sito: <\/strong>per un controllo pi\u00f9 preciso sui cookie specifici del sito, gli utenti possono modificare le impostazioni sulla privacy e sui cookie nel proprio browser.<\/li>\n<li><strong>Blocco dei cookie:<\/strong> sebbene la maggior parte dei browser moderni possa essere configurata per impedire l&#8217;installazione dei cookie sui dispositivi, potrebbe essere necessario modificare manualmente alcune preferenze ogni volta che si visita un sito o una pagina. Inoltre, alcuni servizi e funzionalit\u00e0 potrebbero non funzionare correttamente (ad esempio, gli accessi al profilo). <\/li>\n<\/ul>\n<h2><span id=\"COMO_ELIMINAR_LAS_COOKIES_DE_LOS_NAVEGADORES_MAS_COMUNES\" class=\"ez-toc-section\"><\/span>COME ELIMINARE I COOKIE DAI BROWSER PI\u00d9 COMUNI<\/h2>\n<h3><span id=\"Chrome\" class=\"ez-toc-section\"><\/span>Chrome<\/h3>\n<p>1. Seleziona l&#8217;icona Strumenti.<br \/>\n2. Fai clic su Impostazioni.<br \/>\n3. Fare clic su Mostra opzioni avanzate.<br \/>\n4. Nella sezione \u201cPrivacy\u201d, clicca su Impostazioni contenuti.<br \/>\n\u2022 Elimina cookie: clicca su Tutti i cookie e i dati dei siti\u2026<br \/>\n\u2022 Non consentire la memorizzazione dei cookie.<br \/>\n5. Fare clic su Cancella dati di navigazione (svuota la cache).<br \/>\n6. Chiudi e riavvia il browser.<\/p>\n<p>Per maggiori informazioni su Chrome, clicca qui.: <a href=\"http:\/\/support.google.com\/chrome\/answer\/95647?hl=es\" target=\"_blank\" rel=\"noreferrer noopener nofollow\">http:\/\/support.google.com\/chrome\/answer\/95647?hl=es<\/a><\/p>\n<h3><span id=\"Internet_Explorer_Version_11\" class=\"ez-toc-section\"><\/span>Internet Explorer. Versi\u00f3n 11 <\/h3>\n<p>1. Selezionare Strumenti | Opzioni Internet.<br \/>\n2. Fare clic sulla scheda Generale.<br \/>\n3. Nella sezione &#8220;Cronologia esplorazioni&#8221;, fare clic su Elimina cronologia esplorazioni all&#8217;uscita.<br \/>\n4. Selezionare Elimina file.<br \/>\n5. Seleziona Elimina cookie.<br \/>\n6. Fare clic su Elimina.<br \/>\n7. Fare clic su OK.<br \/>\n8. Chiudi e riavvia il browser.<\/p>\n<p>Per maggiori informazioni su Internet Explorer, clicca qui.: <a href=\"https:\/\/support.microsoft.com\/es-es\/help\/278835\/how-to-delete-cookie-files-in-internet-explorer\" target=\"_blank\" rel=\"noreferrer noopener nofollow\">https:\/\/support.microsoft.com\/es-es\/help\/278835\/how-to-delete-cookie-files-in-internet-explorer<\/a><\/p>\n<h3 id=\"cookies-mozilla-firefox-habilitar-deshabilitar\"><span id=\"Mozilla_Firefox_Version_18\" class=\"ez-toc-section\"><\/span>Mozilla Firefox. Versi\u00f3n 18 <\/h3>\n<p>1. Selezionare Firefox | Cronologia | Cancella cronologia recente.<br \/>\n2. Accanto a &#8220;Dettagli&#8221;, fare clic sulla freccia rivolta verso il basso.<br \/>\n3. Seleziona le seguenti caselle di controllo: Cookie, Cache, Accessi attivi.<br \/>\n4. Utilizzando il menu a discesa &#8220;Intervallo di tempo da cancellare&#8221;, seleziona Tutto.<br \/>\n5. Fare clic su Elimina ora.<br \/>\n6. Chiudi e riavvia il browser.<\/p>\n<p>\u00c8 possibile accettare o rifiutare i cookie singolarmente nelle Preferenze di Firefox, nella sezione Cronologia disponibile in Strumenti &gt; Opzioni &gt; Privacy.<\/p>\n<p>Per maggiori informazioni su Mozilla Firefox, clicca qui: <a href=\"https:\/\/www.mozilla.org\/es-ES\/privacy\/websites\/#cookies\" target=\"_blank\" rel=\"noreferrer noopener nofollow\">https:\/\/www.mozilla.org\/es-ES\/privacy\/websites\/#cookies<\/a><\/p>\n<h3 id=\"cookies-apple-safari\"><span id=\"Safari_Version_51\" class=\"ez-toc-section\"><\/span>Safari Versi\u00f3n 5.1<\/h3>\n<p>1. Selezionare l&#8217;icona Safari \/ Modifica | Reimposta Safari.<br \/>\n2. Seleziona le seguenti caselle di controllo: Cancella cronologia, Elimina tutti i dati del sito web<br \/>\n3. Fai clic su Reimposta.<br \/>\n4. Chiudi e riavvia il browser.<\/p>\n<p>Per maggiori informazioni su Safari, clicca qui.: <a href=\"https:\/\/www.apple.com\/legal\/privacy\/en-ww\/cookies\/\" target=\"_blank\" rel=\"noreferrer noopener nofollow\">https:\/\/www.apple.com\/legal\/privacy\/en-ww\/cookies\/<\/a><\/p>\n<h3><span id=\"Opera\" class=\"ez-toc-section\"><\/span>Opera<\/h3>\n<p>Opzioni \u2013 Avanzate \u2013 Cookie.<br \/>\nLe opzioni dei cookie controllano il modo in cui Opera li gestisce e quindi la loro accettazione o rifiuto.<\/p>\n<p>Per maggiori informazioni su Opera, clicca qui.:<a href=\"https:\/\/help.opera.com\/en\/latest\/security-and-privacy\/#clearBrowsingData\" target=\"_blank\" rel=\"noreferrer noopener nofollow\"> https:\/\/help.opera.com\/en\/latest\/security-and-privacy\/#clearBrowsingData<\/a><\/p>\n<h3><span id=\"Otros_navegadores\" class=\"ez-toc-section\"><\/span>Altri browser<\/h3>\n<p>Consulta la documentazione del browser installato.<\/p>\n<p><a href=\"http:\/\/support.google.com\/chrome\/bin\/answer.py?hl=es-419&amp;answer=95647\" target=\"_blank\" rel=\"noopener noreferrer\"><u>Google Chrome<\/u><\/a> \u2013 <a href=\"https:\/\/support.microsoft.com\/es-es\/help\/17442\/windows-internet-explorer-delete-manage-cookies\" target=\"_blank\" rel=\"noreferrer noopener nofollow\"><u>Internet Explorer<\/u><\/a> \u2013 <a href=\"https:\/\/www.excavacionesvalencia\/politica-de-cookies\/#cookies-mozilla-firefox-habilitar-deshabilitar\" target=\"_blank\" rel=\"noreferrer noopener\"><u>Mozilla Firefox<\/u><\/a> \u2013 <a href=\"https:\/\/www.apple.com\/legal\/privacy\/en-ww\/cookies\/\" target=\"_blank\" rel=\"noreferrer noopener nofollow\"><u>Apple Safari<\/u><\/a><\/p>\n<hr class=\"wp-block-separator\">\n<\/div>\n","protected":false},"excerpt":{"rendered":"<p>POLITICA SUI COOKIE A causa dell&#8217;entrata in vigore della modifica  [&#8230;]<\/p>\n","protected":false},"author":1,"featured_media":0,"parent":0,"menu_order":0,"comment_status":"closed","ping_status":"closed","template":"","meta":{"footnotes":""},"class_list":["post-3212","page","type-page","status-publish","hentry"],"yoast_head":"<!-- This site is optimized with the Yoast SEO plugin v26.1.1 - https:\/\/yoast.com\/wordpress\/plugins\/seo\/ -->\n<title>Evyan | Grossista di frutta e produttore di arance \u2013 Politica sui cookie<\/title>\n<meta name=\"description\" content=\"Consulta la politica sui cookie di Evyan, un grossista di frutta e distributore di agrumi in Spagna.\" \/>\n<meta name=\"robots\" content=\"index, follow, max-snippet:-1, max-image-preview:large, max-video-preview:-1\" \/>\n<link rel=\"canonical\" href=\"https:\/\/evyan.es\/it\/politica-sui-cookie\/\" \/>\n<meta property=\"og:locale\" content=\"it_IT\" \/>\n<meta property=\"og:type\" content=\"article\" \/>\n<meta property=\"og:title\" content=\"Evyan | Grossista di frutta e produttore di arance \u2013 Politica sui cookie\" \/>\n<meta property=\"og:description\" content=\"Consulta la politica sui cookie di Evyan, un grossista di frutta e distributore di agrumi in Spagna.\" \/>\n<meta property=\"og:url\" content=\"https:\/\/evyan.es\/it\/politica-sui-cookie\/\" \/>\n<meta property=\"og:site_name\" content=\"Evyan\" \/>\n<meta name=\"twitter:card\" content=\"summary_large_image\" \/>\n<meta name=\"twitter:label1\" content=\"Tempo di lettura stimato\" \/>\n\t<meta name=\"twitter:data1\" content=\"7 minuti\" \/>\n<!-- \/ Yoast SEO plugin. -->","yoast_head_json":{"title":"Evyan | Grossista di frutta e produttore di arance \u2013 Politica sui cookie","description":"Consulta la politica sui cookie di Evyan, un grossista di frutta e distributore di agrumi in Spagna.","robots":{"index":"index","follow":"follow","max-snippet":"max-snippet:-1","max-image-preview":"max-image-preview:large","max-video-preview":"max-video-preview:-1"},"canonical":"https:\/\/evyan.es\/it\/politica-sui-cookie\/","og_locale":"it_IT","og_type":"article","og_title":"Evyan | Grossista di frutta e produttore di arance \u2013 Politica sui cookie","og_description":"Consulta la politica sui cookie di Evyan, un grossista di frutta e distributore di agrumi in Spagna.","og_url":"https:\/\/evyan.es\/it\/politica-sui-cookie\/","og_site_name":"Evyan","twitter_card":"summary_large_image","twitter_misc":{"Tempo di lettura stimato":"7 minuti"},"schema":{"@context":"https:\/\/schema.org","@graph":[{"@type":"WebPage","@id":"https:\/\/evyan.es\/it\/politica-sui-cookie\/","url":"https:\/\/evyan.es\/it\/politica-sui-cookie\/","name":"Evyan | Grossista di frutta e produttore di arance \u2013 Politica sui cookie","isPartOf":{"@id":"https:\/\/evyan.es\/it\/#website"},"datePublished":"2025-10-15T06:56:02+00:00","description":"Consulta la politica sui cookie di Evyan, un grossista di frutta e distributore di agrumi in Spagna.","breadcrumb":{"@id":"https:\/\/evyan.es\/it\/politica-sui-cookie\/#breadcrumb"},"inLanguage":"it-IT","potentialAction":[{"@type":"ReadAction","target":["https:\/\/evyan.es\/it\/politica-sui-cookie\/"]}]},{"@type":"BreadcrumbList","@id":"https:\/\/evyan.es\/it\/politica-sui-cookie\/#breadcrumb","itemListElement":[{"@type":"ListItem","position":1,"name":"Portada","item":"https:\/\/evyan.es\/it\/"},{"@type":"ListItem","position":2,"name":"Politica sui cookie"}]},{"@type":"WebSite","@id":"https:\/\/evyan.es\/it\/#website","url":"https:\/\/evyan.es\/it\/","name":"Evyan","description":"","potentialAction":[{"@type":"SearchAction","target":{"@type":"EntryPoint","urlTemplate":"https:\/\/evyan.es\/it\/?s={search_term_string}"},"query-input":{"@type":"PropertyValueSpecification","valueRequired":true,"valueName":"search_term_string"}}],"inLanguage":"it-IT"}]}},"_hostinger_reach_plugin_has_subscription_block":false,"_hostinger_reach_plugin_is_elementor":false,"_links":{"self":[{"href":"https:\/\/evyan.es\/it\/wp-json\/wp\/v2\/pages\/3212","targetHints":{"allow":["GET"]}}],"collection":[{"href":"https:\/\/evyan.es\/it\/wp-json\/wp\/v2\/pages"}],"about":[{"href":"https:\/\/evyan.es\/it\/wp-json\/wp\/v2\/types\/page"}],"author":[{"embeddable":true,"href":"https:\/\/evyan.es\/it\/wp-json\/wp\/v2\/users\/1"}],"replies":[{"embeddable":true,"href":"https:\/\/evyan.es\/it\/wp-json\/wp\/v2\/comments?post=3212"}],"version-history":[{"count":0,"href":"https:\/\/evyan.es\/it\/wp-json\/wp\/v2\/pages\/3212\/revisions"}],"wp:attachment":[{"href":"https:\/\/evyan.es\/it\/wp-json\/wp\/v2\/media?parent=3212"}],"curies":[{"name":"wp","href":"https:\/\/api.w.org\/{rel}","templated":true}]}}