{"id":3208,"date":"2025-10-22T08:04:49","date_gmt":"2025-10-22T08:04:49","guid":{"rendered":"https:\/\/evyan.es\/kaki-persimon\/"},"modified":"2025-11-13T07:38:16","modified_gmt":"2025-11-13T07:38:16","slug":"kaki-persimon","status":"publish","type":"page","link":"https:\/\/evyan.es\/it\/kaki-persimon\/","title":{"rendered":"Kaki Persimon"},"content":{"rendered":"<p><div class=\"fusion-fullwidth fullwidth-box fusion-builder-row-1 fusion-flex-container has-pattern-background has-mask-background fusion-parallax-none hundred-percent-fullwidth non-hundred-percent-height-scrolling lazyload\" style=\"--awb-border-radius-top-left:0px;--awb-border-radius-top-right:0px;--awb-border-radius-bottom-right:0px;--awb-border-radius-bottom-left:0px;--awb-padding-top:80px;--awb-padding-bottom:80px;--awb-margin-top:0px;--awb-background-image:linear-gradient(180deg, rgba(15,19,23,0.39) 0%,rgba(15,19,23,0.39) 100%);;--awb-background-size:cover;--awb-flex-wrap:wrap;\" data-bg=\"https:\/\/evyan.es\/wp-content\/uploads\/2025\/10\/oranges-1117628_1280.jpg\" data-bg-gradient=\"linear-gradient(180deg, rgba(15,19,23,0.39) 0%,rgba(15,19,23,0.39) 100%)\" ><div class=\"fusion-builder-row fusion-row fusion-flex-align-items-center fusion-flex-justify-content-center fusion-flex-content-wrap\" style=\"width:104% !important;max-width:104% !important;margin-left: calc(-4% \/ 2 );margin-right: calc(-4% \/ 2 );\"><div class=\"fusion-layout-column fusion_builder_column fusion-builder-column-0 fusion_builder_column_3_5 3_5 fusion-flex-column\" style=\"--awb-bg-size:cover;--awb-width-large:60%;--awb-margin-top-large:0px;--awb-spacing-right-large:3.2%;--awb-margin-bottom-large:0px;--awb-spacing-left-large:3.2%;--awb-width-medium:66.666666666667%;--awb-order-medium:0;--awb-spacing-right-medium:2.88%;--awb-margin-bottom-medium:0px;--awb-spacing-left-medium:2.88%;--awb-width-small:80%;--awb-order-small:0;--awb-spacing-right-small:2.4%;--awb-margin-bottom-small:0px;--awb-spacing-left-small:2.4%;\"><div class=\"fusion-column-wrapper fusion-column-has-shadow fusion-flex-justify-content-flex-start fusion-content-layout-column\"><div class=\"fusion-title title fusion-title-1 fusion-sep-none fusion-title-text fusion-title-size-three\" style=\"--awb-text-color:var(--awb-color1);\"><h3 class=\"fusion-title-heading title-heading-left\" style=\"margin:0;text-transform:none;\">Kaki Persimon<\/h3><\/div><\/div><\/div><\/div><\/div><div class=\"fusion-fullwidth fullwidth-box fusion-builder-row-2 fusion-flex-container nonhundred-percent-fullwidth non-hundred-percent-height-scrolling\" style=\"--awb-background-position:right bottom;--awb-background-repeat:repeat-y;--awb-border-radius-top-left:0px;--awb-border-radius-top-right:0px;--awb-border-radius-bottom-right:0px;--awb-border-radius-bottom-left:0px;--awb-margin-top:100px;--awb-flex-wrap:wrap;\" ><div class=\"fusion-builder-row fusion-row fusion-flex-align-items-flex-start fusion-flex-content-wrap\" style=\"max-width:1393.6px;margin-left: calc(-4% \/ 2 );margin-right: calc(-4% \/ 2 );\"><div class=\"fusion-layout-column fusion_builder_column fusion-builder-column-1 fusion_builder_column_1_2 1_2 fusion-flex-column\" style=\"--awb-bg-size:cover;--awb-width-large:50%;--awb-margin-top-large:0px;--awb-spacing-right-large:3.84%;--awb-margin-bottom-large:0px;--awb-spacing-left-large:3.84%;--awb-width-medium:50%;--awb-order-medium:0;--awb-spacing-right-medium:3.84%;--awb-spacing-left-medium:3.84%;--awb-width-small:100%;--awb-order-small:0;--awb-spacing-right-small:1.92%;--awb-spacing-left-small:1.92%;\"><div class=\"fusion-column-wrapper fusion-column-has-shadow fusion-flex-justify-content-flex-start fusion-content-layout-column\"><div class=\"fusion-image-element \" style=\"--awb-max-width:500px;--awb-caption-title-font-family:var(--h2_typography-font-family);--awb-caption-title-font-weight:var(--h2_typography-font-weight);--awb-caption-title-font-style:var(--h2_typography-font-style);--awb-caption-title-size:var(--h2_typography-font-size);--awb-caption-title-transform:var(--h2_typography-text-transform);--awb-caption-title-line-height:var(--h2_typography-line-height);--awb-caption-title-letter-spacing:var(--h2_typography-letter-spacing);\"><span class=\" fusion-imageframe imageframe-none imageframe-1 hover-type-none\"><img decoding=\"async\" width=\"942\" height=\"922\" title=\"KAKI PERSIMON\" src=\"https:\/\/evyan.es\/wp-content\/uploads\/2025\/10\/KAKI-PERSIMON.png\" data-orig-src=\"https:\/\/evyan.es\/wp-content\/uploads\/2025\/10\/KAKI-PERSIMON.png\" alt class=\"lazyload img-responsive wp-image-3207\" srcset=\"data:image\/svg+xml,%3Csvg%20xmlns%3D%27http%3A%2F%2Fwww.w3.org%2F2000%2Fsvg%27%20width%3D%27942%27%20height%3D%27922%27%20viewBox%3D%270%200%20942%20922%27%3E%3Crect%20width%3D%27942%27%20height%3D%27922%27%20fill-opacity%3D%220%22%2F%3E%3C%2Fsvg%3E\" data-srcset=\"https:\/\/evyan.es\/wp-content\/uploads\/2025\/10\/KAKI-PERSIMON-200x196.png 200w, https:\/\/evyan.es\/wp-content\/uploads\/2025\/10\/KAKI-PERSIMON-400x392.png 400w, https:\/\/evyan.es\/wp-content\/uploads\/2025\/10\/KAKI-PERSIMON-600x587.png 600w, https:\/\/evyan.es\/wp-content\/uploads\/2025\/10\/KAKI-PERSIMON-800x783.png 800w, https:\/\/evyan.es\/wp-content\/uploads\/2025\/10\/KAKI-PERSIMON.png 942w\" data-sizes=\"auto\" data-orig-sizes=\"(max-width: 800px) 100vw, 800px\" \/><\/span><\/div><\/div><\/div><div class=\"fusion-layout-column fusion_builder_column fusion-builder-column-2 fusion_builder_column_1_2 1_2 fusion-flex-column fusion-flex-align-self-center\" style=\"--awb-padding-left:15x;--awb-bg-size:cover;--awb-width-large:50%;--awb-margin-top-large:0px;--awb-spacing-right-large:3.84%;--awb-margin-bottom-large:0px;--awb-spacing-left-large:3.84%;--awb-width-medium:50%;--awb-order-medium:0;--awb-spacing-right-medium:3.84%;--awb-spacing-left-medium:3.84%;--awb-width-small:100%;--awb-order-small:0;--awb-margin-top-small:40px;--awb-spacing-right-small:1.92%;--awb-spacing-left-small:1.92%;\"><div class=\"fusion-column-wrapper fusion-column-has-shadow fusion-flex-justify-content-flex-start fusion-content-layout-column\"><div class=\"fusion-text fusion-text-1\" style=\"--awb-text-transform:none;--awb-margin-top:18px;\"><p><b>Kaki Persimon\u00ae<\/b> non \u00e8 una variet\u00e0 di frutto in s\u00e9, bens\u00ec il nome commerciale registrato dalla Denominazione di Origine Protetta (DOP) Kaki Ribera del X\u00faquer (Valencia, Spagna).<\/p>\n<p>Questo nome viene utilizzato per distinguere il modo in cui viene consumato il frutto della variet\u00e0<b> \u2018Brilliant Red\u2019.<\/b><\/p>\n<p>Ecco un riepilogo dettagliato delle sue caratteristiche:<\/p>\n<p><b>1. Il frutto: cachi \u2018rosso brillante\u2019<\/b><\/p>\n<ul>\n<li><b>Origine della specie:<\/b> L\u2019albero, Diospyros kaki (cachi o palo santo), \u00e8 originario della Cina.<\/li>\n<li><b>Origine della cultivar:<\/b> La variet\u00e0 \u2018Brilliant Red\u2019 (l\u2019unica utilizzata per il marchio Persimon\u00ae) \u00e8 una mutazione spontanea di una cultivar autoctona emersa nella regione valenciana di Ribera del X\u00faquer.<\/li>\n<li><b>Dimensioni: <\/b>\u00e8 di grosso calibro, con una forma leggermente allungata.<\/li>\n<li><b>Colore: <\/b>da arancione brillante ad arancione rossastro.<\/li>\n<\/ul>\n<\/div><\/div><\/div><\/div><\/div><div class=\"fusion-fullwidth fullwidth-box fusion-builder-row-3 fusion-flex-container has-pattern-background has-mask-background nonhundred-percent-fullwidth non-hundred-percent-height-scrolling\" style=\"--awb-border-radius-top-left:0px;--awb-border-radius-top-right:0px;--awb-border-radius-bottom-right:0px;--awb-border-radius-bottom-left:0px;--awb-margin-top:20px;--awb-flex-wrap:wrap;\" ><div class=\"fusion-builder-row fusion-row fusion-flex-align-items-flex-start fusion-flex-content-wrap\" style=\"max-width:1393.6px;margin-left: calc(-4% \/ 2 );margin-right: calc(-4% \/ 2 );\"><div class=\"fusion-layout-column fusion_builder_column fusion-builder-column-3 fusion_builder_column_1_1 1_1 fusion-flex-column\" style=\"--awb-bg-size:cover;--awb-width-large:100%;--awb-margin-top-large:0px;--awb-spacing-right-large:1.92%;--awb-margin-bottom-large:20px;--awb-spacing-left-large:1.92%;--awb-width-medium:100%;--awb-order-medium:0;--awb-spacing-right-medium:1.92%;--awb-spacing-left-medium:1.92%;--awb-width-small:100%;--awb-order-small:0;--awb-spacing-right-small:1.92%;--awb-spacing-left-small:1.92%;\"><div class=\"fusion-column-wrapper fusion-column-has-shadow fusion-flex-justify-content-flex-start fusion-content-layout-column\"><div class=\"fusion-text fusion-text-2\" style=\"--awb-text-transform:none;--awb-margin-top:18px;\"><p><b>2. La chiave: eliminazione dell\u2019astringenza (Persimon\u00ae)<\/b><\/p>\n<p>Il cachi \u2018Brilliant Red\u2019 \u00e8 naturalmente astringente (lascia una sensazione ruvida in bocca) se mangiato prima che diventi estremamente morbido.<\/p>\n<p>Il processo <b>Persimon\u00ae<\/b> consiste in un <b>trattamento post-raccolta<\/b> (solitamente con CO2) che elimina l\u2019astringenza senza che il frutto debba ammorbidirsi.<\/p>\n<ul>\n<li><b>Cachi tradizionale (classico):<\/b> polpa morbida, gelatinosa e molto dolce. Si mangia con un cucchiaio. <\/li>\n<li><b>Kaki Persimon\u00ae: polpa soda, dura e croccante<\/b>, simile a quella di una mela o di una pesca. Pu\u00f2 essere sbucciato e tagliato a fette. <\/li>\n<\/ul>\n<p><b>3. Gusto e consumo<\/b><\/p>\n<ul>\n<li><b>Sapore:<\/b> estremamente dolce e delicato, con un aroma eccezionale.<\/li>\n<li><b>Consistenza:<\/b> Soda e carnosa.<\/li>\n<li><b>Utilizzo:<\/b> Ideale da consumare fresco, come frutto da tavola o in insalata grazie alla sua consistenza croccante.<\/li>\n<\/ul>\n<p><b>4. Tempo di raccolta<\/b><\/p>\n<ul>\n<li><b>Stagione: <\/b>\u00e8 un frutto autunnale e di inizio inverno.<\/li>\n<li><b>Campagna:<\/b> Generalmente la raccolta avviene tra l\u2019inizio di ottobre e la fine di gennaio o l\u2019inizio di febbraio, a seconda delle condizioni meteorologiche.<\/li>\n<\/ul>\n<\/div><\/div><\/div><\/div><\/div><\/p>\n","protected":false},"excerpt":{"rendered":"","protected":false},"author":1,"featured_media":0,"parent":0,"menu_order":0,"comment_status":"closed","ping_status":"closed","template":"100-width.php","meta":{"footnotes":""},"class_list":["post-3208","page","type-page","status-publish","hentry"],"yoast_head":"<!-- This site is optimized with the Yoast SEO plugin v26.1.1 - https:\/\/yoast.com\/wordpress\/plugins\/seo\/ -->\n<title>Evyan | Grossista di frutta e distributore di agrumi \u2013 Cachi cachi<\/title>\n<meta name=\"description\" content=\"Evyan, grossista di frutta e distributore di agrumi in Spagna, offre Persimon Kaki all&#039;ingrosso con garanzia di freschezza e qualit\u00e0.\" \/>\n<meta name=\"robots\" content=\"index, follow, max-snippet:-1, max-image-preview:large, max-video-preview:-1\" \/>\n<link rel=\"canonical\" href=\"https:\/\/evyan.es\/it\/kaki-persimon\/\" \/>\n<meta property=\"og:locale\" content=\"it_IT\" \/>\n<meta property=\"og:type\" content=\"article\" \/>\n<meta property=\"og:title\" content=\"Evyan | Grossista di frutta e distributore di agrumi \u2013 Cachi cachi\" \/>\n<meta property=\"og:description\" content=\"Evyan, grossista di frutta e distributore di agrumi in Spagna, offre Persimon Kaki all&#039;ingrosso con garanzia di freschezza e qualit\u00e0.\" \/>\n<meta property=\"og:url\" content=\"https:\/\/evyan.es\/it\/kaki-persimon\/\" \/>\n<meta property=\"og:site_name\" content=\"Evyan\" \/>\n<meta property=\"article:modified_time\" content=\"2025-11-13T07:38:16+00:00\" \/>\n<meta name=\"twitter:card\" content=\"summary_large_image\" \/>\n<meta name=\"twitter:label1\" content=\"Tempo di lettura stimato\" \/>\n\t<meta name=\"twitter:data1\" content=\"16 minuti\" \/>\n<!-- \/ Yoast SEO plugin. -->","yoast_head_json":{"title":"Evyan | Grossista di frutta e distributore di agrumi \u2013 Cachi cachi","description":"Evyan, grossista di frutta e distributore di agrumi in Spagna, offre Persimon Kaki all'ingrosso con garanzia di freschezza e qualit\u00e0.","robots":{"index":"index","follow":"follow","max-snippet":"max-snippet:-1","max-image-preview":"max-image-preview:large","max-video-preview":"max-video-preview:-1"},"canonical":"https:\/\/evyan.es\/it\/kaki-persimon\/","og_locale":"it_IT","og_type":"article","og_title":"Evyan | Grossista di frutta e distributore di agrumi \u2013 Cachi cachi","og_description":"Evyan, grossista di frutta e distributore di agrumi in Spagna, offre Persimon Kaki all'ingrosso con garanzia di freschezza e qualit\u00e0.","og_url":"https:\/\/evyan.es\/it\/kaki-persimon\/","og_site_name":"Evyan","article_modified_time":"2025-11-13T07:38:16+00:00","twitter_card":"summary_large_image","twitter_misc":{"Tempo di lettura stimato":"16 minuti"},"schema":{"@context":"https:\/\/schema.org","@graph":[{"@type":"WebPage","@id":"https:\/\/evyan.es\/it\/kaki-persimon\/","url":"https:\/\/evyan.es\/it\/kaki-persimon\/","name":"Evyan | Grossista di frutta e distributore di agrumi \u2013 Cachi cachi","isPartOf":{"@id":"https:\/\/evyan.es\/it\/#website"},"datePublished":"2025-10-22T08:04:49+00:00","dateModified":"2025-11-13T07:38:16+00:00","description":"Evyan, grossista di frutta e distributore di agrumi in Spagna, offre Persimon Kaki all'ingrosso con garanzia di freschezza e qualit\u00e0.","breadcrumb":{"@id":"https:\/\/evyan.es\/it\/kaki-persimon\/#breadcrumb"},"inLanguage":"it-IT","potentialAction":[{"@type":"ReadAction","target":["https:\/\/evyan.es\/it\/kaki-persimon\/"]}]},{"@type":"BreadcrumbList","@id":"https:\/\/evyan.es\/it\/kaki-persimon\/#breadcrumb","itemListElement":[{"@type":"ListItem","position":1,"name":"Portada","item":"https:\/\/evyan.es\/it\/"},{"@type":"ListItem","position":2,"name":"Kaki Persimon"}]},{"@type":"WebSite","@id":"https:\/\/evyan.es\/it\/#website","url":"https:\/\/evyan.es\/it\/","name":"Evyan","description":"","potentialAction":[{"@type":"SearchAction","target":{"@type":"EntryPoint","urlTemplate":"https:\/\/evyan.es\/it\/?s={search_term_string}"},"query-input":{"@type":"PropertyValueSpecification","valueRequired":true,"valueName":"search_term_string"}}],"inLanguage":"it-IT"}]}},"_hostinger_reach_plugin_has_subscription_block":false,"_hostinger_reach_plugin_is_elementor":false,"_links":{"self":[{"href":"https:\/\/evyan.es\/it\/wp-json\/wp\/v2\/pages\/3208","targetHints":{"allow":["GET"]}}],"collection":[{"href":"https:\/\/evyan.es\/it\/wp-json\/wp\/v2\/pages"}],"about":[{"href":"https:\/\/evyan.es\/it\/wp-json\/wp\/v2\/types\/page"}],"author":[{"embeddable":true,"href":"https:\/\/evyan.es\/it\/wp-json\/wp\/v2\/users\/1"}],"replies":[{"embeddable":true,"href":"https:\/\/evyan.es\/it\/wp-json\/wp\/v2\/comments?post=3208"}],"version-history":[{"count":3,"href":"https:\/\/evyan.es\/it\/wp-json\/wp\/v2\/pages\/3208\/revisions"}],"predecessor-version":[{"id":3211,"href":"https:\/\/evyan.es\/it\/wp-json\/wp\/v2\/pages\/3208\/revisions\/3211"}],"wp:attachment":[{"href":"https:\/\/evyan.es\/it\/wp-json\/wp\/v2\/media?parent=3208"}],"curies":[{"name":"wp","href":"https:\/\/api.w.org\/{rel}","templated":true}]}}