{"id":3181,"date":"2025-10-22T08:02:35","date_gmt":"2025-10-22T08:02:35","guid":{"rendered":"https:\/\/evyan.es\/azienda-produttrice-di-agrumi\/"},"modified":"2025-11-25T05:43:08","modified_gmt":"2025-11-25T05:43:08","slug":"azienda-produttrice-di-agrumi","status":"publish","type":"page","link":"https:\/\/evyan.es\/it\/azienda-produttrice-di-agrumi\/","title":{"rendered":"Azienda produttrice di agrumi"},"content":{"rendered":"<p><div class=\"fusion-fullwidth fullwidth-box fusion-builder-row-1 fusion-flex-container has-pattern-background has-mask-background fusion-parallax-none hundred-percent-fullwidth non-hundred-percent-height-scrolling lazyload\" style=\"--awb-border-radius-top-left:0px;--awb-border-radius-top-right:0px;--awb-border-radius-bottom-right:0px;--awb-border-radius-bottom-left:0px;--awb-padding-top:80px;--awb-padding-bottom:80px;--awb-margin-top:0px;--awb-background-image:linear-gradient(180deg, rgba(15,19,23,0.39) 0%,rgba(15,19,23,0.39) 100%);;--awb-background-size:cover;--awb-flex-wrap:wrap;\" data-bg=\"https:\/\/evyan.es\/wp-content\/uploads\/2025\/10\/oranges-1117628_1280.jpg\" data-bg-gradient=\"linear-gradient(180deg, rgba(15,19,23,0.39) 0%,rgba(15,19,23,0.39) 100%)\" ><div class=\"fusion-builder-row fusion-row fusion-flex-align-items-center fusion-flex-justify-content-center fusion-flex-content-wrap\" style=\"width:104% !important;max-width:104% !important;margin-left: calc(-4% \/ 2 );margin-right: calc(-4% \/ 2 );\"><div class=\"fusion-layout-column fusion_builder_column fusion-builder-column-0 fusion_builder_column_3_5 3_5 fusion-flex-column\" style=\"--awb-bg-size:cover;--awb-width-large:60%;--awb-margin-top-large:0px;--awb-spacing-right-large:3.2%;--awb-margin-bottom-large:0px;--awb-spacing-left-large:3.2%;--awb-width-medium:66.666666666667%;--awb-order-medium:0;--awb-spacing-right-medium:2.88%;--awb-margin-bottom-medium:0px;--awb-spacing-left-medium:2.88%;--awb-width-small:80%;--awb-order-small:0;--awb-spacing-right-small:2.4%;--awb-margin-bottom-small:0px;--awb-spacing-left-small:2.4%;\"><div class=\"fusion-column-wrapper fusion-column-has-shadow fusion-flex-justify-content-flex-start fusion-content-layout-column\"><div class=\"fusion-title title fusion-title-1 fusion-sep-none fusion-title-text fusion-title-size-three\" style=\"--awb-text-color:var(--awb-color1);\"><h3 class=\"fusion-title-heading title-heading-left\" style=\"margin:0;text-transform:none;\">Chi siamo<\/h3><\/div><\/div><\/div><\/div><\/div><div class=\"fusion-fullwidth fullwidth-box fusion-builder-row-2 fusion-flex-container nonhundred-percent-fullwidth non-hundred-percent-height-scrolling\" style=\"--awb-background-position:right bottom;--awb-background-repeat:repeat-y;--awb-border-radius-top-left:0px;--awb-border-radius-top-right:0px;--awb-border-radius-bottom-right:0px;--awb-border-radius-bottom-left:0px;--awb-margin-top:100px;--awb-flex-wrap:wrap;\" ><div class=\"fusion-builder-row fusion-row fusion-flex-align-items-flex-start fusion-flex-content-wrap\" style=\"max-width:1393.6px;margin-left: calc(-4% \/ 2 );margin-right: calc(-4% \/ 2 );\"><div class=\"fusion-layout-column fusion_builder_column fusion-builder-column-1 fusion_builder_column_1_2 1_2 fusion-flex-column\" style=\"--awb-padding-bottom:40px;--awb-bg-size:cover;--awb-transform-origin:100% 50%;--awb-transform:scaleX(0.99);--awb-transform-hover:scaleX(1);--awb-width-large:50%;--awb-margin-top-large:64px;--awb-spacing-right-large:3.84%;--awb-margin-bottom-large:59px;--awb-spacing-left-large:3.84%;--awb-width-medium:50%;--awb-order-medium:0;--awb-spacing-right-medium:3.84%;--awb-spacing-left-medium:3.84%;--awb-width-small:100%;--awb-order-small:0;--awb-spacing-right-small:1.92%;--awb-spacing-left-small:1.92%;\"><div class=\"fusion-column-wrapper fusion-column-has-shadow fusion-flex-justify-content-flex-start fusion-content-layout-column\"><div class=\"fusion-image-element \" style=\"--awb-caption-title-font-family:var(--h2_typography-font-family);--awb-caption-title-font-weight:var(--h2_typography-font-weight);--awb-caption-title-font-style:var(--h2_typography-font-style);--awb-caption-title-size:var(--h2_typography-font-size);--awb-caption-title-transform:var(--h2_typography-text-transform);--awb-caption-title-line-height:var(--h2_typography-line-height);--awb-caption-title-letter-spacing:var(--h2_typography-letter-spacing);\"><span class=\" fusion-imageframe imageframe-none imageframe-1 hover-type-none\"><img decoding=\"async\" width=\"512\" height=\"302\" title=\"camion evyan viejo\" src=\"https:\/\/evyan.es\/wp-content\/uploads\/2025\/10\/camion-evyan-viejo.png\" data-orig-src=\"https:\/\/evyan.es\/wp-content\/uploads\/2025\/10\/camion-evyan-viejo.png\" alt class=\"lazyload img-responsive wp-image-3159\" srcset=\"data:image\/svg+xml,%3Csvg%20xmlns%3D%27http%3A%2F%2Fwww.w3.org%2F2000%2Fsvg%27%20width%3D%27512%27%20height%3D%27302%27%20viewBox%3D%270%200%20512%20302%27%3E%3Crect%20width%3D%27512%27%20height%3D%27302%27%20fill-opacity%3D%220%22%2F%3E%3C%2Fsvg%3E\" data-srcset=\"https:\/\/evyan.es\/wp-content\/uploads\/2025\/10\/camion-evyan-viejo-200x118.png 200w, https:\/\/evyan.es\/wp-content\/uploads\/2025\/10\/camion-evyan-viejo-400x236.png 400w, https:\/\/evyan.es\/wp-content\/uploads\/2025\/10\/camion-evyan-viejo.png 512w\" data-sizes=\"auto\" data-orig-sizes=\"(max-width: 800px) 100vw, 512px\" \/><\/span><\/div><\/div><\/div><div class=\"fusion-layout-column fusion_builder_column fusion-builder-column-2 fusion_builder_column_1_2 1_2 fusion-flex-column fusion-flex-align-self-center\" style=\"--awb-padding-left:12px;--awb-bg-size:cover;--awb-width-large:50%;--awb-margin-top-large:0px;--awb-spacing-right-large:0%;--awb-margin-bottom-large:0px;--awb-spacing-left-large:0%;--awb-width-medium:50%;--awb-order-medium:0;--awb-spacing-right-medium:0%;--awb-spacing-left-medium:0%;--awb-width-small:100%;--awb-order-small:0;--awb-margin-top-small:40px;--awb-spacing-right-small:0%;--awb-spacing-left-small:0%;\" data-scroll-devices=\"small-visibility,medium-visibility,large-visibility\"><div class=\"fusion-column-wrapper fusion-column-has-shadow fusion-flex-justify-content-flex-start fusion-content-layout-column\"><div class=\"fusion-text fusion-text-1\" style=\"--awb-text-transform:none;--awb-margin-top:18px;\"><p><b>Evyan: Tradizione, Qualit\u00e0 ed Espansione negli Agrumi e nei Cachi<\/b><\/p>\n<p data-start=\"278\" data-end=\"573\">Evyan \u00e8 un\u2019azienda leader nel settore agroalimentare, specializzata nella lavorazione e distribuzione di agrumi e cachi. La sua storia \u00e8 una testimonianza di perseveranza e crescita familiare, fondata sui valori e sulla visione del suo fondatore. <\/p>\n<p><b>Un\u2019eredit\u00e0 di famiglia dal 1956<\/b><\/p>\n<p data-start=\"575\" data-end=\"999\">La storia di Evyan risale agli anni \u201950, quando i fratelli Vicente ed Eladio Ballester fondarono l\u2019azienda. Questa origine plasma lo spirito familiare che ancora oggi ne definisce la gestione e l\u2019impegno verso il prodotto. Quella che era iniziata come una modesta impresa si \u00e8 evoluta in un\u2019azienda moderna ed efficiente, pur mantenendo l\u2019essenza e la tradizione delle sue origini.  <\/p>\n<\/div><\/div><\/div><\/div><\/div><div class=\"fusion-fullwidth fullwidth-box fusion-builder-row-3 fusion-flex-container has-pattern-background has-mask-background nonhundred-percent-fullwidth non-hundred-percent-height-scrolling\" style=\"--awb-border-radius-top-left:0px;--awb-border-radius-top-right:0px;--awb-border-radius-bottom-right:0px;--awb-border-radius-bottom-left:0px;--awb-flex-wrap:wrap;\" ><div class=\"fusion-builder-row fusion-row fusion-flex-align-items-flex-start fusion-flex-content-wrap\" style=\"max-width:1393.6px;margin-left: calc(-4% \/ 2 );margin-right: calc(-4% \/ 2 );\"><div class=\"fusion-layout-column fusion_builder_column fusion-builder-column-3 fusion_builder_column_1_1 1_1 fusion-flex-column\" style=\"--awb-bg-size:cover;--awb-width-large:100%;--awb-margin-top-large:0px;--awb-spacing-right-large:1.92%;--awb-margin-bottom-large:20px;--awb-spacing-left-large:1.92%;--awb-width-medium:100%;--awb-order-medium:0;--awb-spacing-right-medium:1.92%;--awb-spacing-left-medium:1.92%;--awb-width-small:100%;--awb-order-small:0;--awb-spacing-right-small:1.92%;--awb-spacing-left-small:1.92%;\"><div class=\"fusion-column-wrapper fusion-column-has-shadow fusion-flex-justify-content-flex-start fusion-content-layout-column\"><div class=\"fusion-text fusion-text-2\" style=\"--awb-text-transform:none;--awb-margin-top:18px;\"><p><b>Da piccolo magazzino ad azienda leader nella sua categoria<\/b><\/p>\n<p data-start=\"278\" data-end=\"573\">La crescita di Evyan \u00e8 stata costante e significativa:<\/p>\n<p>* Anni \u201950: L\u2019azienda muove i primi passi nel settore della distribuzione con un piccolo magazzino nel comune di Barxeta, situato in una valle circondata da agrumi, in una posizione strategica e gettando le basi per il suo futuro prima di trasferirsi nel comune di Manuel fino ai giorni nostri.<\/p>\n<p>I fratelli Ballester si affermarono rapidamente e consolidarono i loro investimenti aprendo mercati principalmente in Francia e Germania.<\/p>\n<p>* Situazione attuale: Evyan si \u00e8 trasformata in un\u2019azienda di grandi dimensioni, ora gestita dalla terza generazione della famiglia, con stabilimenti situati nel comune di Manuel. Questo sito di 30.000 m\u00b2 \u00e8 progettato per ottimizzare i processi di movimentazione e conservazione. Questa infrastruttura consente una forte presenza sul mercato europeo, garantendo la catena di approvvigionamento in un contesto internazionale. <\/p>\n<p><b>Produzione interna: controllo ed eccellenza<\/b><\/p>\n<p data-start=\"575\" data-end=\"999\">Uno dei pilastri della qualit\u00e0 di Evyan \u00e8 il suo status di importante produttore di agrumi. L\u2019azienda gestisce e controlla gran parte delle sue coltivazioni, strategicamente situate nella Comunit\u00e0 Valenciana, una delle regioni pi\u00f9 tradizionalmente agrumicole della Spagna. <\/p>\n<p><b>* Controllo totale:<\/b><\/p>\n<p data-start=\"575\" data-end=\"999\">La gestione completa dei loro campi garantisce un controllo esaustivo dell\u2019intero ciclo produttivo, dalla coltivazione alla raccolta, che si traduce direttamente in una qualit\u00e0 superiore dei frutti.<\/p>\n<p><b>Il nostro impegno prioritario: qualit\u00e0 e servizio<\/b><\/p>\n<p data-start=\"575\" data-end=\"999\">Il punto di forza di Evyan risiede nelle sue capacit\u00e0 di selezione e classificazione. Grazie a questa efficienza operativa, l\u2019azienda raggiunge il suo obiettivo primario: <\/p>\n<p>Per garantire sempre la migliore qualit\u00e0 e il miglior servizio ai nostri clienti.<\/p>\n<p>Questa promessa viene mantenuta attraverso una rigorosa selezione del prodotto, che garantisce che solo i migliori agrumi e cachi raggiungano i consumatori, mantenendo cos\u00ec la fiducia e il prestigio che Evyan coltiva da decenni.<\/p>\n<p><b>La dolce odissea: la storia del coltivatore di arance<\/b><\/p>\n<p data-start=\"575\" data-end=\"999\">La storia del coltivatore di arance \u00e8 una narrazione che va ben oltre i confini europei, con radici saldamente ancorate nel Sud-est asiatico, in particolare in Cina e nelle regioni limitrofe, dove ha avuto origine questo agrume dolce (Citrus sinensis).<\/p>\n<p><b>Gli inizi ornamentali<\/b><\/p>\n<p data-start=\"575\" data-end=\"999\">Per secoli, l\u2019arancio ha compiuto un lento viaggio. Non \u00e8 arrivato in Europa come alimento, ma come una curiosit\u00e0 esotica. Gli arabi furono responsabili dell\u2019introduzione dei primi agrumi, come l\u2019arancia amara, nella Penisola Iberica (Al-Andalus) intorno al X secolo. Tuttavia, la variet\u00e0 da loro introdotta aveva un sapore amaro e il suo scopo principale era ornamentale, decorando i cortili di moschee e palazzi con il verde brillante delle sue foglie e l\u2019inebriante profumo dei suoi fiori. Il coltivatore a quel tempo era pi\u00f9 un giardiniere che coltivava lusso e fragranze.   <\/p>\n<p><b>L\u2019arrivo dell\u2019arancia dolce<\/b><\/p>\n<p data-start=\"575\" data-end=\"999\">La vera svolta per i coltivatori di arance avvenne con l\u2019introduzione della variet\u00e0 dolce. Esploratori e commercianti portoghesi e spagnoli portarono i semi dell\u2019arancia commestibile dall\u2019Asia tra il XV e il XVI secolo, diffondendola gradualmente. <\/p>\n<p>La svolta in luoghi come la Comunit\u00e0 Valenciana (Spagna) avvenne alla fine del XVIII secolo. L\u2019uso delle arance pass\u00f2 da ornamentale a commerciale quando personaggi locali come il parroco Vicente Monz\u00f3 e altri visionari di Carcaixent piantarono i primi aranceti dolci con l\u2019obiettivo di venderne i frutti. Questo segn\u00f2 la nascita del moderno produttore di arance.  <\/p>\n<p><b>Il boom commerciale e l\u2019espansione<\/b><\/p>\n<p data-start=\"575\" data-end=\"999\">La coltura si adatt\u00f2 straordinariamente bene alle condizioni climatiche e alla qualit\u00e0 del suolo del Mediterraneo. Le arance cessarono di essere un prodotto di lusso riservato alla nobilt\u00e0 e al Natale, e iniziarono la loro massiccia espansione. <\/p>\n<p>Con il miglioramento delle tecniche di irrigazione e lo sviluppo di nuove variet\u00e0 attraverso mutazioni naturali (come quelle che hanno dato origine alle arance che consumiamo oggi), il produttore divenne un motore economico. Il declino di altre industrie, come la produzione della seta, liber\u00f2 vaste aree di terreno che furono rapidamente dedicate a redditizi aranceti. <\/p>\n<p>Nel XIX secolo, l\u2019attivit\u00e0 dei produttori crebbe vertiginosamente, non solo in Spagna, ma anche in luoghi come la Florida e la California, dove gli spagnoli introdussero gli agrumi e la coltivazione si trasform\u00f2 in una potente industria mondiale.<\/p>\n<p><b>Produttore di oggi<\/b><\/p>\n<p data-start=\"575\" data-end=\"999\">Dal piccolo frutteto in Cina ai vasti campi irrigati, la storia dei coltivatori di arance \u00e8 una storia di adattamento e perseveranza. Oggi, devono affrontare sfide come la sostenibilit\u00e0, i parassiti globali e la concorrenza del mercato. Eppure, il loro lavoro rimane essenziale: prendersi cura dell\u2019albero, proteggere i frutti e portare uno dei frutti pi\u00f9 popolari al mondo, la leggendaria \u201cmela d\u2019oro\u201d, dal ramo alla nostra tavola.  <\/p>\n<\/div><\/div><\/div><\/div><\/div><\/p>\n","protected":false},"excerpt":{"rendered":"","protected":false},"author":1,"featured_media":0,"parent":0,"menu_order":0,"comment_status":"closed","ping_status":"closed","template":"100-width.php","meta":{"footnotes":""},"class_list":["post-3181","page","type-page","status-publish","hentry"],"yoast_head":"<!-- This site is optimized with the Yoast SEO plugin v26.1.1 - https:\/\/yoast.com\/wordpress\/plugins\/seo\/ -->\n<title>Evyan | Produttore di arance e grossista di agrumi<\/title>\n<meta name=\"description\" content=\"Evyan, grossista di frutta e distributore di agrumi in Spagna, \u00e8 un produttore di agrumi all&#039;ingrosso che offre arance, mandarini e limoni freschi e di alta qualit\u00e0 con tracciabilit\u00e0 garantita.\" \/>\n<meta name=\"robots\" content=\"index, follow, max-snippet:-1, max-image-preview:large, max-video-preview:-1\" \/>\n<link rel=\"canonical\" href=\"https:\/\/evyan.es\/it\/azienda-produttrice-di-agrumi\/\" \/>\n<meta property=\"og:locale\" content=\"it_IT\" \/>\n<meta property=\"og:type\" content=\"article\" \/>\n<meta property=\"og:title\" content=\"Evyan | Produttore di arance e grossista di agrumi\" \/>\n<meta property=\"og:description\" content=\"Evyan, grossista di frutta e distributore di agrumi in Spagna, \u00e8 un produttore di agrumi all&#039;ingrosso che offre arance, mandarini e limoni freschi e di alta qualit\u00e0 con tracciabilit\u00e0 garantita.\" \/>\n<meta property=\"og:url\" content=\"https:\/\/evyan.es\/it\/azienda-produttrice-di-agrumi\/\" \/>\n<meta property=\"og:site_name\" content=\"Evyan\" \/>\n<meta property=\"article:modified_time\" content=\"2025-11-25T05:43:08+00:00\" \/>\n<meta name=\"twitter:card\" content=\"summary_large_image\" \/>\n<meta name=\"twitter:label1\" content=\"Tempo di lettura stimato\" \/>\n\t<meta name=\"twitter:data1\" content=\"17 minuti\" \/>\n<!-- \/ Yoast SEO plugin. -->","yoast_head_json":{"title":"Evyan | Produttore di arance e grossista di agrumi","description":"Evyan, grossista di frutta e distributore di agrumi in Spagna, \u00e8 un produttore di agrumi all'ingrosso che offre arance, mandarini e limoni freschi e di alta qualit\u00e0 con tracciabilit\u00e0 garantita.","robots":{"index":"index","follow":"follow","max-snippet":"max-snippet:-1","max-image-preview":"max-image-preview:large","max-video-preview":"max-video-preview:-1"},"canonical":"https:\/\/evyan.es\/it\/azienda-produttrice-di-agrumi\/","og_locale":"it_IT","og_type":"article","og_title":"Evyan | Produttore di arance e grossista di agrumi","og_description":"Evyan, grossista di frutta e distributore di agrumi in Spagna, \u00e8 un produttore di agrumi all'ingrosso che offre arance, mandarini e limoni freschi e di alta qualit\u00e0 con tracciabilit\u00e0 garantita.","og_url":"https:\/\/evyan.es\/it\/azienda-produttrice-di-agrumi\/","og_site_name":"Evyan","article_modified_time":"2025-11-25T05:43:08+00:00","twitter_card":"summary_large_image","twitter_misc":{"Tempo di lettura stimato":"17 minuti"},"schema":{"@context":"https:\/\/schema.org","@graph":[{"@type":"WebPage","@id":"https:\/\/evyan.es\/it\/azienda-produttrice-di-agrumi\/","url":"https:\/\/evyan.es\/it\/azienda-produttrice-di-agrumi\/","name":"Evyan | Produttore di arance e grossista di agrumi","isPartOf":{"@id":"https:\/\/evyan.es\/it\/#website"},"datePublished":"2025-10-22T08:02:35+00:00","dateModified":"2025-11-25T05:43:08+00:00","description":"Evyan, grossista di frutta e distributore di agrumi in Spagna, \u00e8 un produttore di agrumi all'ingrosso che offre arance, mandarini e limoni freschi e di alta qualit\u00e0 con tracciabilit\u00e0 garantita.","breadcrumb":{"@id":"https:\/\/evyan.es\/it\/azienda-produttrice-di-agrumi\/#breadcrumb"},"inLanguage":"it-IT","potentialAction":[{"@type":"ReadAction","target":["https:\/\/evyan.es\/it\/azienda-produttrice-di-agrumi\/"]}]},{"@type":"BreadcrumbList","@id":"https:\/\/evyan.es\/it\/azienda-produttrice-di-agrumi\/#breadcrumb","itemListElement":[{"@type":"ListItem","position":1,"name":"Portada","item":"https:\/\/evyan.es\/it\/"},{"@type":"ListItem","position":2,"name":"Azienda produttrice di agrumi"}]},{"@type":"WebSite","@id":"https:\/\/evyan.es\/it\/#website","url":"https:\/\/evyan.es\/it\/","name":"Evyan","description":"","potentialAction":[{"@type":"SearchAction","target":{"@type":"EntryPoint","urlTemplate":"https:\/\/evyan.es\/it\/?s={search_term_string}"},"query-input":{"@type":"PropertyValueSpecification","valueRequired":true,"valueName":"search_term_string"}}],"inLanguage":"it-IT"}]}},"_hostinger_reach_plugin_has_subscription_block":false,"_hostinger_reach_plugin_is_elementor":false,"_links":{"self":[{"href":"https:\/\/evyan.es\/it\/wp-json\/wp\/v2\/pages\/3181","targetHints":{"allow":["GET"]}}],"collection":[{"href":"https:\/\/evyan.es\/it\/wp-json\/wp\/v2\/pages"}],"about":[{"href":"https:\/\/evyan.es\/it\/wp-json\/wp\/v2\/types\/page"}],"author":[{"embeddable":true,"href":"https:\/\/evyan.es\/it\/wp-json\/wp\/v2\/users\/1"}],"replies":[{"embeddable":true,"href":"https:\/\/evyan.es\/it\/wp-json\/wp\/v2\/comments?post=3181"}],"version-history":[{"count":3,"href":"https:\/\/evyan.es\/it\/wp-json\/wp\/v2\/pages\/3181\/revisions"}],"predecessor-version":[{"id":3184,"href":"https:\/\/evyan.es\/it\/wp-json\/wp\/v2\/pages\/3181\/revisions\/3184"}],"wp:attachment":[{"href":"https:\/\/evyan.es\/it\/wp-json\/wp\/v2\/media?parent=3181"}],"curies":[{"name":"wp","href":"https:\/\/api.w.org\/{rel}","templated":true}]}}