{"id":3178,"date":"2025-10-22T08:06:54","date_gmt":"2025-10-22T08:06:54","guid":{"rendered":"https:\/\/evyan.es\/gestione-della-biodiversita\/"},"modified":"2025-11-12T12:20:32","modified_gmt":"2025-11-12T12:20:32","slug":"gestione-della-biodiversita","status":"publish","type":"page","link":"https:\/\/evyan.es\/it\/gestione-della-biodiversita\/","title":{"rendered":"Gestione della biodiversit\u00e0"},"content":{"rendered":"<p><div class=\"fusion-fullwidth fullwidth-box fusion-builder-row-1 fusion-flex-container has-pattern-background has-mask-background fusion-parallax-none hundred-percent-fullwidth non-hundred-percent-height-scrolling lazyload\" style=\"--awb-border-radius-top-left:0px;--awb-border-radius-top-right:0px;--awb-border-radius-bottom-right:0px;--awb-border-radius-bottom-left:0px;--awb-padding-top:80px;--awb-padding-bottom:80px;--awb-margin-top:0px;--awb-background-image:linear-gradient(180deg, rgba(15,19,23,0.39) 0%,rgba(15,19,23,0.39) 100%);;--awb-background-size:cover;--awb-flex-wrap:wrap;\" data-bg=\"https:\/\/evyan.es\/wp-content\/uploads\/2025\/10\/oranges-1117628_1280.jpg\" data-bg-gradient=\"linear-gradient(180deg, rgba(15,19,23,0.39) 0%,rgba(15,19,23,0.39) 100%)\" ><div class=\"fusion-builder-row fusion-row fusion-flex-align-items-center fusion-flex-justify-content-center fusion-flex-content-wrap\" style=\"width:104% !important;max-width:104% !important;margin-left: calc(-4% \/ 2 );margin-right: calc(-4% \/ 2 );\"><div class=\"fusion-layout-column fusion_builder_column fusion-builder-column-0 fusion_builder_column_3_5 3_5 fusion-flex-column\" style=\"--awb-bg-size:cover;--awb-width-large:60%;--awb-margin-top-large:0px;--awb-spacing-right-large:3.2%;--awb-margin-bottom-large:0px;--awb-spacing-left-large:3.2%;--awb-width-medium:66.666666666667%;--awb-order-medium:0;--awb-spacing-right-medium:2.88%;--awb-margin-bottom-medium:0px;--awb-spacing-left-medium:2.88%;--awb-width-small:80%;--awb-order-small:0;--awb-spacing-right-small:2.4%;--awb-margin-bottom-small:0px;--awb-spacing-left-small:2.4%;\"><div class=\"fusion-column-wrapper fusion-column-has-shadow fusion-flex-justify-content-flex-start fusion-content-layout-column\"><div class=\"fusion-title title fusion-title-1 fusion-sep-none fusion-title-text fusion-title-size-three\" style=\"--awb-text-color:var(--awb-color1);\"><h3 class=\"fusion-title-heading title-heading-left\" style=\"margin:0;text-transform:none;\">Gestione della biodiversit\u00e0<\/h3><\/div><\/div><\/div><\/div><\/div><div class=\"fusion-fullwidth fullwidth-box fusion-builder-row-2 fusion-flex-container has-pattern-background has-mask-background nonhundred-percent-fullwidth non-hundred-percent-height-scrolling\" style=\"--awb-border-radius-top-left:0px;--awb-border-radius-top-right:0px;--awb-border-radius-bottom-right:0px;--awb-border-radius-bottom-left:0px;--awb-margin-top:80px;--awb-margin-bottom:80px;--awb-flex-wrap:wrap;\" ><div class=\"fusion-builder-row fusion-row fusion-flex-align-items-flex-start fusion-flex-content-wrap\" style=\"max-width:1393.6px;margin-left: calc(-4% \/ 2 );margin-right: calc(-4% \/ 2 );\"><div class=\"fusion-layout-column fusion_builder_column fusion-builder-column-1 fusion_builder_column_1_1 1_1 fusion-flex-column\" style=\"--awb-bg-size:cover;--awb-width-large:100%;--awb-margin-top-large:0px;--awb-spacing-right-large:1.92%;--awb-margin-bottom-large:20px;--awb-spacing-left-large:1.92%;--awb-width-medium:100%;--awb-order-medium:0;--awb-spacing-right-medium:1.92%;--awb-spacing-left-medium:1.92%;--awb-width-small:100%;--awb-order-small:0;--awb-spacing-right-small:1.92%;--awb-spacing-left-small:1.92%;\"><div class=\"fusion-column-wrapper fusion-column-has-shadow fusion-flex-justify-content-flex-start fusion-content-layout-column\"><div class=\"fusion-text fusion-text-1\" style=\"--awb-text-transform:none;--awb-margin-top:18px;\"><p>Gestire la biodiversit\u00e0 in un\u2019agrumicoltura moderna \u00e8 una componente essenziale della<b> sostenibilit\u00e0 e dell\u2019agricoltura rigenerativa.<\/b> Va oltre la semplice protezione: si tratta di integrare e <b>promuovere attivamente la fauna selvatica<\/b> e gli ecosistemi all\u2019interno e intorno alle aziende agricole per migliorare la produttivit\u00e0 e ridurre la dipendenza dagli input chimici. <\/p>\n<p>Per un\u2019azienda come Evyan, la biodiversit\u00e0 diventa uno strumento agronomico e un fattore di differenziazione sul mercato.<\/p>\n<p><b>1. L\u2019obiettivo centrale: il controllo biologico mediante la conservazione<\/b><\/p>\n<p>Il cardine della gestione della biodiversit\u00e0 negli agrumi \u00e8 il<b> Controllo Biologico Conservativo<\/b>. Questo implica la creazione di un habitat idoneo in azienda per attrarre, nutrire e proteggere i<b> nemici naturali (<\/b>fauna benefica) dei parassiti degli agrumi. <\/p>\n<table border=\"1\" width=\"566\" cellspacing=\"0\" cellpadding=\"1\">\n<thead>\n<tr>\n<td width=\"141\"><b>Parassiti comuni<\/b><\/td>\n<td width=\"419\"><b>Nemici naturali incoraggiati<\/b><\/td>\n<\/tr>\n<\/thead>\n<tbody>\n<tr>\n<td width=\"141\"><b>Cocciniglia rossa della California<\/b><\/td>\n<td width=\"419\">Aphytis melinus (Parassitoide)<\/td>\n<\/tr>\n<tr>\n<td width=\"141\"><b>Cotonet<\/b><\/td>\n<td width=\"419\"><i>Anagyrus pseudococci<\/i> (Parasitoide) y <i>Cryptolaemus montrouzieri<\/i> (Depredador)<\/td>\n<\/tr>\n<tr>\n<td width=\"141\"><b>Ragnetto rosso<\/b><\/td>\n<td width=\"419\">Acari predatori (Neoseiulus californicus)<\/td>\n<\/tr>\n<\/tbody>\n<\/table>\n<p><b>Pratiche chiave per promuovere la fauna selvatica benefica:<\/b><\/p>\n<ul>\n<li><b>Siepi e corridoi biologici:<\/b> piantare specie vegetali che non ospitano parassiti degli agrumi lungo i bordi della propriet\u00e0 o sui bordi delle strade. Queste piante fungono da riparo e fonte di nettare (una fonte di cibo alternativa) per i nemici naturali tutto l\u2019anno, anche quando la popolazione di parassiti \u00e8 bassa. <\/li>\n<li><b>Gestione della copertura vegetale<\/b>: evitare di arare il terreno e di usare indiscriminatamente erbicidi nelle strade. La copertura vegetale fornisce un microclima e un riparo per gli insetti predatori (come i coleotteri). <\/li>\n<li><b>Riduzione degli agenti chimici:<\/b> la misura pi\u00f9 efficace. L\u2019uso di insetticidi ad ampio spettro \u00e8 il principale responsabile della distruzione degli insetti utili. L\u2019azienda dovrebbe passare a programmi di <b>gestione integrata dei parassiti (IPM)<\/b>, utilizzando prodotti a basso impatto o biopesticidi per proteggere gli insetti utili.  <\/li>\n<\/ul>\n<p><b>2. Conservazione dell\u2019habitat e del paesaggio<\/b><\/p>\n<p>La gestione della biodiversit\u00e0 nell\u2019agrumicoltura si estende oltre l\u2019albero da frutto, abbracciando l\u2019intero ambiente agricolo.<\/p>\n<ul>\n<li><b>Aree non produttive<\/b>: mantenere le aree incolte, come pendii, argini dei fossi o bacini di irrigazione. Rigenerare la vegetazione in queste aree, creando un habitat per la flora e la fauna locali. <\/li>\n<li><b>Gestione delle risorse idriche<\/b>: gli stagni e i canali di irrigazione non solo svolgono una funzione idrica, ma, se gestiti ecologicamente, diventano rifugi per anfibi e uccelli, fungendo da hotspot per la fauna selvatica.<\/li>\n<li><b>Monitoraggio e valutazione:<\/b> condurre inventari della biodiversit\u00e0 (indici di flora e fauna) per misurare l\u2019impatto delle azioni e stabilire obiettivi di miglioramento continuo.<\/li>\n<\/ul>\n<p><b>3. Responsabilit\u00e0 e certificazione<\/b><\/p>\n<p>La gestione della biodiversit\u00e0 non \u00e8 solo una pratica interna; \u00e8 un requisito di mercato convalidato dalle certificazioni.<\/p>\n<table border=\"1\" width=\"566\" cellspacing=\"0\" cellpadding=\"1\">\n<thead>\n<tr>\n<td width=\"149\"><b>Standard\/Norma<\/b><\/td>\n<td width=\"411\"><b>Rilevanza per la biodiversit\u00e0<\/b><\/td>\n<\/tr>\n<\/thead>\n<tbody>\n<tr>\n<td width=\"149\"><b>GLOBALG.A.P.<\/b><\/td>\n<td width=\"411\"><b>Contiene un modulo obbligatorio sull\u2019ambiente che include la gestione dell\u2019impatto sulla biodiversit\u00e0.<\/b><\/td>\n<\/tr>\n<tr>\n<td width=\"149\"><span lang=\"en-GB\"><b>GLOBALG.A.P. + Add-on (GRASP)<\/b><\/span><\/td>\n<td width=\"411\">Pur concentrandosi sugli aspetti sociali, il suo approccio alla sostenibilit\u00e0 complessiva promuove una buona gestione agricola che vada a vantaggio dell\u2019ecosistema.<\/td>\n<\/tr>\n<tr>\n<td width=\"149\"><b>Agricoltura Biologica (QUE)<\/b><\/td>\n<td width=\"411\">\u00c8 lo standard pi\u00f9 esigente in materia di conservazione della biodiversit\u00e0, che vieta la maggior parte delle sostanze chimiche sintetiche che danneggiano la fauna benefica.<\/td>\n<\/tr>\n<\/tbody>\n<\/table>\n<p>Per Evyan, la gestione della biodiversit\u00e0 significa adottare un modello in cui la <b>natura lavora per l\u2019azienda, <\/b>ottenendo raccolti di alta qualit\u00e0 con un impatto ambientale ridotto e costi di lotta ai parassiti ridotti. \u00c8 un pilastro fondamentale della <b>competitivit\u00e0 sostenibile<\/b>. <\/p>\n<\/div><\/div><\/div><\/div><\/div><\/p>\n","protected":false},"excerpt":{"rendered":"","protected":false},"author":1,"featured_media":0,"parent":0,"menu_order":0,"comment_status":"closed","ping_status":"closed","template":"100-width.php","meta":{"footnotes":""},"class_list":["post-3178","page","type-page","status-publish","hentry"],"yoast_head":"<!-- This site is optimized with the Yoast SEO plugin v26.1.1 - https:\/\/yoast.com\/wordpress\/plugins\/seo\/ -->\n<title>Evyan | Produttore di arance e grossista di agrumi<\/title>\n<meta name=\"description\" content=\"Evyan, un grossista di frutta e distributore di agrumi in Spagna, integra la gestione della biodiversit\u00e0 nella sua coltivazione all&#039;ingrosso di arance e agrumi\" \/>\n<meta name=\"robots\" content=\"index, follow, max-snippet:-1, max-image-preview:large, max-video-preview:-1\" \/>\n<link rel=\"canonical\" href=\"https:\/\/evyan.es\/it\/gestione-della-biodiversita\/\" \/>\n<meta property=\"og:locale\" content=\"it_IT\" \/>\n<meta property=\"og:type\" content=\"article\" \/>\n<meta property=\"og:title\" content=\"Evyan | Produttore di arance e grossista di agrumi\" \/>\n<meta property=\"og:description\" content=\"Evyan, un grossista di frutta e distributore di agrumi in Spagna, integra la gestione della biodiversit\u00e0 nella sua coltivazione all&#039;ingrosso di arance e agrumi\" \/>\n<meta property=\"og:url\" content=\"https:\/\/evyan.es\/it\/gestione-della-biodiversita\/\" \/>\n<meta property=\"og:site_name\" content=\"Evyan\" \/>\n<meta property=\"article:modified_time\" content=\"2025-11-12T12:20:32+00:00\" \/>\n<meta name=\"twitter:card\" content=\"summary_large_image\" \/>\n<meta name=\"twitter:label1\" content=\"Tempo di lettura stimato\" \/>\n\t<meta name=\"twitter:data1\" content=\"13 minuti\" \/>\n<!-- \/ Yoast SEO plugin. -->","yoast_head_json":{"title":"Evyan | Produttore di arance e grossista di agrumi","description":"Evyan, un grossista di frutta e distributore di agrumi in Spagna, integra la gestione della biodiversit\u00e0 nella sua coltivazione all'ingrosso di arance e agrumi","robots":{"index":"index","follow":"follow","max-snippet":"max-snippet:-1","max-image-preview":"max-image-preview:large","max-video-preview":"max-video-preview:-1"},"canonical":"https:\/\/evyan.es\/it\/gestione-della-biodiversita\/","og_locale":"it_IT","og_type":"article","og_title":"Evyan | Produttore di arance e grossista di agrumi","og_description":"Evyan, un grossista di frutta e distributore di agrumi in Spagna, integra la gestione della biodiversit\u00e0 nella sua coltivazione all'ingrosso di arance e agrumi","og_url":"https:\/\/evyan.es\/it\/gestione-della-biodiversita\/","og_site_name":"Evyan","article_modified_time":"2025-11-12T12:20:32+00:00","twitter_card":"summary_large_image","twitter_misc":{"Tempo di lettura stimato":"13 minuti"},"schema":{"@context":"https:\/\/schema.org","@graph":[{"@type":"WebPage","@id":"https:\/\/evyan.es\/it\/gestione-della-biodiversita\/","url":"https:\/\/evyan.es\/it\/gestione-della-biodiversita\/","name":"Evyan | Produttore di arance e grossista di agrumi","isPartOf":{"@id":"https:\/\/evyan.es\/it\/#website"},"datePublished":"2025-10-22T08:06:54+00:00","dateModified":"2025-11-12T12:20:32+00:00","description":"Evyan, un grossista di frutta e distributore di agrumi in Spagna, integra la gestione della biodiversit\u00e0 nella sua coltivazione all'ingrosso di arance e agrumi","breadcrumb":{"@id":"https:\/\/evyan.es\/it\/gestione-della-biodiversita\/#breadcrumb"},"inLanguage":"it-IT","potentialAction":[{"@type":"ReadAction","target":["https:\/\/evyan.es\/it\/gestione-della-biodiversita\/"]}]},{"@type":"BreadcrumbList","@id":"https:\/\/evyan.es\/it\/gestione-della-biodiversita\/#breadcrumb","itemListElement":[{"@type":"ListItem","position":1,"name":"Portada","item":"https:\/\/evyan.es\/it\/"},{"@type":"ListItem","position":2,"name":"Gestione della biodiversit\u00e0"}]},{"@type":"WebSite","@id":"https:\/\/evyan.es\/it\/#website","url":"https:\/\/evyan.es\/it\/","name":"Evyan","description":"","potentialAction":[{"@type":"SearchAction","target":{"@type":"EntryPoint","urlTemplate":"https:\/\/evyan.es\/it\/?s={search_term_string}"},"query-input":{"@type":"PropertyValueSpecification","valueRequired":true,"valueName":"search_term_string"}}],"inLanguage":"it-IT"}]}},"_hostinger_reach_plugin_has_subscription_block":false,"_hostinger_reach_plugin_is_elementor":false,"_links":{"self":[{"href":"https:\/\/evyan.es\/it\/wp-json\/wp\/v2\/pages\/3178","targetHints":{"allow":["GET"]}}],"collection":[{"href":"https:\/\/evyan.es\/it\/wp-json\/wp\/v2\/pages"}],"about":[{"href":"https:\/\/evyan.es\/it\/wp-json\/wp\/v2\/types\/page"}],"author":[{"embeddable":true,"href":"https:\/\/evyan.es\/it\/wp-json\/wp\/v2\/users\/1"}],"replies":[{"embeddable":true,"href":"https:\/\/evyan.es\/it\/wp-json\/wp\/v2\/comments?post=3178"}],"version-history":[{"count":2,"href":"https:\/\/evyan.es\/it\/wp-json\/wp\/v2\/pages\/3178\/revisions"}],"predecessor-version":[{"id":3180,"href":"https:\/\/evyan.es\/it\/wp-json\/wp\/v2\/pages\/3178\/revisions\/3180"}],"wp:attachment":[{"href":"https:\/\/evyan.es\/it\/wp-json\/wp\/v2\/media?parent=3178"}],"curies":[{"name":"wp","href":"https:\/\/api.w.org\/{rel}","templated":true}]}}