{"id":3120,"date":"2025-10-15T06:55:19","date_gmt":"2025-10-15T06:55:19","guid":{"rendered":"https:\/\/evyan.es\/termini-di-utilizzo\/"},"modified":"2025-10-15T06:55:19","modified_gmt":"2025-10-15T06:55:19","slug":"termini-di-utilizzo","status":"publish","type":"page","link":"https:\/\/evyan.es\/it\/termini-di-utilizzo\/","title":{"rendered":"Termini di utilizzo"},"content":{"rendered":"<p><strong>1.-OGGETTO<\/strong><\/p>\n<p>In conformit\u00e0 con la Legge 34\/2002, dell&#8217;11 luglio, sui Servizi della Societ\u00e0 dell&#8217;Informazione e del Commercio Elettronico (LSSI-CE), si informa che le presenti Condizioni Generali di Accesso e Utilizzo (di seguito &#8220;Condizioni d&#8217;Uso&#8221;) hanno lo scopo di regolare le condizioni di utilizzo e di utilizzazione del sito web o dei siti web situati all&#8217;indirizzo: evyan.com e di propriet\u00e0 di:<\/p>\n<p>Evyan SL<\/p>\n<p>B46006722<\/p>\n<p>Poligono industrial raco canyeres, s\/n, 46660 Manuel, Valencia<\/p>\n<p>(di seguito evyan.com).<\/p>\n<p>evyan.com \u00e8 stato creato per pubblicizzare e consentire l&#8217;accesso alle informazioni in esso contenute, con le restrizioni e le limitazioni imposte dalle presenti Condizioni Generali, nonch\u00e9 per consentire e abilitare l&#8217;accesso ad altre pagine con le quali il sito web evyan.com intrattiene rapporti commerciali, professionali o di qualsiasi altro tipo.<\/p>\n<p>Lo scopo sociale di evyan.com \u00e8:<\/p>\n<p>evyan.com \u00e8 un sito web di vendita online di servizi di vendita all&#8217;ingrosso di frutta.<\/p>\n<p><strong>2.-DIRITTI E OBBLIGHI DELL&#8217;UTENTE<\/strong><\/p>\n<p><strong>2.1.-CONDIZIONI DI ACCESSO E UTILIZZO<\/strong><\/p>\n<p>Attraverso l&#8217;indirizzo evyan.com, qualsiasi utente pu\u00f2 accedere gratuitamente alle informazioni contenute nel suddetto SITO WEB.<\/p>\n<p>L&#8217;accesso al sito web \u00e8 soggetto alle disposizioni di legge vigenti in ogni momento, nonch\u00e9 ai principi di buona fede e di legittimo utilizzo da parte dell&#8217;Utente, vietando espressamente e categoricamente qualsiasi tipo di azione che possa arrecare danno o pregiudizio al Portale o a terzi.<\/p>\n<p>Il sito web non richiede alcuna iscrizione o registrazione preventiva per la semplice navigazione, n\u00e9 per l&#8217;accesso o l&#8217;utilizzo di alcuni dei suoi servizi. Tuttavia, per ricevere notifiche via email di nuove offerte o sconti, \u00e8 necessario iscriversi. <\/p>\n<p>I servizi o i contenuti che richiedono un abbonamento per l&#8217;accesso o l&#8217;utilizzo saranno accompagnati da un avviso di abbonamento corrispondente. Per informazioni sul trattamento dei dati personali, consultare l&#8217;Informativa sulla privacy di evyan.com. <\/p>\n<p><strong>2.1.1.-ACCETTAZIONE DELLE CONDIZIONI \/ SOTTOSCRIZIONE UTENTE<\/strong><\/p>\n<p>Il semplice utilizzo del sito web o la conferma del campo corrispondente nel processo di registrazione come Utente Abbonato implicher\u00e0 l&#8217;accettazione delle condizioni generali di utilizzo di evyan.com.<\/p>\n<p>Attraverso il sito web evyan.com, a tutti gli Utenti verr\u00e0 data la possibilit\u00e0 di accedere ai contenuti, ai servizi e ad altre informazioni riguardanti l&#8217;oggetto sociale di questa entit\u00e0.<\/p>\n<p>Le presenti condizioni d&#8217;uso costituiscono l&#8217;intero accordo tra le parti in merito all&#8217;accesso e all&#8217;uso.<\/p>\n<p>evyan.com si riserva il diritto di modificare unilateralmente tutti gli obblighi previsti dalle presenti Condizioni Generali d&#8217;Uso, senza preavviso. Ha inoltre il diritto di ristrutturare, modificare o eliminare qualsiasi informazione, servizio o contenuto presente sul sito web, senza preavviso. Qualsiasi modifica delle presenti Condizioni Generali per un caso specifico sar\u00e0 valida solo se registrata per iscritto e firmata dai rappresentanti legali di ciascuna parte.  <\/p>\n<p>Allo stesso modo, evyan.com si riserva il diritto di limitare l&#8217;accesso o l&#8217;utilizzo di alcuni Servizi del sito web, ora o in futuro, e potrebbe richiedere lo stato di Utente Iscritto per l&#8217;accesso. In tali casi, tale stato pu\u00f2 essere ottenuto inserendo l&#8217;indirizzo email dell&#8217;utente nell&#8217;apposito campo di iscrizione che evyan.com metter\u00e0 a disposizione degli Utenti che desiderano iscriversi.<\/p>\n<p><strong>Precisione dei dati<\/strong><\/p>\n<p>Compilando questi moduli, box di abbonamento o strumenti simili, l&#8217;UTENTE riconosce che i dati forniti sono ottenuti direttamente dall&#8217;utente, veritieri e accurati e accetta di comunicare a evyan.com eventuali cambiamenti o modifiche che dovessero verificarsi negli stessi.<\/p>\n<p><strong>2.2.-CONTENUTI E AZIONI DELL&#8217;UTENTE<\/strong><\/p>\n<p>L&#8217;Utente si impegna a fare un uso lecito, diligente, onesto e corretto di tutte le informazioni o contenuti a cui accede tramite il sito web evyan.com o da terze parti precedentemente forniti da evyan.com, e tutto ci\u00f2 secondo i principi di buona fede e nel rispetto in ogni momento della legislazione vigente.<\/p>\n<p>L&#8217;Utente dovr\u00e0 astenersi dall&#8217;ottenere, salvo che per uso personale, qualsiasi informazione (intesa come qualsiasi messaggio, file audio, fotografie, disegni, software e in generale qualsiasi tipo o genere di file informatico, grafico ecc.) di propriet\u00e0 del sito web.<\/p>\n<p>L&#8217;Utente si impegna inoltre a non causare, intenzionalmente o dolosamente, alcun danno o pregiudizio che possa compromettere o alterare il sito web stesso, n\u00e9 a introdurre o diffondere virus informatici che possano produrre alterazioni non autorizzate ai contenuti o ai sistemi del sito web. Questo impegno a utilizzare i contenuti nel rispetto della legge, della morale e dell&#8217;ordine pubblico richiede che i contenuti non vengano copiati, riprodotti, distribuiti, trasferiti, trasformati o modificati senza il previo consenso scritto di evyan.com o di un suo rappresentante autorizzato. <\/p>\n<p>A tal proposito, evyan.com declina ogni responsabilit\u00e0 per qualsiasi tipo di guasto o virus informatico introdotto da terzi.<\/p>\n<p>Per rispettare tutti i requisiti stabiliti in relazione ai diritti di propriet\u00e0 intellettuale, ai diritti di propriet\u00e0 industriale e ad altri diritti simili.<\/p>\n<p>Le informazioni fornite su questo sito web non devono essere considerate complete o esaustive in alcun momento. evyan.com cercher\u00e0, per quanto possibile, di mantenere queste informazioni costantemente aggiornate. <\/p>\n<p>evyan.com dichiara che il servizio\/prodotto offerto sul sito web corrisponde alla sua descrizione. Tuttavia, \u00e8 esonerata da ogni responsabilit\u00e0 nei casi in cui, a causa di errori tecnici o umani, si verifichino errori o discrepanze tra le immagini, la descrizione e il prezzo. Si precisa inoltre che le fotografie sono solo a scopo illustrativo e che potrebbero esserci variazioni nel loro aspetto fisico, ma queste non pregiudicheranno l&#8217;integrit\u00e0 e le prestazioni del servizio\/prodotto offerto e\/o richiesto.  <\/p>\n<p>evyan.com declina ogni responsabilit\u00e0 per i contenuti, le informazioni, le opinioni o i commenti diffusi attraverso il suo sito web e non sar\u00e0 responsabile per l&#8217;uso che l&#8217;Utente fa di tali informazioni.<\/p>\n<p><strong>3.- DIRITTI E OBBLIGHI DI evyan.com<\/strong><\/p>\n<p>evyan.com sar\u00e0 l&#8217;unico ed esclusivo responsabile dei servizi che fornisce e dei contenuti creati direttamente dal sito web e identificati con il relativo copyright.<\/p>\n<p>evyan.com si impegna ad adottare i mezzi e le misure necessarie per garantire la sicurezza e la riservatezza delle comunicazioni. Non potr\u00e0 essere ritenuta responsabile qualora, nonostante l&#8217;implementazione di adeguate misure di sicurezza, queste vengano violate da agenti esterni. <\/p>\n<p>evyan.com non sar\u00e0 responsabile, nemmeno indirettamente o sussidiariamente, per alcun contenuto, informazione, opinione o dichiarazione di alcun tipo, proveniente dall&#8217;Utente o da terze parti o entit\u00e0 che accedono, trasmettono, comunicano, elaborano, visualizzano o vendono tali informazioni al sito web di propriet\u00e0 di evyan.com.<\/p>\n<p>evyan.com si riserva il diritto di sospendere temporaneamente il servizio senza preavviso all&#8217;Utente, qualora necessario per manutenzione, aggiornamenti o miglioramenti del servizio. Pu\u00f2 inoltre modificare le condizioni di accesso e\/o la posizione specifica dei contenuti del sito web, nonch\u00e9 impedire, limitare, bloccare, eliminare o rimuovere l&#8217;accesso ai servizi per gli Utenti che non utilizzano i servizi forniti sul sito web in modo lecito, onesto e diligente. Allo stesso modo, pu\u00f2 rimuovere, bloccare o limitare l&#8217;uso di contenuti pubblicati da terzi che siano illegali, razzisti, criminali, promuovano il terrorismo, violino i diritti umani, siano diffamatori, pornografici, costituiscano frode o violino in altro modo le leggi o i regolamenti nazionali o internazionali applicabili.  <\/p>\n<p>evyan.com non garantisce la disponibilit\u00e0 permanente e la continuit\u00e0 del sito web a causa di interruzioni, guasti, ecc., n\u00e9 sar\u00e0 responsabile per i danni che potrebbero essere causati agli Utenti da virus informatici o agenti esterni che terzi potrebbero depositare sul sito web o nei documenti elettronici e nei file memorizzati nel sistema informatico. <\/p>\n<p>Il Sito Web mette a disposizione degli Utenti alcuni strumenti, quali schede, pulsanti, banner e link, che consentono loro di accedere a contenuti o altri siti correlati all&#8217;attivit\u00e0 del Sito Web o di altri siti. Lo scopo dell&#8217;installazione di questi strumenti \u00e8 facilitare la navigazione dell&#8217;Utente. evyan.com non \u00e8 responsabile dei siti web a cui gli Utenti accedono tramite la sua pagina, in particolare per quanto riguarda qualsiasi potenziale impatto sul Diritto all&#8217;Onore o sulle informazioni fornite. evyan.com monitorer\u00e0, al meglio delle sue possibilit\u00e0, tali collegamenti ipertestuali, limitandoli, bloccandoli o sospendendoli qualora violino i principi descritti nelle presenti Condizioni Generali.  <\/p>\n<p><strong>4.-PROPRIET\u00c0 INTELLETTUALE<\/strong><\/p>\n<p>Tutti i contenuti accessibili tramite il servizio fornito da evyan.com sono soggetti ai diritti di propriet\u00e0 intellettuale e industriale di evyan.com o di terze parti. Tali contenuti non possono essere utilizzati, duplicati, distribuiti, venduti, sfruttati o altrimenti utilizzati per scopi commerciali o non commerciali senza il previo consenso scritto del loro proprietario (evyan.com). <\/p>\n<p>Allo stesso modo, evyan.com sar\u00e0 responsabile dei marchi, loghi e altri segni distintivi incorporati in qualsiasi parte del sito web e di propriet\u00e0 di evyan.com, oltre ad essere titolare di tutti i diritti di propriet\u00e0 intellettuale o industriale o in qualit\u00e0 di licenziatario degli stessi.<\/p>\n<p>Tutti i contenuti e i componenti del sito web evyan.com sono stati inseriti nel rispetto dei principi di buona fede, precisando che le informazioni possono provenire totalmente o parzialmente da fonti esterne all&#8217;ente stesso, per questo motivo evyan.com non \u00e8 in alcun modo responsabile dell&#8217;inesattezza o del mancato aggiornamento dei contenuti mostrati.<\/p>\n<p>Al contrario, tutti i contenuti provenienti da fonti interne saranno opportunamente identificati con il relativo copyright. L&#8217;entit\u00e0 si riserva il diritto di apportare modifiche in qualsiasi momento e senza preavviso. Tutti i contenuti inclusi nella pagina provenienti da fonti interne e recanti la relativa nota di copyright sono di esclusiva responsabilit\u00e0 di evyan.com.  <\/p>\n<p><strong>5.- PROTEZIONE DEI DATI<\/strong><\/p>\n<p>evyan.com, pienamente consapevole dell&#8217;uso e del trattamento che deve essere riservato ai dati personali e in conformit\u00e0 con le normative legali vigenti (LOPD e LSSICE), ha implementato all&#8217;interno della propria organizzazione un sistema per preservare la sicurezza, l&#8217;integrit\u00e0 e la riservatezza dei dati considerati personali.<\/p>\n<p>A tal fine, oltre a rispettare pienamente tutti i requisiti stabiliti dalla Legge Organica 15\/1999, del 13 dicembre, sulla Protezione dei Dati Personali, e quelli stabiliti dalla Legge 34\/2002 LSSICE, garantisce non solo un uso lecito ma anche corretto dei dati personali, nonch\u00e9 un sistema adeguato per esercitare i diritti di accesso, rettifica, cancellazione e opposizione stabiliti nella suddetta Legge Organica.<\/p>\n<p>In conformit\u00e0 con quanto previsto dalla politica sulla privacy di evyan.com, si precisa che qualsiasi persona potr\u00e0 esercitare i propri diritti di accesso, rettifica, cancellazione e, ove applicabile, opposizione inviando un&#8217;e-mail a comercial@evyan.com<\/p>\n<p>A questo proposito, consultare l&#8217;Informativa sulla privacy del Portale evyan.com.<\/p>\n<p><strong>6.-GIURISDIZIONE E LEGISLAZIONE<\/strong><\/p>\n<p>Le presenti Condizioni d&#8217;Uso sono regolate dalla legge spagnola, che si applicher\u00e0 alla loro validit\u00e0, interpretazione, esecuzione e applicazione. Tutte le controversie, i reclami e le controversie relative a quanto sopra saranno risolti tra il venditore e il consumatore mediante l&#8217;intervento e l&#8217;assistenza di un&#8217;organizzazione dei consumatori o di un altro organismo spagnolo di risoluzione delle controversie elencato al seguente indirizzo: https:\/\/ec.europa.eu\/consumers\/odr\/main\/?event=main.adr.show2 (tutti gli organismi elencati offrono procedure di risoluzione extragiudiziale delle controversie. Tutti sono stati approvati in base a standard di qualit\u00e0 relativi a equit\u00e0, efficienza e accessibilit\u00e0) o tramite arbitrato dei consumatori. <\/p>\n<p>L&#8217;Utente dichiara di aver letto, compreso e accettato integralmente le presenti Condizioni Generali.<\/p>\n<p>&nbsp;<\/p>\n","protected":false},"excerpt":{"rendered":"<p>1.-OGGETTO In conformit\u00e0 con la Legge 34\/2002, dell&#8217;11 luglio, sui  [&#8230;]<\/p>\n","protected":false},"author":1,"featured_media":0,"parent":0,"menu_order":0,"comment_status":"closed","ping_status":"closed","template":"","meta":{"footnotes":""},"class_list":["post-3120","page","type-page","status-publish","hentry"],"yoast_head":"<!-- This site is optimized with the Yoast SEO plugin v26.1.1 - https:\/\/yoast.com\/wordpress\/plugins\/seo\/ -->\n<title>Evyan | Grossista di frutta e produttore di arance \u2013 Termini di utilizzo<\/title>\n<meta name=\"description\" content=\"Consulta i termini d&#039;uso di Evyan, grossista di frutta e distributore di agrumi in Spagna.\" \/>\n<meta name=\"robots\" content=\"index, follow, max-snippet:-1, max-image-preview:large, max-video-preview:-1\" \/>\n<link rel=\"canonical\" href=\"https:\/\/evyan.es\/it\/termini-di-utilizzo\/\" \/>\n<meta property=\"og:locale\" content=\"it_IT\" \/>\n<meta property=\"og:type\" content=\"article\" \/>\n<meta property=\"og:title\" content=\"Evyan | Grossista di frutta e produttore di arance \u2013 Termini di utilizzo\" \/>\n<meta property=\"og:description\" content=\"Consulta i termini d&#039;uso di Evyan, grossista di frutta e distributore di agrumi in Spagna.\" \/>\n<meta property=\"og:url\" content=\"https:\/\/evyan.es\/it\/termini-di-utilizzo\/\" \/>\n<meta property=\"og:site_name\" content=\"Evyan\" \/>\n<meta name=\"twitter:card\" content=\"summary_large_image\" \/>\n<meta name=\"twitter:label1\" content=\"Tempo di lettura stimato\" \/>\n\t<meta name=\"twitter:data1\" content=\"9 minuti\" \/>\n<!-- \/ Yoast SEO plugin. -->","yoast_head_json":{"title":"Evyan | Grossista di frutta e produttore di arance \u2013 Termini di utilizzo","description":"Consulta i termini d'uso di Evyan, grossista di frutta e distributore di agrumi in Spagna.","robots":{"index":"index","follow":"follow","max-snippet":"max-snippet:-1","max-image-preview":"max-image-preview:large","max-video-preview":"max-video-preview:-1"},"canonical":"https:\/\/evyan.es\/it\/termini-di-utilizzo\/","og_locale":"it_IT","og_type":"article","og_title":"Evyan | Grossista di frutta e produttore di arance \u2013 Termini di utilizzo","og_description":"Consulta i termini d'uso di Evyan, grossista di frutta e distributore di agrumi in Spagna.","og_url":"https:\/\/evyan.es\/it\/termini-di-utilizzo\/","og_site_name":"Evyan","twitter_card":"summary_large_image","twitter_misc":{"Tempo di lettura stimato":"9 minuti"},"schema":{"@context":"https:\/\/schema.org","@graph":[{"@type":"WebPage","@id":"https:\/\/evyan.es\/it\/termini-di-utilizzo\/","url":"https:\/\/evyan.es\/it\/termini-di-utilizzo\/","name":"Evyan | Grossista di frutta e produttore di arance \u2013 Termini di utilizzo","isPartOf":{"@id":"https:\/\/evyan.es\/it\/#website"},"datePublished":"2025-10-15T06:55:19+00:00","description":"Consulta i termini d'uso di Evyan, grossista di frutta e distributore di agrumi in Spagna.","breadcrumb":{"@id":"https:\/\/evyan.es\/it\/termini-di-utilizzo\/#breadcrumb"},"inLanguage":"it-IT","potentialAction":[{"@type":"ReadAction","target":["https:\/\/evyan.es\/it\/termini-di-utilizzo\/"]}]},{"@type":"BreadcrumbList","@id":"https:\/\/evyan.es\/it\/termini-di-utilizzo\/#breadcrumb","itemListElement":[{"@type":"ListItem","position":1,"name":"Portada","item":"https:\/\/evyan.es\/it\/"},{"@type":"ListItem","position":2,"name":"Termini di utilizzo"}]},{"@type":"WebSite","@id":"https:\/\/evyan.es\/it\/#website","url":"https:\/\/evyan.es\/it\/","name":"Evyan","description":"","potentialAction":[{"@type":"SearchAction","target":{"@type":"EntryPoint","urlTemplate":"https:\/\/evyan.es\/it\/?s={search_term_string}"},"query-input":{"@type":"PropertyValueSpecification","valueRequired":true,"valueName":"search_term_string"}}],"inLanguage":"it-IT"}]}},"_hostinger_reach_plugin_has_subscription_block":false,"_hostinger_reach_plugin_is_elementor":false,"_links":{"self":[{"href":"https:\/\/evyan.es\/it\/wp-json\/wp\/v2\/pages\/3120","targetHints":{"allow":["GET"]}}],"collection":[{"href":"https:\/\/evyan.es\/it\/wp-json\/wp\/v2\/pages"}],"about":[{"href":"https:\/\/evyan.es\/it\/wp-json\/wp\/v2\/types\/page"}],"author":[{"embeddable":true,"href":"https:\/\/evyan.es\/it\/wp-json\/wp\/v2\/users\/1"}],"replies":[{"embeddable":true,"href":"https:\/\/evyan.es\/it\/wp-json\/wp\/v2\/comments?post=3120"}],"version-history":[{"count":0,"href":"https:\/\/evyan.es\/it\/wp-json\/wp\/v2\/pages\/3120\/revisions"}],"wp:attachment":[{"href":"https:\/\/evyan.es\/it\/wp-json\/wp\/v2\/media?parent=3120"}],"curies":[{"name":"wp","href":"https:\/\/api.w.org\/{rel}","templated":true}]}}