{"id":3114,"date":"2025-11-11T10:11:21","date_gmt":"2025-11-11T10:11:21","guid":{"rendered":"https:\/\/evyan.es\/accessibilita\/"},"modified":"2025-11-11T10:11:21","modified_gmt":"2025-11-11T10:11:21","slug":"accessibilita","status":"publish","type":"page","link":"https:\/\/evyan.es\/it\/accessibilita\/","title":{"rendered":"Accessibilit\u00e0"},"content":{"rendered":"<h2>Dichiarazione di accessibilit\u00e0<\/h2>\n<p>evyan.es si impegna a rendere il proprio sito web accessibile rispettando il Livello AA secondo lo Standard UNE 301549:2020 (WCAG 2.1), che a sua volta si basa sulle Linee Guida per l&#8217;Accessibilit\u00e0 dei Contenuti Web 2.0 del W3C.<\/p>\n<p>Questa dichiarazione di accessibilit\u00e0 si applica al sito web https:\/\/evyan.es<\/p>\n<p>Per tali motivi sono state adottate sul sito web una serie di misure volte a garantire l&#8217;accessibilit\u00e0 dei contenuti, al fine di:<\/p>\n<p>Facilita l&#8217;accesso degli utenti indipendentemente dalle loro capacit\u00e0 o dall&#8217;ambiente.<br \/>\nConsenti l&#8217;accesso con diversi user agent.<br \/>\nIncludi contenuti chiari e ben strutturati.<br \/>\nMigliora la navigazione e l&#8217;esperienza utente.<\/p>\n<h3>Misure adottate<\/h3>\n<p>Sono state adottate le seguenti misure:<\/p>\n<p>Separazione tra contenuto e presentazione: utilizzo di CSS per la presentazione delle informazioni e di codice HTML per una corretta strutturazione. Il layout si adatta correttamente agli user agent pi\u00f9 comuni e le dimensioni dei caratteri sono definite in unit\u00e0 relative per consentirne il ridimensionamento.<br \/>Alternative agli elementi non testuali: per qualsiasi elemento non testuale, sono state incluse le alternative necessarie in modo che l&#8217;utente non incontri ostacoli nell&#8217;accesso al contenuto.<br \/>Meccanismi di navigazione appropriati: i link forniscono dettagli sulla funzione o sulla destinazione del collegamento ipertestuale. Sono previsti meccanismi di interazione per facilitare l&#8217;utente nella ricerca delle informazioni e nella navigazione all&#8217;interno del sito.<br \/>Corretto utilizzo degli standard: i documenti del sito web sono stati creati in base alle specifiche del W3C, l&#8217;organizzazione che definisce gli standard internazionali da utilizzare sul web. I documenti sono validi e forniscono il markup appropriato per ogni tipo di contenuto.<br \/>Oggetti programmati: non vengono utilizzati oggetti programmati per presentare informazioni o fornire funzionalit\u00e0 importanti. Questo consente di navigare nel sito indipendentemente dalle tecnologie disponibili sullo user agent.<br \/>&#8220;Accessibilit\u00e0 PDF: alcuni PDF pubblicati sul nostro sito web non hanno una struttura accessibile a causa di limitazioni tecniche. In questi casi, e se necessario, potete scrivere alla nostra sezione contatti e richiedere il documento.&#8221;<br \/>Contatti<br \/>\nEventuali reclami, richieste o suggerimenti per migliorare l&#8217;accessibilit\u00e0 del sito web possono essere inviati tramite uno qualsiasi dei canali disponibili nella sezione contatti del sito web.    <\/p>\n<p>&nbsp;<\/p>\n<h3>Stato di conformit\u00e0<\/h3>\n<p>Questo sito web \u00e8 <strong>parzialmente conforme <\/strong>al Real Decreto 1112\/2018, del 7 settembre, a causa della non conformit\u00e0 degli aspetti indicati di seguito.<\/p>\n<h3>Contenuto non accessibile<\/h3>\n<p>Il contenuto sottostante non \u00e8 accessibile per il seguente motivo:<\/p>\n<p>A causa dell&#8217;utilizzo di un sistema di gestione dei contenuti che non pu\u00f2 garantire che i vari utenti che modificano i contenuti rispettino tutti gli standard di accessibilit\u00e0, non possiamo garantire che tutti i contenuti siano conformi alle WCAG 2.1. In ogni caso, ci impegniamo a risolvere eventuali problemi che ci vengono segnalati. <\/p>\n<p>Onere sproporzionato: non applicabile.<\/p>\n<p>Il contenuto non rientra nell&#8217;ambito di applicazione della normativa applicabile<\/p>\n<p>File Office in formato PDF o altri formati, nonch\u00e9 applicazioni pubblicate prima del 20 settembre 2018 che non rispettano pienamente tutti i requisiti di accessibilit\u00e0.<\/p>\n<p>Contenuti multimediali in diretta.<\/p>\n<p>Contenuti multimediali preregistrati, basati sul tempo o pubblicati prima dell&#8217;entrata in vigore del regio decreto.<\/p>\n<p>Servizi di mappe e cartografia online<\/p>\n<p>Contenuti di terze parti non finanziati o sviluppati da evyan.es<\/p>\n<h3>Preparazione della presente dichiarazione di accessibilit\u00e0<\/h3>\n<p>La presente dichiarazione \u00e8 stata redatta il 1\u00b0 novembre 2025<\/p>\n<p>Il metodo utilizzato per preparare la dichiarazione \u00e8 stato attraverso un&#8217;autovalutazione del sito web da parte di evyan.es e dei tecnici del reparto di sviluppo web tramite un&#8217;analisi manuale dell&#8217;accessibilit\u00e0, integrata da diversi strumenti semiautomatici, agenti utente e aiuti tecnici.<\/p>\n<h3>Note e informazioni di contatto<\/h3>\n<p>\u00c8 possibile inviare comunicazioni relative ai requisiti di accessibilit\u00e0 (articolo 10.2.a) del Real Decreto 1112\/2018, del 7 settembre) come, ad esempio:<\/p>\n<p>Segnalate eventuali violazioni da parte di questo sito web.<\/p>\n<p>Per comunicare altre difficolt\u00e0 nell&#8217;accesso al contenuto.<\/p>\n<p>Invia qualsiasi altra domanda o suggerimento per migliorare l&#8217;accessibilit\u00e0 del sito web.<\/p>\n<p>Attraverso i seguenti mezzi:<\/p>\n<p>Attraverso il modulo di suggerimento che evyan.es mette a tua disposizione.<\/p>\n<p>E-mail: info@evyan.es<\/p>\n<p>Di persona presso gli uffici di evyan.es.<\/p>\n<p>Le comunicazioni saranno ricevute ed elaborate dall&#8217;Unit\u00e0 Accessibilit\u00e0 del sito web evyan.es, in quanto unit\u00e0 responsabile dell&#8217;accessibilit\u00e0 dei contenuti di questo sito web.<\/p>\n<h3>Richieste di informazioni accessibili e reclami<\/h3>\n<p>Le richieste di informazioni accessibili e i reclami dovranno essere inoltrati tramite:<\/p>\n<p>Attraverso il modulo di suggerimento che evyan.es mette a tua disposizione.<\/p>\n<p>E-mail: info@evyan.es<\/p>\n","protected":false},"excerpt":{"rendered":"<p>Dichiarazione di accessibilit\u00e0 evyan.es si impegna a rendere il proprio  [&#8230;]<\/p>\n","protected":false},"author":3,"featured_media":0,"parent":0,"menu_order":0,"comment_status":"closed","ping_status":"closed","template":"","meta":{"footnotes":""},"class_list":["post-3114","page","type-page","status-publish","hentry"],"yoast_head":"<!-- This site is optimized with the Yoast SEO plugin v26.1.1 - https:\/\/yoast.com\/wordpress\/plugins\/seo\/ -->\n<title>Evyan | Grossista di frutta e distributore di agrumi \u2013 Accessibilit\u00e0 ed esperienza utente<\/title>\n<meta name=\"description\" content=\"Evyan, grossista di frutta e produttore di arance in Spagna, garantisce accessibilit\u00e0 e facilit\u00e0 di navigazione sul suo sito web.\" \/>\n<meta name=\"robots\" content=\"index, follow, max-snippet:-1, max-image-preview:large, max-video-preview:-1\" \/>\n<link rel=\"canonical\" href=\"https:\/\/evyan.es\/it\/accessibilita\/\" \/>\n<meta property=\"og:locale\" content=\"it_IT\" \/>\n<meta property=\"og:type\" content=\"article\" \/>\n<meta property=\"og:title\" content=\"Evyan | Grossista di frutta e distributore di agrumi \u2013 Accessibilit\u00e0 ed esperienza utente\" \/>\n<meta property=\"og:description\" content=\"Evyan, grossista di frutta e produttore di arance in Spagna, garantisce accessibilit\u00e0 e facilit\u00e0 di navigazione sul suo sito web.\" \/>\n<meta property=\"og:url\" content=\"https:\/\/evyan.es\/it\/accessibilita\/\" \/>\n<meta property=\"og:site_name\" content=\"Evyan\" \/>\n<meta name=\"twitter:card\" content=\"summary_large_image\" \/>\n<meta name=\"twitter:label1\" content=\"Tempo di lettura stimato\" \/>\n\t<meta name=\"twitter:data1\" content=\"3 minuti\" \/>\n<!-- \/ Yoast SEO plugin. -->","yoast_head_json":{"title":"Evyan | Grossista di frutta e distributore di agrumi \u2013 Accessibilit\u00e0 ed esperienza utente","description":"Evyan, grossista di frutta e produttore di arance in Spagna, garantisce accessibilit\u00e0 e facilit\u00e0 di navigazione sul suo sito web.","robots":{"index":"index","follow":"follow","max-snippet":"max-snippet:-1","max-image-preview":"max-image-preview:large","max-video-preview":"max-video-preview:-1"},"canonical":"https:\/\/evyan.es\/it\/accessibilita\/","og_locale":"it_IT","og_type":"article","og_title":"Evyan | Grossista di frutta e distributore di agrumi \u2013 Accessibilit\u00e0 ed esperienza utente","og_description":"Evyan, grossista di frutta e produttore di arance in Spagna, garantisce accessibilit\u00e0 e facilit\u00e0 di navigazione sul suo sito web.","og_url":"https:\/\/evyan.es\/it\/accessibilita\/","og_site_name":"Evyan","twitter_card":"summary_large_image","twitter_misc":{"Tempo di lettura stimato":"3 minuti"},"schema":{"@context":"https:\/\/schema.org","@graph":[{"@type":"WebPage","@id":"https:\/\/evyan.es\/it\/accessibilita\/","url":"https:\/\/evyan.es\/it\/accessibilita\/","name":"Evyan | Grossista di frutta e distributore di agrumi \u2013 Accessibilit\u00e0 ed esperienza utente","isPartOf":{"@id":"https:\/\/evyan.es\/it\/#website"},"datePublished":"2025-11-11T10:11:21+00:00","description":"Evyan, grossista di frutta e produttore di arance in Spagna, garantisce accessibilit\u00e0 e facilit\u00e0 di navigazione sul suo sito web.","breadcrumb":{"@id":"https:\/\/evyan.es\/it\/accessibilita\/#breadcrumb"},"inLanguage":"it-IT","potentialAction":[{"@type":"ReadAction","target":["https:\/\/evyan.es\/it\/accessibilita\/"]}]},{"@type":"BreadcrumbList","@id":"https:\/\/evyan.es\/it\/accessibilita\/#breadcrumb","itemListElement":[{"@type":"ListItem","position":1,"name":"Portada","item":"https:\/\/evyan.es\/it\/"},{"@type":"ListItem","position":2,"name":"Accessibilit\u00e0"}]},{"@type":"WebSite","@id":"https:\/\/evyan.es\/it\/#website","url":"https:\/\/evyan.es\/it\/","name":"Evyan","description":"","potentialAction":[{"@type":"SearchAction","target":{"@type":"EntryPoint","urlTemplate":"https:\/\/evyan.es\/it\/?s={search_term_string}"},"query-input":{"@type":"PropertyValueSpecification","valueRequired":true,"valueName":"search_term_string"}}],"inLanguage":"it-IT"}]}},"_hostinger_reach_plugin_has_subscription_block":false,"_hostinger_reach_plugin_is_elementor":false,"_links":{"self":[{"href":"https:\/\/evyan.es\/it\/wp-json\/wp\/v2\/pages\/3114","targetHints":{"allow":["GET"]}}],"collection":[{"href":"https:\/\/evyan.es\/it\/wp-json\/wp\/v2\/pages"}],"about":[{"href":"https:\/\/evyan.es\/it\/wp-json\/wp\/v2\/types\/page"}],"author":[{"embeddable":true,"href":"https:\/\/evyan.es\/it\/wp-json\/wp\/v2\/users\/3"}],"replies":[{"embeddable":true,"href":"https:\/\/evyan.es\/it\/wp-json\/wp\/v2\/comments?post=3114"}],"version-history":[{"count":0,"href":"https:\/\/evyan.es\/it\/wp-json\/wp\/v2\/pages\/3114\/revisions"}],"wp:attachment":[{"href":"https:\/\/evyan.es\/it\/wp-json\/wp\/v2\/media?parent=3114"}],"curies":[{"name":"wp","href":"https:\/\/api.w.org\/{rel}","templated":true}]}}