{"id":3101,"date":"2025-10-20T08:43:40","date_gmt":"2025-10-20T08:43:40","guid":{"rendered":"https:\/\/evyan.es\/emballage-de-selection\/"},"modified":"2025-11-12T10:37:47","modified_gmt":"2025-11-12T10:37:47","slug":"emballage-de-selection","status":"publish","type":"page","link":"https:\/\/evyan.es\/fr\/emballage-de-selection\/","title":{"rendered":"Emballage de s\u00e9lection"},"content":{"rendered":"<p><div class=\"fusion-fullwidth fullwidth-box fusion-builder-row-1 fusion-flex-container has-pattern-background has-mask-background fusion-parallax-none hundred-percent-fullwidth non-hundred-percent-height-scrolling lazyload\" style=\"--awb-border-radius-top-left:0px;--awb-border-radius-top-right:0px;--awb-border-radius-bottom-right:0px;--awb-border-radius-bottom-left:0px;--awb-padding-top:80px;--awb-padding-bottom:80px;--awb-margin-top:0px;--awb-background-image:linear-gradient(180deg, rgba(15,19,23,0.39) 0%,rgba(15,19,23,0.39) 100%);;--awb-background-size:cover;--awb-flex-wrap:wrap;\" data-bg=\"https:\/\/evyan.es\/wp-content\/uploads\/2025\/11\/MANDARINA.jpg\" data-bg-gradient=\"linear-gradient(180deg, rgba(15,19,23,0.39) 0%,rgba(15,19,23,0.39) 100%)\" ><div class=\"fusion-builder-row fusion-row fusion-flex-align-items-center fusion-flex-justify-content-center fusion-flex-content-wrap\" style=\"width:104% !important;max-width:104% !important;margin-left: calc(-4% \/ 2 );margin-right: calc(-4% \/ 2 );\"><div class=\"fusion-layout-column fusion_builder_column fusion-builder-column-0 fusion_builder_column_3_5 3_5 fusion-flex-column\" style=\"--awb-bg-size:cover;--awb-width-large:60%;--awb-margin-top-large:0px;--awb-spacing-right-large:3.2%;--awb-margin-bottom-large:0px;--awb-spacing-left-large:3.2%;--awb-width-medium:66.666666666667%;--awb-order-medium:0;--awb-spacing-right-medium:2.88%;--awb-margin-bottom-medium:0px;--awb-spacing-left-medium:2.88%;--awb-width-small:80%;--awb-order-small:0;--awb-spacing-right-small:2.4%;--awb-margin-bottom-small:0px;--awb-spacing-left-small:2.4%;\"><div class=\"fusion-column-wrapper fusion-column-has-shadow fusion-flex-justify-content-flex-start fusion-content-layout-column\"><div class=\"fusion-title title fusion-title-1 fusion-sep-none fusion-title-text fusion-title-size-three\" style=\"--awb-text-color:var(--awb-color1);\"><h3 class=\"fusion-title-heading title-heading-left\" style=\"margin:0;text-transform:none;\">S\u00e9lection d\u2019emballage<\/h3><\/div><\/div><\/div><\/div><\/div><div class=\"fusion-fullwidth fullwidth-box fusion-builder-row-2 fusion-flex-container nonhundred-percent-fullwidth non-hundred-percent-height-scrolling\" style=\"--awb-background-position:right bottom;--awb-background-repeat:repeat-y;--awb-border-radius-top-left:0px;--awb-border-radius-top-right:0px;--awb-border-radius-bottom-right:0px;--awb-border-radius-bottom-left:0px;--awb-margin-top:100px;--awb-flex-wrap:wrap;\" ><div class=\"fusion-builder-row fusion-row fusion-flex-align-items-flex-start fusion-flex-content-wrap\" style=\"max-width:1393.6px;margin-left: calc(-4% \/ 2 );margin-right: calc(-4% \/ 2 );\"><div class=\"fusion-layout-column fusion_builder_column fusion-builder-column-1 fusion_builder_column_1_2 1_2 fusion-flex-column\" style=\"--awb-bg-size:cover;--awb-width-large:50%;--awb-margin-top-large:0px;--awb-spacing-right-large:3.84%;--awb-margin-bottom-large:0px;--awb-spacing-left-large:3.84%;--awb-width-medium:50%;--awb-order-medium:0;--awb-spacing-right-medium:3.84%;--awb-spacing-left-medium:3.84%;--awb-width-small:100%;--awb-order-small:0;--awb-spacing-right-small:1.92%;--awb-spacing-left-small:1.92%;\"><div class=\"fusion-column-wrapper fusion-column-has-shadow fusion-flex-justify-content-flex-start fusion-content-layout-column\"><div class=\"fusion-image-element \" style=\"--awb-caption-title-font-family:var(--h2_typography-font-family);--awb-caption-title-font-weight:var(--h2_typography-font-weight);--awb-caption-title-font-style:var(--h2_typography-font-style);--awb-caption-title-size:var(--h2_typography-font-size);--awb-caption-title-transform:var(--h2_typography-text-transform);--awb-caption-title-line-height:var(--h2_typography-line-height);--awb-caption-title-letter-spacing:var(--h2_typography-letter-spacing);\"><span class=\" fusion-imageframe imageframe-none imageframe-1 hover-type-none\"><img decoding=\"async\" width=\"600\" height=\"616\" title=\"emballage d&rsquo;agrumes\" src=\"https:\/\/evyan.es\/wp-content\/uploads\/2025\/11\/envasado-de-citricos.jpeg\" data-orig-src=\"https:\/\/evyan.es\/wp-content\/uploads\/2025\/11\/envasado-de-citricos-600x616.jpeg\" alt class=\"lazyload img-responsive wp-image-3100\" srcset=\"data:image\/svg+xml,%3Csvg%20xmlns%3D%27http%3A%2F%2Fwww.w3.org%2F2000%2Fsvg%27%20width%3D%27942%27%20height%3D%27967%27%20viewBox%3D%270%200%20942%20967%27%3E%3Crect%20width%3D%27942%27%20height%3D%27967%27%20fill-opacity%3D%220%22%2F%3E%3C%2Fsvg%3E\" data-srcset=\"https:\/\/evyan.es\/wp-content\/uploads\/2025\/11\/envasado-de-citricos-200x205.jpeg 200w, https:\/\/evyan.es\/wp-content\/uploads\/2025\/11\/envasado-de-citricos-400x411.jpeg 400w, https:\/\/evyan.es\/wp-content\/uploads\/2025\/11\/envasado-de-citricos-600x616.jpeg 600w, https:\/\/evyan.es\/wp-content\/uploads\/2025\/11\/envasado-de-citricos-800x821.jpeg 800w, https:\/\/evyan.es\/wp-content\/uploads\/2025\/11\/envasado-de-citricos.jpeg 942w\" data-sizes=\"auto\" data-orig-sizes=\"(max-width: 800px) 100vw, 800px\" \/><\/span><\/div><\/div><\/div><div class=\"fusion-layout-column fusion_builder_column fusion-builder-column-2 fusion_builder_column_1_2 1_2 fusion-flex-column fusion-flex-align-self-center\" style=\"--awb-padding-left:15x;--awb-bg-size:cover;--awb-width-large:50%;--awb-margin-top-large:0px;--awb-spacing-right-large:3.84%;--awb-margin-bottom-large:0px;--awb-spacing-left-large:3.84%;--awb-width-medium:50%;--awb-order-medium:0;--awb-spacing-right-medium:3.84%;--awb-spacing-left-medium:3.84%;--awb-width-small:100%;--awb-order-small:0;--awb-margin-top-small:40px;--awb-spacing-right-small:1.92%;--awb-spacing-left-small:1.92%;\"><div class=\"fusion-column-wrapper fusion-column-has-shadow fusion-flex-justify-content-flex-start fusion-content-layout-column\"><div class=\"fusion-text fusion-text-1\" style=\"--awb-text-transform:none;--awb-margin-top:18px;\"><p>La ligne de conditionnement d\u2019agrumes Evyan est un syst\u00e8me complexe et automatis\u00e9 con\u00e7u pour pr\u00e9parer des fruits tels que les oranges, les citrons et les kakis en vue de leur distribution et de leur vente. Les proc\u00e9d\u00e9s varient l\u00e9g\u00e8rement, mais suivent g\u00e9n\u00e9ralement une s\u00e9rie d\u2019\u00e9tapes cl\u00e9s : <\/p>\n<p><b>1. Accueil et pr\u00e9traitement<\/b><\/p>\n<ul>\n<li><b>Vidange des fruits <\/b>: Les fruits sont re\u00e7us, souvent dans des bacs (grands conteneurs), et d\u00e9vers\u00e9s sur la ligne, qui peut \u00eatre s\u00e8che ou dans des r\u00e9servoirs de traitement de l\u2019eau (avec ou sans fongicides).<\/li>\n<li><b>Levage et alimentation :<\/b> Les fruits sont transport\u00e9s \u00e0 l\u2019\u00e9tape suivante \u00e0 l\u2019aide d\u2019\u00e9l\u00e9vateurs et de convoyeurs.<\/li>\n<\/ul>\n<p><b>2. Pr\u00e9paration et qualit\u00e9<\/b><\/p>\n<ul>\n<li><b>Lavage et d\u00e9sinfection <\/b>: Les fruits sont soigneusement lav\u00e9s pour \u00e9liminer la salet\u00e9 et les r\u00e9sidus, puis d\u00e9sinfect\u00e9s pour r\u00e9duire les micro-organismes (parfois \u00e0 l\u2019aide de solutions sp\u00e9ciales ou de tunnels de nettoyage et de s\u00e9chage).<\/li>\n<li><b>Brossage et s\u00e9chage <\/b>: Les fruits sont bross\u00e9s puis s\u00e9ch\u00e9s, souvent dans des tunnels de s\u00e9chage.<\/li>\n<li><b>Cirage : <\/b>Une couche de cire est appliqu\u00e9e, g\u00e9n\u00e9ralement pour prot\u00e9ger le fruit, r\u00e9duire la perte d\u2019humidit\u00e9 et am\u00e9liorer son aspect.<\/li>\n<li><b>S\u00e9lection et \u00e9talonnage :<\/b> il s\u2019agit d\u2019une \u00e9tape cruciale.\n<ul>\n<li><b>S\u00e9lection <\/b>: \u00c0 l\u2019aide de syst\u00e8mes de vision artificielle (qui utilisent parfois la lumi\u00e8re ultraviolette) ou manuellement, les fruits qui ne r\u00e9pondent pas aux normes (en raison de leur taille, de leur couleur ou de dommages visibles\/invisibles) sont \u00e9limin\u00e9s.<\/li>\n<li><b>Calibrage <\/b>: Les fruits sont tri\u00e9s par taille (diam\u00e8tre) et parfois par qualit\u00e9 (externe et interne) afin de garantir l\u2019uniformit\u00e9 de l\u2019emballage.<\/li>\n<\/ul>\n<\/li>\n<\/ul>\n<\/div><\/div><\/div><\/div><\/div><div class=\"fusion-fullwidth fullwidth-box fusion-builder-row-3 fusion-flex-container has-pattern-background has-mask-background nonhundred-percent-fullwidth non-hundred-percent-height-scrolling\" style=\"--awb-border-radius-top-left:0px;--awb-border-radius-top-right:0px;--awb-border-radius-bottom-right:0px;--awb-border-radius-bottom-left:0px;--awb-flex-wrap:wrap;\" ><div class=\"fusion-builder-row fusion-row fusion-flex-align-items-flex-start fusion-flex-content-wrap\" style=\"max-width:1393.6px;margin-left: calc(-4% \/ 2 );margin-right: calc(-4% \/ 2 );\"><div class=\"fusion-layout-column fusion_builder_column fusion-builder-column-3 fusion_builder_column_1_1 1_1 fusion-flex-column\" style=\"--awb-bg-size:cover;--awb-width-large:100%;--awb-margin-top-large:0px;--awb-spacing-right-large:1.92%;--awb-margin-bottom-large:20px;--awb-spacing-left-large:1.92%;--awb-width-medium:100%;--awb-order-medium:0;--awb-spacing-right-medium:1.92%;--awb-spacing-left-medium:1.92%;--awb-width-small:100%;--awb-order-small:0;--awb-spacing-right-small:1.92%;--awb-spacing-left-small:1.92%;\"><div class=\"fusion-column-wrapper fusion-column-has-shadow fusion-flex-justify-content-flex-start fusion-content-layout-column\"><div class=\"fusion-text fusion-text-2\" style=\"--awb-text-transform:none;--awb-margin-top:18px;\"><p><b>3. Emballage (Pr\u00e9paration)<\/b><\/p>\n<p>Les fruits tri\u00e9s sont dirig\u00e9s vers les machines d\u2019emballage, o\u00f9 ils sont conditionn\u00e9s selon le format requis (filet, sac, bo\u00eete, etc.).<\/p>\n<ul>\n<li><b>Pesage\/Distribution<\/b> : Des peseuses (souvent associatives lin\u00e9aires \u00e0 plusieurs t\u00eates) sont utilis\u00e9es pour garantir que chaque r\u00e9cipient contient le poids exact.<\/li>\n<li><b>Remplissage\/Conditionnement <\/b>: Les machines remplissent automatiquement les conteneurs (par exemple, machines d\u2019emballage en filet, machines de remplissage de sacs en rouleau ou chariots \u00e0 cha\u00eene pour l\u2019emballage en caisses).<\/li>\n<li><b>Formats courants :<\/b> Les fruits peuvent \u00eatre conditionn\u00e9s, entre autres, dans des filets, des sacs en poly\u00e9thyl\u00e8ne, des bo\u00eetes en carton ou des plateaux.<\/li>\n<\/ul>\n<p><b>4. Fin de la ligne<\/b><\/p>\n<ul>\n<li><b>Contr\u00f4le du poids <\/b>: Un dernier contr\u00f4le du poids des conteneurs remplis est effectu\u00e9.<\/li>\n<li><b>\u00c9tiquetage <\/b>: L\u2019\u00e9tiquette du produit est appos\u00e9e ; elle peut comprendre des informations nutritionnelles, un code-barres et la date (parfois en incluant l\u2019\u00e9tiquette avant et arri\u00e8re).<\/li>\n<li><b>Palettisation :<\/b> Les emballages finis sont regroup\u00e9s en cartons ou palettis\u00e9s (empil\u00e9s sur des palettes) \u00e0 l\u2019aide de palettiseuses en vue de leur stockage et de leur transport. Des filmeuses et des distributeurs de feuilles intercalaires sont souvent utilis\u00e9s \u00e0 cette \u00e9tape. <\/li>\n<\/ul>\n<p><b>Machines cl\u00e9s<\/b><\/p>\n<p>La cha\u00eene de production utilise une grande vari\u00e9t\u00e9 de machines, notamment :<\/p>\n<ul>\n<li><b>Vidangeurs de conteneurs et ascenseurs<\/b><\/li>\n<li><b>Machines \u00e0 laver, raboteuses, polisseuses et tunnels de s\u00e9chage<\/b><\/li>\n<li><b>Calibrateurs \u00e9lectroniques <\/b>(avec syst\u00e8mes de vision)<\/li>\n<li><b>Peseuses lin\u00e9aires associatives<\/b><\/li>\n<li><b>Machines d\u2019emballage sp\u00e9cifiques<\/b> (pour filets, sacs, plateaux, etc.)<\/li>\n<li><b>Bandes transporteuses<\/b> et syst\u00e8mes de tri.<\/li>\n<li><b>Etiquetadoras<\/b><\/li>\n<li><b>Palettiseurs et emballeurs<\/b><\/li>\n<\/ul>\n<\/div><\/div><\/div><\/div><\/div><\/p>\n","protected":false},"excerpt":{"rendered":"","protected":false},"author":1,"featured_media":0,"parent":0,"menu_order":0,"comment_status":"closed","ping_status":"closed","template":"100-width.php","meta":{"footnotes":""},"class_list":["post-3101","page","type-page","status-publish","hentry"],"yoast_head":"<!-- This site is optimized with the Yoast SEO plugin v26.1.1 - https:\/\/yoast.com\/wordpress\/plugins\/seo\/ -->\n<title>Evyan | Grossiste en fruits et producteur d&#039;oranges \u2013 S\u00e9lection et conditionnement d&#039;agrumes<\/title>\n<meta name=\"description\" content=\"Evyan, grossiste en fruits et distributeur d&#039;agrumes en Espagne, garantit la s\u00e9lection et le conditionnement d&#039;oranges et d&#039;agrumes en gros, assurant fra\u00eecheur, qualit\u00e9 et tra\u00e7abilit\u00e9 directe depuis le producteur.\" \/>\n<meta name=\"robots\" content=\"index, follow, max-snippet:-1, max-image-preview:large, max-video-preview:-1\" \/>\n<link rel=\"canonical\" href=\"https:\/\/evyan.es\/fr\/emballage-de-selection\/\" \/>\n<meta property=\"og:locale\" content=\"fr_FR\" \/>\n<meta property=\"og:type\" content=\"article\" \/>\n<meta property=\"og:title\" content=\"Evyan | Grossiste en fruits et producteur d&#039;oranges \u2013 S\u00e9lection et conditionnement d&#039;agrumes\" \/>\n<meta property=\"og:description\" content=\"Evyan, grossiste en fruits et distributeur d&#039;agrumes en Espagne, garantit la s\u00e9lection et le conditionnement d&#039;oranges et d&#039;agrumes en gros, assurant fra\u00eecheur, qualit\u00e9 et tra\u00e7abilit\u00e9 directe depuis le producteur.\" \/>\n<meta property=\"og:url\" content=\"https:\/\/evyan.es\/fr\/emballage-de-selection\/\" \/>\n<meta property=\"og:site_name\" content=\"Evyan\" \/>\n<meta property=\"article:modified_time\" content=\"2025-11-12T10:37:47+00:00\" \/>\n<meta name=\"twitter:card\" content=\"summary_large_image\" \/>\n<meta name=\"twitter:label1\" content=\"Dur\u00e9e de lecture estim\u00e9e\" \/>\n\t<meta name=\"twitter:data1\" content=\"17 minutes\" \/>\n<!-- \/ Yoast SEO plugin. -->","yoast_head_json":{"title":"Evyan | Grossiste en fruits et producteur d'oranges \u2013 S\u00e9lection et conditionnement d'agrumes","description":"Evyan, grossiste en fruits et distributeur d'agrumes en Espagne, garantit la s\u00e9lection et le conditionnement d'oranges et d'agrumes en gros, assurant fra\u00eecheur, qualit\u00e9 et tra\u00e7abilit\u00e9 directe depuis le producteur.","robots":{"index":"index","follow":"follow","max-snippet":"max-snippet:-1","max-image-preview":"max-image-preview:large","max-video-preview":"max-video-preview:-1"},"canonical":"https:\/\/evyan.es\/fr\/emballage-de-selection\/","og_locale":"fr_FR","og_type":"article","og_title":"Evyan | Grossiste en fruits et producteur d'oranges \u2013 S\u00e9lection et conditionnement d'agrumes","og_description":"Evyan, grossiste en fruits et distributeur d'agrumes en Espagne, garantit la s\u00e9lection et le conditionnement d'oranges et d'agrumes en gros, assurant fra\u00eecheur, qualit\u00e9 et tra\u00e7abilit\u00e9 directe depuis le producteur.","og_url":"https:\/\/evyan.es\/fr\/emballage-de-selection\/","og_site_name":"Evyan","article_modified_time":"2025-11-12T10:37:47+00:00","twitter_card":"summary_large_image","twitter_misc":{"Dur\u00e9e de lecture estim\u00e9e":"17 minutes"},"schema":{"@context":"https:\/\/schema.org","@graph":[{"@type":"WebPage","@id":"https:\/\/evyan.es\/fr\/emballage-de-selection\/","url":"https:\/\/evyan.es\/fr\/emballage-de-selection\/","name":"Evyan | Grossiste en fruits et producteur d'oranges \u2013 S\u00e9lection et conditionnement d'agrumes","isPartOf":{"@id":"https:\/\/evyan.es\/fr\/#website"},"datePublished":"2025-10-20T08:43:40+00:00","dateModified":"2025-11-12T10:37:47+00:00","description":"Evyan, grossiste en fruits et distributeur d'agrumes en Espagne, garantit la s\u00e9lection et le conditionnement d'oranges et d'agrumes en gros, assurant fra\u00eecheur, qualit\u00e9 et tra\u00e7abilit\u00e9 directe depuis le producteur.","breadcrumb":{"@id":"https:\/\/evyan.es\/fr\/emballage-de-selection\/#breadcrumb"},"inLanguage":"fr-FR","potentialAction":[{"@type":"ReadAction","target":["https:\/\/evyan.es\/fr\/emballage-de-selection\/"]}]},{"@type":"BreadcrumbList","@id":"https:\/\/evyan.es\/fr\/emballage-de-selection\/#breadcrumb","itemListElement":[{"@type":"ListItem","position":1,"name":"Portada","item":"https:\/\/evyan.es\/fr\/"},{"@type":"ListItem","position":2,"name":"Emballage de s\u00e9lection"}]},{"@type":"WebSite","@id":"https:\/\/evyan.es\/fr\/#website","url":"https:\/\/evyan.es\/fr\/","name":"Evyan","description":"","potentialAction":[{"@type":"SearchAction","target":{"@type":"EntryPoint","urlTemplate":"https:\/\/evyan.es\/fr\/?s={search_term_string}"},"query-input":{"@type":"PropertyValueSpecification","valueRequired":true,"valueName":"search_term_string"}}],"inLanguage":"fr-FR"}]}},"_hostinger_reach_plugin_has_subscription_block":false,"_hostinger_reach_plugin_is_elementor":false,"_links":{"self":[{"href":"https:\/\/evyan.es\/fr\/wp-json\/wp\/v2\/pages\/3101","targetHints":{"allow":["GET"]}}],"collection":[{"href":"https:\/\/evyan.es\/fr\/wp-json\/wp\/v2\/pages"}],"about":[{"href":"https:\/\/evyan.es\/fr\/wp-json\/wp\/v2\/types\/page"}],"author":[{"embeddable":true,"href":"https:\/\/evyan.es\/fr\/wp-json\/wp\/v2\/users\/1"}],"replies":[{"embeddable":true,"href":"https:\/\/evyan.es\/fr\/wp-json\/wp\/v2\/comments?post=3101"}],"version-history":[{"count":3,"href":"https:\/\/evyan.es\/fr\/wp-json\/wp\/v2\/pages\/3101\/revisions"}],"predecessor-version":[{"id":3104,"href":"https:\/\/evyan.es\/fr\/wp-json\/wp\/v2\/pages\/3101\/revisions\/3104"}],"wp:attachment":[{"href":"https:\/\/evyan.es\/fr\/wp-json\/wp\/v2\/media?parent=3101"}],"curies":[{"name":"wp","href":"https:\/\/api.w.org\/{rel}","templated":true}]}}