{"id":3097,"date":"2025-11-11T10:25:45","date_gmt":"2025-11-11T10:25:45","guid":{"rendered":"https:\/\/evyan.es\/producteur-doranges\/"},"modified":"2025-11-12T10:31:24","modified_gmt":"2025-11-12T10:31:24","slug":"producteur-doranges","status":"publish","type":"page","link":"https:\/\/evyan.es\/fr\/producteur-doranges\/","title":{"rendered":"Producteur d&rsquo;oranges"},"content":{"rendered":"<p><div class=\"fusion-fullwidth fullwidth-box fusion-builder-row-1 fusion-flex-container has-pattern-background has-mask-background nonhundred-percent-fullwidth non-hundred-percent-height-scrolling\" style=\"--awb-border-radius-top-left:0px;--awb-border-radius-top-right:0px;--awb-border-radius-bottom-right:0px;--awb-border-radius-bottom-left:0px;--awb-margin-top:20px;--awb-margin-bottom:20px;--awb-flex-wrap:wrap;\" ><div class=\"fusion-builder-row fusion-row fusion-flex-align-items-flex-start fusion-flex-content-wrap\" style=\"max-width:1393.6px;margin-left: calc(-4% \/ 2 );margin-right: calc(-4% \/ 2 );\"><div class=\"fusion-layout-column fusion_builder_column fusion-builder-column-0 fusion_builder_column_1_1 1_1 fusion-flex-column\" style=\"--awb-bg-size:cover;--awb-width-large:100%;--awb-margin-top-large:0px;--awb-spacing-right-large:1.92%;--awb-margin-bottom-large:20px;--awb-spacing-left-large:1.92%;--awb-width-medium:100%;--awb-order-medium:0;--awb-spacing-right-medium:1.92%;--awb-spacing-left-medium:1.92%;--awb-width-small:100%;--awb-order-small:0;--awb-spacing-right-small:1.92%;--awb-spacing-left-small:1.92%;\"><div class=\"fusion-column-wrapper fusion-column-has-shadow fusion-flex-justify-content-flex-start fusion-content-layout-column\"><div class=\"fusion-title title fusion-title-1 fusion-sep-none fusion-title-center fusion-title-text fusion-title-size-two\"><h2 class=\"fusion-title-heading title-heading-center\" style=\"margin:0;text-transform:capitalize;\">Producteur d\u2019oranges valenciennes de qualit\u00e9 d\u2019origine<\/h2><\/div><div class=\"fusion-text fusion-text-1\" style=\"--awb-content-alignment:center;\"><p>Chez <strong data-start=\"438\" data-end=\"447\">Evyan<\/strong>, <strong data-start=\"457\" data-end=\"494\">producteur d\u2019oranges valencien,<\/strong> nous sommes attach\u00e9s \u00e0 l\u2019excellence, au d\u00e9veloppement durable et \u00e0 la tradition agricole. Nous cultivons nos oranges dans les terres fertiles de Manuel (Valence), o\u00f9 le climat m\u00e9diterran\u00e9en et le savoir-faire de nos agriculteurs garantissent des fruits d\u2019une saveur, d\u2019une fra\u00eecheur et d\u2019une texture incomparables.<br data-start=\"778\" data-end=\"781\">Nous ma\u00eetrisons l\u2019int\u00e9gralit\u00e9 du processus, de la culture \u00e0 la r\u00e9colte, en passant par la transformation, le conditionnement et la distribution, afin de proposer des oranges \u00e0 la tra\u00e7abilit\u00e9 maximale et \u00e0 la qualit\u00e9 certifi\u00e9e. Chaque fruit qui parvient \u00e0 nos clients t\u00e9moigne de l\u2019engagement d\u2019Evyan envers l\u2019authenticit\u00e9 et le respect du terroir.<\/p>\n<\/div><div style=\"text-align:center;\"><a class=\"fusion-button button-flat button-xlarge button-default fusion-button-default button-1 fusion-button-default-span fusion-button-default-type\" style=\"--button-border-radius-top-left:0;--button-border-radius-top-right:0;--button-border-radius-bottom-right:0;--button-border-radius-bottom-left:0;\" target=\"_self\" href=\"https:\/\/evyan.es\/fr\/entreprise\/\"><span class=\"fusion-button-text awb-button__text awb-button__text--default\">\u00c0 propos de l\u2019entreprise<\/span><\/a><\/div><\/div><\/div><\/div><\/div><div class=\"fusion-fullwidth fullwidth-box fusion-builder-row-2 fusion-flex-container has-pattern-background has-mask-background nonhundred-percent-fullwidth non-hundred-percent-height-scrolling\" style=\"--awb-border-radius-top-left:0px;--awb-border-radius-top-right:0px;--awb-border-radius-bottom-right:0px;--awb-border-radius-bottom-left:0px;--awb-margin-top:20px;--awb-margin-bottom:20px;--awb-flex-wrap:wrap;\" ><div class=\"fusion-builder-row fusion-row fusion-flex-align-items-stretch fusion-flex-content-wrap\" style=\"max-width:1393.6px;margin-left: calc(-4% \/ 2 );margin-right: calc(-4% \/ 2 );\"><div class=\"fusion-layout-column fusion_builder_column fusion-builder-column-1 fusion_builder_column_1_2 1_2 fusion-flex-column fusion-flex-align-self-stretch\" style=\"--awb-bg-size:cover;--awb-width-large:50%;--awb-margin-top-large:0px;--awb-spacing-right-large:3.84%;--awb-margin-bottom-large:20px;--awb-spacing-left-large:3.84%;--awb-width-medium:50%;--awb-order-medium:0;--awb-spacing-right-medium:3.84%;--awb-spacing-left-medium:3.84%;--awb-width-small:100%;--awb-order-small:0;--awb-spacing-right-small:1.92%;--awb-spacing-left-small:1.92%;\" data-scroll-devices=\"small-visibility,medium-visibility,large-visibility\"><div class=\"fusion-column-wrapper lazyload fusion-column-has-shadow fusion-flex-justify-content-flex-start fusion-content-layout-column fusion-empty-column-bg-image fusion-column-has-bg-image\" data-bg-url=\"https:\/\/evyan.es\/wp-content\/uploads\/2025\/10\/NARANJA-SALUSTIANA.png\" data-bg=\"https:\/\/evyan.es\/wp-content\/uploads\/2025\/10\/NARANJA-SALUSTIANA.png\"><img decoding=\"async\" class=\"fusion-empty-dims-img-placeholder fusion-no-large-visibility fusion-no-medium-visibility\" aria-label=\"NARANJA SALUSTIANA\" src=\"data:image\/svg+xml,%3Csvg%20xmlns%3D%27http%3A%2F%2Fwww.w3.org%2F2000%2Fsvg%27%20width%3D%27946%27%20height%3D%27965%27%20viewBox%3D%270%200%20946%20965%27%3E%3Crect%20width%3D%27946%27%20height%3D%27965%27%20fill-opacity%3D%220%22%2F%3E%3C%2Fsvg%3E\"><\/div><\/div><div class=\"fusion-layout-column fusion_builder_column fusion-builder-column-2 fusion_builder_column_1_2 1_2 fusion-flex-column fusion-flex-align-self-center\" style=\"--awb-bg-size:cover;--awb-width-large:50%;--awb-margin-top-large:0px;--awb-spacing-right-large:3.84%;--awb-margin-bottom-large:20px;--awb-spacing-left-large:3.84%;--awb-width-medium:50%;--awb-order-medium:0;--awb-spacing-right-medium:3.84%;--awb-spacing-left-medium:3.84%;--awb-width-small:100%;--awb-order-small:0;--awb-spacing-right-small:1.92%;--awb-spacing-left-small:1.92%;\" data-scroll-devices=\"small-visibility,medium-visibility,large-visibility\"><div class=\"fusion-column-wrapper fusion-column-has-shadow fusion-flex-justify-content-center fusion-content-layout-column\"><div class=\"fusion-title title fusion-title-2 fusion-sep-none fusion-title-text fusion-title-size-three\"><h3 class=\"fusion-title-heading title-heading-left\" style=\"margin:0;text-transform:capitalize;\">Agriculture responsable et durable<\/h3><\/div><div class=\"fusion-text fusion-text-2\"><p>Notre mod\u00e8le de production repose sur des pratiques agricoles<strong data-start=\"1235\" data-end=\"1272\"> respectueuses de l\u2019environnement.<\/strong> Chez Evyan, nous utilisons des techniques d\u2019irrigation performantes, la lutte biologique contre les ravageurs et une gestion durable des sols afin de r\u00e9duire notre impact environnemental et d\u2019am\u00e9liorer notre productivit\u00e9. <\/p>\n<p>Nous encourageons la<strong data-start=\"1462\" data-end=\"1503\"> collaboration avec les agriculteurs locaux<\/strong> et nous nous engageons pour le d\u00e9veloppement des communaut\u00e9s rurales de Valence.<\/p>\n<p>Cette approche nous permet de proposer un produit naturel et sain, cultiv\u00e9 selon des crit\u00e8res de <strong data-start=\"1668\" data-end=\"1706\">responsabilit\u00e9 sociale et \u00e9cologique.<\/strong><\/p>\n<p>Chaque orange Evyan est le fruit d\u2019un \u00e9quilibre entre tradition, innovation et durabilit\u00e9.<\/p>\n<\/div><div ><a class=\"fusion-button button-flat button-xlarge button-default fusion-button-default button-2 fusion-button-default-span fusion-button-default-type\" style=\"--button-border-radius-top-left:0;--button-border-radius-top-right:0;--button-border-radius-bottom-right:0;--button-border-radius-bottom-left:0;\" target=\"_self\" href=\"https:\/\/evyan.es\/sobre-nosotros\/\"><span class=\"fusion-button-text awb-button__text awb-button__text--default\">\u00c0 propos de nous<\/span><\/a><\/div><\/div><\/div><\/div><\/div><div class=\"fusion-fullwidth fullwidth-box fusion-builder-row-3 fusion-flex-container has-pattern-background has-mask-background nonhundred-percent-fullwidth non-hundred-percent-height-scrolling\" style=\"--awb-border-radius-top-left:0px;--awb-border-radius-top-right:0px;--awb-border-radius-bottom-right:0px;--awb-border-radius-bottom-left:0px;--awb-margin-top:20px;--awb-margin-bottom:20px;--awb-flex-wrap:wrap;\" ><div class=\"fusion-builder-row fusion-row fusion-flex-align-items-stretch fusion-flex-content-wrap\" style=\"max-width:1393.6px;margin-left: calc(-4% \/ 2 );margin-right: calc(-4% \/ 2 );\"><div class=\"fusion-layout-column fusion_builder_column fusion-builder-column-3 fusion_builder_column_1_2 1_2 fusion-flex-column fusion-flex-align-self-center\" style=\"--awb-bg-size:cover;--awb-width-large:50%;--awb-margin-top-large:0px;--awb-spacing-right-large:3.84%;--awb-margin-bottom-large:20px;--awb-spacing-left-large:3.84%;--awb-width-medium:50%;--awb-order-medium:0;--awb-spacing-right-medium:3.84%;--awb-spacing-left-medium:3.84%;--awb-width-small:100%;--awb-order-small:0;--awb-spacing-right-small:1.92%;--awb-spacing-left-small:1.92%;\" data-scroll-devices=\"small-visibility,medium-visibility,large-visibility\"><div class=\"fusion-column-wrapper fusion-column-has-shadow fusion-flex-justify-content-center fusion-content-layout-column\"><div class=\"fusion-title title fusion-title-3 fusion-sep-none fusion-title-text fusion-title-size-three\"><h3 class=\"fusion-title-heading title-heading-left\" style=\"margin:0;text-transform:capitalize;\">De nos champs \u00e0 votre entreprise<\/h3><\/div><div class=\"fusion-text fusion-text-3\"><p>En tant que <strong data-start=\"1886\" data-end=\"1930\">producteurs et distributeurs d\u2019oranges<\/strong>, nous garantissons une f<strong data-start=\"1948\" data-end=\"1966\">ra\u00eecheur optimale<\/strong>, de la r\u00e9colte \u00e0 la livraison.<br \/>Nous disposons d\u2019une cha\u00eene logistique frigorifique et \u00e0 temp\u00e9rature contr\u00f4l\u00e9e qui garantit la pr\u00e9servation de la saveur et des qualit\u00e9s nutritionnelles de chaque produit.<br \/>Nous collaborons avec les supermarch\u00e9s, les distributeurs, les restaurants et les entreprises du secteur alimentaire, en nous adaptant \u00e0 leurs besoins en termes de volume, de d\u00e9lais et de pr\u00e9sentation des produits.<br \/>Chez Evyan, chaque exp\u00e9dition est planifi\u00e9e pour r\u00e9pondre aux exigences les plus strictes en mati\u00e8re de ponctualit\u00e9 et de qualit\u00e9.<\/p>\n<\/div><div ><a class=\"fusion-button button-flat button-xlarge button-default fusion-button-default button-3 fusion-button-default-span fusion-button-default-type\" style=\"--button-border-radius-top-left:0;--button-border-radius-top-right:0;--button-border-radius-bottom-right:0;--button-border-radius-bottom-left:0;\" target=\"_self\" href=\"https:\/\/evyan.es\/fr\/oranges\/\"><span class=\"fusion-button-text awb-button__text awb-button__text--default\">Produits<\/span><\/a><\/div><\/div><\/div><div class=\"fusion-layout-column fusion_builder_column fusion-builder-column-4 fusion_builder_column_1_2 1_2 fusion-flex-column fusion-flex-align-self-stretch\" style=\"--awb-bg-size:cover;--awb-width-large:50%;--awb-margin-top-large:0px;--awb-spacing-right-large:3.84%;--awb-margin-bottom-large:20px;--awb-spacing-left-large:3.84%;--awb-width-medium:50%;--awb-order-medium:0;--awb-spacing-right-medium:3.84%;--awb-spacing-left-medium:3.84%;--awb-width-small:100%;--awb-order-small:0;--awb-spacing-right-small:1.92%;--awb-spacing-left-small:1.92%;\" data-scroll-devices=\"small-visibility,medium-visibility,large-visibility\"><div class=\"fusion-column-wrapper lazyload fusion-column-has-shadow fusion-flex-justify-content-flex-start fusion-content-layout-column fusion-empty-column-bg-image fusion-column-has-bg-image\" data-bg-url=\"https:\/\/evyan.es\/wp-content\/uploads\/2025\/10\/empleo-evyan-3.jpeg\" data-bg=\"https:\/\/evyan.es\/wp-content\/uploads\/2025\/10\/empleo-evyan-3.jpeg\"><img decoding=\"async\" class=\"fusion-empty-dims-img-placeholder fusion-no-large-visibility fusion-no-medium-visibility\" aria-label=\"empleo evyan 3\" src=\"data:image\/svg+xml,%3Csvg%20xmlns%3D%27http%3A%2F%2Fwww.w3.org%2F2000%2Fsvg%27%20width%3D%271009%27%20height%3D%27931%27%20viewBox%3D%270%200%201009%20931%27%3E%3Crect%20width%3D%271009%27%20height%3D%27931%27%20fill-opacity%3D%220%22%2F%3E%3C%2Fsvg%3E\"><\/div><\/div><\/div><\/div><div class=\"fusion-fullwidth fullwidth-box fusion-builder-row-4 fusion-flex-container has-pattern-background has-mask-background nonhundred-percent-fullwidth non-hundred-percent-height-scrolling\" style=\"--awb-border-radius-top-left:0px;--awb-border-radius-top-right:0px;--awb-border-radius-bottom-right:0px;--awb-border-radius-bottom-left:0px;--awb-margin-top:20px;--awb-margin-bottom:20px;--awb-flex-wrap:wrap;\" ><div class=\"fusion-builder-row fusion-row fusion-flex-align-items-flex-start fusion-flex-content-wrap\" style=\"max-width:1393.6px;margin-left: calc(-4% \/ 2 );margin-right: calc(-4% \/ 2 );\"><div class=\"fusion-layout-column fusion_builder_column fusion-builder-column-5 fusion_builder_column_1_1 1_1 fusion-flex-column\" style=\"--awb-bg-size:cover;--awb-width-large:100%;--awb-margin-top-large:0px;--awb-spacing-right-large:1.92%;--awb-margin-bottom-large:20px;--awb-spacing-left-large:1.92%;--awb-width-medium:100%;--awb-order-medium:0;--awb-spacing-right-medium:1.92%;--awb-spacing-left-medium:1.92%;--awb-width-small:100%;--awb-order-small:0;--awb-spacing-right-small:1.92%;--awb-spacing-left-small:1.92%;\"><div class=\"fusion-column-wrapper fusion-column-has-shadow fusion-flex-justify-content-flex-start fusion-content-layout-column\"><div class=\"fusion-title title fusion-title-4 fusion-sep-none fusion-title-center fusion-title-text fusion-title-size-two\"><h2 class=\"fusion-title-heading title-heading-center\" style=\"margin:0;text-transform:capitalize;\">Contactez votre producteur d\u2019oranges de confiance<\/h2><\/div><div class=\"fusion-text fusion-text-4\" style=\"--awb-content-alignment:center;\"><p>Vous <strong data-start=\"2550\" data-end=\"2582\">recherchez un producteur d\u2019oranges fiable <\/strong>qui allie exp\u00e9rience, durabilit\u00e9 et service personnalis\u00e9 ? Chez Evyan, nous proposons des solutions adapt\u00e9es \u00e0 vos besoins.<\/p>\n<\/div><div style=\"text-align:center;\"><a class=\"fusion-button button-flat button-xlarge button-default fusion-button-default button-4 fusion-button-default-span fusion-button-default-type\" style=\"--button-border-radius-top-left:0;--button-border-radius-top-right:0;--button-border-radius-bottom-right:0;--button-border-radius-bottom-left:0;\" target=\"_self\" href=\"https:\/\/evyan.es\/fr\/contact\/\"><span class=\"fusion-button-text awb-button__text awb-button__text--default\">Contactez-nous<\/span><\/a><\/div><\/div><\/div><\/div><\/div><\/p>\n","protected":false},"excerpt":{"rendered":"","protected":false},"author":3,"featured_media":0,"parent":0,"menu_order":0,"comment_status":"closed","ping_status":"closed","template":"","meta":{"footnotes":""},"class_list":["post-3097","page","type-page","status-publish","hentry"],"yoast_head":"<!-- This site is optimized with the Yoast SEO plugin v26.1.1 - https:\/\/yoast.com\/wordpress\/plugins\/seo\/ -->\n<title>Evyan | Producteur d&#039;oranges valenciennes | Culture, qualit\u00e9<\/title>\n<meta name=\"description\" content=\"Evyan, producteur d&#039;oranges valenciennes. Nous cultivons, s\u00e9lectionnons et distribuons des oranges fra\u00eeches d&#039;origine garantie, durables et au go\u00fbt m\u00e9diterran\u00e9en authentique, directement du champ.\" \/>\n<meta name=\"robots\" content=\"index, follow, max-snippet:-1, max-image-preview:large, max-video-preview:-1\" \/>\n<link rel=\"canonical\" href=\"https:\/\/evyan.es\/fr\/producteur-doranges\/\" \/>\n<meta property=\"og:locale\" content=\"fr_FR\" \/>\n<meta property=\"og:type\" content=\"article\" \/>\n<meta property=\"og:title\" content=\"Evyan | Producteur d&#039;oranges valenciennes | Culture, qualit\u00e9\" \/>\n<meta property=\"og:description\" content=\"Evyan, producteur d&#039;oranges valenciennes. Nous cultivons, s\u00e9lectionnons et distribuons des oranges fra\u00eeches d&#039;origine garantie, durables et au go\u00fbt m\u00e9diterran\u00e9en authentique, directement du champ.\" \/>\n<meta property=\"og:url\" content=\"https:\/\/evyan.es\/fr\/producteur-doranges\/\" \/>\n<meta property=\"og:site_name\" content=\"Evyan\" \/>\n<meta property=\"article:modified_time\" content=\"2025-11-12T10:31:24+00:00\" \/>\n<meta name=\"twitter:card\" content=\"summary_large_image\" \/>\n<meta name=\"twitter:label1\" content=\"Dur\u00e9e de lecture estim\u00e9e\" \/>\n\t<meta name=\"twitter:data1\" content=\"38 minutes\" \/>\n<!-- \/ Yoast SEO plugin. -->","yoast_head_json":{"title":"Evyan | Producteur d'oranges valenciennes | Culture, qualit\u00e9","description":"Evyan, producteur d'oranges valenciennes. Nous cultivons, s\u00e9lectionnons et distribuons des oranges fra\u00eeches d'origine garantie, durables et au go\u00fbt m\u00e9diterran\u00e9en authentique, directement du champ.","robots":{"index":"index","follow":"follow","max-snippet":"max-snippet:-1","max-image-preview":"max-image-preview:large","max-video-preview":"max-video-preview:-1"},"canonical":"https:\/\/evyan.es\/fr\/producteur-doranges\/","og_locale":"fr_FR","og_type":"article","og_title":"Evyan | Producteur d'oranges valenciennes | Culture, qualit\u00e9","og_description":"Evyan, producteur d'oranges valenciennes. Nous cultivons, s\u00e9lectionnons et distribuons des oranges fra\u00eeches d'origine garantie, durables et au go\u00fbt m\u00e9diterran\u00e9en authentique, directement du champ.","og_url":"https:\/\/evyan.es\/fr\/producteur-doranges\/","og_site_name":"Evyan","article_modified_time":"2025-11-12T10:31:24+00:00","twitter_card":"summary_large_image","twitter_misc":{"Dur\u00e9e de lecture estim\u00e9e":"38 minutes"},"schema":{"@context":"https:\/\/schema.org","@graph":[{"@type":"WebPage","@id":"https:\/\/evyan.es\/fr\/producteur-doranges\/","url":"https:\/\/evyan.es\/fr\/producteur-doranges\/","name":"Evyan | Producteur d'oranges valenciennes | Culture, qualit\u00e9","isPartOf":{"@id":"https:\/\/evyan.es\/fr\/#website"},"datePublished":"2025-11-11T10:25:45+00:00","dateModified":"2025-11-12T10:31:24+00:00","description":"Evyan, producteur d'oranges valenciennes. Nous cultivons, s\u00e9lectionnons et distribuons des oranges fra\u00eeches d'origine garantie, durables et au go\u00fbt m\u00e9diterran\u00e9en authentique, directement du champ.","breadcrumb":{"@id":"https:\/\/evyan.es\/fr\/producteur-doranges\/#breadcrumb"},"inLanguage":"fr-FR","potentialAction":[{"@type":"ReadAction","target":["https:\/\/evyan.es\/fr\/producteur-doranges\/"]}]},{"@type":"BreadcrumbList","@id":"https:\/\/evyan.es\/fr\/producteur-doranges\/#breadcrumb","itemListElement":[{"@type":"ListItem","position":1,"name":"Portada","item":"https:\/\/evyan.es\/fr\/"},{"@type":"ListItem","position":2,"name":"Producteur d&#8217;oranges"}]},{"@type":"WebSite","@id":"https:\/\/evyan.es\/fr\/#website","url":"https:\/\/evyan.es\/fr\/","name":"Evyan","description":"","potentialAction":[{"@type":"SearchAction","target":{"@type":"EntryPoint","urlTemplate":"https:\/\/evyan.es\/fr\/?s={search_term_string}"},"query-input":{"@type":"PropertyValueSpecification","valueRequired":true,"valueName":"search_term_string"}}],"inLanguage":"fr-FR"}]}},"_hostinger_reach_plugin_has_subscription_block":false,"_hostinger_reach_plugin_is_elementor":false,"_links":{"self":[{"href":"https:\/\/evyan.es\/fr\/wp-json\/wp\/v2\/pages\/3097","targetHints":{"allow":["GET"]}}],"collection":[{"href":"https:\/\/evyan.es\/fr\/wp-json\/wp\/v2\/pages"}],"about":[{"href":"https:\/\/evyan.es\/fr\/wp-json\/wp\/v2\/types\/page"}],"author":[{"embeddable":true,"href":"https:\/\/evyan.es\/fr\/wp-json\/wp\/v2\/users\/3"}],"replies":[{"embeddable":true,"href":"https:\/\/evyan.es\/fr\/wp-json\/wp\/v2\/comments?post=3097"}],"version-history":[{"count":2,"href":"https:\/\/evyan.es\/fr\/wp-json\/wp\/v2\/pages\/3097\/revisions"}],"predecessor-version":[{"id":3099,"href":"https:\/\/evyan.es\/fr\/wp-json\/wp\/v2\/pages\/3097\/revisions\/3099"}],"wp:attachment":[{"href":"https:\/\/evyan.es\/fr\/wp-json\/wp\/v2\/media?parent=3097"}],"curies":[{"name":"wp","href":"https:\/\/api.w.org\/{rel}","templated":true}]}}