{"id":3085,"date":"2025-10-15T06:56:45","date_gmt":"2025-10-15T06:56:45","guid":{"rendered":"https:\/\/evyan.es\/politique-de-confidentialite\/"},"modified":"2025-10-15T06:56:45","modified_gmt":"2025-10-15T06:56:45","slug":"politique-de-confidentialite","status":"publish","type":"page","link":"https:\/\/evyan.es\/fr\/politique-de-confidentialite\/","title":{"rendered":"politique de confidentialit\u00e9"},"content":{"rendered":"<h2>POLITIQUE DE PROTECTION DES DONN\u00c9ES<\/h2>\n<p>Conform\u00e9ment aux dispositions de la loi 34\/2002 LSSICE et du r\u00e8glement (UE) 2016\/679 du Parlement europ\u00e9en et du Conseil du 27 avril 2016 relatif \u00e0 la protection des personnes physiques \u00e0 l\u2019\u00e9gard du traitement des donn\u00e9es \u00e0 caract\u00e8re personnel et \u00e0 la libre circulation de ces donn\u00e9es, nous vous informons que :<\/p>\n<p>Il est g\u00e9n\u00e9ralement possible d&rsquo;utiliser notre site web sans fournir de donn\u00e9es personnelles. Si vos donn\u00e9es personnelles (par exemple, nom, adresse ou courriel) sont collect\u00e9es sur nos sites web, leur communication est, dans la mesure du possible, toujours facultative. <\/p>\n<p>Nous vous expliquons ici quand nous collectons des donn\u00e9es, qui est responsable des donn\u00e9es collect\u00e9es, la l\u00e9gitimit\u00e9 de cette collecte, \u00e0 quelles fins nous les collectons, ce que nous faisons de vos donn\u00e9es et comment nous les prot\u00e9geons, et comment vous pouvez exercer vos droits.<\/p>\n<p>Plus important encore : nous ne partagerons, ne vendrons ni ne louerons vos informations personnelles \u00e0 des tiers. Je pourrais toutefois partager certaines informations avec des prestataires de services tiers autoris\u00e9s, dans la mesure n\u00e9cessaire \u00e0 la fourniture de nos services. <\/p>\n<h3><strong>1. Qui est responsable de vos donn\u00e9es et \u00e0 qui les fournissez-vous ?<\/strong><\/h3>\n<p>evyan.com, dont il est propri\u00e9taire :<\/p>\n<p>Evyan SL<\/p>\n<p>B46006722<\/p>\n<p>Poligono industrial raco canyeres, s\/n, 46660 Manuel, Valencia<\/p>\n<p>(ci-apr\u00e8s, \u00ab evyan.com \u00bb), est responsable du traitement des donn\u00e9es collect\u00e9es via ce site web, les applications et autres supports num\u00e9riques ou imprim\u00e9s dans lesquels evyan.com demande des donn\u00e9es personnelles.<\/p>\n<h3><strong>2. R\u00e9sum\u00e9 de la mani\u00e8re dont nous utilisons vos donn\u00e9es<\/strong><\/h3>\n<p>evyan.com utilise vos donn\u00e9es personnelles \u00e0 diverses fins, en fonction de votre relation avec evyan.com, que ce soit pour g\u00e9rer votre relation en tant que client, acheter nos services, g\u00e9rer la facturation et nous assurer que nous pouvons communiquer efficacement avec vous, vous envoyer des informations en tant qu&rsquo;abonn\u00e9 ou r\u00e9pondre \u00e0 vos demandes de renseignements, demandes de devis, etc.<\/p>\n<h3><strong>Syst\u00e8mes de collecte de donn\u00e9es, finalit\u00e9s, l\u00e9gitimit\u00e9 et dur\u00e9e du traitement de vos donn\u00e9es :<\/strong><\/h3>\n<p>Si vous avez rempli un formulaire de contact pour nous faire part d&rsquo;une demande d&rsquo;informations ou de devis et que vous avez coch\u00e9 la case d&rsquo;acceptation correspondante, le traitement de vos donn\u00e9es est fond\u00e9 sur votre consentement. Dans ce cas, vos donn\u00e9es seront trait\u00e9es uniquement pour r\u00e9pondre \u00e0 votre demande, supprim\u00e9es 7 jours apr\u00e8s notre dernier \u00e9change, et conserv\u00e9es \u00e0 des fins statistiques et historiques.<\/p>\n<p>Si vous vous inscrivez sur le site web via le formulaire d&rsquo;inscription pour cr\u00e9er un compte utilisateur et acc\u00e9der aux espaces n\u00e9cessitant un identifiant et un mot de passe, et que vous avez coch\u00e9 la case d&rsquo;acceptation correspondante, nous disposons de votre consentement explicite et \u00e9clair\u00e9. Le traitement de vos donn\u00e9es est fond\u00e9 sur votre consentement. Ce traitement a pour finalit\u00e9 de vous authentifier dans le syst\u00e8me et de vous donner acc\u00e8s \u00e0 ces espaces priv\u00e9s. Vos donn\u00e9es seront supprim\u00e9es lorsque votre inscription sera d\u00e9sactiv\u00e9e ou annul\u00e9e. Vous pouvez vous d\u00e9sinscrire \u00e0 tout moment.  <\/p>\n<p>Si vous souscrivez \u00e0 l&rsquo;un de nos services, le traitement de vos donn\u00e9es est fond\u00e9 sur la relation contractuelle formalis\u00e9e. Ce traitement a pour finalit\u00e9 la r\u00e9alisation des t\u00e2ches administratives n\u00e9cessaires, la facturation, le service client, les notifications de s\u00e9curit\u00e9 technique, l&rsquo;assistance et les mises \u00e0 jour de service, les communications relatives aux modifications de prix ou de conditions, les enqu\u00eates de satisfaction et autres communications li\u00e9es aux services souscrits, ainsi que les communications requises par les autorit\u00e9s publiques. Vos donn\u00e9es seront supprim\u00e9es, conform\u00e9ment \u00e0 la loi, six ans apr\u00e8s la fin de votre relation client. <\/p>\n<p>Si vous vous inscrivez \u00e0 notre liste de diffusion ou si vous manifestez votre souhait de recevoir des informations marketing concernant notre entreprise et nos services, et que vous avez coch\u00e9 la case d&rsquo;acceptation correspondante, le traitement de vos donn\u00e9es est fond\u00e9 sur votre consentement. Ce traitement a pour finalit\u00e9 de vous envoyer des informations marketing, des actualit\u00e9s, des promotions et des publicit\u00e9s relatives \u00e0 nos services et produits. Vous pouvez vous d\u00e9sinscrire \u00e0 tout moment en envoyant un courriel \u00e0 bajas@evyan.com ou en cliquant sur le lien de d\u00e9sinscription pr\u00e9sent dans chaque courriel que vous recevez. <\/p>\n<p><strong>Cookies :<\/strong> Lorsque l\u2019utilisateur s\u2019inscrit ou navigue sur ce site web, des \u00ab cookies \u00bb sont enregistr\u00e9s. L\u2019utilisateur peut consulter \u00e0 tout moment la politique relative aux cookies pour obtenir plus d\u2019informations sur leur utilisation et sur la mani\u00e8re de les d\u00e9sactiver.<\/p>\n<p><strong>Google Analytics,<\/strong> syst\u00e8me de suivi utilis\u00e9 sur ce site : gr\u00e2ce \u00e0 ces plateformes tierces, les pr\u00e9f\u00e9rences de vos utilisateurs, leurs caract\u00e9ristiques d\u00e9mographiques, leurs habitudes de trafic et d\u2019autres informations agr\u00e9g\u00e9es sont \u00e9tudi\u00e9es afin de mieux comprendre qui compose votre public et ce dont il a besoin.<\/p>\n<h3><strong>Quelles informations collectons-nous, quelle cat\u00e9gorie de donn\u00e9es traitons-nous ?<\/strong><\/h3>\n<p>Nous collectons et traitons vos donn\u00e9es personnelles lorsque vous interagissez avec nous et nos sites web, et lorsque vous achetez nos services. Selon le type d&rsquo;interaction, nous vous demanderons diff\u00e9rentes donn\u00e9es. <\/p>\n<p>Par exemple, dans un formulaire de contact, nous vous demanderons votre num\u00e9ro de t\u00e9l\u00e9phone, votre adresse e-mail et votre nom, mais dans un contrat, nous aurons \u00e9galement besoin de votre NIF\/CIF ou de vos moyens de paiement.<\/p>\n<p><strong>Les donn\u00e9es que nous demandons sont des donn\u00e9es d&rsquo;identification et comprennent :<\/strong><\/p>\n<ul>\n<li>votre nom<\/li>\n<li>Votre adresse e-mail<\/li>\n<li>votre num\u00e9ro de t\u00e9l\u00e9phone<\/li>\n<li>votre adresse postale<\/li>\n<li>vos informations de paiement (y compris votre adresse de facturation, votre num\u00e9ro d&rsquo;identification et\/ou votre num\u00e9ro d&rsquo;identification fiscale, vos coordonn\u00e9es bancaires, etc., le cas \u00e9ch\u00e9ant)<\/li>\n<li>Informations relatives au navigateur ou \u00e0 l&rsquo;appareil que vous utilisez pour acc\u00e9der \u00e0 notre site web ;<\/li>\n<li>L&rsquo;adresse IP depuis laquelle vous vous connectez, afin de v\u00e9rifier nos communications et\/ou de fournir ces informations sur demande des forces et corps de s\u00e9curit\u00e9 de l&rsquo;\u00c9tat, des juges, du procureur g\u00e9n\u00e9ral, des tribunaux, de la Cour des comptes ou du m\u00e9diateur.<\/li>\n<\/ul>\n<h3><strong>MESURES DE S\u00c9CURIT\u00c9.<\/strong><\/h3>\n<p>evyan.com vous informe avoir mis en \u0153uvre les mesures de s\u00e9curit\u00e9 techniques et organisationnelles n\u00e9cessaires pour garantir la s\u00e9curit\u00e9 de vos donn\u00e9es personnelles et emp\u00eacher leur alt\u00e9ration, leur perte, leur traitement non autoris\u00e9 et\/ou leur acc\u00e8s non autoris\u00e9, en tenant compte de l&rsquo;\u00e9tat des connaissances, de la nature des donn\u00e9es stock\u00e9es et des risques auxquels elles sont expos\u00e9es, qu&rsquo;ils soient d&rsquo;origine humaine ou li\u00e9s \u00e0 l&rsquo;environnement physique ou naturel. Ces mesures sont conformes aux dispositions du RGPD. <\/p>\n<p>Par ailleurs, evyan.com a mis en \u0153uvre des mesures suppl\u00e9mentaires pour renforcer la confidentialit\u00e9 et l&rsquo;int\u00e9grit\u00e9 des informations au sein de son organisation, en surveillant, contr\u00f4lant et \u00e9valuant en permanence les processus afin de garantir le respect de la vie priv\u00e9e des donn\u00e9es. <\/p>\n<h3><strong>Quels sont mes droits ?<\/strong><\/h3>\n<p>Vous avez le droit de nous demander une copie de vos donn\u00e9es personnelles ; de les corriger, de les supprimer ou d&rsquo;en limiter (interrompre tout traitement actif) le traitement ; et d&rsquo;obtenir les donn\u00e9es personnelles que vous nous fournissez dans le cadre d&rsquo;un contrat ou avec votre consentement, dans un format structur\u00e9 et lisible par machine, et de nous demander de transf\u00e9rer ces donn\u00e9es \u00e0 un autre responsable du traitement.<\/p>\n<p><strong>De plus, vous pouvez \u00e0 tout moment vous opposer au traitement de vos donn\u00e9es personnelles, l&rsquo;annuler ou le supprimer.<\/strong><\/p>\n<p>Ces droits peuvent \u00eatre limit\u00e9s, par exemple si vous nous demandez de supprimer des informations que nous sommes l\u00e9galement tenus de conserver ou pour lesquelles nous avons des int\u00e9r\u00eats l\u00e9gitimes imp\u00e9rieux.<\/p>\n<p><strong>Droits:<\/strong><\/p>\n<ul>\n<li>Droit d&rsquo;acc\u00e8s \u00e0 vos donn\u00e9es personnelles.<\/li>\n<li>Droit de demander sa rectification ou sa suppression.<\/li>\n<li>Droit de demander la limitation de votre traitement.<\/li>\n<li>Droit de vous opposer au traitement de vos donn\u00e9es.<\/li>\n<li>Droit \u00e0 la portabilit\u00e9 des donn\u00e9es.<\/li>\n<li>Droit de retirer son consentement.<\/li>\n<\/ul>\n<p>Pour exercer l&rsquo;un de ces droits, vous pouvez nous contacter \u00e0 l&rsquo;adresse info@evyan.com ou en envoyant une demande \u00e9crite \u00e0 evyan.com, Poligono industrial raco canyeres, s\/n, 46660 Manuel, Valence, Espagne.<span style=\"font-size: medium;\"> <\/span>\u00e0 l&rsquo;attention du service \u00ab Protection des donn\u00e9es \u00bb, en indiquant clairement la demande ou le droit que vous exercez, ainsi que vos nom, pr\u00e9nom et adresse postale, et en joignant une copie de votre carte d&rsquo;identit\u00e9 ou de tout autre document l\u00e9galement valable prouvant votre identit\u00e9, afin de vous identifier sans \u00e9quivoque.<\/p>\n<h3><strong>\u00c0 qui mes donn\u00e9es sont-elles communiqu\u00e9es ? Qui d\u2019autre a acc\u00e8s \u00e0 mes donn\u00e9es ?<\/strong><\/h3>\n<p>evyan.com peut communiquer vos donn\u00e9es afin de remplir ses obligations envers les administrations publiques lorsque la l\u00e9gislation en vigueur l&rsquo;exige et, le cas \u00e9ch\u00e9ant, \u00e9galement \u00e0 d&rsquo;autres organismes tels que les forces et corps de s\u00e9curit\u00e9 de l&rsquo;\u00c9tat, les juges, le parquet, les tribunaux, la Cour des comptes ou le m\u00e9diateur.<\/p>\n<p>De m\u00eame, les donn\u00e9es personnelles du CLIENT peuvent \u00eatre consult\u00e9es par des soci\u00e9t\u00e9s tierces ou des professionnels avec lesquels evyan.com travaille (cabinets de conseil, h\u00e9bergeurs web, agences de marketing, etc.) et dont l&rsquo;acc\u00e8s est n\u00e9cessaire \u00e0 la fourniture du service, notamment l&rsquo;acc\u00e8s au site web, les communications via le site web, la conclusion de contrats de services, l&rsquo;envoi d&rsquo;informations commerciales, le respect des obligations l\u00e9gales et\/ou la collecte de donn\u00e9es.<\/p>\n<p>Ces entreprises ne sont en aucun cas autoris\u00e9es \u00e0 utiliser vos donn\u00e9es \u00e0 d&rsquo;autres fins que celles stipul\u00e9es dans l&rsquo;accord de traitement des donn\u00e9es par des tiers sign\u00e9 avec chacune d&rsquo;elles.<br \/>Tiers traitant vos donn\u00e9es :<\/p>\n<p>Notre fournisseur d&rsquo;h\u00e9bergement web (ZONADEWEB \u2013 Juan Vicente Navarro Garc\u00eda), en tant que fournisseur de services d&rsquo;h\u00e9bergement web et de messagerie, de transmission et de stockage de donn\u00e9es via le web et le courrier \u00e9lectronique, et en tant qu&rsquo;administrateur de nos syst\u00e8mes web sur Internet, aura acc\u00e8s \u00e0 vos donn\u00e9es dans le seul but de r\u00e9soudre les probl\u00e8mes li\u00e9s \u00e0 notre h\u00e9bergement web, d&rsquo;effectuer des tests de messagerie, de r\u00e9aliser des mises \u00e0 jour, de d\u00e9panner et de v\u00e9rifier les tables de base de donn\u00e9es comportant des erreurs, ainsi que d&rsquo;autres fonctions techniques inh\u00e9rentes au service contract\u00e9, ce qui nous permettra de fournir correctement l&rsquo;h\u00e9bergement web, l&rsquo;enregistrement de noms de domaine, la messagerie \u00e9lectronique et d&rsquo;autres services Internet.<\/p>\n<p>Nos services de conseil auront acc\u00e8s \u00e0 vos donn\u00e9es pour la bonne organisation et la gestion des factures, de la comptabilit\u00e9, des recouvrements et des paiements, ainsi que pour d&rsquo;autres fonctions administratives.<\/p>\n<p>Pour fournir les services strictement n\u00e9cessaires au d\u00e9veloppement de son activit\u00e9, evyan.com fait \u00e9galement appel \u00e0 ces autres prestataires de services dans le respect de leurs conditions de confidentialit\u00e9 respectives.<\/p>\n<ul>\n<li>Plateforme du site web : WordPress.org<\/li>\n<li>Plateformes de mod\u00e8les WordPress : Avada<\/li>\n<li>Confidentialit\u00e9 des sources de suivi utilis\u00e9es sur ce site : Google (Analytics)<\/li>\n<\/ul>\n<p>En tant que responsable du traitement des donn\u00e9es, evyan.com conclura un contrat de service avec tout tiers traitant vos donn\u00e9es. Ces tiers agiront en qualit\u00e9 de sous-traitants au sens du RGPD. Ce contrat pr\u00e9cisera les instructions d&rsquo;evyan.com au sous-traitant concernant l&rsquo;utilisation des donn\u00e9es, le niveau et les mesures de s\u00e9curit\u00e9 applicables, ainsi que les garanties \u00e9tablies pour l&rsquo;utilisation et la suppression des donn\u00e9es une fois le service contractuel termin\u00e9. <\/p>\n<h3><strong>Autres tiers ayant acc\u00e8s aux donn\u00e9es via les cookies : outils d\u2019analyse web et r\u00e9seaux sociaux<\/strong><\/h3>\n<p>Nous utilisons l&rsquo;outil statistique Google Analytics. Ce service utilise des cookies pour collecter des informations \u00e0 des fins d&rsquo;analyse web et de publicit\u00e9. Pour en savoir plus, veuillez consulter notre Politique relative aux cookies.  <\/p>\n<p>Sur notre site web, nous proposons des liens et des services li\u00e9s \u00e0 diff\u00e9rents r\u00e9seaux sociaux (par exemple, le bouton \u00ab J\u2019aime \u00bb de Facebook). Si vous \u00eates membre d\u2019un r\u00e9seau social et que vous cliquez sur le lien correspondant, le fournisseur du r\u00e9seau social peut associer les donn\u00e9es de votre profil aux informations relatives \u00e0 votre visite sur ce site web. <\/p>\n<p>Facebook : Sur les pages web d\u2019evyan.com proposant du contenu Facebook, Facebook utilise des cookies pour s\u00e9lectionner le contenu affich\u00e9 dans chaque section. Toutes les informations concernant l\u2019utilisation des cookies par Facebook sont disponibles \u00e0 l\u2019adresse suivante : http:\/\/www.facebook.com\/help\/cookies?ref_type=sitefooter. Pour plus d\u2019informations, veuillez consulter notre Politique relative aux cookies. <\/p>\n<p>Si un utilisateur partage du contenu provenant des sites web d&rsquo;evyan.com sur certains r\u00e9seaux sociaux, ces sites peuvent d\u00e9poser des cookies lors de leur inscription. evyan.com n&rsquo;a aucun contr\u00f4le sur la distribution et la gestion de ces cookies ; il est donc conseill\u00e9 aux utilisateurs de consulter les politiques de confidentialit\u00e9 de ces r\u00e9seaux sociaux. <\/p>\n<p>Sur les sites web, applications et autres supports num\u00e9riques d&rsquo;evyan.com, des photos et vid\u00e9os provenant de plateformes telles que YouTube, Instagram et Flickr sont parfois int\u00e9gr\u00e9es. Ces contenus sont int\u00e9gr\u00e9s \u00e0 nos sites web, et les sites r\u00e9f\u00e9rents peuvent utiliser des cookies. evyan.com n&rsquo;a aucun contr\u00f4le sur la distribution et la gestion de ces cookies ; nous vous recommandons donc de consulter les politiques de confidentialit\u00e9 de ces sites pour en savoir plus sur leur utilisation.  <\/p>\n<p>Vous pouvez consulter \u00e0 tout moment les politiques de confidentialit\u00e9 des diff\u00e9rents r\u00e9seaux sociaux et configurer votre profil pour garantir la protection de vos donn\u00e9es. Nous vous invitons \u00e0 prendre connaissance des conditions d&rsquo;utilisation de ces r\u00e9seaux sociaux avant de les utiliser. <\/p>\n<ul>\n<li>Facebook: https:\/\/www.facebook.com\/help\/323540651073243\/<\/li>\n<li>Youtube: http:\/\/www.google.es\/intl\/es\/policies\/privacy\/<\/li>\n<li>Google Plus: http:\/\/www.google.es\/intl\/es\/policies\/privacy\/<\/li>\n<li>Twitter: https:\/\/twitter.com\/privacy<\/li>\n<li>Instagram: https:\/\/help.instagram.com\/155833707900388<\/li>\n<\/ul>\n<p><strong>En tout \u00e9tat de cause, evyan.com s&rsquo;engage \u00e0 appliquer les garanties suivantes :<\/strong><\/p>\n<ol>\n<li>Les donn\u00e9es collect\u00e9es ne seront en aucun cas transf\u00e9r\u00e9es \u00e0 des tiers, sauf pour les finalit\u00e9s d\u00e9crites dans chaque collecte de donn\u00e9es et les obligations l\u00e9gales applicables.<\/li>\n<li>Utiliser les donn\u00e9es personnelles uniquement et exclusivement aux fins indiqu\u00e9es<\/li>\n<li>Pour supprimer les donn\u00e9es personnelles de l&rsquo;UTILISATEUR ou de la personne concern\u00e9e, la p\u00e9riode de suppression de ces donn\u00e9es sera la suivante : elles seront conserv\u00e9es tant que la relation avec l&rsquo;entit\u00e9 est maintenue et que leur suppression n&rsquo;est pas demand\u00e9e par la personne concern\u00e9e ; elles seront \u00e9galement conserv\u00e9es conform\u00e9ment aux d\u00e9lais l\u00e9gaux \u00e9tablis.<\/li>\n<\/ol>\n<p>De m\u00eame, evyan.com informe l&rsquo;utilisateur que tout autre transfert de donn\u00e9es qui doit \u00eatre effectu\u00e9 lui sera communiqu\u00e9 lorsque cela est pr\u00e9vu ou autoris\u00e9 par la r\u00e9glementation applicable en mati\u00e8re de protection des donn\u00e9es, en l&rsquo;informant de mani\u00e8re expresse, pr\u00e9cise et sans \u00e9quivoque des destinataires des informations, de la finalit\u00e9 pour laquelle les donn\u00e9es seront utilis\u00e9es et de la nature des donn\u00e9es transf\u00e9r\u00e9es, ou, le cas \u00e9ch\u00e9ant lorsque la r\u00e9glementation applicable en mati\u00e8re de protection des donn\u00e9es l&rsquo;exige, le consentement sans \u00e9quivoque, sp\u00e9cifique et \u00e9clair\u00e9 de l&rsquo;utilisateur sera demand\u00e9 au pr\u00e9alable.<\/p>\n<h3><strong>ACCEPTATION, CONSENTEMENT ET R\u00c9VOCATION<\/strong><\/h3>\n<p>L\u2019Utilisateur d\u00e9clare avoir \u00e9t\u00e9 inform\u00e9 des conditions relatives \u00e0 la protection des donn\u00e9es personnelles, et accepte et consent au traitement de ces donn\u00e9es par evyan.com aux fins indiqu\u00e9es dans les mentions l\u00e9gales.<\/p>\n<p>Comme vous le savez et comme mentionn\u00e9 ci-dessus, vous pouvez r\u00e9voquer vos donn\u00e9es \u00e0 tout moment, mais toujours sans effet r\u00e9troactif.<\/p>\n<h3><strong>MODIFICATIONS APPORT\u00c9ES \u00c0 LA PR\u00c9SENTE POLITIQUE DE CONFIDENTIALIT\u00c9<\/strong><\/h3>\n<p>evyan.com se r\u00e9serve le droit de modifier la pr\u00e9sente politique afin de l&rsquo;adapter \u00e0 la l\u00e9gislation, \u00e0 la jurisprudence et aux pratiques du secteur. Le cas \u00e9ch\u00e9ant, le fournisseur publiera les modifications sur cette page dans un d\u00e9lai raisonnable avant leur entr\u00e9e en vigueur. <\/p>\n","protected":false},"excerpt":{"rendered":"<p>POLITIQUE DE PROTECTION DES DONN\u00c9ES Conform\u00e9ment aux dispositions de la  [&#8230;]<\/p>\n","protected":false},"author":1,"featured_media":0,"parent":0,"menu_order":0,"comment_status":"closed","ping_status":"closed","template":"","meta":{"footnotes":""},"class_list":["post-3085","page","type-page","status-publish","hentry"],"yoast_head":"<!-- This site is optimized with the Yoast SEO plugin v26.1.1 - https:\/\/yoast.com\/wordpress\/plugins\/seo\/ -->\n<title>Evyan | Grossiste en fruits et producteur d&#039;oranges \u2013 Politique de confidentialit\u00e9<\/title>\n<meta name=\"description\" content=\"Consultez la politique de confidentialit\u00e9 d&#039;Evyan, grossiste en fruits et distributeur d&#039;agrumes en Espagne.\" \/>\n<meta name=\"robots\" content=\"index, follow, max-snippet:-1, max-image-preview:large, max-video-preview:-1\" \/>\n<link rel=\"canonical\" href=\"https:\/\/evyan.es\/fr\/politique-de-confidentialite\/\" \/>\n<meta property=\"og:locale\" content=\"fr_FR\" \/>\n<meta property=\"og:type\" content=\"article\" \/>\n<meta property=\"og:title\" content=\"Evyan | Grossiste en fruits et producteur d&#039;oranges \u2013 Politique de confidentialit\u00e9\" \/>\n<meta property=\"og:description\" content=\"Consultez la politique de confidentialit\u00e9 d&#039;Evyan, grossiste en fruits et distributeur d&#039;agrumes en Espagne.\" \/>\n<meta property=\"og:url\" content=\"https:\/\/evyan.es\/fr\/politique-de-confidentialite\/\" \/>\n<meta property=\"og:site_name\" content=\"Evyan\" \/>\n<meta name=\"twitter:card\" content=\"summary_large_image\" \/>\n<meta name=\"twitter:label1\" content=\"Dur\u00e9e de lecture estim\u00e9e\" \/>\n\t<meta name=\"twitter:data1\" content=\"13 minutes\" \/>\n<!-- \/ Yoast SEO plugin. -->","yoast_head_json":{"title":"Evyan | Grossiste en fruits et producteur d'oranges \u2013 Politique de confidentialit\u00e9","description":"Consultez la politique de confidentialit\u00e9 d'Evyan, grossiste en fruits et distributeur d'agrumes en Espagne.","robots":{"index":"index","follow":"follow","max-snippet":"max-snippet:-1","max-image-preview":"max-image-preview:large","max-video-preview":"max-video-preview:-1"},"canonical":"https:\/\/evyan.es\/fr\/politique-de-confidentialite\/","og_locale":"fr_FR","og_type":"article","og_title":"Evyan | Grossiste en fruits et producteur d'oranges \u2013 Politique de confidentialit\u00e9","og_description":"Consultez la politique de confidentialit\u00e9 d'Evyan, grossiste en fruits et distributeur d'agrumes en Espagne.","og_url":"https:\/\/evyan.es\/fr\/politique-de-confidentialite\/","og_site_name":"Evyan","twitter_card":"summary_large_image","twitter_misc":{"Dur\u00e9e de lecture estim\u00e9e":"13 minutes"},"schema":{"@context":"https:\/\/schema.org","@graph":[{"@type":"WebPage","@id":"https:\/\/evyan.es\/fr\/politique-de-confidentialite\/","url":"https:\/\/evyan.es\/fr\/politique-de-confidentialite\/","name":"Evyan | Grossiste en fruits et producteur d'oranges \u2013 Politique de confidentialit\u00e9","isPartOf":{"@id":"https:\/\/evyan.es\/fr\/#website"},"datePublished":"2025-10-15T06:56:45+00:00","description":"Consultez la politique de confidentialit\u00e9 d'Evyan, grossiste en fruits et distributeur d'agrumes en Espagne.","breadcrumb":{"@id":"https:\/\/evyan.es\/fr\/politique-de-confidentialite\/#breadcrumb"},"inLanguage":"fr-FR","potentialAction":[{"@type":"ReadAction","target":["https:\/\/evyan.es\/fr\/politique-de-confidentialite\/"]}]},{"@type":"BreadcrumbList","@id":"https:\/\/evyan.es\/fr\/politique-de-confidentialite\/#breadcrumb","itemListElement":[{"@type":"ListItem","position":1,"name":"Portada","item":"https:\/\/evyan.es\/fr\/"},{"@type":"ListItem","position":2,"name":"politique de confidentialit\u00e9"}]},{"@type":"WebSite","@id":"https:\/\/evyan.es\/fr\/#website","url":"https:\/\/evyan.es\/fr\/","name":"Evyan","description":"","potentialAction":[{"@type":"SearchAction","target":{"@type":"EntryPoint","urlTemplate":"https:\/\/evyan.es\/fr\/?s={search_term_string}"},"query-input":{"@type":"PropertyValueSpecification","valueRequired":true,"valueName":"search_term_string"}}],"inLanguage":"fr-FR"}]}},"_hostinger_reach_plugin_has_subscription_block":false,"_hostinger_reach_plugin_is_elementor":false,"_links":{"self":[{"href":"https:\/\/evyan.es\/fr\/wp-json\/wp\/v2\/pages\/3085","targetHints":{"allow":["GET"]}}],"collection":[{"href":"https:\/\/evyan.es\/fr\/wp-json\/wp\/v2\/pages"}],"about":[{"href":"https:\/\/evyan.es\/fr\/wp-json\/wp\/v2\/types\/page"}],"author":[{"embeddable":true,"href":"https:\/\/evyan.es\/fr\/wp-json\/wp\/v2\/users\/1"}],"replies":[{"embeddable":true,"href":"https:\/\/evyan.es\/fr\/wp-json\/wp\/v2\/comments?post=3085"}],"version-history":[{"count":0,"href":"https:\/\/evyan.es\/fr\/wp-json\/wp\/v2\/pages\/3085\/revisions"}],"wp:attachment":[{"href":"https:\/\/evyan.es\/fr\/wp-json\/wp\/v2\/media?parent=3085"}],"curies":[{"name":"wp","href":"https:\/\/api.w.org\/{rel}","templated":true}]}}