{"id":3063,"date":"2025-11-11T10:28:32","date_gmt":"2025-11-11T10:28:32","guid":{"rendered":"https:\/\/evyan.es\/grossiste-en-fruits\/"},"modified":"2025-11-12T09:20:25","modified_gmt":"2025-11-12T09:20:25","slug":"grossiste-en-fruits","status":"publish","type":"page","link":"https:\/\/evyan.es\/fr\/grossiste-en-fruits\/","title":{"rendered":"grossiste en fruits"},"content":{"rendered":"<p><div class=\"fusion-fullwidth fullwidth-box fusion-builder-row-1 fusion-flex-container has-pattern-background has-mask-background nonhundred-percent-fullwidth non-hundred-percent-height-scrolling\" style=\"--awb-border-radius-top-left:0px;--awb-border-radius-top-right:0px;--awb-border-radius-bottom-right:0px;--awb-border-radius-bottom-left:0px;--awb-margin-top:20px;--awb-margin-bottom:20px;--awb-flex-wrap:wrap;\" ><div class=\"fusion-builder-row fusion-row fusion-flex-align-items-flex-start fusion-flex-content-wrap\" style=\"max-width:1393.6px;margin-left: calc(-4% \/ 2 );margin-right: calc(-4% \/ 2 );\"><div class=\"fusion-layout-column fusion_builder_column fusion-builder-column-0 fusion_builder_column_1_1 1_1 fusion-flex-column\" style=\"--awb-bg-size:cover;--awb-width-large:100%;--awb-margin-top-large:0px;--awb-spacing-right-large:1.92%;--awb-margin-bottom-large:20px;--awb-spacing-left-large:1.92%;--awb-width-medium:100%;--awb-order-medium:0;--awb-spacing-right-medium:1.92%;--awb-spacing-left-medium:1.92%;--awb-width-small:100%;--awb-order-small:0;--awb-spacing-right-small:1.92%;--awb-spacing-left-small:1.92%;\"><div class=\"fusion-column-wrapper fusion-column-has-shadow fusion-flex-justify-content-flex-start fusion-content-layout-column\"><div class=\"fusion-title title fusion-title-1 fusion-sep-none fusion-title-center fusion-title-text fusion-title-size-two\"><h2 class=\"fusion-title-heading title-heading-center\" style=\"margin:0;text-transform:capitalize;\">Fournisseur en gros de fruits frais de qualit\u00e9 valencienne garantie<\/h2><\/div><div class=\"fusion-text fusion-text-1\" style=\"--awb-content-alignment:center;\"><p>Chez<strong data-start=\"504\" data-end=\"513\"> Evyan, <\/strong>nous sommes <strong data-start=\"523\" data-end=\"545\">grossiste en fruits<\/strong>, sp\u00e9cialis\u00e9 dans la<strong data-start=\"566\" data-end=\"624\"> production et la distribution d\u2019agrumes<\/strong> et de fruits frais de la r\u00e9gion de Valence. De la culture \u00e0 la livraison, nous ma\u00eetrisons l\u2019int\u00e9gralit\u00e9 du processus afin de garantir une qualit\u00e9, une fra\u00eecheur et une tra\u00e7abilit\u00e9 optimales.<br data-start=\"769\" data-end=\"772\">Forts de notre exp\u00e9rience dans le secteur agricole et de notre infrastructure logistique performante, nous fournissons des fruits s\u00e9lectionn\u00e9s aux supermarch\u00e9s, restaurants, distributeurs et entreprises agroalimentaires, tant au niveau national qu\u2019international.<br data-start=\"1032\" data-end=\"1035\">Notre objectif est de proposer des fruits qui conservent leur saveur, leur ar\u00f4me et leur texture naturels, directement du champ au point de vente.<\/p>\n<\/div><div style=\"text-align:center;\"><a class=\"fusion-button button-flat button-xlarge button-default fusion-button-default button-1 fusion-button-default-span fusion-button-default-type\" style=\"--button-border-radius-top-left:0;--button-border-radius-top-right:0;--button-border-radius-bottom-right:0;--button-border-radius-bottom-left:0;\" target=\"_self\" href=\"https:\/\/evyan.es\/fr\/entreprise\/\"><span class=\"fusion-button-text awb-button__text awb-button__text--default\">\u00c0 propos de l\u2019entreprise<\/span><\/a><\/div><\/div><\/div><\/div><\/div><div class=\"fusion-fullwidth fullwidth-box fusion-builder-row-2 fusion-flex-container has-pattern-background has-mask-background nonhundred-percent-fullwidth non-hundred-percent-height-scrolling\" style=\"--awb-border-radius-top-left:0px;--awb-border-radius-top-right:0px;--awb-border-radius-bottom-right:0px;--awb-border-radius-bottom-left:0px;--awb-margin-top:20px;--awb-margin-bottom:20px;--awb-flex-wrap:wrap;\" ><div class=\"fusion-builder-row fusion-row fusion-flex-align-items-stretch fusion-flex-content-wrap\" style=\"max-width:1393.6px;margin-left: calc(-4% \/ 2 );margin-right: calc(-4% \/ 2 );\"><div class=\"fusion-layout-column fusion_builder_column fusion-builder-column-1 fusion_builder_column_1_2 1_2 fusion-flex-column fusion-flex-align-self-stretch\" style=\"--awb-bg-size:cover;--awb-width-large:50%;--awb-margin-top-large:0px;--awb-spacing-right-large:3.84%;--awb-margin-bottom-large:20px;--awb-spacing-left-large:3.84%;--awb-width-medium:50%;--awb-order-medium:0;--awb-spacing-right-medium:3.84%;--awb-spacing-left-medium:3.84%;--awb-width-small:100%;--awb-order-small:0;--awb-spacing-right-small:1.92%;--awb-spacing-left-small:1.92%;\" data-scroll-devices=\"small-visibility,medium-visibility,large-visibility\"><div class=\"fusion-column-wrapper lazyload fusion-column-has-shadow fusion-flex-justify-content-flex-start fusion-content-layout-column fusion-empty-column-bg-image fusion-column-has-bg-image\" data-bg-url=\"https:\/\/evyan.es\/wp-content\/uploads\/2025\/10\/Empleo-Evyan-1.jpeg\" data-bg=\"https:\/\/evyan.es\/wp-content\/uploads\/2025\/10\/Empleo-Evyan-1.jpeg\"><img decoding=\"async\" class=\"fusion-empty-dims-img-placeholder fusion-no-large-visibility fusion-no-medium-visibility\" aria-label=\"Empleo Evyan 1\" src=\"data:image\/svg+xml,%3Csvg%20xmlns%3D%27http%3A%2F%2Fwww.w3.org%2F2000%2Fsvg%27%20width%3D%271024%27%20height%3D%271024%27%20viewBox%3D%270%200%201024%201024%27%3E%3Crect%20width%3D%271024%27%20height%3D%271024%27%20fill-opacity%3D%220%22%2F%3E%3C%2Fsvg%3E\"><\/div><\/div><div class=\"fusion-layout-column fusion_builder_column fusion-builder-column-2 fusion_builder_column_1_2 1_2 fusion-flex-column fusion-flex-align-self-center\" style=\"--awb-bg-size:cover;--awb-width-large:50%;--awb-margin-top-large:0px;--awb-spacing-right-large:3.84%;--awb-margin-bottom-large:20px;--awb-spacing-left-large:3.84%;--awb-width-medium:50%;--awb-order-medium:0;--awb-spacing-right-medium:3.84%;--awb-spacing-left-medium:3.84%;--awb-width-small:100%;--awb-order-small:0;--awb-spacing-right-small:1.92%;--awb-spacing-left-small:1.92%;\" data-scroll-devices=\"small-visibility,medium-visibility,large-visibility\"><div class=\"fusion-column-wrapper fusion-column-has-shadow fusion-flex-justify-content-center fusion-content-layout-column\"><div class=\"fusion-title title fusion-title-2 fusion-sep-none fusion-title-text fusion-title-size-three\"><h3 class=\"fusion-title-heading title-heading-left\" style=\"margin:0;text-transform:capitalize;\">Distribution en gros de fruits s\u00e9lectionn\u00e9s<\/h3><\/div><div class=\"fusion-text fusion-text-2\"><p>Chez <strong data-start=\"1264\" data-end=\"1273\">Evyan<\/strong>, la qualit\u00e9 commence \u00e0 la ferme. Nous collaborons avec des <strong data-start=\"1323\" data-end=\"1346\">producteurs locaux<\/strong> et appliquons un processus de s\u00e9lection rigoureux afin de ne proposer que des fruits r\u00e9pondant aux normes les plus strictes en mati\u00e8re de fra\u00eecheur et de s\u00e9curit\u00e9 alimentaire. <\/p>\n<p>Notre s\u00e9lection comprend des<strong data-start=\"1526\" data-end=\"1559\"> oranges, des mandarines, des citrons<\/strong> et autres agrumes, ainsi que des fruits compl\u00e9mentaires selon la saison.<\/p>\n<p>Tous nos produits sont r\u00e9colt\u00e9s \u00e0 maturit\u00e9 optimale et manipul\u00e9s dans le respect de contr\u00f4les <strong data-start=\"1720\" data-end=\"1772\">stricts d\u2019hygi\u00e8ne et de conservation.<\/strong><\/p>\n<p>En tant que <strong data-start=\"1781\" data-end=\"1803\">grossiste en fruits<\/strong>, nous garantissons des livraisons r\u00e9guli\u00e8res, des prix comp\u00e9titifs et un service adapt\u00e9 aux besoins de chaque client professionnel.<\/p>\n<\/div><div ><a class=\"fusion-button button-flat button-xlarge button-default fusion-button-default button-2 fusion-button-default-span fusion-button-default-type\" style=\"--button-border-radius-top-left:0;--button-border-radius-top-right:0;--button-border-radius-bottom-right:0;--button-border-radius-bottom-left:0;\" target=\"_self\" href=\"https:\/\/evyan.es\/sobre-nosotros\/\"><span class=\"fusion-button-text awb-button__text awb-button__text--default\">\u00c0 propos de nous<\/span><\/a><\/div><\/div><\/div><\/div><\/div><div class=\"fusion-fullwidth fullwidth-box fusion-builder-row-3 fusion-flex-container has-pattern-background has-mask-background nonhundred-percent-fullwidth non-hundred-percent-height-scrolling\" style=\"--awb-border-radius-top-left:0px;--awb-border-radius-top-right:0px;--awb-border-radius-bottom-right:0px;--awb-border-radius-bottom-left:0px;--awb-margin-top:20px;--awb-margin-bottom:20px;--awb-flex-wrap:wrap;\" ><div class=\"fusion-builder-row fusion-row fusion-flex-align-items-stretch fusion-flex-content-wrap\" style=\"max-width:1393.6px;margin-left: calc(-4% \/ 2 );margin-right: calc(-4% \/ 2 );\"><div class=\"fusion-layout-column fusion_builder_column fusion-builder-column-3 fusion_builder_column_1_2 1_2 fusion-flex-column fusion-flex-align-self-center\" style=\"--awb-bg-size:cover;--awb-width-large:50%;--awb-margin-top-large:0px;--awb-spacing-right-large:3.84%;--awb-margin-bottom-large:20px;--awb-spacing-left-large:3.84%;--awb-width-medium:50%;--awb-order-medium:0;--awb-spacing-right-medium:3.84%;--awb-spacing-left-medium:3.84%;--awb-width-small:100%;--awb-order-small:0;--awb-spacing-right-small:1.92%;--awb-spacing-left-small:1.92%;\" data-scroll-devices=\"small-visibility,medium-visibility,large-visibility\"><div class=\"fusion-column-wrapper fusion-column-has-shadow fusion-flex-justify-content-center fusion-content-layout-column\"><div class=\"fusion-title title fusion-title-3 fusion-sep-none fusion-title-text fusion-title-size-three\"><h3 class=\"fusion-title-heading title-heading-left\" style=\"margin:0;text-transform:capitalize;\">Logistique efficace et engagement durable<\/h3><\/div><div class=\"fusion-text fusion-text-3\"><p>Nous disposons d\u2019une<strong data-start=\"2038\" data-end=\"2069\"> flotte moderne de camions frigorifiques<\/strong> qui garantit la livraison de chaque commande dans des conditions optimales, pr\u00e9servant ainsi la cha\u00eene du froid et la fra\u00eecheur des produits.<br \/>De plus, notre mod\u00e8le \u00e9conomique repose sur le d\u00e9veloppement durable : nous soutenons les communaut\u00e9s agricoles locales, r\u00e9duisons notre consommation de plastique et privil\u00e9gions les pratiques respectueuses de l\u2019environnement.<br \/>Cet engagement nous permet de proposer des fruits frais alliant qualit\u00e9, \u00e9thique et efficacit\u00e9.<\/p>\n<\/div><\/div><\/div><div class=\"fusion-layout-column fusion_builder_column fusion-builder-column-4 fusion_builder_column_1_2 1_2 fusion-flex-column fusion-flex-align-self-stretch\" style=\"--awb-bg-size:cover;--awb-width-large:50%;--awb-margin-top-large:0px;--awb-spacing-right-large:3.84%;--awb-margin-bottom-large:20px;--awb-spacing-left-large:3.84%;--awb-width-medium:50%;--awb-order-medium:0;--awb-spacing-right-medium:3.84%;--awb-spacing-left-medium:3.84%;--awb-width-small:100%;--awb-order-small:0;--awb-spacing-right-small:1.92%;--awb-spacing-left-small:1.92%;\" data-scroll-devices=\"small-visibility,medium-visibility,large-visibility\"><div class=\"fusion-column-wrapper lazyload fusion-column-has-shadow fusion-flex-justify-content-flex-start fusion-content-layout-column fusion-empty-column-bg-image fusion-column-has-bg-image\" data-bg-url=\"https:\/\/evyan.es\/wp-content\/uploads\/2025\/10\/Captura-de-pantalla-2025-10-20-155158.png\" data-bg=\"https:\/\/evyan.es\/wp-content\/uploads\/2025\/10\/Captura-de-pantalla-2025-10-20-155158.png\"><img decoding=\"async\" class=\"fusion-empty-dims-img-placeholder fusion-no-large-visibility fusion-no-medium-visibility\" aria-label=\"Captura de pantalla 2025-10-20 155158\" src=\"data:image\/svg+xml,%3Csvg%20xmlns%3D%27http%3A%2F%2Fwww.w3.org%2F2000%2Fsvg%27%20width%3D%27864%27%20height%3D%27550%27%20viewBox%3D%270%200%20864%20550%27%3E%3Crect%20width%3D%27864%27%20height%3D%27550%27%20fill-opacity%3D%220%22%2F%3E%3C%2Fsvg%3E\"><\/div><\/div><\/div><\/div><div class=\"fusion-fullwidth fullwidth-box fusion-builder-row-4 fusion-flex-container has-pattern-background has-mask-background nonhundred-percent-fullwidth non-hundred-percent-height-scrolling\" style=\"--awb-border-radius-top-left:0px;--awb-border-radius-top-right:0px;--awb-border-radius-bottom-right:0px;--awb-border-radius-bottom-left:0px;--awb-margin-top:20px;--awb-margin-bottom:20px;--awb-flex-wrap:wrap;\" ><div class=\"fusion-builder-row fusion-row fusion-flex-align-items-flex-start fusion-flex-content-wrap\" style=\"max-width:1393.6px;margin-left: calc(-4% \/ 2 );margin-right: calc(-4% \/ 2 );\"><div class=\"fusion-layout-column fusion_builder_column fusion-builder-column-5 fusion_builder_column_1_1 1_1 fusion-flex-column\" style=\"--awb-bg-size:cover;--awb-width-large:100%;--awb-margin-top-large:0px;--awb-spacing-right-large:1.92%;--awb-margin-bottom-large:20px;--awb-spacing-left-large:1.92%;--awb-width-medium:100%;--awb-order-medium:0;--awb-spacing-right-medium:1.92%;--awb-spacing-left-medium:1.92%;--awb-width-small:100%;--awb-order-small:0;--awb-spacing-right-small:1.92%;--awb-spacing-left-small:1.92%;\"><div class=\"fusion-column-wrapper fusion-column-has-shadow fusion-flex-justify-content-flex-start fusion-content-layout-column\"><div class=\"fusion-title title fusion-title-4 fusion-sep-none fusion-title-center fusion-title-text fusion-title-size-two\"><h2 class=\"fusion-title-heading title-heading-center\" style=\"margin:0;text-transform:capitalize;\">Contactez votre grossiste en fruits de confiance<\/h2><\/div><div class=\"fusion-text fusion-text-4\" style=\"--awb-content-alignment:center;\"><p>Si vous recherchez un <strong data-start=\"2621\" data-end=\"2679\">grossiste en fruits professionnel, fiable et durable, Evyan<\/strong> est votre partenaire id\u00e9al. Nous offrons un service personnalis\u00e9, des conseils sur le choix des produits et un approvisionnement continu tout au long de l\u2019ann\u00e9e.<\/p>\n<\/div><div style=\"text-align:center;\"><a class=\"fusion-button button-flat button-xlarge button-default fusion-button-default button-3 fusion-button-default-span fusion-button-default-type\" style=\"--button-border-radius-top-left:0;--button-border-radius-top-right:0;--button-border-radius-bottom-right:0;--button-border-radius-bottom-left:0;\" target=\"_self\" href=\"https:\/\/evyan.es\/fr\/contact\/\"><span class=\"fusion-button-text awb-button__text awb-button__text--default\">Contactez-nous<\/span><\/a><\/div><\/div><\/div><\/div><\/div><\/p>\n","protected":false},"excerpt":{"rendered":"","protected":false},"author":3,"featured_media":0,"parent":0,"menu_order":0,"comment_status":"closed","ping_status":"closed","template":"","meta":{"footnotes":""},"class_list":["post-3063","page","type-page","status-publish","hentry"],"yoast_head":"<!-- This site is optimized with the Yoast SEO plugin v26.1.1 - https:\/\/yoast.com\/wordpress\/plugins\/seo\/ -->\n<title>Evyan | Grossiste en fruits frais \u00e0 Valence<\/title>\n<meta name=\"description\" content=\"Evyan, grossiste en fruits frais \u00e0 Valence. Distribution professionnelle d&#039;oranges, de mandarines et de citrons avec une fra\u00eecheur et une tra\u00e7abilit\u00e9 garanties, et un engagement en faveur du d\u00e9veloppement durable.\" \/>\n<meta name=\"robots\" content=\"index, follow, max-snippet:-1, max-image-preview:large, max-video-preview:-1\" \/>\n<link rel=\"canonical\" href=\"https:\/\/evyan.es\/fr\/grossiste-en-fruits\/\" \/>\n<meta property=\"og:locale\" content=\"fr_FR\" \/>\n<meta property=\"og:type\" content=\"article\" \/>\n<meta property=\"og:title\" content=\"Evyan | Grossiste en fruits frais \u00e0 Valence\" \/>\n<meta property=\"og:description\" content=\"Evyan, grossiste en fruits frais \u00e0 Valence. Distribution professionnelle d&#039;oranges, de mandarines et de citrons avec une fra\u00eecheur et une tra\u00e7abilit\u00e9 garanties, et un engagement en faveur du d\u00e9veloppement durable.\" \/>\n<meta property=\"og:url\" content=\"https:\/\/evyan.es\/fr\/grossiste-en-fruits\/\" \/>\n<meta property=\"og:site_name\" content=\"Evyan\" \/>\n<meta property=\"article:modified_time\" content=\"2025-11-12T09:20:25+00:00\" \/>\n<meta name=\"twitter:card\" content=\"summary_large_image\" \/>\n<meta name=\"twitter:label1\" content=\"Dur\u00e9e de lecture estim\u00e9e\" \/>\n\t<meta name=\"twitter:data1\" content=\"37 minutes\" \/>\n<!-- \/ Yoast SEO plugin. -->","yoast_head_json":{"title":"Evyan | Grossiste en fruits frais \u00e0 Valence","description":"Evyan, grossiste en fruits frais \u00e0 Valence. Distribution professionnelle d'oranges, de mandarines et de citrons avec une fra\u00eecheur et une tra\u00e7abilit\u00e9 garanties, et un engagement en faveur du d\u00e9veloppement durable.","robots":{"index":"index","follow":"follow","max-snippet":"max-snippet:-1","max-image-preview":"max-image-preview:large","max-video-preview":"max-video-preview:-1"},"canonical":"https:\/\/evyan.es\/fr\/grossiste-en-fruits\/","og_locale":"fr_FR","og_type":"article","og_title":"Evyan | Grossiste en fruits frais \u00e0 Valence","og_description":"Evyan, grossiste en fruits frais \u00e0 Valence. Distribution professionnelle d'oranges, de mandarines et de citrons avec une fra\u00eecheur et une tra\u00e7abilit\u00e9 garanties, et un engagement en faveur du d\u00e9veloppement durable.","og_url":"https:\/\/evyan.es\/fr\/grossiste-en-fruits\/","og_site_name":"Evyan","article_modified_time":"2025-11-12T09:20:25+00:00","twitter_card":"summary_large_image","twitter_misc":{"Dur\u00e9e de lecture estim\u00e9e":"37 minutes"},"schema":{"@context":"https:\/\/schema.org","@graph":[{"@type":"WebPage","@id":"https:\/\/evyan.es\/fr\/grossiste-en-fruits\/","url":"https:\/\/evyan.es\/fr\/grossiste-en-fruits\/","name":"Evyan | Grossiste en fruits frais \u00e0 Valence","isPartOf":{"@id":"https:\/\/evyan.es\/fr\/#website"},"datePublished":"2025-11-11T10:28:32+00:00","dateModified":"2025-11-12T09:20:25+00:00","description":"Evyan, grossiste en fruits frais \u00e0 Valence. Distribution professionnelle d'oranges, de mandarines et de citrons avec une fra\u00eecheur et une tra\u00e7abilit\u00e9 garanties, et un engagement en faveur du d\u00e9veloppement durable.","breadcrumb":{"@id":"https:\/\/evyan.es\/fr\/grossiste-en-fruits\/#breadcrumb"},"inLanguage":"fr-FR","potentialAction":[{"@type":"ReadAction","target":["https:\/\/evyan.es\/fr\/grossiste-en-fruits\/"]}]},{"@type":"BreadcrumbList","@id":"https:\/\/evyan.es\/fr\/grossiste-en-fruits\/#breadcrumb","itemListElement":[{"@type":"ListItem","position":1,"name":"Portada","item":"https:\/\/evyan.es\/fr\/"},{"@type":"ListItem","position":2,"name":"grossiste en fruits"}]},{"@type":"WebSite","@id":"https:\/\/evyan.es\/fr\/#website","url":"https:\/\/evyan.es\/fr\/","name":"Evyan","description":"","potentialAction":[{"@type":"SearchAction","target":{"@type":"EntryPoint","urlTemplate":"https:\/\/evyan.es\/fr\/?s={search_term_string}"},"query-input":{"@type":"PropertyValueSpecification","valueRequired":true,"valueName":"search_term_string"}}],"inLanguage":"fr-FR"}]}},"_hostinger_reach_plugin_has_subscription_block":false,"_hostinger_reach_plugin_is_elementor":false,"_links":{"self":[{"href":"https:\/\/evyan.es\/fr\/wp-json\/wp\/v2\/pages\/3063","targetHints":{"allow":["GET"]}}],"collection":[{"href":"https:\/\/evyan.es\/fr\/wp-json\/wp\/v2\/pages"}],"about":[{"href":"https:\/\/evyan.es\/fr\/wp-json\/wp\/v2\/types\/page"}],"author":[{"embeddable":true,"href":"https:\/\/evyan.es\/fr\/wp-json\/wp\/v2\/users\/3"}],"replies":[{"embeddable":true,"href":"https:\/\/evyan.es\/fr\/wp-json\/wp\/v2\/comments?post=3063"}],"version-history":[{"count":2,"href":"https:\/\/evyan.es\/fr\/wp-json\/wp\/v2\/pages\/3063\/revisions"}],"predecessor-version":[{"id":3065,"href":"https:\/\/evyan.es\/fr\/wp-json\/wp\/v2\/pages\/3063\/revisions\/3065"}],"wp:attachment":[{"href":"https:\/\/evyan.es\/fr\/wp-json\/wp\/v2\/media?parent=3063"}],"curies":[{"name":"wp","href":"https:\/\/api.w.org\/{rel}","templated":true}]}}