{"id":3060,"date":"2025-11-11T10:22:05","date_gmt":"2025-11-11T10:22:05","guid":{"rendered":"https:\/\/evyan.es\/grossiste-en-agrumes\/"},"modified":"2025-11-12T09:16:39","modified_gmt":"2025-11-12T09:16:39","slug":"grossiste-en-agrumes","status":"publish","type":"page","link":"https:\/\/evyan.es\/fr\/grossiste-en-agrumes\/","title":{"rendered":"grossiste en agrumes"},"content":{"rendered":"<p><div class=\"fusion-fullwidth fullwidth-box fusion-builder-row-1 fusion-flex-container has-pattern-background has-mask-background nonhundred-percent-fullwidth non-hundred-percent-height-scrolling\" style=\"--awb-border-radius-top-left:0px;--awb-border-radius-top-right:0px;--awb-border-radius-bottom-right:0px;--awb-border-radius-bottom-left:0px;--awb-margin-top:20px;--awb-margin-bottom:20px;--awb-flex-wrap:wrap;\" ><div class=\"fusion-builder-row fusion-row fusion-flex-align-items-flex-start fusion-flex-content-wrap\" style=\"max-width:1393.6px;margin-left: calc(-4% \/ 2 );margin-right: calc(-4% \/ 2 );\"><div class=\"fusion-layout-column fusion_builder_column fusion-builder-column-0 fusion_builder_column_1_1 1_1 fusion-flex-column\" style=\"--awb-bg-size:cover;--awb-width-large:100%;--awb-margin-top-large:0px;--awb-spacing-right-large:1.92%;--awb-margin-bottom-large:20px;--awb-spacing-left-large:1.92%;--awb-width-medium:100%;--awb-order-medium:0;--awb-spacing-right-medium:1.92%;--awb-spacing-left-medium:1.92%;--awb-width-small:100%;--awb-order-small:0;--awb-spacing-right-small:1.92%;--awb-spacing-left-small:1.92%;\"><div class=\"fusion-column-wrapper fusion-column-has-shadow fusion-flex-justify-content-flex-start fusion-content-layout-column\"><div class=\"fusion-title title fusion-title-1 fusion-sep-none fusion-title-center fusion-title-text fusion-title-size-two\"><h2 class=\"fusion-title-heading title-heading-center\" style=\"margin:0;text-transform:capitalize;\">Votre partenaire grossiste en agrumes frais \u00e0 Valence<\/h2><\/div><div class=\"fusion-text fusion-text-1\" style=\"--awb-content-alignment:center;\"><p>Chez <strong data-start=\"514\" data-end=\"523\">Evyan<\/strong>, nous sommes sp\u00e9cialis\u00e9s dans la <strong data-start=\"550\" data-end=\"604\">production et la distribution en gros d\u2019agrumes<\/strong>, avec un souci constant de la <strong data-start=\"636\" data-end=\"692\">qualit\u00e9, du d\u00e9veloppement durable <\/strong>et de l\u2019efficacit\u00e9 logistique. Install\u00e9s au c\u0153ur de Valence, nous collaborons avec des agriculteurs locaux pour vous proposer des oranges, des mandarines et des citrons d\u2019une fra\u00eecheur et d\u2019une tra\u00e7abilit\u00e9 optimales. Nous ma\u00eetrisons chaque \u00e9tape de la cha\u00eene d\u2019approvisionnement : de la <strong data-start=\"906\" data-end=\"930\">culture \u00e0 la r\u00e9colte, <\/strong>en passant par la transformation, le conditionnement et la<strong data-start=\"941\" data-end=\"978\"> livraison, vous garantissant ainsi des produits<\/strong> de qualit\u00e9 sup\u00e9rieure pour chaque commande.<\/p>\n<\/div><div style=\"text-align:center;\"><a class=\"fusion-button button-flat button-xlarge button-default fusion-button-default button-1 fusion-button-default-span fusion-button-default-type\" style=\"--button-border-radius-top-left:0;--button-border-radius-top-right:0;--button-border-radius-bottom-right:0;--button-border-radius-bottom-left:0;\" target=\"_self\" href=\"https:\/\/evyan.es\/fr\/entreprise\/\"><span class=\"fusion-button-text awb-button__text awb-button__text--default\">\u00c0 propos de l\u2019entreprise<\/span><\/a><\/div><\/div><\/div><\/div><\/div><div class=\"fusion-fullwidth fullwidth-box fusion-builder-row-2 fusion-flex-container has-pattern-background has-mask-background nonhundred-percent-fullwidth non-hundred-percent-height-scrolling\" style=\"--awb-border-radius-top-left:0px;--awb-border-radius-top-right:0px;--awb-border-radius-bottom-right:0px;--awb-border-radius-bottom-left:0px;--awb-margin-top:20px;--awb-margin-bottom:20px;--awb-flex-wrap:wrap;\" ><div class=\"fusion-builder-row fusion-row fusion-flex-align-items-stretch fusion-flex-content-wrap\" style=\"max-width:1393.6px;margin-left: calc(-4% \/ 2 );margin-right: calc(-4% \/ 2 );\"><div class=\"fusion-layout-column fusion_builder_column fusion-builder-column-1 fusion_builder_column_1_2 1_2 fusion-flex-column fusion-flex-align-self-stretch\" style=\"--awb-bg-size:cover;--awb-width-large:50%;--awb-margin-top-large:0px;--awb-spacing-right-large:3.84%;--awb-margin-bottom-large:20px;--awb-spacing-left-large:3.84%;--awb-width-medium:50%;--awb-order-medium:0;--awb-spacing-right-medium:3.84%;--awb-spacing-left-medium:3.84%;--awb-width-small:100%;--awb-order-small:0;--awb-spacing-right-small:1.92%;--awb-spacing-left-small:1.92%;\" data-scroll-devices=\"small-visibility,medium-visibility,large-visibility\"><div class=\"fusion-column-wrapper lazyload fusion-column-has-shadow fusion-flex-justify-content-flex-start fusion-content-layout-column fusion-empty-column-bg-image fusion-column-has-bg-image\" data-bg-url=\"https:\/\/evyan.es\/wp-content\/uploads\/2025\/10\/campo-naranjas.jpeg\" data-bg=\"https:\/\/evyan.es\/wp-content\/uploads\/2025\/10\/campo-naranjas.jpeg\"><img decoding=\"async\" class=\"fusion-empty-dims-img-placeholder fusion-no-large-visibility fusion-no-medium-visibility\" aria-label=\"campo naranjas\" src=\"data:image\/svg+xml,%3Csvg%20xmlns%3D%27http%3A%2F%2Fwww.w3.org%2F2000%2Fsvg%27%20width%3D%271024%27%20height%3D%271024%27%20viewBox%3D%270%200%201024%201024%27%3E%3Crect%20width%3D%271024%27%20height%3D%271024%27%20fill-opacity%3D%220%22%2F%3E%3C%2Fsvg%3E\"><\/div><\/div><div class=\"fusion-layout-column fusion_builder_column fusion-builder-column-2 fusion_builder_column_1_2 1_2 fusion-flex-column fusion-flex-align-self-center\" style=\"--awb-bg-size:cover;--awb-width-large:50%;--awb-margin-top-large:0px;--awb-spacing-right-large:3.84%;--awb-margin-bottom-large:20px;--awb-spacing-left-large:3.84%;--awb-width-medium:50%;--awb-order-medium:0;--awb-spacing-right-medium:3.84%;--awb-spacing-left-medium:3.84%;--awb-width-small:100%;--awb-order-small:0;--awb-spacing-right-small:1.92%;--awb-spacing-left-small:1.92%;\" data-scroll-devices=\"small-visibility,medium-visibility,large-visibility\"><div class=\"fusion-column-wrapper fusion-column-has-shadow fusion-flex-justify-content-center fusion-content-layout-column\"><div class=\"fusion-title title fusion-title-2 fusion-sep-none fusion-title-text fusion-title-size-three\"><h3 class=\"fusion-title-heading title-heading-left\" style=\"margin:0;text-transform:capitalize;\">Qualit\u00e9, constance et saveur dans chaque agrume<\/h3><\/div><div class=\"fusion-text fusion-text-2\"><p>La<strong data-start=\"1137\" data-end=\"1178\"> qualit\u00e9 est notre priorit\u00e9<\/strong>. Nous s\u00e9lectionnons uniquement des fruits r\u00e9pondant \u00e0 des crit\u00e8res stricts de fra\u00eecheur, de texture et de douceur, afin de garantir que chaque fruit arrive \u00e0 maturit\u00e9 optimale. <\/p>\n<p>Nos proc\u00e9d\u00e9s sont certifi\u00e9s conformes aux normes d<strong data-start=\"1401\" data-end=\"1443\">\u2018hygi\u00e8ne, de tra\u00e7abilit\u00e9 et de durabilit\u00e9<\/strong>, ce qui nous permet de proposer un produit constant, s\u00fbr et sain. Chez<strong data-start=\"1518\" data-end=\"1527\"> Evyan<\/strong>, chaque orange t\u00e9moigne de notre engagement envers l\u2019excellence et la tradition agricole valencienne.<\/p>\n<\/div><div ><a class=\"fusion-button button-flat button-xlarge button-default fusion-button-default button-2 fusion-button-default-span fusion-button-default-type\" style=\"--button-border-radius-top-left:0;--button-border-radius-top-right:0;--button-border-radius-bottom-right:0;--button-border-radius-bottom-left:0;\" target=\"_self\" href=\"https:\/\/evyan.es\/sobre-nosotros\/\"><span class=\"fusion-button-text awb-button__text awb-button__text--default\">\u00c0 propos de nous<\/span><\/a><\/div><\/div><\/div><\/div><\/div><div class=\"fusion-fullwidth fullwidth-box fusion-builder-row-3 fusion-flex-container has-pattern-background has-mask-background nonhundred-percent-fullwidth non-hundred-percent-height-scrolling\" style=\"--awb-border-radius-top-left:0px;--awb-border-radius-top-right:0px;--awb-border-radius-bottom-right:0px;--awb-border-radius-bottom-left:0px;--awb-margin-top:20px;--awb-margin-bottom:20px;--awb-flex-wrap:wrap;\" ><div class=\"fusion-builder-row fusion-row fusion-flex-align-items-stretch fusion-flex-content-wrap\" style=\"max-width:1393.6px;margin-left: calc(-4% \/ 2 );margin-right: calc(-4% \/ 2 );\"><div class=\"fusion-layout-column fusion_builder_column fusion-builder-column-3 fusion_builder_column_1_2 1_2 fusion-flex-column fusion-flex-align-self-center\" style=\"--awb-bg-size:cover;--awb-width-large:50%;--awb-margin-top-large:0px;--awb-spacing-right-large:3.84%;--awb-margin-bottom-large:20px;--awb-spacing-left-large:3.84%;--awb-width-medium:50%;--awb-order-medium:0;--awb-spacing-right-medium:3.84%;--awb-spacing-left-medium:3.84%;--awb-width-small:100%;--awb-order-small:0;--awb-spacing-right-small:1.92%;--awb-spacing-left-small:1.92%;\" data-scroll-devices=\"small-visibility,medium-visibility,large-visibility\"><div class=\"fusion-column-wrapper fusion-column-has-shadow fusion-flex-justify-content-center fusion-content-layout-column\"><div class=\"fusion-title title fusion-title-3 fusion-sep-none fusion-title-text fusion-title-size-three\"><h3 class=\"fusion-title-heading title-heading-left\" style=\"margin:0;text-transform:capitalize;\">Logistique efficace et distribution nationale et internationale<\/h3><\/div><div class=\"fusion-text fusion-text-3\"><p>Nous disposons d\u2019une<strong data-start=\"1746\" data-end=\"1781\"> flotte de v\u00e9hicules frigorifiques<\/strong> et d\u2019un r\u00e9seau logistique optimis\u00e9, nous permettant de garantir des livraisons ponctuelles en France et \u00e0 l\u2019international.<br \/>Nos clients \u2013 distributeurs, supermarch\u00e9s, cha\u00eenes de restaurants et entreprises du secteur agroalimentaire \u2013 font confiance \u00e0 Evyan pour sa capacit\u00e9 d\u2019approvisionnement continue, son adaptabilit\u00e9 et son service personnalis\u00e9.<br \/>Gr\u00e2ce \u00e0 une infrastructure moderne et \u00e0 une \u00e9quipe hautement qualifi\u00e9e, nous garantissons que chaque agrume arrive du champ \u00e0 votre entrep\u00f4t en conservant toute sa fra\u00eecheur.<\/p>\n<\/div><\/div><\/div><div class=\"fusion-layout-column fusion_builder_column fusion-builder-column-4 fusion_builder_column_1_2 1_2 fusion-flex-column fusion-flex-align-self-stretch\" style=\"--awb-bg-size:cover;--awb-width-large:50%;--awb-margin-top-large:0px;--awb-spacing-right-large:3.84%;--awb-margin-bottom-large:20px;--awb-spacing-left-large:3.84%;--awb-width-medium:50%;--awb-order-medium:0;--awb-spacing-right-medium:3.84%;--awb-spacing-left-medium:3.84%;--awb-width-small:100%;--awb-order-small:0;--awb-spacing-right-small:1.92%;--awb-spacing-left-small:1.92%;\" data-scroll-devices=\"small-visibility,medium-visibility,large-visibility\"><div class=\"fusion-column-wrapper lazyload fusion-column-has-shadow fusion-flex-justify-content-flex-start fusion-content-layout-column fusion-empty-column-bg-image fusion-column-has-bg-image\" data-bg-url=\"https:\/\/evyan.es\/wp-content\/uploads\/2025\/10\/enmallado.jpeg\" data-bg=\"https:\/\/evyan.es\/wp-content\/uploads\/2025\/10\/enmallado.jpeg\"><img decoding=\"async\" class=\"fusion-empty-dims-img-placeholder fusion-no-large-visibility fusion-no-medium-visibility\" aria-label=\"enmallado\" src=\"data:image\/svg+xml,%3Csvg%20xmlns%3D%27http%3A%2F%2Fwww.w3.org%2F2000%2Fsvg%27%20width%3D%27824%27%20height%3D%271017%27%20viewBox%3D%270%200%20824%201017%27%3E%3Crect%20width%3D%27824%27%20height%3D%271017%27%20fill-opacity%3D%220%22%2F%3E%3C%2Fsvg%3E\"><\/div><\/div><\/div><\/div><div class=\"fusion-fullwidth fullwidth-box fusion-builder-row-4 fusion-flex-container has-pattern-background has-mask-background nonhundred-percent-fullwidth non-hundred-percent-height-scrolling\" style=\"--awb-border-radius-top-left:0px;--awb-border-radius-top-right:0px;--awb-border-radius-bottom-right:0px;--awb-border-radius-bottom-left:0px;--awb-margin-top:20px;--awb-margin-bottom:20px;--awb-flex-wrap:wrap;\" ><div class=\"fusion-builder-row fusion-row fusion-flex-align-items-flex-start fusion-flex-content-wrap\" style=\"max-width:1393.6px;margin-left: calc(-4% \/ 2 );margin-right: calc(-4% \/ 2 );\"><div class=\"fusion-layout-column fusion_builder_column fusion-builder-column-5 fusion_builder_column_1_1 1_1 fusion-flex-column\" style=\"--awb-bg-size:cover;--awb-width-large:100%;--awb-margin-top-large:0px;--awb-spacing-right-large:1.92%;--awb-margin-bottom-large:20px;--awb-spacing-left-large:1.92%;--awb-width-medium:100%;--awb-order-medium:0;--awb-spacing-right-medium:1.92%;--awb-spacing-left-medium:1.92%;--awb-width-small:100%;--awb-order-small:0;--awb-spacing-right-small:1.92%;--awb-spacing-left-small:1.92%;\"><div class=\"fusion-column-wrapper fusion-column-has-shadow fusion-flex-justify-content-flex-start fusion-content-layout-column\"><div class=\"fusion-title title fusion-title-4 fusion-sep-none fusion-title-center fusion-title-text fusion-title-size-two\"><h2 class=\"fusion-title-heading title-heading-center\" style=\"margin:0;text-transform:capitalize;\">Vous souhaitez distribuer nos agrumes frais ? Contactez-nous d\u00e8s aujourd\u2019hui !<\/h2><\/div><div class=\"fusion-text fusion-text-4\" style=\"--awb-content-alignment:center;\"><p>Chez <strong data-start=\"2400\" data-end=\"2409\">Evyan<\/strong>, nous souhaitons \u00eatre votre partenaire strat\u00e9gique pour la distribution d\u2019agrumes de premi\u00e8re qualit\u00e9. Si vous recherchez un <strong data-start=\"2509\" data-end=\"2566\">fournisseur fiable d\u2019oranges, de mandarines ou de citrons<\/strong>, notre \u00e9quipe commerciale est \u00e0 votre disposition pour vous proposer des solutions adapt\u00e9es \u00e0 vos besoins.<\/p>\n<\/div><div style=\"text-align:center;\"><a class=\"fusion-button button-flat button-xlarge button-default fusion-button-default button-3 fusion-button-default-span fusion-button-default-type\" style=\"--button-border-radius-top-left:0;--button-border-radius-top-right:0;--button-border-radius-bottom-right:0;--button-border-radius-bottom-left:0;\" target=\"_self\" href=\"https:\/\/evyan.es\/fr\/contact\/\"><span class=\"fusion-button-text awb-button__text awb-button__text--default\">Contactez-nous<\/span><\/a><\/div><\/div><\/div><\/div><\/div><\/p>\n","protected":false},"excerpt":{"rendered":"","protected":false},"author":3,"featured_media":0,"parent":0,"menu_order":0,"comment_status":"closed","ping_status":"closed","template":"","meta":{"footnotes":""},"class_list":["post-3060","page","type-page","status-publish","hentry"],"yoast_head":"<!-- This site is optimized with the Yoast SEO plugin v26.1.1 - https:\/\/yoast.com\/wordpress\/plugins\/seo\/ -->\n<title>Evyan | Grossiste en agrumes \u00e0 Valence<\/title>\n<meta name=\"description\" content=\"Evyan, grossiste en agrumes \u00e0 Valence. Sp\u00e9cialis\u00e9s dans la culture, la production et la distribution d&#039;oranges, de mandarines et de citrons, nous garantissons une fra\u00eecheur optimale, une tra\u00e7abilit\u00e9 compl\u00e8te et une qualit\u00e9 irr\u00e9prochable.\" \/>\n<meta name=\"robots\" content=\"index, follow, max-snippet:-1, max-image-preview:large, max-video-preview:-1\" \/>\n<link rel=\"canonical\" href=\"https:\/\/evyan.es\/fr\/grossiste-en-agrumes\/\" \/>\n<meta property=\"og:locale\" content=\"fr_FR\" \/>\n<meta property=\"og:type\" content=\"article\" \/>\n<meta property=\"og:title\" content=\"Evyan | Grossiste en agrumes \u00e0 Valence\" \/>\n<meta property=\"og:description\" content=\"Evyan, grossiste en agrumes \u00e0 Valence. Sp\u00e9cialis\u00e9s dans la culture, la production et la distribution d&#039;oranges, de mandarines et de citrons, nous garantissons une fra\u00eecheur optimale, une tra\u00e7abilit\u00e9 compl\u00e8te et une qualit\u00e9 irr\u00e9prochable.\" \/>\n<meta property=\"og:url\" content=\"https:\/\/evyan.es\/fr\/grossiste-en-agrumes\/\" \/>\n<meta property=\"og:site_name\" content=\"Evyan\" \/>\n<meta property=\"article:modified_time\" content=\"2025-11-12T09:16:39+00:00\" \/>\n<meta name=\"twitter:card\" content=\"summary_large_image\" \/>\n<meta name=\"twitter:label1\" content=\"Dur\u00e9e de lecture estim\u00e9e\" \/>\n\t<meta name=\"twitter:data1\" content=\"37 minutes\" \/>\n<!-- \/ Yoast SEO plugin. -->","yoast_head_json":{"title":"Evyan | Grossiste en agrumes \u00e0 Valence","description":"Evyan, grossiste en agrumes \u00e0 Valence. Sp\u00e9cialis\u00e9s dans la culture, la production et la distribution d'oranges, de mandarines et de citrons, nous garantissons une fra\u00eecheur optimale, une tra\u00e7abilit\u00e9 compl\u00e8te et une qualit\u00e9 irr\u00e9prochable.","robots":{"index":"index","follow":"follow","max-snippet":"max-snippet:-1","max-image-preview":"max-image-preview:large","max-video-preview":"max-video-preview:-1"},"canonical":"https:\/\/evyan.es\/fr\/grossiste-en-agrumes\/","og_locale":"fr_FR","og_type":"article","og_title":"Evyan | Grossiste en agrumes \u00e0 Valence","og_description":"Evyan, grossiste en agrumes \u00e0 Valence. Sp\u00e9cialis\u00e9s dans la culture, la production et la distribution d'oranges, de mandarines et de citrons, nous garantissons une fra\u00eecheur optimale, une tra\u00e7abilit\u00e9 compl\u00e8te et une qualit\u00e9 irr\u00e9prochable.","og_url":"https:\/\/evyan.es\/fr\/grossiste-en-agrumes\/","og_site_name":"Evyan","article_modified_time":"2025-11-12T09:16:39+00:00","twitter_card":"summary_large_image","twitter_misc":{"Dur\u00e9e de lecture estim\u00e9e":"37 minutes"},"schema":{"@context":"https:\/\/schema.org","@graph":[{"@type":"WebPage","@id":"https:\/\/evyan.es\/fr\/grossiste-en-agrumes\/","url":"https:\/\/evyan.es\/fr\/grossiste-en-agrumes\/","name":"Evyan | Grossiste en agrumes \u00e0 Valence","isPartOf":{"@id":"https:\/\/evyan.es\/fr\/#website"},"datePublished":"2025-11-11T10:22:05+00:00","dateModified":"2025-11-12T09:16:39+00:00","description":"Evyan, grossiste en agrumes \u00e0 Valence. Sp\u00e9cialis\u00e9s dans la culture, la production et la distribution d'oranges, de mandarines et de citrons, nous garantissons une fra\u00eecheur optimale, une tra\u00e7abilit\u00e9 compl\u00e8te et une qualit\u00e9 irr\u00e9prochable.","breadcrumb":{"@id":"https:\/\/evyan.es\/fr\/grossiste-en-agrumes\/#breadcrumb"},"inLanguage":"fr-FR","potentialAction":[{"@type":"ReadAction","target":["https:\/\/evyan.es\/fr\/grossiste-en-agrumes\/"]}]},{"@type":"BreadcrumbList","@id":"https:\/\/evyan.es\/fr\/grossiste-en-agrumes\/#breadcrumb","itemListElement":[{"@type":"ListItem","position":1,"name":"Portada","item":"https:\/\/evyan.es\/fr\/"},{"@type":"ListItem","position":2,"name":"grossiste en agrumes"}]},{"@type":"WebSite","@id":"https:\/\/evyan.es\/fr\/#website","url":"https:\/\/evyan.es\/fr\/","name":"Evyan","description":"","potentialAction":[{"@type":"SearchAction","target":{"@type":"EntryPoint","urlTemplate":"https:\/\/evyan.es\/fr\/?s={search_term_string}"},"query-input":{"@type":"PropertyValueSpecification","valueRequired":true,"valueName":"search_term_string"}}],"inLanguage":"fr-FR"}]}},"_hostinger_reach_plugin_has_subscription_block":false,"_hostinger_reach_plugin_is_elementor":false,"_links":{"self":[{"href":"https:\/\/evyan.es\/fr\/wp-json\/wp\/v2\/pages\/3060","targetHints":{"allow":["GET"]}}],"collection":[{"href":"https:\/\/evyan.es\/fr\/wp-json\/wp\/v2\/pages"}],"about":[{"href":"https:\/\/evyan.es\/fr\/wp-json\/wp\/v2\/types\/page"}],"author":[{"embeddable":true,"href":"https:\/\/evyan.es\/fr\/wp-json\/wp\/v2\/users\/3"}],"replies":[{"embeddable":true,"href":"https:\/\/evyan.es\/fr\/wp-json\/wp\/v2\/comments?post=3060"}],"version-history":[{"count":2,"href":"https:\/\/evyan.es\/fr\/wp-json\/wp\/v2\/pages\/3060\/revisions"}],"predecessor-version":[{"id":3062,"href":"https:\/\/evyan.es\/fr\/wp-json\/wp\/v2\/pages\/3060\/revisions\/3062"}],"wp:attachment":[{"href":"https:\/\/evyan.es\/fr\/wp-json\/wp\/v2\/media?parent=3060"}],"curies":[{"name":"wp","href":"https:\/\/api.w.org\/{rel}","templated":true}]}}