{"id":3043,"date":"2025-10-15T06:56:02","date_gmt":"2025-10-15T06:56:02","guid":{"rendered":"https:\/\/evyan.es\/politique-relative-aux-cookies\/"},"modified":"2025-10-15T06:56:02","modified_gmt":"2025-10-15T06:56:02","slug":"politique-relative-aux-cookies","status":"publish","type":"page","link":"https:\/\/evyan.es\/fr\/politique-relative-aux-cookies\/","title":{"rendered":"Politique relative aux cookies"},"content":{"rendered":"<div class=\"entry-content\">\n<h2>POLITIQUE RELATIVE AUX COOKIES<\/h2>\n<p>Suite \u00e0 l&rsquo;entr\u00e9e en vigueur de la modification pertinente de la \u00ab Loi sur les services de la soci\u00e9t\u00e9 de l&rsquo;information \u00bb (LSSICE) \u00e9tablie par le d\u00e9cret royal 13\/2012, il est obligatoire d&rsquo;obtenir le consentement expr\u00e8s de l&rsquo;utilisateur de toutes les pages web qui utilisent des <em>cookies<\/em> non essentiels, avant qu&rsquo;il ne les consulte.<\/p>\n<h2><span id=\"%C2%BFQUE_SON_LAS_COOKIES\" class=\"ez-toc-section\"><\/span>QUE SONT LES COOKIES ?<\/h2>\n<p>Les cookies et autres technologies similaires, telles que les objets locaux partag\u00e9s, les cookies Flash ou les pixels, sont des outils utilis\u00e9s par les serveurs web pour stocker et r\u00e9cup\u00e9rer des informations sur leurs visiteurs, ainsi que pour assurer le bon fonctionnement du site.<\/p>\n<p>Gr\u00e2ce \u00e0 ces dispositifs, le serveur web est en mesure de m\u00e9moriser certaines donn\u00e9es concernant l&rsquo;utilisateur, telles que ses pr\u00e9f\u00e9rences d&rsquo;affichage des pages de ce serveur, son nom et son mot de passe, les produits qui l&rsquo;int\u00e9ressent le plus, etc.<\/p>\n<h2><span id=\"COOKIES_AFECTADAS_POR_LA_NORMATIVA_Y_COOKIES_EXCEPTUADAS\" class=\"ez-toc-section\"><\/span>COOKIES CONCERN\u00c9S PAR LA R\u00c9GLEMENTATION ET COOKIES EXEMPT\u00c9S<\/h2>\n<p>Conform\u00e9ment \u00e0 la directive europ\u00e9enne, les cookies n\u00e9cessitant le consentement \u00e9clair\u00e9 de l&rsquo;utilisateur sont les cookies analytiques, publicitaires et d&rsquo;affiliation, \u00e0 l&rsquo;exception des cookies techniques et de ceux n\u00e9cessaires au fonctionnement du site web ou \u00e0 la fourniture des services express\u00e9ment demand\u00e9s par l&rsquo;utilisateur.<\/p>\n<h2><span id=\"%C2%BFQUE_TIPOS_DE_COOKIES_EXISTEN\" class=\"ez-toc-section\"><\/span>QUELS TYPES DE COOKIES EXISTENT ?<\/h2>\n<h3><span id=\"SEGUN_LA_FINALIDAD\" class=\"ez-toc-section\"><\/span><strong>CONFORM\u00c9MENT \u00c0 L&rsquo;OBJECTIF<\/strong><\/h3>\n<ul>\n<li><strong>Cookies techniques et fonctionnels <\/strong>: ce sont ceux qui permettent \u00e0 l\u2019utilisateur de naviguer sur un site web, une plateforme ou une application et d\u2019utiliser les diff\u00e9rentes options ou services qui y sont propos\u00e9s.<\/li>\n<li><strong>Cookies analytiques <\/strong>: Ces cookies permettent au propri\u00e9taire du site web de suivre et d\u2019analyser le comportement des utilisateurs sur les sites web auxquels ils renvoient. Les informations collect\u00e9es gr\u00e2ce \u00e0 ces cookies servent \u00e0 mesurer l\u2019activit\u00e9 du site web, de l\u2019application ou de la plateforme et \u00e0 cr\u00e9er des profils de navigation des utilisateurs afin d\u2019apporter des am\u00e9liorations bas\u00e9es sur l\u2019analyse des donn\u00e9es. <\/li>\n<li><strong>Cookies publicitaires :<\/strong> il s\u2019agit de cookies qui permettent une gestion plus efficace des espaces publicitaires que l\u2019\u00e9diteur a pu inclure sur un site web, une application ou une plateforme \u00e0 partir de laquelle le service demand\u00e9 est fourni, en fonction de crit\u00e8res tels que le contenu affich\u00e9 ou la fr\u00e9quence d\u2019affichage des publicit\u00e9s.<\/li>\n<li><strong>Cookies de publicit\u00e9 comportementale<\/strong> : ceux-ci collectent des informations sur les pr\u00e9f\u00e9rences et les choix personnels de l\u2019utilisateur (reciblage) afin de permettre une gestion plus efficace des espaces publicitaires que l\u2019\u00e9diteur a pu inclure sur un site Web, une application ou une plateforme \u00e0 partir de laquelle le service demand\u00e9 est fourni.<\/li>\n<li><strong>Cookies sociaux :<\/strong> Ces cookies sont d\u00e9pos\u00e9s par les plateformes de r\u00e9seaux sociaux sur nos Services afin de vous permettre de partager du contenu avec vos amis et vos r\u00e9seaux. Les plateformes de r\u00e9seaux sociaux peuvent suivre votre activit\u00e9 en ligne en dehors de nos Services. Cela peut influencer le contenu et les messages que vous voyez sur d\u2019autres services que vous consultez.  <\/li>\n<li><strong>Cookies d\u2019affiliation <\/strong>: permettent de suivre les visites provenant d\u2019autres sites web avec lesquels le site web \u00e9tablit un accord d\u2019affiliation (soci\u00e9t\u00e9s affili\u00e9es).<\/li>\n<li><strong>Cookies de s\u00e9curit\u00e9<\/strong> : stockent des informations chiffr\u00e9es afin d\u2019emp\u00eacher que les donn\u00e9es qu\u2019ils contiennent ne soient vuln\u00e9rables aux attaques malveillantes de tiers.<\/li>\n<\/ul>\n<h3><span id=\"SEGUN_LA_PROPIEDAD\" class=\"ez-toc-section\"><\/span>SELON LA PROPRI\u00c9T\u00c9<\/h3>\n<ul>\n<li><strong>Cookies internes :<\/strong> il s\u2019agit des cookies envoy\u00e9s \u00e0 l\u2019\u00e9quipement terminal de l\u2019utilisateur depuis un ordinateur ou un domaine g\u00e9r\u00e9 par l\u2019\u00e9diteur lui-m\u00eame et \u00e0 partir duquel le service demand\u00e9 par l\u2019utilisateur est fourni.<\/li>\n<li><strong>Cookies tiers :<\/strong> il s\u2019agit de cookies envoy\u00e9s \u00e0 l\u2019\u00e9quipement terminal de l\u2019utilisateur depuis un ordinateur ou un domaine qui n\u2019est pas g\u00e9r\u00e9 par l\u2019\u00e9diteur, mais par une autre entit\u00e9 qui traite les donn\u00e9es obtenues par le biais des cookies.<\/li>\n<\/ul>\n<h3><span id=\"SEGUN_EL_PLAZO_DE_CONSERVACION\" class=\"ez-toc-section\"><\/span>SELON LA DUR\u00c9E DE STOCKAGE<\/h3>\n<ul>\n<li><strong>Cookies de session<\/strong> : Il s\u2019agit d\u2019un type de cookie con\u00e7u pour collecter et stocker des donn\u00e9es pendant que l\u2019utilisateur acc\u00e8de \u00e0 un site web.<\/li>\n<li><strong>Cookies persistants : <\/strong>Il s\u2019agit d\u2019un type de cookie dont les donn\u00e9es restent stock\u00e9es sur l\u2019appareil et peuvent \u00eatre consult\u00e9es et trait\u00e9es pendant une p\u00e9riode d\u00e9finie par le propri\u00e9taire du cookie, qui peut aller de quelques minutes \u00e0 plusieurs ann\u00e9es.<\/li>\n<\/ul>\n<h2><span id=\"COOKIES_UTILIZADAS_EN_ESTE_SITIO_WEB\" class=\"ez-toc-section\"><\/span>COOKIES UTILIS\u00c9S SUR CE SITE WEB<\/h2>\n<h3><span id=\"COOKIES_CONTROLADAS_POR_EL_EDITOR\" class=\"ez-toc-section\"><\/span>COOKIES G\u00c9R\u00c9S PAR L&rsquo;\u00c9DITEUR<\/h3>\n<h4><span id=\"Tecnicas_y_funcionales\" class=\"ez-toc-section\"><\/span><strong>Technique et fonctionnel<\/strong><\/h4>\n<figure class=\"wp-block-table is-style-regular\">\n<table class=\"has-fixed-layout\">\n<thead>\n<tr>\n<th>Propri\u00e9t\u00e9<\/th>\n<th>Cookie<\/th>\n<th>Finalit\u00e9<\/th>\n<th>Dur\u00e9e<\/th>\n<\/tr>\n<\/thead>\n<tbody>\n<tr>\n<td>evyan<\/td>\n<td>cmplz_marketing<\/td>\n<td>Cookie requis pour l&rsquo;utilisation des options et services du site web<\/td>\n<td>Expire dans un an<\/td>\n<\/tr>\n<tr>\n<td>evyan<\/td>\n<td>complianz_consent_status<\/td>\n<td>Cookie requis pour l&rsquo;utilisation des options et services du site web<\/td>\n<td>Expire dans un an<\/td>\n<\/tr>\n<tr>\n<td>evyan<\/td>\n<td>complianz_policy_id<\/td>\n<td>Cookie requis pour l&rsquo;utilisation des options et services du site web<\/td>\n<td>Expire dans un an<\/td>\n<\/tr>\n<tr>\n<td>evyan<\/td>\n<td>tocplus_hideto<\/td>\n<p>c<\/p>\n<td>Cookie requis pour l&rsquo;utilisation des options et services du site web<\/td>\n<td>dans un mois<\/td>\n<\/tr>\n<\/tbody>\n<\/table>\n<\/figure>\n<h4><span id=\"Analiticas\" class=\"ez-toc-section\"><\/span><strong>Analytique<\/strong><\/h4>\n<figure class=\"wp-block-table\">\n<table class=\"has-fixed-layout\">\n<thead>\n<tr>\n<th>Propri\u00e9t\u00e9<\/th>\n<th>Cookie<\/th>\n<th>Finalit\u00e9<\/th>\n<th>Dur\u00e9e<\/th>\n<\/tr>\n<\/thead>\n<tbody>\n<tr>\n<td>evyan<\/td>\n<td>_ga<\/td>\n<td>Identifiant utilis\u00e9 pour identifier les utilisateurs<\/td>\n<td>dans 2 ans<\/td>\n<\/tr>\n<tr>\n<td>evyan<\/td>\n<td>_gat<\/td>\n<td>Utilis\u00e9 pour surveiller le nombre de requ\u00eates adress\u00e9es au serveur Google Analytics lors de l&rsquo;utilisation de Google Tag Manager.<\/td>\n<p>s<\/p>\n<td>ession<\/td>\n<\/tr>\n<tr>\n<td>evyan<\/td>\n<td>_gid<\/td>\n<td>Identifiant utilis\u00e9 pour identifier les utilisateurs pendant 24 heures apr\u00e8s leur derni\u00e8re activit\u00e9<\/td>\n<td>dans 22 heures<\/td>\n<\/tr>\n<\/tbody>\n<\/table>\n<\/figure>\n<h3><span id=\"COOKIES_DE_TERCEROS\" class=\"ez-toc-section\"><\/span>COOKIES TIERS<\/h3>\n<p>Les services tiers \u00e9chappent au contr\u00f4le de l&rsquo;\u00e9diteur. Les fournisseurs peuvent modifier \u00e0 tout moment leurs conditions d&rsquo;utilisation, leur finalit\u00e9 et leur utilisation des cookies, etc. <\/p>\n<h4><span id=\"Proveedores_externos_de_este_sitio_web\" class=\"ez-toc-section\"><\/span><strong>Fournisseurs tiers de ce site web :<\/strong><\/h4>\n<figure class=\"wp-block-table\">\n<table class=\"has-fixed-layout\">\n<thead>\n<tr>\n<th>\u00c9diteur<\/th>\n<th>Politique de confidentialit\u00e9<\/th>\n<\/tr>\n<\/thead>\n<tbody>\n<tr>\n<td>Google Analytics<\/td>\n<td><a href=\"https:\/\/privacy.google.com\/take-control.html\" target=\"_blank\" rel=\"noreferrer noopener nofollow\">https:\/\/privacy.google.com\/take-control.html<\/a><\/td>\n<\/tr>\n<tr>\n<td>R\u00e9seaux sociaux<\/td>\n<td><a href=\"https:\/\/www.facebook.com\/policies\/cookies\/\" target=\"_blank\" rel=\"noreferrer noopener nofollow\">Facebook<\/a><\/td>\n<\/tr>\n<\/tbody>\n<\/table>\n<\/figure>\n<h2><span id=\"REVOCACION_DEL_CONSENTIMIENTO_PARA_INSTALAR_COOKIES\" class=\"ez-toc-section\"><\/span>R\u00c9VOCATION DU CONSENTEMENT \u00c0 L&rsquo;INSTALLATION DE COOKIES<\/h2>\n<p><strong>Vous pouvez suivre les instructions ci-dessous pour r\u00e9voquer le <em><a href=\"https:\/\/www.excavacionesvalencia\/politica-de-cookies\/\" target=\"_blank\" rel=\"noreferrer noopener\">Cookies<\/a><\/em>.<\/strong><\/p>\n<h2><span id=\"COMO_GESTIONAR_LAS_COOKIES_DESDE_EL_NAVEGADOR\" class=\"ez-toc-section\"><\/span>COMMENT G\u00c9RER LES COOKIES DEPUIS VOTRE NAVIGATEUR<\/h2>\n<ul>\n<li><strong>Suppression des cookies de votre appareil <\/strong>: Les cookies d\u00e9j\u00e0 pr\u00e9sents sur votre appareil peuvent \u00eatre supprim\u00e9s en effa\u00e7ant l\u2019historique de votre navigateur, ce qui supprime les cookies de tous les sites web visit\u00e9s. Cependant, cela peut \u00e9galement entra\u00eener la perte de certaines informations enregistr\u00e9es (telles que vos identifiants de connexion ou vos pr\u00e9f\u00e9rences de sites web). <\/li>\n<li><strong>G\u00e9rer les cookies sp\u00e9cifiques au site :<\/strong> Pour un contr\u00f4le plus pr\u00e9cis des cookies sp\u00e9cifiques au site, les utilisateurs peuvent ajuster leurs param\u00e8tres de confidentialit\u00e9 et de cookies dans leur navigateur.<\/li>\n<li><strong>Bloquer les cookies :<\/strong> Bien que la plupart des navigateurs modernes puissent \u00eatre configur\u00e9s pour emp\u00eacher l\u2019installation de cookies sur les appareils, cela peut n\u00e9cessiter un ajustement manuel de certaines pr\u00e9f\u00e9rences \u00e0 chaque visite d\u2019un site ou d\u2019une page. De plus, certains services et fonctionnalit\u00e9s risquent de ne pas fonctionner correctement (par exemple, la connexion au profil). <\/li>\n<\/ul>\n<h2><span id=\"COMO_ELIMINAR_LAS_COOKIES_DE_LOS_NAVEGADORES_MAS_COMUNES\" class=\"ez-toc-section\"><\/span>COMMENT SUPPRIMER LES COOKIES DES NAVIGATEURS LES PLUS COURANTS<\/h2>\n<h3><span id=\"Chrome\" class=\"ez-toc-section\"><\/span>Chrome<\/h3>\n<p>1. S\u00e9lectionnez l&rsquo;ic\u00f4ne Outils.<br \/>2. Cliquez sur Param\u00e8tres.<br \/>\n3. Cliquez sur Afficher les options avanc\u00e9es.<br \/>\n4. Dans la section \u00ab Confidentialit\u00e9 \u00bb, cliquez sur Param\u00e8tres de contenu.<br \/>\n\u2022 Supprimer les cookies : Cliquez sur \u00ab Tous les cookies et donn\u00e9es de site\u2026 \u00bb<br \/>\u2022 Ne pas autoriser le stockage des cookies.<br \/>\n5. Cliquez sur Effacer les donn\u00e9es de navigation (vider le cache).<br \/>\n6. Fermez et red\u00e9marrez votre navigateur.<\/p>\n<p>Pour plus d&rsquo;informations sur Chrome, cliquez ici.: <a href=\"http:\/\/support.google.com\/chrome\/answer\/95647?hl=es\" target=\"_blank\" rel=\"noreferrer noopener nofollow\">http:\/\/support.google.com\/chrome\/answer\/95647?hl=es<\/a><\/p>\n<h3><span id=\"Internet_Explorer_Version_11\" class=\"ez-toc-section\"><\/span>Internet Explorer. Versi\u00f3n 11 <\/h3>\n<p>1. S\u00e9lectionnez Outils | Options Internet.<br \/>\n2. Cliquez sur l&rsquo;onglet G\u00e9n\u00e9ral.<br \/>\n3. Dans la section \u00ab Historique de navigation \u00bb, cliquez sur \u00ab Supprimer l\u2019historique de navigation \u00e0 la fermeture \u00bb.<br \/>\n4. S\u00e9lectionnez Supprimer les fichiers.<br \/>\n5. S\u00e9lectionnez Supprimer les cookies.<br \/>\n6. Cliquez sur Supprimer.<br \/>\n7. Cliquez sur OK.<br \/>\n8. Fermez et red\u00e9marrez votre navigateur.<\/p>\n<p>Pour plus d&rsquo;informations sur Internet Explorer, cliquez ici : <a href=\"https:\/\/support.microsoft.com\/es-es\/help\/278835\/how-to-delete-cookie-files-in-internet-explorer\" target=\"_blank\" rel=\"noreferrer noopener nofollow\">https:\/\/support.microsoft.com\/es-es\/help\/278835\/how-to-delete-cookie-files-in-internet-explorer<\/a><\/p>\n<h3 id=\"cookies-mozilla-firefox-habilitar-deshabilitar\"><span id=\"Mozilla_Firefox_Version_18\" class=\"ez-toc-section\"><\/span>Mozilla Firefox. Versi\u00f3n 18 <\/h3>\n<p>1. S\u00e9lectionnez Firefox | Historique | Effacer l&rsquo;historique r\u00e9cent.<br \/>\n2. \u00c0 c\u00f4t\u00e9 de \u00ab D\u00e9tails \u00bb, cliquez sur la fl\u00e8che vers le bas.<br \/>\n3. Cochez les cases suivantes : Cookies, Cache, Connexions actives.<br \/>4. Dans le menu d\u00e9roulant \u00ab P\u00e9riode \u00e0 effacer \u00bb, s\u00e9lectionnez Tout.<br \/>\n5. Cliquez sur Supprimer maintenant.<br \/>\n6. Fermez et red\u00e9marrez votre navigateur.<\/p>\n<p>Vous pouvez accepter ou refuser les cookies individuellement dans les pr\u00e9f\u00e9rences de Firefox, dans la section Historique disponible sous Outils &gt; Options &gt; Vie priv\u00e9e.<\/p>\n<p>Pour plus d&rsquo;informations sur Mozilla Firefox, cliquez ici.: <a href=\"https:\/\/www.mozilla.org\/es-ES\/privacy\/websites\/#cookies\" target=\"_blank\" rel=\"noreferrer noopener nofollow\">https:\/\/www.mozilla.org\/es-ES\/privacy\/websites\/#cookies<\/a><\/p>\n<h3 id=\"cookies-apple-safari\"><span id=\"Safari_Version_51\" class=\"ez-toc-section\"><\/span>Safari Versi\u00f3n 5.1<\/h3>\n<p>1. S\u00e9lectionnez l&rsquo;ic\u00f4ne Safari \/ \u00c9dition | R\u00e9initialiser Safari.<br \/>\n2. Cochez les cases suivantes : Effacer l\u2019historique, Supprimer toutes les donn\u00e9es du site web.<br \/>3. Cliquez sur R\u00e9initialiser.<br \/>\n4. Fermez et red\u00e9marrez votre navigateur.<\/p>\n<p>Pour plus d&rsquo;informations sur Safari, cliquez ici.: <a href=\"https:\/\/www.apple.com\/legal\/privacy\/en-ww\/cookies\/\" target=\"_blank\" rel=\"noreferrer noopener nofollow\">https:\/\/www.apple.com\/legal\/privacy\/en-ww\/cookies\/<\/a><\/p>\n<h3><span id=\"Opera\" class=\"ez-toc-section\"><\/span>Opera<\/h3>\n<p>Options \u2013 Avanc\u00e9 \u2013 Cookies.<br \/>\nLes options relatives aux cookies d\u00e9terminent la mani\u00e8re dont Opera les g\u00e8re et donc leur acceptation ou leur refus.<\/p>\n<p>Pour plus d&rsquo;informations sur Opera, cliquez ici.:<a href=\"https:\/\/help.opera.com\/en\/latest\/security-and-privacy\/#clearBrowsingData\" target=\"_blank\" rel=\"noreferrer noopener nofollow\"> https:\/\/help.opera.com\/en\/latest\/security-and-privacy\/#clearBrowsingData<\/a><\/p>\n<h3><span id=\"Otros_navegadores\" class=\"ez-toc-section\"><\/span>Autres navigateurs<\/h3>\n<p>Consultez la documentation du navigateur que vous avez install\u00e9.<\/p>\n<p><a href=\"http:\/\/support.google.com\/chrome\/bin\/answer.py?hl=es-419&amp;answer=95647\" target=\"_blank\" rel=\"noopener noreferrer\"><u>Google Chrome<\/u><\/a> \u2013 <a href=\"https:\/\/support.microsoft.com\/es-es\/help\/17442\/windows-internet-explorer-delete-manage-cookies\" target=\"_blank\" rel=\"noreferrer noopener nofollow\"><u>Internet Explorer<\/u><\/a> \u2013 <a href=\"https:\/\/www.excavacionesvalencia\/politica-de-cookies\/#cookies-mozilla-firefox-habilitar-deshabilitar\" target=\"_blank\" rel=\"noreferrer noopener\"><u>Mozilla Firefox<\/u><\/a> \u2013 <a href=\"https:\/\/www.apple.com\/legal\/privacy\/en-ww\/cookies\/\" target=\"_blank\" rel=\"noreferrer noopener nofollow\"><u>Apple Safari<\/u><\/a><\/p>\n<hr class=\"wp-block-separator\">\n<\/div>\n","protected":false},"excerpt":{"rendered":"<p>POLITIQUE RELATIVE AUX COOKIES Suite \u00e0 l&rsquo;entr\u00e9e en vigueur de  [&#8230;]<\/p>\n","protected":false},"author":1,"featured_media":0,"parent":0,"menu_order":0,"comment_status":"closed","ping_status":"closed","template":"","meta":{"footnotes":""},"class_list":["post-3043","page","type-page","status-publish","hentry"],"yoast_head":"<!-- This site is optimized with the Yoast SEO plugin v26.1.1 - https:\/\/yoast.com\/wordpress\/plugins\/seo\/ -->\n<title>Evyan | Grossiste en fruits et producteur d&#039;oranges \u2013 Politique relative aux cookies<\/title>\n<meta name=\"description\" content=\"Consultez la politique en mati\u00e8re de cookies d&#039;Evyan, grossiste en fruits et distributeur d&#039;agrumes en Espagne.\" \/>\n<meta name=\"robots\" content=\"index, follow, max-snippet:-1, max-image-preview:large, max-video-preview:-1\" \/>\n<link rel=\"canonical\" href=\"https:\/\/evyan.es\/fr\/politique-relative-aux-cookies\/\" \/>\n<meta property=\"og:locale\" content=\"fr_FR\" \/>\n<meta property=\"og:type\" content=\"article\" \/>\n<meta property=\"og:title\" content=\"Evyan | Grossiste en fruits et producteur d&#039;oranges \u2013 Politique relative aux cookies\" \/>\n<meta property=\"og:description\" content=\"Consultez la politique en mati\u00e8re de cookies d&#039;Evyan, grossiste en fruits et distributeur d&#039;agrumes en Espagne.\" \/>\n<meta property=\"og:url\" content=\"https:\/\/evyan.es\/fr\/politique-relative-aux-cookies\/\" \/>\n<meta property=\"og:site_name\" content=\"Evyan\" \/>\n<meta name=\"twitter:card\" content=\"summary_large_image\" \/>\n<meta name=\"twitter:label1\" content=\"Dur\u00e9e de lecture estim\u00e9e\" \/>\n\t<meta name=\"twitter:data1\" content=\"8 minutes\" \/>\n<!-- \/ Yoast SEO plugin. -->","yoast_head_json":{"title":"Evyan | Grossiste en fruits et producteur d'oranges \u2013 Politique relative aux cookies","description":"Consultez la politique en mati\u00e8re de cookies d'Evyan, grossiste en fruits et distributeur d'agrumes en Espagne.","robots":{"index":"index","follow":"follow","max-snippet":"max-snippet:-1","max-image-preview":"max-image-preview:large","max-video-preview":"max-video-preview:-1"},"canonical":"https:\/\/evyan.es\/fr\/politique-relative-aux-cookies\/","og_locale":"fr_FR","og_type":"article","og_title":"Evyan | Grossiste en fruits et producteur d'oranges \u2013 Politique relative aux cookies","og_description":"Consultez la politique en mati\u00e8re de cookies d'Evyan, grossiste en fruits et distributeur d'agrumes en Espagne.","og_url":"https:\/\/evyan.es\/fr\/politique-relative-aux-cookies\/","og_site_name":"Evyan","twitter_card":"summary_large_image","twitter_misc":{"Dur\u00e9e de lecture estim\u00e9e":"8 minutes"},"schema":{"@context":"https:\/\/schema.org","@graph":[{"@type":"WebPage","@id":"https:\/\/evyan.es\/fr\/politique-relative-aux-cookies\/","url":"https:\/\/evyan.es\/fr\/politique-relative-aux-cookies\/","name":"Evyan | Grossiste en fruits et producteur d'oranges \u2013 Politique relative aux cookies","isPartOf":{"@id":"https:\/\/evyan.es\/fr\/#website"},"datePublished":"2025-10-15T06:56:02+00:00","description":"Consultez la politique en mati\u00e8re de cookies d'Evyan, grossiste en fruits et distributeur d'agrumes en Espagne.","breadcrumb":{"@id":"https:\/\/evyan.es\/fr\/politique-relative-aux-cookies\/#breadcrumb"},"inLanguage":"fr-FR","potentialAction":[{"@type":"ReadAction","target":["https:\/\/evyan.es\/fr\/politique-relative-aux-cookies\/"]}]},{"@type":"BreadcrumbList","@id":"https:\/\/evyan.es\/fr\/politique-relative-aux-cookies\/#breadcrumb","itemListElement":[{"@type":"ListItem","position":1,"name":"Portada","item":"https:\/\/evyan.es\/fr\/"},{"@type":"ListItem","position":2,"name":"Politique relative aux cookies"}]},{"@type":"WebSite","@id":"https:\/\/evyan.es\/fr\/#website","url":"https:\/\/evyan.es\/fr\/","name":"Evyan","description":"","potentialAction":[{"@type":"SearchAction","target":{"@type":"EntryPoint","urlTemplate":"https:\/\/evyan.es\/fr\/?s={search_term_string}"},"query-input":{"@type":"PropertyValueSpecification","valueRequired":true,"valueName":"search_term_string"}}],"inLanguage":"fr-FR"}]}},"_hostinger_reach_plugin_has_subscription_block":false,"_hostinger_reach_plugin_is_elementor":false,"_links":{"self":[{"href":"https:\/\/evyan.es\/fr\/wp-json\/wp\/v2\/pages\/3043","targetHints":{"allow":["GET"]}}],"collection":[{"href":"https:\/\/evyan.es\/fr\/wp-json\/wp\/v2\/pages"}],"about":[{"href":"https:\/\/evyan.es\/fr\/wp-json\/wp\/v2\/types\/page"}],"author":[{"embeddable":true,"href":"https:\/\/evyan.es\/fr\/wp-json\/wp\/v2\/users\/1"}],"replies":[{"embeddable":true,"href":"https:\/\/evyan.es\/fr\/wp-json\/wp\/v2\/comments?post=3043"}],"version-history":[{"count":0,"href":"https:\/\/evyan.es\/fr\/wp-json\/wp\/v2\/pages\/3043\/revisions"}],"wp:attachment":[{"href":"https:\/\/evyan.es\/fr\/wp-json\/wp\/v2\/media?parent=3043"}],"curies":[{"name":"wp","href":"https:\/\/api.w.org\/{rel}","templated":true}]}}