{"id":3039,"date":"2025-10-22T08:04:49","date_gmt":"2025-10-22T08:04:49","guid":{"rendered":"https:\/\/evyan.es\/kaki-persimon\/"},"modified":"2025-11-12T08:27:03","modified_gmt":"2025-11-12T08:27:03","slug":"kaki-persimon","status":"publish","type":"page","link":"https:\/\/evyan.es\/fr\/kaki-persimon\/","title":{"rendered":"Kaki Persimon"},"content":{"rendered":"<p><div class=\"fusion-fullwidth fullwidth-box fusion-builder-row-1 fusion-flex-container has-pattern-background has-mask-background fusion-parallax-none hundred-percent-fullwidth non-hundred-percent-height-scrolling lazyload\" style=\"--awb-border-radius-top-left:0px;--awb-border-radius-top-right:0px;--awb-border-radius-bottom-right:0px;--awb-border-radius-bottom-left:0px;--awb-padding-top:80px;--awb-padding-bottom:80px;--awb-margin-top:0px;--awb-background-image:linear-gradient(180deg, rgba(15,19,23,0.39) 0%,rgba(15,19,23,0.39) 100%);;--awb-background-size:cover;--awb-flex-wrap:wrap;\" data-bg=\"https:\/\/evyan.es\/wp-content\/uploads\/2025\/10\/oranges-1117628_1280.jpg\" data-bg-gradient=\"linear-gradient(180deg, rgba(15,19,23,0.39) 0%,rgba(15,19,23,0.39) 100%)\" ><div class=\"fusion-builder-row fusion-row fusion-flex-align-items-center fusion-flex-justify-content-center fusion-flex-content-wrap\" style=\"width:104% !important;max-width:104% !important;margin-left: calc(-4% \/ 2 );margin-right: calc(-4% \/ 2 );\"><div class=\"fusion-layout-column fusion_builder_column fusion-builder-column-0 fusion_builder_column_3_5 3_5 fusion-flex-column\" style=\"--awb-bg-size:cover;--awb-width-large:60%;--awb-margin-top-large:0px;--awb-spacing-right-large:3.2%;--awb-margin-bottom-large:0px;--awb-spacing-left-large:3.2%;--awb-width-medium:66.666666666667%;--awb-order-medium:0;--awb-spacing-right-medium:2.88%;--awb-margin-bottom-medium:0px;--awb-spacing-left-medium:2.88%;--awb-width-small:80%;--awb-order-small:0;--awb-spacing-right-small:2.4%;--awb-margin-bottom-small:0px;--awb-spacing-left-small:2.4%;\"><div class=\"fusion-column-wrapper fusion-column-has-shadow fusion-flex-justify-content-flex-start fusion-content-layout-column\"><div class=\"fusion-title title fusion-title-1 fusion-sep-none fusion-title-text fusion-title-size-three\" style=\"--awb-text-color:var(--awb-color1);\"><h3 class=\"fusion-title-heading title-heading-left\" style=\"margin:0;text-transform:none;\">Kaki Persimon<\/h3><\/div><\/div><\/div><\/div><\/div><div class=\"fusion-fullwidth fullwidth-box fusion-builder-row-2 fusion-flex-container nonhundred-percent-fullwidth non-hundred-percent-height-scrolling\" style=\"--awb-background-position:right bottom;--awb-background-repeat:repeat-y;--awb-border-radius-top-left:0px;--awb-border-radius-top-right:0px;--awb-border-radius-bottom-right:0px;--awb-border-radius-bottom-left:0px;--awb-margin-top:100px;--awb-flex-wrap:wrap;\" ><div class=\"fusion-builder-row fusion-row fusion-flex-align-items-flex-start fusion-flex-content-wrap\" style=\"max-width:1393.6px;margin-left: calc(-4% \/ 2 );margin-right: calc(-4% \/ 2 );\"><div class=\"fusion-layout-column fusion_builder_column fusion-builder-column-1 fusion_builder_column_1_2 1_2 fusion-flex-column\" style=\"--awb-bg-size:cover;--awb-width-large:50%;--awb-margin-top-large:0px;--awb-spacing-right-large:3.84%;--awb-margin-bottom-large:0px;--awb-spacing-left-large:3.84%;--awb-width-medium:50%;--awb-order-medium:0;--awb-spacing-right-medium:3.84%;--awb-spacing-left-medium:3.84%;--awb-width-small:100%;--awb-order-small:0;--awb-spacing-right-small:1.92%;--awb-spacing-left-small:1.92%;\"><div class=\"fusion-column-wrapper fusion-column-has-shadow fusion-flex-justify-content-flex-start fusion-content-layout-column\"><div class=\"fusion-image-element \" style=\"--awb-max-width:500px;--awb-caption-title-font-family:var(--h2_typography-font-family);--awb-caption-title-font-weight:var(--h2_typography-font-weight);--awb-caption-title-font-style:var(--h2_typography-font-style);--awb-caption-title-size:var(--h2_typography-font-size);--awb-caption-title-transform:var(--h2_typography-text-transform);--awb-caption-title-line-height:var(--h2_typography-line-height);--awb-caption-title-letter-spacing:var(--h2_typography-letter-spacing);\"><span class=\" fusion-imageframe imageframe-none imageframe-1 hover-type-none\"><img decoding=\"async\" width=\"942\" height=\"922\" title=\"KAKI PERSIMON\" src=\"https:\/\/evyan.es\/wp-content\/uploads\/2025\/10\/KAKI-PERSIMON.png\" data-orig-src=\"https:\/\/evyan.es\/wp-content\/uploads\/2025\/10\/KAKI-PERSIMON.png\" alt class=\"lazyload img-responsive wp-image-3038\" srcset=\"data:image\/svg+xml,%3Csvg%20xmlns%3D%27http%3A%2F%2Fwww.w3.org%2F2000%2Fsvg%27%20width%3D%27942%27%20height%3D%27922%27%20viewBox%3D%270%200%20942%20922%27%3E%3Crect%20width%3D%27942%27%20height%3D%27922%27%20fill-opacity%3D%220%22%2F%3E%3C%2Fsvg%3E\" data-srcset=\"https:\/\/evyan.es\/wp-content\/uploads\/2025\/10\/KAKI-PERSIMON-200x196.png 200w, https:\/\/evyan.es\/wp-content\/uploads\/2025\/10\/KAKI-PERSIMON-400x392.png 400w, https:\/\/evyan.es\/wp-content\/uploads\/2025\/10\/KAKI-PERSIMON-600x587.png 600w, https:\/\/evyan.es\/wp-content\/uploads\/2025\/10\/KAKI-PERSIMON-800x783.png 800w, https:\/\/evyan.es\/wp-content\/uploads\/2025\/10\/KAKI-PERSIMON.png 942w\" data-sizes=\"auto\" data-orig-sizes=\"(max-width: 800px) 100vw, 800px\" \/><\/span><\/div><\/div><\/div><div class=\"fusion-layout-column fusion_builder_column fusion-builder-column-2 fusion_builder_column_1_2 1_2 fusion-flex-column fusion-flex-align-self-center\" style=\"--awb-padding-left:15x;--awb-bg-size:cover;--awb-width-large:50%;--awb-margin-top-large:0px;--awb-spacing-right-large:3.84%;--awb-margin-bottom-large:0px;--awb-spacing-left-large:3.84%;--awb-width-medium:50%;--awb-order-medium:0;--awb-spacing-right-medium:3.84%;--awb-spacing-left-medium:3.84%;--awb-width-small:100%;--awb-order-small:0;--awb-margin-top-small:40px;--awb-spacing-right-small:1.92%;--awb-spacing-left-small:1.92%;\"><div class=\"fusion-column-wrapper fusion-column-has-shadow fusion-flex-justify-content-flex-start fusion-content-layout-column\"><div class=\"fusion-text fusion-text-1\" style=\"--awb-text-transform:none;--awb-margin-top:18px;\"><p><b>Kaki Persimon\u00ae<\/b> n\u2019est pas une vari\u00e9t\u00e9 de fruit en soi, mais le <b>nom commercial <\/b>enregistr\u00e9 par l\u2019Appellation d\u2019Origine Prot\u00e9g\u00e9e (AOP) Kaki Ribera del X\u00faquer (Valence, Espagne).<\/p>\n<p>Ce nom est utilis\u00e9 pour distinguer la fa\u00e7on dont le fruit de la vari\u00e9t\u00e9 <b>\u00ab Brilliant Red <\/b>\u00bb est consomm\u00e9.<\/p>\n<p>Voici un r\u00e9sum\u00e9 d\u00e9taill\u00e9 de ses caract\u00e9ristiques :<\/p>\n<p><b>1. Le fruit : le kaki \u00ab rouge vif \u00bb<\/b><\/p>\n<ul>\n<li><b>Origine de l\u2019esp\u00e8ce : <\/b>L\u2019arbre, Diospyros kaki (kaki ou palo santo), est originaire de Chine.<\/li>\n<li><b>Origine du cultivar :<\/b> La vari\u00e9t\u00e9 \u00ab<b> Rouge brillant <\/b>\u00bb (la seule utilis\u00e9e pour la marque Persimon\u00ae) est une mutation spontan\u00e9e d\u2019un cultivar indig\u00e8ne apparu dans la r\u00e9gion valencienne de Ribera del X\u00faquer.<\/li>\n<li><b>Taille :<\/b> Il s\u2019agit d\u2019un gros calibre, de forme l\u00e9g\u00e8rement allong\u00e9e.<\/li>\n<li><b>Couleur<\/b> : Orange vif \u00e0 orange rouge\u00e2tre.<\/li>\n<\/ul>\n<\/div><\/div><\/div><\/div><\/div><div class=\"fusion-fullwidth fullwidth-box fusion-builder-row-3 fusion-flex-container has-pattern-background has-mask-background nonhundred-percent-fullwidth non-hundred-percent-height-scrolling\" style=\"--awb-border-radius-top-left:0px;--awb-border-radius-top-right:0px;--awb-border-radius-bottom-right:0px;--awb-border-radius-bottom-left:0px;--awb-margin-top:20px;--awb-flex-wrap:wrap;\" ><div class=\"fusion-builder-row fusion-row fusion-flex-align-items-flex-start fusion-flex-content-wrap\" style=\"max-width:1393.6px;margin-left: calc(-4% \/ 2 );margin-right: calc(-4% \/ 2 );\"><div class=\"fusion-layout-column fusion_builder_column fusion-builder-column-3 fusion_builder_column_1_1 1_1 fusion-flex-column\" style=\"--awb-bg-size:cover;--awb-width-large:100%;--awb-margin-top-large:0px;--awb-spacing-right-large:1.92%;--awb-margin-bottom-large:20px;--awb-spacing-left-large:1.92%;--awb-width-medium:100%;--awb-order-medium:0;--awb-spacing-right-medium:1.92%;--awb-spacing-left-medium:1.92%;--awb-width-small:100%;--awb-order-small:0;--awb-spacing-right-small:1.92%;--awb-spacing-left-small:1.92%;\"><div class=\"fusion-column-wrapper fusion-column-has-shadow fusion-flex-justify-content-flex-start fusion-content-layout-column\"><div class=\"fusion-text fusion-text-2\" style=\"--awb-text-transform:none;--awb-margin-top:18px;\"><p><b>2. La cl\u00e9 : \u00c9limination de l\u2019astringence (Persimon\u00ae)<\/b><\/p>\n<p>Le kaki \u00ab Brilliant Red \u00bb est naturellement astringent (il laisse une sensation r\u00eache en bouche) s\u2019il est consomm\u00e9 avant qu\u2019il ne devienne extr\u00eamement mou.<\/p>\n<p>Le proc\u00e9d\u00e9 <b>Persimon\u00ae<\/b> consiste en un<b> traitement post-r\u00e9colte<\/b> (g\u00e9n\u00e9ralement au CO2) qui \u00e9limine cette astringence sans qu\u2019il soit n\u00e9cessaire de ramollir le fruit.<\/p>\n<ul>\n<li><b>Kaki traditionnel (classique) <\/b>: pulpe douce, g\u00e9latineuse et tr\u00e8s sucr\u00e9e. Se d\u00e9guste \u00e0 la cuill\u00e8re. <\/li>\n<li><b>Kaki Persimon\u00ae : Chair ferme, dure et croquante<\/b>, semblable \u00e0 celle d\u2019une pomme ou d\u2019une p\u00eache. Peut \u00eatre pel\u00e9 et tranch\u00e9. <\/li>\n<\/ul>\n<p><b>3. Go\u00fbt et consommation<\/b><\/p>\n<ul>\n<li><b>Go\u00fbt <\/b>: Extr\u00eamement<b> sucr\u00e9<\/b> et doux, avec un ar\u00f4me exceptionnel.<\/li>\n<li><b>Consistance <\/b>: Ferme et charnue.<\/li>\n<li><b>Utilisation <\/b>: Id\u00e9al \u00e0 d\u00e9guster frais, en fruit de table ou en salade gr\u00e2ce \u00e0 sa texture croquante.<\/li>\n<\/ul>\n<p><b>4. P\u00e9riode des r\u00e9coltes<\/b><\/p>\n<ul>\n<li><b>Saison :<\/b> C\u2019est un fruit d\u2019automne et de d\u00e9but d\u2019hiver.<\/li>\n<li><b>Campagne : <\/b>La r\u00e9colte a g\u00e9n\u00e9ralement lieu entre <b>d\u00e9but octobre et fin janvier ou d\u00e9but f\u00e9vrier<\/b>, selon les conditions m\u00e9t\u00e9orologiques.<\/li>\n<\/ul>\n<\/div><\/div><\/div><\/div><\/div><\/p>\n","protected":false},"excerpt":{"rendered":"","protected":false},"author":1,"featured_media":0,"parent":0,"menu_order":0,"comment_status":"closed","ping_status":"closed","template":"100-width.php","meta":{"footnotes":""},"class_list":["post-3039","page","type-page","status-publish","hentry"],"yoast_head":"<!-- This site is optimized with the Yoast SEO plugin v26.1.1 - https:\/\/yoast.com\/wordpress\/plugins\/seo\/ -->\n<title>\u00c9vyan | Grossiste fruits et distributeur d&#039;agrumes \u2013 Kaki kaki<\/title>\n<meta name=\"description\" content=\"Evyan, grossiste en fruits et distributeur d&#039;agrumes en Espagne, propose des kakis Persimon en gros, avec une fra\u00eecheur et une qualit\u00e9 garanties.\" \/>\n<meta name=\"robots\" content=\"index, follow, max-snippet:-1, max-image-preview:large, max-video-preview:-1\" \/>\n<link rel=\"canonical\" href=\"https:\/\/evyan.es\/fr\/kaki-persimon\/\" \/>\n<meta property=\"og:locale\" content=\"fr_FR\" \/>\n<meta property=\"og:type\" content=\"article\" \/>\n<meta property=\"og:title\" content=\"\u00c9vyan | Grossiste fruits et distributeur d&#039;agrumes \u2013 Kaki kaki\" \/>\n<meta property=\"og:description\" content=\"Evyan, grossiste en fruits et distributeur d&#039;agrumes en Espagne, propose des kakis Persimon en gros, avec une fra\u00eecheur et une qualit\u00e9 garanties.\" \/>\n<meta property=\"og:url\" content=\"https:\/\/evyan.es\/fr\/kaki-persimon\/\" \/>\n<meta property=\"og:site_name\" content=\"Evyan\" \/>\n<meta property=\"article:modified_time\" content=\"2025-11-12T08:27:03+00:00\" \/>\n<meta name=\"twitter:card\" content=\"summary_large_image\" \/>\n<meta name=\"twitter:label1\" content=\"Dur\u00e9e de lecture estim\u00e9e\" \/>\n\t<meta name=\"twitter:data1\" content=\"16 minutes\" \/>\n<!-- \/ Yoast SEO plugin. -->","yoast_head_json":{"title":"\u00c9vyan | Grossiste fruits et distributeur d'agrumes \u2013 Kaki kaki","description":"Evyan, grossiste en fruits et distributeur d'agrumes en Espagne, propose des kakis Persimon en gros, avec une fra\u00eecheur et une qualit\u00e9 garanties.","robots":{"index":"index","follow":"follow","max-snippet":"max-snippet:-1","max-image-preview":"max-image-preview:large","max-video-preview":"max-video-preview:-1"},"canonical":"https:\/\/evyan.es\/fr\/kaki-persimon\/","og_locale":"fr_FR","og_type":"article","og_title":"\u00c9vyan | Grossiste fruits et distributeur d'agrumes \u2013 Kaki kaki","og_description":"Evyan, grossiste en fruits et distributeur d'agrumes en Espagne, propose des kakis Persimon en gros, avec une fra\u00eecheur et une qualit\u00e9 garanties.","og_url":"https:\/\/evyan.es\/fr\/kaki-persimon\/","og_site_name":"Evyan","article_modified_time":"2025-11-12T08:27:03+00:00","twitter_card":"summary_large_image","twitter_misc":{"Dur\u00e9e de lecture estim\u00e9e":"16 minutes"},"schema":{"@context":"https:\/\/schema.org","@graph":[{"@type":"WebPage","@id":"https:\/\/evyan.es\/fr\/kaki-persimon\/","url":"https:\/\/evyan.es\/fr\/kaki-persimon\/","name":"\u00c9vyan | Grossiste fruits et distributeur d'agrumes \u2013 Kaki kaki","isPartOf":{"@id":"https:\/\/evyan.es\/fr\/#website"},"datePublished":"2025-10-22T08:04:49+00:00","dateModified":"2025-11-12T08:27:03+00:00","description":"Evyan, grossiste en fruits et distributeur d'agrumes en Espagne, propose des kakis Persimon en gros, avec une fra\u00eecheur et une qualit\u00e9 garanties.","breadcrumb":{"@id":"https:\/\/evyan.es\/fr\/kaki-persimon\/#breadcrumb"},"inLanguage":"fr-FR","potentialAction":[{"@type":"ReadAction","target":["https:\/\/evyan.es\/fr\/kaki-persimon\/"]}]},{"@type":"BreadcrumbList","@id":"https:\/\/evyan.es\/fr\/kaki-persimon\/#breadcrumb","itemListElement":[{"@type":"ListItem","position":1,"name":"Portada","item":"https:\/\/evyan.es\/fr\/"},{"@type":"ListItem","position":2,"name":"Kaki Persimon"}]},{"@type":"WebSite","@id":"https:\/\/evyan.es\/fr\/#website","url":"https:\/\/evyan.es\/fr\/","name":"Evyan","description":"","potentialAction":[{"@type":"SearchAction","target":{"@type":"EntryPoint","urlTemplate":"https:\/\/evyan.es\/fr\/?s={search_term_string}"},"query-input":{"@type":"PropertyValueSpecification","valueRequired":true,"valueName":"search_term_string"}}],"inLanguage":"fr-FR"}]}},"_hostinger_reach_plugin_has_subscription_block":false,"_hostinger_reach_plugin_is_elementor":false,"_links":{"self":[{"href":"https:\/\/evyan.es\/fr\/wp-json\/wp\/v2\/pages\/3039","targetHints":{"allow":["GET"]}}],"collection":[{"href":"https:\/\/evyan.es\/fr\/wp-json\/wp\/v2\/pages"}],"about":[{"href":"https:\/\/evyan.es\/fr\/wp-json\/wp\/v2\/types\/page"}],"author":[{"embeddable":true,"href":"https:\/\/evyan.es\/fr\/wp-json\/wp\/v2\/users\/1"}],"replies":[{"embeddable":true,"href":"https:\/\/evyan.es\/fr\/wp-json\/wp\/v2\/comments?post=3039"}],"version-history":[{"count":3,"href":"https:\/\/evyan.es\/fr\/wp-json\/wp\/v2\/pages\/3039\/revisions"}],"predecessor-version":[{"id":3042,"href":"https:\/\/evyan.es\/fr\/wp-json\/wp\/v2\/pages\/3039\/revisions\/3042"}],"wp:attachment":[{"href":"https:\/\/evyan.es\/fr\/wp-json\/wp\/v2\/media?parent=3039"}],"curies":[{"name":"wp","href":"https:\/\/api.w.org\/{rel}","templated":true}]}}