{"id":3015,"date":"2025-10-22T08:02:35","date_gmt":"2025-10-22T08:02:35","guid":{"rendered":"https:\/\/evyan.es\/entreprise-productrice-dagrumes\/"},"modified":"2025-11-25T05:43:08","modified_gmt":"2025-11-25T05:43:08","slug":"entreprise-productrice-dagrumes","status":"publish","type":"page","link":"https:\/\/evyan.es\/fr\/entreprise-productrice-dagrumes\/","title":{"rendered":"entreprise productrice d&rsquo;agrumes"},"content":{"rendered":"<p><div class=\"fusion-fullwidth fullwidth-box fusion-builder-row-1 fusion-flex-container has-pattern-background has-mask-background fusion-parallax-none hundred-percent-fullwidth non-hundred-percent-height-scrolling lazyload\" style=\"--awb-border-radius-top-left:0px;--awb-border-radius-top-right:0px;--awb-border-radius-bottom-right:0px;--awb-border-radius-bottom-left:0px;--awb-padding-top:80px;--awb-padding-bottom:80px;--awb-margin-top:0px;--awb-background-image:linear-gradient(180deg, rgba(15,19,23,0.39) 0%,rgba(15,19,23,0.39) 100%);;--awb-background-size:cover;--awb-flex-wrap:wrap;\" data-bg=\"https:\/\/evyan.es\/wp-content\/uploads\/2025\/10\/oranges-1117628_1280.jpg\" data-bg-gradient=\"linear-gradient(180deg, rgba(15,19,23,0.39) 0%,rgba(15,19,23,0.39) 100%)\" ><div class=\"fusion-builder-row fusion-row fusion-flex-align-items-center fusion-flex-justify-content-center fusion-flex-content-wrap\" style=\"width:104% !important;max-width:104% !important;margin-left: calc(-4% \/ 2 );margin-right: calc(-4% \/ 2 );\"><div class=\"fusion-layout-column fusion_builder_column fusion-builder-column-0 fusion_builder_column_3_5 3_5 fusion-flex-column\" style=\"--awb-bg-size:cover;--awb-width-large:60%;--awb-margin-top-large:0px;--awb-spacing-right-large:3.2%;--awb-margin-bottom-large:0px;--awb-spacing-left-large:3.2%;--awb-width-medium:66.666666666667%;--awb-order-medium:0;--awb-spacing-right-medium:2.88%;--awb-margin-bottom-medium:0px;--awb-spacing-left-medium:2.88%;--awb-width-small:80%;--awb-order-small:0;--awb-spacing-right-small:2.4%;--awb-margin-bottom-small:0px;--awb-spacing-left-small:2.4%;\"><div class=\"fusion-column-wrapper fusion-column-has-shadow fusion-flex-justify-content-flex-start fusion-content-layout-column\"><div class=\"fusion-title title fusion-title-1 fusion-sep-none fusion-title-text fusion-title-size-three\" style=\"--awb-text-color:var(--awb-color1);\"><h3 class=\"fusion-title-heading title-heading-left\" style=\"margin:0;text-transform:none;\">\u00c0 propos de nous<\/h3><\/div><\/div><\/div><\/div><\/div><div class=\"fusion-fullwidth fullwidth-box fusion-builder-row-2 fusion-flex-container nonhundred-percent-fullwidth non-hundred-percent-height-scrolling\" style=\"--awb-background-position:right bottom;--awb-background-repeat:repeat-y;--awb-border-radius-top-left:0px;--awb-border-radius-top-right:0px;--awb-border-radius-bottom-right:0px;--awb-border-radius-bottom-left:0px;--awb-margin-top:100px;--awb-flex-wrap:wrap;\" ><div class=\"fusion-builder-row fusion-row fusion-flex-align-items-flex-start fusion-flex-content-wrap\" style=\"max-width:1393.6px;margin-left: calc(-4% \/ 2 );margin-right: calc(-4% \/ 2 );\"><div class=\"fusion-layout-column fusion_builder_column fusion-builder-column-1 fusion_builder_column_1_2 1_2 fusion-flex-column\" style=\"--awb-padding-bottom:40px;--awb-bg-size:cover;--awb-transform-origin:100% 50%;--awb-transform:scaleX(0.99);--awb-transform-hover:scaleX(1);--awb-width-large:50%;--awb-margin-top-large:64px;--awb-spacing-right-large:3.84%;--awb-margin-bottom-large:59px;--awb-spacing-left-large:3.84%;--awb-width-medium:50%;--awb-order-medium:0;--awb-spacing-right-medium:3.84%;--awb-spacing-left-medium:3.84%;--awb-width-small:100%;--awb-order-small:0;--awb-spacing-right-small:1.92%;--awb-spacing-left-small:1.92%;\"><div class=\"fusion-column-wrapper fusion-column-has-shadow fusion-flex-justify-content-flex-start fusion-content-layout-column\"><div class=\"fusion-image-element \" style=\"--awb-caption-title-font-family:var(--h2_typography-font-family);--awb-caption-title-font-weight:var(--h2_typography-font-weight);--awb-caption-title-font-style:var(--h2_typography-font-style);--awb-caption-title-size:var(--h2_typography-font-size);--awb-caption-title-transform:var(--h2_typography-text-transform);--awb-caption-title-line-height:var(--h2_typography-line-height);--awb-caption-title-letter-spacing:var(--h2_typography-letter-spacing);\"><span class=\" fusion-imageframe imageframe-none imageframe-1 hover-type-none\"><img decoding=\"async\" width=\"512\" height=\"302\" title=\"vieux camion Evyan\" src=\"https:\/\/evyan.es\/wp-content\/uploads\/2025\/10\/camion-evyan-viejo.png\" data-orig-src=\"https:\/\/evyan.es\/wp-content\/uploads\/2025\/10\/camion-evyan-viejo.png\" alt class=\"lazyload img-responsive wp-image-3014\" srcset=\"data:image\/svg+xml,%3Csvg%20xmlns%3D%27http%3A%2F%2Fwww.w3.org%2F2000%2Fsvg%27%20width%3D%27512%27%20height%3D%27302%27%20viewBox%3D%270%200%20512%20302%27%3E%3Crect%20width%3D%27512%27%20height%3D%27302%27%20fill-opacity%3D%220%22%2F%3E%3C%2Fsvg%3E\" data-srcset=\"https:\/\/evyan.es\/wp-content\/uploads\/2025\/10\/camion-evyan-viejo-200x118.png 200w, https:\/\/evyan.es\/wp-content\/uploads\/2025\/10\/camion-evyan-viejo-400x236.png 400w, https:\/\/evyan.es\/wp-content\/uploads\/2025\/10\/camion-evyan-viejo.png 512w\" data-sizes=\"auto\" data-orig-sizes=\"(max-width: 800px) 100vw, 512px\" \/><\/span><\/div><\/div><\/div><div class=\"fusion-layout-column fusion_builder_column fusion-builder-column-2 fusion_builder_column_1_2 1_2 fusion-flex-column fusion-flex-align-self-center\" style=\"--awb-padding-left:12px;--awb-bg-size:cover;--awb-width-large:50%;--awb-margin-top-large:0px;--awb-spacing-right-large:0%;--awb-margin-bottom-large:0px;--awb-spacing-left-large:0%;--awb-width-medium:50%;--awb-order-medium:0;--awb-spacing-right-medium:0%;--awb-spacing-left-medium:0%;--awb-width-small:100%;--awb-order-small:0;--awb-margin-top-small:40px;--awb-spacing-right-small:0%;--awb-spacing-left-small:0%;\" data-scroll-devices=\"small-visibility,medium-visibility,large-visibility\"><div class=\"fusion-column-wrapper fusion-column-has-shadow fusion-flex-justify-content-flex-start fusion-content-layout-column\"><div class=\"fusion-text fusion-text-1\" style=\"--awb-text-transform:none;--awb-margin-top:18px;\"><p><b>Evyan : Tradition, qualit\u00e9 et expansion dans le secteur des agrumes et des kakis<\/b><\/p>\n<p data-start=\"278\" data-end=\"573\">Evyan est un acteur majeur et prestigieux du secteur agroalimentaire, sp\u00e9cialis\u00e9 dans la transformation et la distribution d\u2019agrumes et de kakis. Son histoire t\u00e9moigne de sa pers\u00e9v\u00e9rance et de sa croissance familiale, b\u00e2ties sur les valeurs et la vision de son fondateur. <\/p>\n<p><b>Un h\u00e9ritage familial depuis 1956<\/b><\/p>\n<p data-start=\"575\" data-end=\"999\">L\u2019histoire d\u2019Evyan remonte aux ann\u00e9es 1950, lorsque les fr\u00e8res Vicente et Eladio Ballester fond\u00e8rent l\u2019entreprise. Cet h\u00e9ritage familial impr\u00e8gne encore aujourd\u2019hui sa gestion et son engagement envers le produit. Ce qui n\u2019\u00e9tait au d\u00e9part qu\u2019une modeste entreprise est devenu une soci\u00e9t\u00e9 moderne et performante, tout en pr\u00e9servant l\u2019essence et la tradition de ses d\u00e9buts.  <\/p>\n<\/div><\/div><\/div><\/div><\/div><div class=\"fusion-fullwidth fullwidth-box fusion-builder-row-3 fusion-flex-container has-pattern-background has-mask-background nonhundred-percent-fullwidth non-hundred-percent-height-scrolling\" style=\"--awb-border-radius-top-left:0px;--awb-border-radius-top-right:0px;--awb-border-radius-bottom-right:0px;--awb-border-radius-bottom-left:0px;--awb-flex-wrap:wrap;\" ><div class=\"fusion-builder-row fusion-row fusion-flex-align-items-flex-start fusion-flex-content-wrap\" style=\"max-width:1393.6px;margin-left: calc(-4% \/ 2 );margin-right: calc(-4% \/ 2 );\"><div class=\"fusion-layout-column fusion_builder_column fusion-builder-column-3 fusion_builder_column_1_1 1_1 fusion-flex-column\" style=\"--awb-bg-size:cover;--awb-width-large:100%;--awb-margin-top-large:0px;--awb-spacing-right-large:1.92%;--awb-margin-bottom-large:20px;--awb-spacing-left-large:1.92%;--awb-width-medium:100%;--awb-order-medium:0;--awb-spacing-right-medium:1.92%;--awb-spacing-left-medium:1.92%;--awb-width-small:100%;--awb-order-small:0;--awb-spacing-right-small:1.92%;--awb-spacing-left-small:1.92%;\"><div class=\"fusion-column-wrapper fusion-column-has-shadow fusion-flex-justify-content-flex-start fusion-content-layout-column\"><div class=\"fusion-text fusion-text-2\" style=\"--awb-text-transform:none;--awb-margin-top:18px;\"><p><b>D\u2019un petit entrep\u00f4t \u00e0 une entreprise leader dans sa cat\u00e9gorie<\/b><\/p>\n<p data-start=\"278\" data-end=\"573\">La croissance d\u2019Evyan a \u00e9t\u00e9 constante et significative :<\/p>\n<p>* Ann\u00e9es 1950 : L\u2019entreprise a fait ses premiers pas dans le secteur de la distribution avec un petit entrep\u00f4t dans la commune de Barxeta, situ\u00e9 dans une vall\u00e9e entour\u00e9e d\u2019agrumes, b\u00e9n\u00e9ficiant d\u2019un emplacement strat\u00e9gique et jetant ainsi les bases de son avenir avant de d\u00e9m\u00e9nager dans la commune de Manuel o\u00f9 elle se trouve encore aujourd\u2019hui.<\/p>\n<p>Les fr\u00e8res Ballester se sont rapidement impos\u00e9s et ont consolid\u00e9 leurs investissements en ouvrant des march\u00e9s principalement en France et en Allemagne.<\/p>\n<p>Situation actuelle : Evyan est devenue une entreprise d\u2019envergure, d\u00e9sormais dirig\u00e9e par la troisi\u00e8me g\u00e9n\u00e9ration de la famille, et implant\u00e9e sur la commune de Manuel. Ce site de 30 000 m\u00b2 est con\u00e7u pour optimiser les processus de manutention et de conservation. Cette infrastructure lui permet d\u2019\u00eatre fortement pr\u00e9sente sur le march\u00e9 europ\u00e9en, garantissant ainsi la continuit\u00e9 de sa cha\u00eene d\u2019approvisionnement \u00e0 l\u2019international. <\/p>\n<p><b>Production interne : Ma\u00eetrise et excellence<\/b><\/p>\n<p data-start=\"575\" data-end=\"999\">L\u2019un des piliers de la qualit\u00e9 d\u2019Evyan r\u00e9side dans son statut de grand producteur d\u2019agrumes. L\u2019entreprise g\u00e8re et contr\u00f4le une grande partie de ses cultures, strat\u00e9giquement situ\u00e9es dans la Communaut\u00e9 valencienne, l\u2019une des r\u00e9gions productrices d\u2019agrumes les plus traditionnelles d\u2019Espagne. <\/p>\n<p><b>* Contr\u00f4le total :<\/b><\/p>\n<p data-start=\"575\" data-end=\"999\">La gestion exhaustive de leurs champs assure un contr\u00f4le complet du cycle de production, de la culture \u00e0 la r\u00e9colte, ce qui se traduit directement par une qualit\u00e9 sup\u00e9rieure des fruits.<\/p>\n<p><b>Notre engagement prioritaire : la qualit\u00e9 et le service<\/b><\/p>\n<p data-start=\"575\" data-end=\"999\">Le principal atout d\u2019Evyan r\u00e9side dans ses capacit\u00e9s de s\u00e9lection et de classification. Gr\u00e2ce \u00e0 cette efficacit\u00e9 op\u00e9rationnelle, l\u2019entreprise atteint son objectif principal : <\/p>\n<p>Afin de garantir en permanence la meilleure qualit\u00e9 et le meilleur service \u00e0 nos clients.<\/p>\n<p>Cette promesse est tenue gr\u00e2ce \u00e0 une s\u00e9lection rigoureuse des produits, garantissant que seuls les meilleurs agrumes et kakis parviennent aux consommateurs, pr\u00e9servant ainsi la confiance et le prestige qu\u2019Evyan a cultiv\u00e9s depuis des d\u00e9cennies.<\/p>\n<p><b>La douce odyss\u00e9e : l\u2019histoire du producteur d\u2019oranges<\/b><\/p>\n<p data-start=\"575\" data-end=\"999\">L\u2019histoire du producteur d\u2019oranges est un r\u00e9cit qui d\u00e9passe largement les fronti\u00e8res de l\u2019Europe, ses racines \u00e9tant fermement ancr\u00e9es en Asie du Sud-Est, plus pr\u00e9cis\u00e9ment en Chine et dans ses r\u00e9gions environnantes, berceau de ce fruit sucr\u00e9 (Citrus sinensis).<\/p>\n<p><b>Les d\u00e9buts ornementaux<\/b><\/p>\n<p data-start=\"575\" data-end=\"999\">L\u2019oranger a connu une lente progression pendant des si\u00e8cles. Il n\u2019est pas arriv\u00e9 en Europe comme fruit comestible, mais comme curiosit\u00e9 exotique. Ce sont les Arabes qui ont introduit les premiers agrumes, tels que l\u2019orange am\u00e8re, dans la p\u00e9ninsule Ib\u00e9rique (Al-Andalus) vers le X\u1d49 si\u00e8cle. Cependant, la vari\u00e9t\u00e9 qu\u2019ils ont introduite avait un go\u00fbt amer et \u00e9tait principalement destin\u00e9e \u00e0 l\u2019ornementation : elle servait \u00e0 d\u00e9corer les cours des mosqu\u00e9es et des palais gr\u00e2ce au vert \u00e9clatant de son feuillage et au parfum enivrant de ses fleurs. Le cultivateur de cette \u00e9poque \u00e9tait davantage un jardinier, soucieux de cr\u00e9er luxe et parfum.   <\/p>\n<p><b>L\u2019arriv\u00e9e de l\u2019orange douce<\/b><\/p>\n<p data-start=\"575\" data-end=\"999\">Le v\u00e9ritable tournant pour les producteurs d\u2019oranges fut l\u2019introduction de la vari\u00e9t\u00e9 douce. Entre le XVe et le XVIe si\u00e8cle, des explorateurs et des marchands portugais et espagnols rapport\u00e8rent d\u2019Asie les graines de l\u2019orange comestible, contribuant ainsi \u00e0 sa popularisation progressive. <\/p>\n<p>Le tournant dans des r\u00e9gions comme la Communaut\u00e9 valencienne (Espagne) s\u2019est produit \u00e0 la fin du XVIIIe si\u00e8cle. L\u2019usage des oranges est pass\u00e9 d\u2019ornemental \u00e0 commercial lorsque des personnalit\u00e9s locales, telles que le cur\u00e9 Vicente Monz\u00f3 et d\u2019autres visionnaires de Carcaixent, ont plant\u00e9 les premiers vergers d\u2019orangers doux dans le but de vendre leurs fruits. Cela a marqu\u00e9 la naissance du producteur d\u2019oranges moderne.  <\/p>\n<p><b>L\u2019essor commercial et l\u2019expansion<\/b><\/p>\n<p data-start=\"575\" data-end=\"999\">La culture s\u2019est remarquablement bien adapt\u00e9e aux conditions climatiques et \u00e0 la qualit\u00e9 des sols m\u00e9diterran\u00e9ens. Les oranges, autrefois produit de luxe r\u00e9serv\u00e9 \u00e0 la noblesse et aux f\u00eates de No\u00ebl, ont connu un essor consid\u00e9rable. <\/p>\n<p>Gr\u00e2ce \u00e0 l\u2019am\u00e9lioration des techniques d\u2019irrigation et \u00e0 la cr\u00e9ation de nouvelles vari\u00e9t\u00e9s par mutation naturelle (comme celles qui ont donn\u00e9 naissance aux oranges que nous consommons aujourd\u2019hui), le producteur est devenu un moteur \u00e9conomique. Le d\u00e9clin d\u2019autres secteurs, comme la production de soie, a lib\u00e9r\u00e9 de vastes \u00e9tendues de terres qui ont rapidement \u00e9t\u00e9 consacr\u00e9es \u00e0 des orangeraies rentables. <\/p>\n<p>Au XIXe si\u00e8cle, l\u2019activit\u00e9 des producteurs a explos\u00e9, non seulement en Espagne, mais aussi dans des endroits comme la Floride et la Californie, o\u00f9 les Espagnols ont introduit les agrumes et o\u00f9 leur culture est devenue une puissante industrie mondiale.<\/p>\n<p><b>Producteur d\u2019aujourd\u2019hui<\/b><\/p>\n<p data-start=\"575\" data-end=\"999\">Des petits vergers chinois aux vastes champs irrigu\u00e9s, l\u2019histoire des producteurs d\u2019oranges est celle de l\u2019adaptation et de la pers\u00e9v\u00e9rance. Aujourd\u2019hui, ils doivent relever des d\u00e9fis tels que la durabilit\u00e9, les ravageurs mondiaux et la concurrence du march\u00e9. Pourtant, leur travail demeure essentiel : prendre soin de l\u2019arbre, prot\u00e9ger le fruit et acheminer l\u2019un des fruits les plus appr\u00e9ci\u00e9s au monde \u2013 la l\u00e9gendaire \u00ab pomme d\u2019or \u00bb \u2013 de l\u2019arbre \u00e0 notre table.  <\/p>\n<\/div><\/div><\/div><\/div><\/div><\/p>\n","protected":false},"excerpt":{"rendered":"","protected":false},"author":1,"featured_media":0,"parent":0,"menu_order":0,"comment_status":"closed","ping_status":"closed","template":"100-width.php","meta":{"footnotes":""},"class_list":["post-3015","page","type-page","status-publish","hentry"],"yoast_head":"<!-- This site is optimized with the Yoast SEO plugin v26.1.1 - https:\/\/yoast.com\/wordpress\/plugins\/seo\/ -->\n<title>Evyan | Producteur d&#039;oranges et grossiste d&#039;agrumes<\/title>\n<meta name=\"description\" content=\"Evyan, grossiste en fruits et distributeur d&#039;agrumes en Espagne, est un producteur d&#039;agrumes en gros, proposant des oranges, des mandarines et des citrons frais de haute qualit\u00e9 avec une tra\u00e7abilit\u00e9 garantie.\" \/>\n<meta name=\"robots\" content=\"index, follow, max-snippet:-1, max-image-preview:large, max-video-preview:-1\" \/>\n<link rel=\"canonical\" href=\"https:\/\/evyan.es\/fr\/entreprise-productrice-dagrumes\/\" \/>\n<meta property=\"og:locale\" content=\"fr_FR\" \/>\n<meta property=\"og:type\" content=\"article\" \/>\n<meta property=\"og:title\" content=\"Evyan | Producteur d&#039;oranges et grossiste d&#039;agrumes\" \/>\n<meta property=\"og:description\" content=\"Evyan, grossiste en fruits et distributeur d&#039;agrumes en Espagne, est un producteur d&#039;agrumes en gros, proposant des oranges, des mandarines et des citrons frais de haute qualit\u00e9 avec une tra\u00e7abilit\u00e9 garantie.\" \/>\n<meta property=\"og:url\" content=\"https:\/\/evyan.es\/fr\/entreprise-productrice-dagrumes\/\" \/>\n<meta property=\"og:site_name\" content=\"Evyan\" \/>\n<meta property=\"article:modified_time\" content=\"2025-11-25T05:43:08+00:00\" \/>\n<meta name=\"twitter:card\" content=\"summary_large_image\" \/>\n<meta name=\"twitter:label1\" content=\"Dur\u00e9e de lecture estim\u00e9e\" \/>\n\t<meta name=\"twitter:data1\" content=\"18 minutes\" \/>\n<!-- \/ Yoast SEO plugin. -->","yoast_head_json":{"title":"Evyan | Producteur d'oranges et grossiste d'agrumes","description":"Evyan, grossiste en fruits et distributeur d'agrumes en Espagne, est un producteur d'agrumes en gros, proposant des oranges, des mandarines et des citrons frais de haute qualit\u00e9 avec une tra\u00e7abilit\u00e9 garantie.","robots":{"index":"index","follow":"follow","max-snippet":"max-snippet:-1","max-image-preview":"max-image-preview:large","max-video-preview":"max-video-preview:-1"},"canonical":"https:\/\/evyan.es\/fr\/entreprise-productrice-dagrumes\/","og_locale":"fr_FR","og_type":"article","og_title":"Evyan | Producteur d'oranges et grossiste d'agrumes","og_description":"Evyan, grossiste en fruits et distributeur d'agrumes en Espagne, est un producteur d'agrumes en gros, proposant des oranges, des mandarines et des citrons frais de haute qualit\u00e9 avec une tra\u00e7abilit\u00e9 garantie.","og_url":"https:\/\/evyan.es\/fr\/entreprise-productrice-dagrumes\/","og_site_name":"Evyan","article_modified_time":"2025-11-25T05:43:08+00:00","twitter_card":"summary_large_image","twitter_misc":{"Dur\u00e9e de lecture estim\u00e9e":"18 minutes"},"schema":{"@context":"https:\/\/schema.org","@graph":[{"@type":"WebPage","@id":"https:\/\/evyan.es\/fr\/entreprise-productrice-dagrumes\/","url":"https:\/\/evyan.es\/fr\/entreprise-productrice-dagrumes\/","name":"Evyan | Producteur d'oranges et grossiste d'agrumes","isPartOf":{"@id":"https:\/\/evyan.es\/fr\/#website"},"datePublished":"2025-10-22T08:02:35+00:00","dateModified":"2025-11-25T05:43:08+00:00","description":"Evyan, grossiste en fruits et distributeur d'agrumes en Espagne, est un producteur d'agrumes en gros, proposant des oranges, des mandarines et des citrons frais de haute qualit\u00e9 avec une tra\u00e7abilit\u00e9 garantie.","breadcrumb":{"@id":"https:\/\/evyan.es\/fr\/entreprise-productrice-dagrumes\/#breadcrumb"},"inLanguage":"fr-FR","potentialAction":[{"@type":"ReadAction","target":["https:\/\/evyan.es\/fr\/entreprise-productrice-dagrumes\/"]}]},{"@type":"BreadcrumbList","@id":"https:\/\/evyan.es\/fr\/entreprise-productrice-dagrumes\/#breadcrumb","itemListElement":[{"@type":"ListItem","position":1,"name":"Portada","item":"https:\/\/evyan.es\/fr\/"},{"@type":"ListItem","position":2,"name":"entreprise productrice d&#8217;agrumes"}]},{"@type":"WebSite","@id":"https:\/\/evyan.es\/fr\/#website","url":"https:\/\/evyan.es\/fr\/","name":"Evyan","description":"","potentialAction":[{"@type":"SearchAction","target":{"@type":"EntryPoint","urlTemplate":"https:\/\/evyan.es\/fr\/?s={search_term_string}"},"query-input":{"@type":"PropertyValueSpecification","valueRequired":true,"valueName":"search_term_string"}}],"inLanguage":"fr-FR"}]}},"_hostinger_reach_plugin_has_subscription_block":false,"_hostinger_reach_plugin_is_elementor":false,"_links":{"self":[{"href":"https:\/\/evyan.es\/fr\/wp-json\/wp\/v2\/pages\/3015","targetHints":{"allow":["GET"]}}],"collection":[{"href":"https:\/\/evyan.es\/fr\/wp-json\/wp\/v2\/pages"}],"about":[{"href":"https:\/\/evyan.es\/fr\/wp-json\/wp\/v2\/types\/page"}],"author":[{"embeddable":true,"href":"https:\/\/evyan.es\/fr\/wp-json\/wp\/v2\/users\/1"}],"replies":[{"embeddable":true,"href":"https:\/\/evyan.es\/fr\/wp-json\/wp\/v2\/comments?post=3015"}],"version-history":[{"count":3,"href":"https:\/\/evyan.es\/fr\/wp-json\/wp\/v2\/pages\/3015\/revisions"}],"predecessor-version":[{"id":3018,"href":"https:\/\/evyan.es\/fr\/wp-json\/wp\/v2\/pages\/3015\/revisions\/3018"}],"wp:attachment":[{"href":"https:\/\/evyan.es\/fr\/wp-json\/wp\/v2\/media?parent=3015"}],"curies":[{"name":"wp","href":"https:\/\/api.w.org\/{rel}","templated":true}]}}