{"id":2865,"date":"2025-10-22T08:08:27","date_gmt":"2025-10-22T08:08:27","guid":{"rendered":"https:\/\/evyan.es\/gestion-des-terres\/"},"modified":"2025-11-12T08:22:06","modified_gmt":"2025-11-12T08:22:06","slug":"gestion-des-terres","status":"publish","type":"page","link":"https:\/\/evyan.es\/fr\/gestion-des-terres\/","title":{"rendered":"Gestion des terres"},"content":{"rendered":"<p><div class=\"fusion-fullwidth fullwidth-box fusion-builder-row-1 fusion-flex-container has-pattern-background has-mask-background fusion-parallax-none hundred-percent-fullwidth non-hundred-percent-height-scrolling lazyload\" style=\"--awb-border-radius-top-left:0px;--awb-border-radius-top-right:0px;--awb-border-radius-bottom-right:0px;--awb-border-radius-bottom-left:0px;--awb-padding-top:80px;--awb-padding-bottom:80px;--awb-margin-top:0px;--awb-background-image:linear-gradient(180deg, rgba(15,19,23,0.39) 0%,rgba(15,19,23,0.39) 100%);;--awb-background-size:cover;--awb-flex-wrap:wrap;\" data-bg=\"https:\/\/evyan.es\/wp-content\/uploads\/2025\/10\/oranges-1117628_1280.jpg\" data-bg-gradient=\"linear-gradient(180deg, rgba(15,19,23,0.39) 0%,rgba(15,19,23,0.39) 100%)\" ><div class=\"fusion-builder-row fusion-row fusion-flex-align-items-center fusion-flex-justify-content-center fusion-flex-content-wrap\" style=\"width:104% !important;max-width:104% !important;margin-left: calc(-4% \/ 2 );margin-right: calc(-4% \/ 2 );\"><div class=\"fusion-layout-column fusion_builder_column fusion-builder-column-0 fusion_builder_column_3_5 3_5 fusion-flex-column\" style=\"--awb-bg-size:cover;--awb-width-large:60%;--awb-margin-top-large:0px;--awb-spacing-right-large:3.2%;--awb-margin-bottom-large:0px;--awb-spacing-left-large:3.2%;--awb-width-medium:66.666666666667%;--awb-order-medium:0;--awb-spacing-right-medium:2.88%;--awb-margin-bottom-medium:0px;--awb-spacing-left-medium:2.88%;--awb-width-small:80%;--awb-order-small:0;--awb-spacing-right-small:2.4%;--awb-margin-bottom-small:0px;--awb-spacing-left-small:2.4%;\"><div class=\"fusion-column-wrapper fusion-column-has-shadow fusion-flex-justify-content-flex-start fusion-content-layout-column\"><div class=\"fusion-title title fusion-title-1 fusion-sep-none fusion-title-text fusion-title-size-three\" style=\"--awb-text-color:var(--awb-color1);\"><h3 class=\"fusion-title-heading title-heading-left\" style=\"margin:0;text-transform:none;\">Gestion des terres<\/h3><\/div><\/div><\/div><\/div><\/div><div class=\"fusion-fullwidth fullwidth-box fusion-builder-row-2 fusion-flex-container has-pattern-background has-mask-background nonhundred-percent-fullwidth non-hundred-percent-height-scrolling\" style=\"--awb-border-radius-top-left:0px;--awb-border-radius-top-right:0px;--awb-border-radius-bottom-right:0px;--awb-border-radius-bottom-left:0px;--awb-margin-top:80px;--awb-margin-bottom:80px;--awb-flex-wrap:wrap;\" ><div class=\"fusion-builder-row fusion-row fusion-flex-align-items-flex-start fusion-flex-content-wrap\" style=\"max-width:1393.6px;margin-left: calc(-4% \/ 2 );margin-right: calc(-4% \/ 2 );\"><div class=\"fusion-layout-column fusion_builder_column fusion-builder-column-1 fusion_builder_column_1_1 1_1 fusion-flex-column\" style=\"--awb-bg-size:cover;--awb-width-large:100%;--awb-margin-top-large:0px;--awb-spacing-right-large:1.92%;--awb-margin-bottom-large:20px;--awb-spacing-left-large:1.92%;--awb-width-medium:100%;--awb-order-medium:0;--awb-spacing-right-medium:1.92%;--awb-spacing-left-medium:1.92%;--awb-width-small:100%;--awb-order-small:0;--awb-spacing-right-small:1.92%;--awb-spacing-left-small:1.92%;\"><div class=\"fusion-column-wrapper fusion-column-has-shadow fusion-flex-justify-content-flex-start fusion-content-layout-column\"><div class=\"fusion-text fusion-text-1\" style=\"--awb-text-transform:none;--awb-margin-top:18px;\"><p>La gestion des sols en agrumiculture est essentielle \u00e0 la durabilit\u00e9 agronomique et \u00e0 la qualit\u00e9 des fruits. Une gestion appropri\u00e9e<b> garantit des racines saines<\/b>, une utilisation efficace de l\u2019eau et des nutriments, ainsi que la long\u00e9vit\u00e9 de la plantation. <\/p>\n<p>Cette strat\u00e9gie repose sur une compr\u00e9hension approfondie des propri\u00e9t\u00e9s du sol, ax\u00e9e sur la physique, la chimie et la biologie.<\/p>\n<p><b>1. Principes fondamentaux de la gestion des sols pour les agrumes \ud83d\udd2c<\/b><\/p>\n<p>La gestion commence par la caract\u00e9risation pr\u00e9cise du sol afin de l\u2019adapter aux besoins sp\u00e9cifiques des agrumes.<\/p>\n<p><b>A. Chimie du sol (fertilit\u00e9 et pH)<\/b><\/p>\n<ul>\n<li><b>Analyses p\u00e9riodiques :<\/b> Des analyses de sol et foliaires sont r\u00e9alis\u00e9es r\u00e9guli\u00e8rement afin de d\u00e9terminer les teneurs en \u00e9l\u00e9ments nutritifs (azote, phosphore, potassium) et en oligo-\u00e9l\u00e9ments (oligo-\u00e9l\u00e9ments). Ceci permet d\u2019appliquer les engrais uniquement \u00e0 la dose et au moment requis (fertirrigation de pr\u00e9cision), \u00e9vitant ainsi le gaspillage et la contamination. <\/li>\n<li><b>pH optimal <\/b>: Les agrumes pr\u00e9f\u00e8rent les sols l\u00e9g\u00e8rement <b>acides \u00e0 neutres (pH 6,0 \u00e0 7,0)<\/b>. Dans les r\u00e9gions aux sols calcaires (alcalins), la gestion doit privil\u00e9gier les points suivants :\n<ul>\n<li><b>Correction du pH <\/b>: application de soufre ou utilisation d\u2019engrais acidifiant la zone racinaire.<\/li>\n<li><b>Ch\u00e9lates :<\/b> Application de ch\u00e9lates de fer (Fe-EDDHA pour pH> 7,5) pour assurer l\u2019absorption des micronutriments, qui sont bloqu\u00e9s dans les sols alcalins.<\/li>\n<\/ul>\n<\/li>\n<\/ul>\n<p><b>B. Physique des sols (structure et drainage)<\/b><\/p>\n<ul>\n<li><b>Texture : <\/b>Les meilleurs sols sont de type<b> limon sableux ou limoneux<\/b>, car ils permettent une bonne a\u00e9ration et un bon drainage. Un sol trop argileux (\u00ab lourd \u00bb) peut entra\u00eener l\u2019engorgement, l\u2019asphyxie des racines et favoriser les maladies fongiques (comme le Phytophthora spp.). <\/li>\n<li><b>\u00c9viter le tassement :<\/b> l\u2019utilisation de machines lourdes est minimis\u00e9e, ou bien on pratique un travail r\u00e9duit du sol ou l\u2019agriculture sans labour, afin de prot\u00e9ger la structure du sol et sa porosit\u00e9.<\/li>\n<\/ul>\n<p><b><span style=\"font-family: Segoe UI Emoji, serif;\">2. Pratiques durables et r\u00e9g\u00e9n\u00e9ratrices \ud83c\udf3f<\/span><\/b><\/p>\n<p>L\u2019agriculture moderne des agrumes s\u2019engage \u00e0 am\u00e9liorer la sant\u00e9 biologique des sols.<\/p>\n<p><b>A. Augmentation de la mati\u00e8re organique (MO)<\/b><\/p>\n<p>La mati\u00e8re organique est essentielle car elle am\u00e9liore la r\u00e9tention d\u2019eau, la structure du sol et la disponibilit\u00e9 des nutriments. Elle est favoris\u00e9e par : <\/p>\n<ul>\n<li><b>Fertilisation organique <\/b>: application de compost, de fumier bien d\u00e9compos\u00e9 ou de d\u00e9chets de taille broy\u00e9s.<\/li>\n<li><b>Engrais verts :<\/b> Culture de plantes de couverture entre les rang\u00e9es d\u2019arbres (comme les l\u00e9gumineuses) qui sont fauch\u00e9es et incorpor\u00e9es au sol, fournissant de la mati\u00e8re organique et fixant l\u2019azote.<\/li>\n<\/ul>\n<p><b>B. Gestion du couvert v\u00e9g\u00e9tal<\/b><\/p>\n<p>Au lieu de d\u00e9sinfecter compl\u00e8tement le sol avec des herbicides, on utilise des cultures de couverture pour :<\/p>\n<ul>\n<li><b>Lutte contre l\u2019\u00e9rosion :<\/b> La v\u00e9g\u00e9tation naturelle ou plant\u00e9e prot\u00e8ge le sol de l\u2019\u00e9rosion hydrique (pluie) et \u00e9olienne..<\/li>\n<li><b>Biodiversit\u00e9 :<\/b> Elles favorisent la faune b\u00e9n\u00e9fique, contribuant ainsi \u00e0 la lutte biologique contre les ravageurs.<\/li>\n<li><b>Gestion contr\u00f4l\u00e9e de la concurrence pour l\u2019eau <\/b>: la v\u00e9g\u00e9tation est tondue \u00e0 des moments critiques (comme la floraison) pour \u00e9liminer la concurrence pour l\u2019eau, et est laiss\u00e9e \u00e0 pousser \u00e0 d\u2019autres moments, lib\u00e9rant ainsi des nutriments.<\/li>\n<\/ul>\n<p><b>C. Lutter contre la \u00ab fatigue des sols \u00bb<\/b><\/p>\n<p>Lorsqu\u2019une parcelle d\u2019agrumes est replant\u00e9e sur une autre d\u00e9j\u00e0 plant\u00e9e d\u2019agrumes, un \u00e9puisement du sol peut survenir, affectant le d\u00e9veloppement des nouveaux plants. On peut y rem\u00e9dier en : <\/p>\n<ul>\n<li><b>D\u00e9sinfection (si n\u00e9cessaire) <\/b>: Utilisation de techniques chimiques ou solaires (solarisation) avant la replantation.<\/li>\n<li><b>Biostimulation : <\/b>Application de <b>mycorhizes <\/b>(champignons b\u00e9n\u00e9fiques) et d\u2019autres micro-organismes pour am\u00e9liorer la capacit\u00e9 d\u2019absorption des racines, accro\u00eetre la r\u00e9sistance aux agents pathog\u00e8nes et revitaliser le sol.<\/li>\n<\/ul>\n<p>fil conducteur de la<b> comp\u00e9titivit\u00e9 durable.<\/b><\/p>\n<\/div><\/div><\/div><\/div><\/div><\/p>\n","protected":false},"excerpt":{"rendered":"","protected":false},"author":1,"featured_media":0,"parent":0,"menu_order":0,"comment_status":"closed","ping_status":"closed","template":"100-width.php","meta":{"footnotes":""},"class_list":["post-2865","page","type-page","status-publish","hentry"],"yoast_head":"<!-- This site is optimized with the Yoast SEO plugin v26.1.1 - https:\/\/yoast.com\/wordpress\/plugins\/seo\/ -->\n<title>Evyan | Producteur d&#039;oranges et grossiste d&#039;agrumes<\/title>\n<meta name=\"description\" content=\"Evyan, grossiste en fruits et distributeur d&#039;agrumes en Espagne, applique une gestion durable des sols \u00e0 ses cultures d&#039;oranges et \u00e0 sa distribution en gros.\" \/>\n<meta name=\"robots\" content=\"index, follow, max-snippet:-1, max-image-preview:large, max-video-preview:-1\" \/>\n<link rel=\"canonical\" href=\"https:\/\/evyan.es\/fr\/gestion-des-terres\/\" \/>\n<meta property=\"og:locale\" content=\"fr_FR\" \/>\n<meta property=\"og:type\" content=\"article\" \/>\n<meta property=\"og:title\" content=\"Evyan | Producteur d&#039;oranges et grossiste d&#039;agrumes\" \/>\n<meta property=\"og:description\" content=\"Evyan, grossiste en fruits et distributeur d&#039;agrumes en Espagne, applique une gestion durable des sols \u00e0 ses cultures d&#039;oranges et \u00e0 sa distribution en gros.\" \/>\n<meta property=\"og:url\" content=\"https:\/\/evyan.es\/fr\/gestion-des-terres\/\" \/>\n<meta property=\"og:site_name\" content=\"Evyan\" \/>\n<meta property=\"article:modified_time\" content=\"2025-11-12T08:22:06+00:00\" \/>\n<meta name=\"twitter:card\" content=\"summary_large_image\" \/>\n<meta name=\"twitter:label1\" content=\"Dur\u00e9e de lecture estim\u00e9e\" \/>\n\t<meta name=\"twitter:data1\" content=\"13 minutes\" \/>\n<!-- \/ Yoast SEO plugin. -->","yoast_head_json":{"title":"Evyan | Producteur d'oranges et grossiste d'agrumes","description":"Evyan, grossiste en fruits et distributeur d'agrumes en Espagne, applique une gestion durable des sols \u00e0 ses cultures d'oranges et \u00e0 sa distribution en gros.","robots":{"index":"index","follow":"follow","max-snippet":"max-snippet:-1","max-image-preview":"max-image-preview:large","max-video-preview":"max-video-preview:-1"},"canonical":"https:\/\/evyan.es\/fr\/gestion-des-terres\/","og_locale":"fr_FR","og_type":"article","og_title":"Evyan | Producteur d'oranges et grossiste d'agrumes","og_description":"Evyan, grossiste en fruits et distributeur d'agrumes en Espagne, applique une gestion durable des sols \u00e0 ses cultures d'oranges et \u00e0 sa distribution en gros.","og_url":"https:\/\/evyan.es\/fr\/gestion-des-terres\/","og_site_name":"Evyan","article_modified_time":"2025-11-12T08:22:06+00:00","twitter_card":"summary_large_image","twitter_misc":{"Dur\u00e9e de lecture estim\u00e9e":"13 minutes"},"schema":{"@context":"https:\/\/schema.org","@graph":[{"@type":"WebPage","@id":"https:\/\/evyan.es\/fr\/gestion-des-terres\/","url":"https:\/\/evyan.es\/fr\/gestion-des-terres\/","name":"Evyan | Producteur d'oranges et grossiste d'agrumes","isPartOf":{"@id":"https:\/\/evyan.es\/fr\/#website"},"datePublished":"2025-10-22T08:08:27+00:00","dateModified":"2025-11-12T08:22:06+00:00","description":"Evyan, grossiste en fruits et distributeur d'agrumes en Espagne, applique une gestion durable des sols \u00e0 ses cultures d'oranges et \u00e0 sa distribution en gros.","breadcrumb":{"@id":"https:\/\/evyan.es\/fr\/gestion-des-terres\/#breadcrumb"},"inLanguage":"fr-FR","potentialAction":[{"@type":"ReadAction","target":["https:\/\/evyan.es\/fr\/gestion-des-terres\/"]}]},{"@type":"BreadcrumbList","@id":"https:\/\/evyan.es\/fr\/gestion-des-terres\/#breadcrumb","itemListElement":[{"@type":"ListItem","position":1,"name":"Portada","item":"https:\/\/evyan.es\/fr\/"},{"@type":"ListItem","position":2,"name":"Gestion des terres"}]},{"@type":"WebSite","@id":"https:\/\/evyan.es\/fr\/#website","url":"https:\/\/evyan.es\/fr\/","name":"Evyan","description":"","potentialAction":[{"@type":"SearchAction","target":{"@type":"EntryPoint","urlTemplate":"https:\/\/evyan.es\/fr\/?s={search_term_string}"},"query-input":{"@type":"PropertyValueSpecification","valueRequired":true,"valueName":"search_term_string"}}],"inLanguage":"fr-FR"}]}},"_hostinger_reach_plugin_has_subscription_block":false,"_hostinger_reach_plugin_is_elementor":false,"_links":{"self":[{"href":"https:\/\/evyan.es\/fr\/wp-json\/wp\/v2\/pages\/2865","targetHints":{"allow":["GET"]}}],"collection":[{"href":"https:\/\/evyan.es\/fr\/wp-json\/wp\/v2\/pages"}],"about":[{"href":"https:\/\/evyan.es\/fr\/wp-json\/wp\/v2\/types\/page"}],"author":[{"embeddable":true,"href":"https:\/\/evyan.es\/fr\/wp-json\/wp\/v2\/users\/1"}],"replies":[{"embeddable":true,"href":"https:\/\/evyan.es\/fr\/wp-json\/wp\/v2\/comments?post=2865"}],"version-history":[{"count":4,"href":"https:\/\/evyan.es\/fr\/wp-json\/wp\/v2\/pages\/2865\/revisions"}],"predecessor-version":[{"id":3037,"href":"https:\/\/evyan.es\/fr\/wp-json\/wp\/v2\/pages\/2865\/revisions\/3037"}],"wp:attachment":[{"href":"https:\/\/evyan.es\/fr\/wp-json\/wp\/v2\/media?parent=2865"}],"curies":[{"name":"wp","href":"https:\/\/api.w.org\/{rel}","templated":true}]}}