{"id":2862,"date":"2025-11-11T10:11:21","date_gmt":"2025-11-11T10:11:21","guid":{"rendered":"https:\/\/evyan.es\/accessibilite\/"},"modified":"2025-11-12T08:00:22","modified_gmt":"2025-11-12T08:00:22","slug":"accessibilite","status":"publish","type":"page","link":"https:\/\/evyan.es\/fr\/accessibilite\/","title":{"rendered":"Accessibilit\u00e9"},"content":{"rendered":"<h2>D\u00e9claration d&rsquo;accessibilit\u00e9<\/h2>\n<p>evyan.es s&rsquo;engage \u00e0 rendre son site web accessible en se conformant au niveau AA selon la norme UNE 301549:2020 (WCAG 2.1), qui est elle-m\u00eame bas\u00e9e sur les directives d&rsquo;accessibilit\u00e9 du contenu web 2.0 du W3C.<\/p>\n<p>Cette d\u00e9claration d&rsquo;accessibilit\u00e9 s&rsquo;applique au site web https:\/\/evyan.es<\/p>\n<p>Pour ces raisons, une s\u00e9rie de mesures ont \u00e9t\u00e9 adopt\u00e9es sur le site web afin de garantir l\u2019accessibilit\u00e9 du contenu, et ce, afin de :<\/p>\n<p>Facilitez l&rsquo;acc\u00e8s des utilisateurs, quels que soient leurs capacit\u00e9s ou leur environnement.<br \/>Permettez l&rsquo;acc\u00e8s via diff\u00e9rents navigateurs.<br \/>Int\u00e9grez un contenu clair et bien structur\u00e9.<br \/>Am\u00e9liorez la navigation et l&rsquo;exp\u00e9rience utilisateur.<\/p>\n<h3>Mesures adopt\u00e9es<\/h3>\n<p>Les mesures suivantes ont \u00e9t\u00e9 adopt\u00e9es :<\/p>\n<p>S\u00e9paration du contenu et de la pr\u00e9sentation : Utilisation de CSS pour la pr\u00e9sentation des informations et de code HTML pour une structuration optimale. La mise en page s\u2019adapte correctement aux navigateurs les plus courants et les tailles de police sont d\u00e9finies en unit\u00e9s relatives pour permettre leur redimensionnement.<br \/>Alternatives aux \u00e9l\u00e9ments non textuels : Des alternatives sont pr\u00e9vues pour chaque \u00e9l\u00e9ment non textuel afin de garantir l\u2019acc\u00e8s au contenu \u00e0 tous les utilisateurs.<br \/>M\u00e9canismes de navigation appropri\u00e9s : Les liens fournissent des informations d\u00e9taill\u00e9es sur leur fonction ou leur destination. Des m\u00e9canismes d\u2019interaction facilitent la recherche d\u2019informations et la navigation sur le site.<br \/>Respect des normes : La documentation du site web a \u00e9t\u00e9 \u00e9labor\u00e9e conform\u00e9ment aux sp\u00e9cifications du W3C, l\u2019organisme qui d\u00e9finit les normes internationales du web. Cette documentation est valide et fournit le balisage appropri\u00e9 pour chaque type de contenu.<br \/>Objets programm\u00e9s : Aucun objet programm\u00e9 n\u2019est utilis\u00e9 pour pr\u00e9senter les informations ou fournir des fonctionnalit\u00e9s importantes. La navigation sur le site est ainsi possible quelles que soient les technologies disponibles sur le navigateur utilis\u00e9.<br \/>Accessibilit\u00e9 des PDF : Certains PDF publi\u00e9s sur notre site web ne sont pas accessibles en raison de limitations techniques. Dans ce cas, et si n\u00e9cessaire, vous pouvez nous contacter via la rubrique \u00ab Contact \u00bb pour obtenir le document.<br \/>Contact : Pour toute r\u00e9clamation, question ou suggestion visant \u00e0 am\u00e9liorer l\u2019accessibilit\u00e9 du site web, veuillez utiliser les moyens de communication disponibles dans la rubrique \u00ab Contact \u00bb.    <\/p>\n<p>&nbsp;<\/p>\n<h3>\u00c9tat de conformit\u00e9<\/h3>\n<p>Ce site web est <strong>partiellement conforme <\/strong>au d\u00e9cret royal 1112\/2018 du 7 septembre, en raison de la non-conformit\u00e9 des aspects indiqu\u00e9s ci-dessous.<\/p>\n<h3>Contenu inaccessible<\/h3>\n<p>Le contenu ci-dessous n&rsquo;est pas accessible pour la raison suivante :<\/p>\n<p>En raison de l&rsquo;utilisation d&rsquo;un syst\u00e8me de gestion de contenu qui ne peut garantir que les diff\u00e9rents utilisateurs qui modifient le contenu respectent toutes les normes d&rsquo;accessibilit\u00e9, nous ne pouvons garantir que l&rsquo;ensemble du contenu est conforme aux WCAG 2.1. Nous nous engageons toutefois \u00e0 r\u00e9soudre tout probl\u00e8me qui nous est signal\u00e9. <\/p>\n<p>Charge disproportionn\u00e9e : Sans objet.<\/p>\n<p>Le contenu ne rel\u00e8ve pas du champ d&rsquo;application de la l\u00e9gislation applicable<\/p>\n<p>Les fichiers Office au format PDF ou autres, ainsi que les applications publi\u00e9es avant le 20 septembre 2018 qui ne sont pas enti\u00e8rement conformes \u00e0 toutes les exigences d&rsquo;accessibilit\u00e9.<\/p>\n<p>Contenu multim\u00e9dia en direct.<\/p>\n<p>Contenu multim\u00e9dia pr\u00e9enregistr\u00e9 qui est temporel ou qui a \u00e9t\u00e9 publi\u00e9 avant l\u2019entr\u00e9e en vigueur du d\u00e9cret royal.<\/p>\n<p>Services de cartographie en ligne<\/p>\n<p>Contenu tiers non financ\u00e9 ni d\u00e9velopp\u00e9 par evyan.es<\/p>\n<h3>Pr\u00e9paration de cette d\u00e9claration d&rsquo;accessibilit\u00e9<\/h3>\n<p>Ce document a \u00e9t\u00e9 \u00e9tabli le 1er novembre 2025.<\/p>\n<p>La m\u00e9thode utilis\u00e9e pour pr\u00e9parer la d\u00e9claration consistait en une auto-\u00e9valuation du site web par evyan.es et les techniciens du d\u00e9partement de d\u00e9veloppement web au moyen d&rsquo;une analyse manuelle de l&rsquo;accessibilit\u00e9, compl\u00e9t\u00e9e par diff\u00e9rents outils semi-automatiques, agents utilisateurs et aides techniques.<\/p>\n<h3>Notes et informations de contact<\/h3>\n<p>Vous pouvez soumettre des communications concernant les exigences d\u2019accessibilit\u00e9 (article 10.2.a) du d\u00e9cret royal 1112\/2018 du 7 septembre), telles que, par exemple :<\/p>\n<p>Signalez toute infraction potentielle commise par ce site web.<\/p>\n<p>Pour signaler d&rsquo;autres difficult\u00e9s d&rsquo;acc\u00e8s au contenu.<\/p>\n<p>Veuillez soumettre toute autre question ou suggestion d&rsquo;am\u00e9lioration concernant l&rsquo;accessibilit\u00e9 du site web.<\/p>\n<p>Par les moyens suivants :<\/p>\n<p>Par le biais du formulaire de suggestion mis \u00e0 votre disposition par evyan.es.<\/p>\n<p>Courriel : info@evyan.es<\/p>\n<p>En personne dans les bureaux d&rsquo;evyan.es.<\/p>\n<p>Les communications seront re\u00e7ues et trait\u00e9es par le service d&rsquo;accessibilit\u00e9 du site web evyan.es, en tant que service responsable de l&rsquo;accessibilit\u00e9 du contenu de ce site web.<\/p>\n<h3>Demandes d&rsquo;information et plaintes accessibles<\/h3>\n<p>Les demandes d\u2019information accessible et les plaintes seront soumises par le biais de :<\/p>\n<p>Par le biais du formulaire de suggestion mis \u00e0 votre disposition par evyan.es.<\/p>\n<p>Courriel : info@evyan.es<\/p>\n","protected":false},"excerpt":{"rendered":"<p>D\u00e9claration d&rsquo;accessibilit\u00e9 evyan.es s&rsquo;engage \u00e0 rendre son site web accessible  [&#8230;]<\/p>\n","protected":false},"author":3,"featured_media":0,"parent":0,"menu_order":0,"comment_status":"closed","ping_status":"closed","template":"","meta":{"footnotes":""},"class_list":["post-2862","page","type-page","status-publish","hentry"],"yoast_head":"<!-- This site is optimized with the Yoast SEO plugin v26.1.1 - https:\/\/yoast.com\/wordpress\/plugins\/seo\/ -->\n<title>Evyan | Grossiste en fruits et distributeur d&#039;agrumes \u2013 Accessibilit\u00e9 et exp\u00e9rience utilisateur<\/title>\n<meta name=\"description\" content=\"Evyan, grossiste en fruits et producteur d&#039;oranges en Espagne, garantit l&#039;accessibilit\u00e9 et la facilit\u00e9 de navigation de son site web.\" \/>\n<meta name=\"robots\" content=\"index, follow, max-snippet:-1, max-image-preview:large, max-video-preview:-1\" \/>\n<link rel=\"canonical\" href=\"https:\/\/evyan.es\/fr\/accessibilite\/\" \/>\n<meta property=\"og:locale\" content=\"fr_FR\" \/>\n<meta property=\"og:type\" content=\"article\" \/>\n<meta property=\"og:title\" content=\"Evyan | Grossiste en fruits et distributeur d&#039;agrumes \u2013 Accessibilit\u00e9 et exp\u00e9rience utilisateur\" \/>\n<meta property=\"og:description\" content=\"Evyan, grossiste en fruits et producteur d&#039;oranges en Espagne, garantit l&#039;accessibilit\u00e9 et la facilit\u00e9 de navigation de son site web.\" \/>\n<meta property=\"og:url\" content=\"https:\/\/evyan.es\/fr\/accessibilite\/\" \/>\n<meta property=\"og:site_name\" content=\"Evyan\" \/>\n<meta property=\"article:modified_time\" content=\"2025-11-12T08:00:22+00:00\" \/>\n<meta name=\"twitter:card\" content=\"summary_large_image\" \/>\n<meta name=\"twitter:label1\" content=\"Dur\u00e9e de lecture estim\u00e9e\" \/>\n\t<meta name=\"twitter:data1\" content=\"4 minutes\" \/>\n<!-- \/ Yoast SEO plugin. -->","yoast_head_json":{"title":"Evyan | Grossiste en fruits et distributeur d'agrumes \u2013 Accessibilit\u00e9 et exp\u00e9rience utilisateur","description":"Evyan, grossiste en fruits et producteur d'oranges en Espagne, garantit l'accessibilit\u00e9 et la facilit\u00e9 de navigation de son site web.","robots":{"index":"index","follow":"follow","max-snippet":"max-snippet:-1","max-image-preview":"max-image-preview:large","max-video-preview":"max-video-preview:-1"},"canonical":"https:\/\/evyan.es\/fr\/accessibilite\/","og_locale":"fr_FR","og_type":"article","og_title":"Evyan | Grossiste en fruits et distributeur d'agrumes \u2013 Accessibilit\u00e9 et exp\u00e9rience utilisateur","og_description":"Evyan, grossiste en fruits et producteur d'oranges en Espagne, garantit l'accessibilit\u00e9 et la facilit\u00e9 de navigation de son site web.","og_url":"https:\/\/evyan.es\/fr\/accessibilite\/","og_site_name":"Evyan","article_modified_time":"2025-11-12T08:00:22+00:00","twitter_card":"summary_large_image","twitter_misc":{"Dur\u00e9e de lecture estim\u00e9e":"4 minutes"},"schema":{"@context":"https:\/\/schema.org","@graph":[{"@type":"WebPage","@id":"https:\/\/evyan.es\/fr\/accessibilite\/","url":"https:\/\/evyan.es\/fr\/accessibilite\/","name":"Evyan | Grossiste en fruits et distributeur d'agrumes \u2013 Accessibilit\u00e9 et exp\u00e9rience utilisateur","isPartOf":{"@id":"https:\/\/evyan.es\/fr\/#website"},"datePublished":"2025-11-11T10:11:21+00:00","dateModified":"2025-11-12T08:00:22+00:00","description":"Evyan, grossiste en fruits et producteur d'oranges en Espagne, garantit l'accessibilit\u00e9 et la facilit\u00e9 de navigation de son site web.","breadcrumb":{"@id":"https:\/\/evyan.es\/fr\/accessibilite\/#breadcrumb"},"inLanguage":"fr-FR","potentialAction":[{"@type":"ReadAction","target":["https:\/\/evyan.es\/fr\/accessibilite\/"]}]},{"@type":"BreadcrumbList","@id":"https:\/\/evyan.es\/fr\/accessibilite\/#breadcrumb","itemListElement":[{"@type":"ListItem","position":1,"name":"Portada","item":"https:\/\/evyan.es\/fr\/"},{"@type":"ListItem","position":2,"name":"Accessibilit\u00e9"}]},{"@type":"WebSite","@id":"https:\/\/evyan.es\/fr\/#website","url":"https:\/\/evyan.es\/fr\/","name":"Evyan","description":"","potentialAction":[{"@type":"SearchAction","target":{"@type":"EntryPoint","urlTemplate":"https:\/\/evyan.es\/fr\/?s={search_term_string}"},"query-input":{"@type":"PropertyValueSpecification","valueRequired":true,"valueName":"search_term_string"}}],"inLanguage":"fr-FR"}]}},"_hostinger_reach_plugin_has_subscription_block":false,"_hostinger_reach_plugin_is_elementor":false,"_links":{"self":[{"href":"https:\/\/evyan.es\/fr\/wp-json\/wp\/v2\/pages\/2862","targetHints":{"allow":["GET"]}}],"collection":[{"href":"https:\/\/evyan.es\/fr\/wp-json\/wp\/v2\/pages"}],"about":[{"href":"https:\/\/evyan.es\/fr\/wp-json\/wp\/v2\/types\/page"}],"author":[{"embeddable":true,"href":"https:\/\/evyan.es\/fr\/wp-json\/wp\/v2\/users\/3"}],"replies":[{"embeddable":true,"href":"https:\/\/evyan.es\/fr\/wp-json\/wp\/v2\/comments?post=2862"}],"version-history":[{"count":1,"href":"https:\/\/evyan.es\/fr\/wp-json\/wp\/v2\/pages\/2862\/revisions"}],"predecessor-version":[{"id":2992,"href":"https:\/\/evyan.es\/fr\/wp-json\/wp\/v2\/pages\/2862\/revisions\/2992"}],"wp:attachment":[{"href":"https:\/\/evyan.es\/fr\/wp-json\/wp\/v2\/media?parent=2862"}],"curies":[{"name":"wp","href":"https:\/\/api.w.org\/{rel}","templated":true}]}}