{"id":2834,"date":"2025-10-22T08:08:12","date_gmt":"2025-10-22T08:08:12","guid":{"rendered":"https:\/\/evyan.es\/gestion-du-bruit\/"},"modified":"2025-11-12T08:21:24","modified_gmt":"2025-11-12T08:21:24","slug":"gestion-du-bruit","status":"publish","type":"page","link":"https:\/\/evyan.es\/fr\/gestion-du-bruit\/","title":{"rendered":"Gestion du bruit"},"content":{"rendered":"<p><div class=\"fusion-fullwidth fullwidth-box fusion-builder-row-1 fusion-flex-container has-pattern-background has-mask-background fusion-parallax-none hundred-percent-fullwidth non-hundred-percent-height-scrolling lazyload\" style=\"--awb-border-radius-top-left:0px;--awb-border-radius-top-right:0px;--awb-border-radius-bottom-right:0px;--awb-border-radius-bottom-left:0px;--awb-padding-top:80px;--awb-padding-bottom:80px;--awb-margin-top:0px;--awb-background-image:linear-gradient(180deg, rgba(15,19,23,0.39) 0%,rgba(15,19,23,0.39) 100%);;--awb-background-size:cover;--awb-flex-wrap:wrap;\" data-bg=\"https:\/\/evyan.es\/wp-content\/uploads\/2025\/10\/oranges-1117628_1280.jpg\" data-bg-gradient=\"linear-gradient(180deg, rgba(15,19,23,0.39) 0%,rgba(15,19,23,0.39) 100%)\" ><div class=\"fusion-builder-row fusion-row fusion-flex-align-items-center fusion-flex-justify-content-center fusion-flex-content-wrap\" style=\"width:104% !important;max-width:104% !important;margin-left: calc(-4% \/ 2 );margin-right: calc(-4% \/ 2 );\"><div class=\"fusion-layout-column fusion_builder_column fusion-builder-column-0 fusion_builder_column_3_5 3_5 fusion-flex-column\" style=\"--awb-bg-size:cover;--awb-width-large:60%;--awb-margin-top-large:0px;--awb-spacing-right-large:3.2%;--awb-margin-bottom-large:0px;--awb-spacing-left-large:3.2%;--awb-width-medium:66.666666666667%;--awb-order-medium:0;--awb-spacing-right-medium:2.88%;--awb-margin-bottom-medium:0px;--awb-spacing-left-medium:2.88%;--awb-width-small:80%;--awb-order-small:0;--awb-spacing-right-small:2.4%;--awb-margin-bottom-small:0px;--awb-spacing-left-small:2.4%;\"><div class=\"fusion-column-wrapper fusion-column-has-shadow fusion-flex-justify-content-flex-start fusion-content-layout-column\"><div class=\"fusion-title title fusion-title-1 fusion-sep-none fusion-title-text fusion-title-size-three\" style=\"--awb-text-color:var(--awb-color1);\"><h3 class=\"fusion-title-heading title-heading-left\" style=\"margin:0;text-transform:none;\">Gestion du bruit<\/h3><\/div><\/div><\/div><\/div><\/div><div class=\"fusion-fullwidth fullwidth-box fusion-builder-row-2 fusion-flex-container has-pattern-background has-mask-background nonhundred-percent-fullwidth non-hundred-percent-height-scrolling\" style=\"--awb-border-radius-top-left:0px;--awb-border-radius-top-right:0px;--awb-border-radius-bottom-right:0px;--awb-border-radius-bottom-left:0px;--awb-margin-top:80px;--awb-margin-bottom:80px;--awb-flex-wrap:wrap;\" ><div class=\"fusion-builder-row fusion-row fusion-flex-align-items-flex-start fusion-flex-content-wrap\" style=\"max-width:1393.6px;margin-left: calc(-4% \/ 2 );margin-right: calc(-4% \/ 2 );\"><div class=\"fusion-layout-column fusion_builder_column fusion-builder-column-1 fusion_builder_column_1_1 1_1 fusion-flex-column\" style=\"--awb-bg-size:cover;--awb-width-large:100%;--awb-margin-top-large:0px;--awb-spacing-right-large:1.92%;--awb-margin-bottom-large:20px;--awb-spacing-left-large:1.92%;--awb-width-medium:100%;--awb-order-medium:0;--awb-spacing-right-medium:1.92%;--awb-spacing-left-medium:1.92%;--awb-width-small:100%;--awb-order-small:0;--awb-spacing-right-small:1.92%;--awb-spacing-left-small:1.92%;\"><div class=\"fusion-column-wrapper fusion-column-has-shadow fusion-flex-justify-content-flex-start fusion-content-layout-column\"><div class=\"fusion-text fusion-text-1\" style=\"--awb-text-transform:none;--awb-margin-top:18px;\"><p>La gestion du bruit dans une entreprise d\u2019agrumes se concentre principalement sur l<b>\u2018installation de conditionnement<\/b> (entrep\u00f4t ou <b>station de conditionnement<\/b>), car les op\u00e9rations sur le terrain (r\u00e9colte, taille, traitements) g\u00e9n\u00e8rent g\u00e9n\u00e9ralement des niveaux de bruit acceptables ou intermittents. L\u2019objectif est double : se c<b>onformer \u00e0 la r\u00e9glementation<\/b> en <b>mati\u00e8re de sant\u00e9 et de s\u00e9curit\u00e9 au travail afin de prot\u00e9ger les employ\u00e9s et limiter les nuisances sonores pour<\/b> le voisinage. <\/p>\n<p><b>1. Sources de bruit dans l\u2019industrie des agrumes<\/b><\/p>\n<p>Les principales sources de bruit dans une usine de transformation d\u2019agrumes sont m\u00e9caniques et se concentrent sur les lignes de traitement :<\/p>\n<ul>\n<li><b>Machines de tri et d\u2019emballage :<\/b> convoyeurs, brosses, s\u00e9choirs, basculeurs et calibreuses. Le bruit provient des moteurs \u00e9lectriques, des roulements, du contact constant entre les fruits et les surfaces m\u00e9talliques ou plastiques, ainsi que du mouvement continu des caisses et des palettes. <\/li>\n<li><b>Syst\u00e8mes de ventilation et de refroidissement <\/b>: Grands ventilateurs industriels, extracteurs et syst\u00e8mes de pompage pour la manutention ou le traitement de l\u2019eau.<\/li>\n<li><b>Machines auxiliaires : <\/b>chariots \u00e9l\u00e9vateurs (diesel ou \u00e9lectriques), compresseurs d\u2019air et \u00e9quipements de cerclage et de palettisation.<\/li>\n<\/ul>\n<p><b>2. R\u00e9glementation et limites d\u2019exposition<\/b><\/p>\n<p>La gestion est r\u00e9gie par la r\u00e9glementation relative \u00e0 la pr\u00e9vention des risques professionnels (PRP) en mati\u00e8re d\u2019exposition au bruit (en Espagne, d\u00e9cret royal 286\/2006, qui transpose la directive europ\u00e9enne) :<\/p>\n<table border=\"1\" width=\"566\" cellspacing=\"0\" cellpadding=\"1\">\n<thead>\n<tr>\n<td width=\"108\"><b>Valeur d\u2019exposition<\/b><\/td>\n<td width=\"103\"><b>Niveau sonore journalier (LAeq,d)<\/b><\/td>\n<td width=\"346\"><b>Cons\u00e9quences pour l\u2019entreprise<\/b><\/td>\n<\/tr>\n<\/thead>\n<tbody>\n<tr>\n<td width=\"108\"><b>Valeur de l\u2019action inf\u00e9rieure<\/b><\/td>\n<td width=\"103\">80 dB(A)<\/td>\n<td width=\"346\">Obligation d\u2019informer et de former les travailleurs.<\/td>\n<\/tr>\n<tr>\n<td width=\"108\"><b>Valeur limite d\u2019action<\/b><\/td>\n<td width=\"103\">85 dB(A)<\/td>\n<td width=\"346\">Obligation d\u2019adopter des mesures techniques pour r\u00e9duire le bruit et de mettre \u00e0 disposition des protections auditives individuelles (EPI).<\/td>\n<\/tr>\n<tr>\n<td width=\"108\"><b>Valeur limite d\u2019exposition<\/b><\/td>\n<td width=\"103\">87 dB(A)<\/td>\n<td width=\"346\">En aucun cas le niveau d\u2019exposition du travailleur (compte tenu de l\u2019att\u00e9nuation des protections) ne doit d\u00e9passer cette valeur.<\/td>\n<\/tr>\n<\/tbody>\n<\/table>\n<p><b>3. Strat\u00e9gies d\u2019att\u00e9nuation du bruit (Priorit\u00e9 d\u2019action)<\/b><\/p>\n<p>Une gestion efficace du bruit suit la hi\u00e9rarchie du contr\u00f4le des risques, en s\u2019attaquant d\u2019abord \u00e0 la source.<\/p>\n<p><b>A. Agir \u00e0 la source (mesure la plus efficace)<\/b><\/p>\n<ol>\n<li><b>Maintenance pr\u00e9ventive :<\/b> lubrification et r\u00e9glage constants des roulements, des moteurs et des cha\u00eenes afin d\u2019\u00e9liminer les bruits de frottement et les vibrations.<\/li>\n<li><b>Remplacement des \u00e9quipements :<\/b> Remplacez les composants anciens et bruyants par une technologie moderne et silencieuse (moteurs insonoris\u00e9s, convertisseurs de fr\u00e9quence).<\/li>\n<li><b>Encapsulation acoustique <\/b>: installer des cabines ou des \u00e9crans qui enveloppent les machines les plus bruyantes (par exemple, les compresseurs, les grands ventilateurs), r\u00e9duisant ainsi la propagation du bruit dans l\u2019environnement de travail.<\/li>\n<li><b>Mat\u00e9riaux d\u2019amortissement <\/b>: Installez des supports \u00e0 inertie ou des amortisseurs antivibratoires sur les supports moteur afin d\u2019emp\u00eacher la transmission des vibrations \u00e0 la structure.<\/li>\n<\/ol>\n<p><b>B. Action sur le milieu de propagation<\/b><\/p>\n<ol>\n<li><b>Isolation acoustique : <\/b>Utiliser des mat\u00e9riaux et des rev\u00eatements absorbants sur les plafonds et les murs du b\u00e2timent afin de r\u00e9duire la r\u00e9verb\u00e9ration et la dispersion du son \u00e0 l\u2019int\u00e9rieur de l\u2019entrep\u00f4t.<\/li>\n<li><b>Am\u00e9nagement des espaces de travail <\/b>: D\u00e9placez les postes de travail les plus sensibles (par exemple, les bureaux de contr\u00f4le qualit\u00e9) loin des lignes de production les plus bruyantes.<\/li>\n<li><b>Barri\u00e8res acoustiques <\/b>: installer des \u00e9crans ou un blindage partiel entre les machines et les op\u00e9rateurs dans les zones de manutention.<\/li>\n<\/ol>\n<p><b>C. Action sur le travailleur<\/b><\/p>\n<ol>\n<li><b>\u00c9valuation et surveillance :<\/b> Effectuer des mesures de bruit \u00e0 l\u2019aide de sonom\u00e8tres ou de dosim\u00e8tres afin de cartographier les zones \u00e0 risque.<\/li>\n<li><b>Fourniture d\u2019EPI <\/b>: Fournir et assurer l\u2019utilisation de <b>protections auditives individuelles <\/b>(bouchons d\u2019oreilles ou casques antibruit) dans les zones o\u00f9 les valeurs d\u2019action sont d\u00e9pass\u00e9es.<\/li>\n<li><b>Formation et information :<\/b> Former les travailleurs aux risques li\u00e9s au bruit, \u00e0 l\u2019utilisation correcte des EPI et \u00e0 la signalisation des zones bruyantes.<\/li>\n<\/ol>\n<p>La lutte antiparasitaire. C\u2019est un pilier de la <b>comp\u00e9titivit\u00e9 durable.<\/b> <\/p>\n<\/div><\/div><\/div><\/div><\/div><\/p>\n","protected":false},"excerpt":{"rendered":"","protected":false},"author":1,"featured_media":0,"parent":0,"menu_order":0,"comment_status":"closed","ping_status":"closed","template":"100-width.php","meta":{"footnotes":""},"class_list":["post-2834","page","type-page","status-publish","hentry"],"yoast_head":"<!-- This site is optimized with the Yoast SEO plugin v26.1.1 - https:\/\/yoast.com\/wordpress\/plugins\/seo\/ -->\n<title>Evyan | Producteur d&#039;oranges et grossiste d&#039;agrumes<\/title>\n<meta name=\"description\" content=\"Evyan, grossiste en fruits et distributeur d&#039;agrumes en Espagne, met en \u0153uvre la gestion du bruit dans ses processus de culture et de distribution en gros d&#039;oranges.\" \/>\n<meta name=\"robots\" content=\"index, follow, max-snippet:-1, max-image-preview:large, max-video-preview:-1\" \/>\n<link rel=\"canonical\" href=\"https:\/\/evyan.es\/fr\/gestion-du-bruit\/\" \/>\n<meta property=\"og:locale\" content=\"fr_FR\" \/>\n<meta property=\"og:type\" content=\"article\" \/>\n<meta property=\"og:title\" content=\"Evyan | Producteur d&#039;oranges et grossiste d&#039;agrumes\" \/>\n<meta property=\"og:description\" content=\"Evyan, grossiste en fruits et distributeur d&#039;agrumes en Espagne, met en \u0153uvre la gestion du bruit dans ses processus de culture et de distribution en gros d&#039;oranges.\" \/>\n<meta property=\"og:url\" content=\"https:\/\/evyan.es\/fr\/gestion-du-bruit\/\" \/>\n<meta property=\"og:site_name\" content=\"Evyan\" \/>\n<meta property=\"article:modified_time\" content=\"2025-11-12T08:21:24+00:00\" \/>\n<meta name=\"twitter:card\" content=\"summary_large_image\" \/>\n<meta name=\"twitter:label1\" content=\"Dur\u00e9e de lecture estim\u00e9e\" \/>\n\t<meta name=\"twitter:data1\" content=\"13 minutes\" \/>\n<!-- \/ Yoast SEO plugin. -->","yoast_head_json":{"title":"Evyan | Producteur d'oranges et grossiste d'agrumes","description":"Evyan, grossiste en fruits et distributeur d'agrumes en Espagne, met en \u0153uvre la gestion du bruit dans ses processus de culture et de distribution en gros d'oranges.","robots":{"index":"index","follow":"follow","max-snippet":"max-snippet:-1","max-image-preview":"max-image-preview:large","max-video-preview":"max-video-preview:-1"},"canonical":"https:\/\/evyan.es\/fr\/gestion-du-bruit\/","og_locale":"fr_FR","og_type":"article","og_title":"Evyan | Producteur d'oranges et grossiste d'agrumes","og_description":"Evyan, grossiste en fruits et distributeur d'agrumes en Espagne, met en \u0153uvre la gestion du bruit dans ses processus de culture et de distribution en gros d'oranges.","og_url":"https:\/\/evyan.es\/fr\/gestion-du-bruit\/","og_site_name":"Evyan","article_modified_time":"2025-11-12T08:21:24+00:00","twitter_card":"summary_large_image","twitter_misc":{"Dur\u00e9e de lecture estim\u00e9e":"13 minutes"},"schema":{"@context":"https:\/\/schema.org","@graph":[{"@type":"WebPage","@id":"https:\/\/evyan.es\/fr\/gestion-du-bruit\/","url":"https:\/\/evyan.es\/fr\/gestion-du-bruit\/","name":"Evyan | Producteur d'oranges et grossiste d'agrumes","isPartOf":{"@id":"https:\/\/evyan.es\/fr\/#website"},"datePublished":"2025-10-22T08:08:12+00:00","dateModified":"2025-11-12T08:21:24+00:00","description":"Evyan, grossiste en fruits et distributeur d'agrumes en Espagne, met en \u0153uvre la gestion du bruit dans ses processus de culture et de distribution en gros d'oranges.","breadcrumb":{"@id":"https:\/\/evyan.es\/fr\/gestion-du-bruit\/#breadcrumb"},"inLanguage":"fr-FR","potentialAction":[{"@type":"ReadAction","target":["https:\/\/evyan.es\/fr\/gestion-du-bruit\/"]}]},{"@type":"BreadcrumbList","@id":"https:\/\/evyan.es\/fr\/gestion-du-bruit\/#breadcrumb","itemListElement":[{"@type":"ListItem","position":1,"name":"Portada","item":"https:\/\/evyan.es\/fr\/"},{"@type":"ListItem","position":2,"name":"Gestion du bruit"}]},{"@type":"WebSite","@id":"https:\/\/evyan.es\/fr\/#website","url":"https:\/\/evyan.es\/fr\/","name":"Evyan","description":"","potentialAction":[{"@type":"SearchAction","target":{"@type":"EntryPoint","urlTemplate":"https:\/\/evyan.es\/fr\/?s={search_term_string}"},"query-input":{"@type":"PropertyValueSpecification","valueRequired":true,"valueName":"search_term_string"}}],"inLanguage":"fr-FR"}]}},"_hostinger_reach_plugin_has_subscription_block":false,"_hostinger_reach_plugin_is_elementor":false,"_links":{"self":[{"href":"https:\/\/evyan.es\/fr\/wp-json\/wp\/v2\/pages\/2834","targetHints":{"allow":["GET"]}}],"collection":[{"href":"https:\/\/evyan.es\/fr\/wp-json\/wp\/v2\/pages"}],"about":[{"href":"https:\/\/evyan.es\/fr\/wp-json\/wp\/v2\/types\/page"}],"author":[{"embeddable":true,"href":"https:\/\/evyan.es\/fr\/wp-json\/wp\/v2\/users\/1"}],"replies":[{"embeddable":true,"href":"https:\/\/evyan.es\/fr\/wp-json\/wp\/v2\/comments?post=2834"}],"version-history":[{"count":4,"href":"https:\/\/evyan.es\/fr\/wp-json\/wp\/v2\/pages\/2834\/revisions"}],"predecessor-version":[{"id":3035,"href":"https:\/\/evyan.es\/fr\/wp-json\/wp\/v2\/pages\/2834\/revisions\/3035"}],"wp:attachment":[{"href":"https:\/\/evyan.es\/fr\/wp-json\/wp\/v2\/media?parent=2834"}],"curies":[{"name":"wp","href":"https:\/\/api.w.org\/{rel}","templated":true}]}}