{"id":2827,"date":"2025-10-22T08:07:41","date_gmt":"2025-10-22T08:07:41","guid":{"rendered":"https:\/\/evyan.es\/gestion-des-dechets\/"},"modified":"2025-11-12T08:19:36","modified_gmt":"2025-11-12T08:19:36","slug":"gestion-des-dechets","status":"publish","type":"page","link":"https:\/\/evyan.es\/fr\/gestion-des-dechets\/","title":{"rendered":"Gestion des d\u00e9chets"},"content":{"rendered":"<p><div class=\"fusion-fullwidth fullwidth-box fusion-builder-row-1 fusion-flex-container has-pattern-background has-mask-background fusion-parallax-none hundred-percent-fullwidth non-hundred-percent-height-scrolling lazyload\" style=\"--awb-border-radius-top-left:0px;--awb-border-radius-top-right:0px;--awb-border-radius-bottom-right:0px;--awb-border-radius-bottom-left:0px;--awb-padding-top:80px;--awb-padding-bottom:80px;--awb-margin-top:0px;--awb-background-image:linear-gradient(180deg, rgba(15,19,23,0.39) 0%,rgba(15,19,23,0.39) 100%);;--awb-background-size:cover;--awb-flex-wrap:wrap;\" data-bg=\"https:\/\/evyan.es\/wp-content\/uploads\/2025\/10\/oranges-1117628_1280.jpg\" data-bg-gradient=\"linear-gradient(180deg, rgba(15,19,23,0.39) 0%,rgba(15,19,23,0.39) 100%)\" ><div class=\"fusion-builder-row fusion-row fusion-flex-align-items-center fusion-flex-justify-content-center fusion-flex-content-wrap\" style=\"width:104% !important;max-width:104% !important;margin-left: calc(-4% \/ 2 );margin-right: calc(-4% \/ 2 );\"><div class=\"fusion-layout-column fusion_builder_column fusion-builder-column-0 fusion_builder_column_3_5 3_5 fusion-flex-column\" style=\"--awb-bg-size:cover;--awb-width-large:60%;--awb-margin-top-large:0px;--awb-spacing-right-large:3.2%;--awb-margin-bottom-large:0px;--awb-spacing-left-large:3.2%;--awb-width-medium:66.666666666667%;--awb-order-medium:0;--awb-spacing-right-medium:2.88%;--awb-margin-bottom-medium:0px;--awb-spacing-left-medium:2.88%;--awb-width-small:80%;--awb-order-small:0;--awb-spacing-right-small:2.4%;--awb-margin-bottom-small:0px;--awb-spacing-left-small:2.4%;\"><div class=\"fusion-column-wrapper fusion-column-has-shadow fusion-flex-justify-content-flex-start fusion-content-layout-column\"><div class=\"fusion-title title fusion-title-1 fusion-sep-none fusion-title-text fusion-title-size-three\" style=\"--awb-text-color:var(--awb-color1);\"><h3 class=\"fusion-title-heading title-heading-left\" style=\"margin:0;text-transform:none;\">Gestion des d\u00e9chets<\/h3><\/div><\/div><\/div><\/div><\/div><div class=\"fusion-fullwidth fullwidth-box fusion-builder-row-2 fusion-flex-container has-pattern-background has-mask-background nonhundred-percent-fullwidth non-hundred-percent-height-scrolling\" style=\"--awb-border-radius-top-left:0px;--awb-border-radius-top-right:0px;--awb-border-radius-bottom-right:0px;--awb-border-radius-bottom-left:0px;--awb-margin-top:80px;--awb-margin-bottom:80px;--awb-flex-wrap:wrap;\" ><div class=\"fusion-builder-row fusion-row fusion-flex-align-items-flex-start fusion-flex-content-wrap\" style=\"max-width:1393.6px;margin-left: calc(-4% \/ 2 );margin-right: calc(-4% \/ 2 );\"><div class=\"fusion-layout-column fusion_builder_column fusion-builder-column-1 fusion_builder_column_1_1 1_1 fusion-flex-column\" style=\"--awb-bg-size:cover;--awb-width-large:100%;--awb-margin-top-large:0px;--awb-spacing-right-large:1.92%;--awb-margin-bottom-large:20px;--awb-spacing-left-large:1.92%;--awb-width-medium:100%;--awb-order-medium:0;--awb-spacing-right-medium:1.92%;--awb-spacing-left-medium:1.92%;--awb-width-small:100%;--awb-order-small:0;--awb-spacing-right-small:1.92%;--awb-spacing-left-small:1.92%;\"><div class=\"fusion-column-wrapper fusion-column-has-shadow fusion-flex-justify-content-flex-start fusion-content-layout-column\"><div class=\"fusion-text fusion-text-1\" style=\"--awb-text-transform:none;--awb-margin-top:18px;\"><p>La gestion des d\u00e9chets dans une entreprise d\u2019agrumes est un domaine vital qui a \u00e9volu\u00e9 d\u2019une simple \u00e9limination \u00e0 un mod\u00e8le d<b>\u2018\u00e9conomie circulaire<\/b>, visant \u00e0 o<b>ptimiser l\u2019utilisation<\/b> du fruit.<\/p>\n<p>Dans le secteur des agrumes, la gestion des d\u00e9chets se divise en deux grandes cat\u00e9gories : les sous-produits biologiques des fruits (pelures, pulpe, p\u00e9pins) et les d\u00e9chets provenant des usines d\u2019emballage (plastiques, carton, eaux us\u00e9es).<\/p>\n<p><b>1. Sous-produits de fruits biologiques (Le d\u00e9fi et l\u2019opportunit\u00e9)<\/b><\/p>\n<p>La plus grande partie des d\u00e9chets organiques provient des fruits \u00e9cart\u00e9s lors du tri (en raison de leur taille, de dommages esth\u00e9tiques ou de probl\u00e8mes sanitaires) ou des fruits transform\u00e9s par l\u2019industrie du jus. L\u2019objectif est de valoriser ces d\u00e9chets en produits \u00e0 haute valeur ajout\u00e9e. <\/p>\n<p><b>A. Utilisation \u00e0 haute valeur ajout\u00e9e<\/b><\/p>\n<table border=\"1\" width=\"566\" cellspacing=\"0\" cellpadding=\"1\">\n<thead>\n<tr>\n<td width=\"141\"><b>D\u00e9chets \/ Sous-produits<br \/>\n<\/b><\/td>\n<td width=\"419\">Application dans l\u2019\u00e9conomie circulaire<\/td>\n<\/tr>\n<\/thead>\n<tbody>\n<tr>\n<td width=\"141\"><b>\u00c9corce (Albedo et Flavedo)<br \/>\n<\/b><\/td>\n<td width=\"419\">Pectine d\u2019agrumes : ingr\u00e9dient cl\u00e9 pour l\u2019industrie alimentaire (\u00e9paississant, g\u00e9lifiant dans les confitures et les yaourts) et l\u2019industrie pharmaceutique.<\/td>\n<\/tr>\n<tr>\n<td width=\"141\"><b>Flavedo (couche externe de l\u2019\u00e9corce)<br \/>\n<\/b><\/td>\n<td width=\"419\">Huiles essentielles : compos\u00e9s aromatiques de grande valeur pour les industries cosm\u00e9tique, pharmaceutique et de nettoyage.<\/td>\n<\/tr>\n<tr>\n<td width=\"141\"><b>P\u00e2te et pelures<br \/>\n<\/b><\/td>\n<td width=\"419\">Aliments pour animaux (granul\u00e9s) : Les d\u00e9chets sont d\u00e9shydrat\u00e9s et transform\u00e9s en granul\u00e9s pour produire un aliment \u00e0 haute valeur nutritive destin\u00e9 au b\u00e9tail. Ce proc\u00e9d\u00e9 r\u00e9duit consid\u00e9rablement le volume des d\u00e9chets.<\/td>\n<\/tr>\n<tr>\n<td width=\"141\"><b>Flavedo (couche externe de l\u2019\u00e9corce)<br \/>\n<\/b><\/td>\n<td width=\"419\">Compos\u00e9s bioactifs : Extraction d\u2019antioxydants (polyph\u00e9nols, flavono\u00efdes) pour les compl\u00e9ments alimentaires et les cosm\u00e9tiques.<\/td>\n<\/tr>\n<tr>\n<td width=\"141\"><b>Fibres d\u2019agrumes<br \/>\n<\/b><\/td>\n<td width=\"419\">Biofibres et bioplastiques : utilis\u00e9s dans la recherche pour d\u00e9velopper des mat\u00e9riaux d\u2019emballage durables ou des composants pour la fabrication (automobiles, implants).<\/td>\n<\/tr>\n<\/tbody>\n<\/table>\n<p><b>B. Valorisation \u00e9nerg\u00e9tique et agricole<\/b><\/p>\n<ul>\n<li><b>Biogaz et biofertilisants :<\/b> Les d\u00e9chets organiques qui ne sont pas destin\u00e9s \u00e0 l\u2019extraction de sous-produits (ou les r\u00e9sidus de cette extraction) peuvent \u00eatre introduits dans des digesteurs ana\u00e9robies.\n<ul>\n<li>Ils produisent du biogaz, que l\u2019entreprise peut utiliser pour son autoconsommation d\u2019\u00e9nergie (chaudi\u00e8res, chauffage, \u00e9lectricit\u00e9).<\/li>\n<li>Le produit restant (digest) est utilis\u00e9 comme <b>biofertilisant<\/b> ou amendement organique pour les champs, bouclant ainsi le cycle.<\/li>\n<\/ul>\n<\/li>\n<li><b>Compostage : <\/b>Les mati\u00e8res organiques non utilisables industriellement peuvent \u00eatre compost\u00e9es pour cr\u00e9er un engrais organique de haute qualit\u00e9 qui est r\u00e9introduit dans les champs.<\/li>\n<\/ul>\n<p><b>2. D\u00e9chets provenant de l\u2019usine d\u2019emballage<\/b><\/p>\n<p>L\u2019entrep\u00f4t ou l\u2019installation centrale de stockage de fruits et l\u00e9gumes g\u00e9n\u00e8re des d\u00e9chets non organiques qui doivent \u00eatre g\u00e9r\u00e9s conform\u00e9ment \u00e0 une r\u00e9glementation environnementale stricte.<\/p>\n<ul>\n<li><b>D\u00e9chets d\u2019emballage :<\/b>\n<ul>\n<li><b>Carton et papier <\/b>: Les emballages en carton doivent \u00eatre tri\u00e9s, compact\u00e9s et envoy\u00e9s au recyclage (comme les bo\u00eetes en carton que vous avez montr\u00e9es).<\/li>\n<li><b>Plastiques :<\/b> leur gestion est essentielle. Cela concerne notamment les films, les feuillards, les filets (girsacs) et les barquettes en plastique. Il convient de privil\u00e9gier l\u2019utilisation de plastiques recyclables et, de plus en plus, d\u2019utiliser des emballages consign\u00e9s et r\u00e9utilisables (comme les bo\u00eetes IFCO que vous avez fournies) afin de r\u00e9duire la production de d\u00e9chets \u00e0 la source.  <\/li>\n<\/ul>\n<\/li>\n<li><b>Eaux us\u00e9es :<\/b> L\u2019eau provenant du lavage des fruits et du nettoyage de la ligne doit \u00eatre trait\u00e9e avant d\u2019\u00eatre rejet\u00e9e dans l\u2019environnement ou, de pr\u00e9f\u00e9rence, r<b>\u00e9utilis\u00e9e<\/b> dans des proc\u00e9d\u00e9s ne n\u00e9cessitant pas d\u2019eau potable (comme le nettoyage ext\u00e9rieur).<\/li>\n<li><b>D\u00e9chets dangereux :<\/b> Cela comprend les contenants de pesticides (provenant des champs) et les restes de produits de nettoyage ou de traitements post-r\u00e9colte. Ces d\u00e9chets doivent \u00eatre tri\u00e9s et remis \u00e0 des entreprises de gestion des d\u00e9chets agr\u00e9\u00e9es. <\/li>\n<\/ul>\n<p><b>L\u2019\u00e9conomie circulaire au c\u0153ur du management<\/b><\/p>\n<p>Une entreprise moderne sp\u00e9cialis\u00e9e dans les agrumes fonde sa gestion des d\u00e9chets sur le principe du<b> z\u00e9ro d\u00e9chet.<\/b> Cela signifie que : <\/p>\n<ol>\n<li><b>R\u00e9duction \u00e0 la source :<\/b> Diminuez la quantit\u00e9 de mat\u00e9riaux d\u2019emballage utilis\u00e9s et privil\u00e9giez les formats r\u00e9utilisables.<\/li>\n<li><b>Valorisation maximale : <\/b>privil\u00e9gier l\u2019utilisation des sous-produits organiques pour des applications \u00e0 haute valeur ajout\u00e9e (pectine, huiles) plut\u00f4t que pour des utilisations \u00e0 plus faible valeur ajout\u00e9e (alimentation animale).<\/li>\n<li><b>Durabilit\u00e9 et certification : <\/b>Obtenir des certifications de gestion environnementale (<b>ISO 14001<\/b>) et, si possible, des labels \u00ab <b>Z\u00e9ro d\u00e9chet <\/b>\u00bb pour d\u00e9montrer publiquement son engagement en faveur de la durabilit\u00e9.<\/li>\n<\/ol>\n<p><b>activit\u00e9 durable.<\/b><\/p>\n<\/div><\/div><\/div><\/div><\/div><\/p>\n","protected":false},"excerpt":{"rendered":"","protected":false},"author":1,"featured_media":0,"parent":0,"menu_order":0,"comment_status":"closed","ping_status":"closed","template":"100-width.php","meta":{"footnotes":""},"class_list":["post-2827","page","type-page","status-publish","hentry"],"yoast_head":"<!-- This site is optimized with the Yoast SEO plugin v26.1.1 - https:\/\/yoast.com\/wordpress\/plugins\/seo\/ -->\n<title>Evyan | Producteur d&#039;oranges et grossiste d&#039;agrumes<\/title>\n<meta name=\"description\" content=\"Evyan, grossiste en fruits et distributeur d&#039;agrumes en Espagne, applique une gestion durable des d\u00e9chets dans sa culture d&#039;oranges et sa distribution en gros.\" \/>\n<meta name=\"robots\" content=\"index, follow, max-snippet:-1, max-image-preview:large, max-video-preview:-1\" \/>\n<link rel=\"canonical\" href=\"https:\/\/evyan.es\/fr\/gestion-des-dechets\/\" \/>\n<meta property=\"og:locale\" content=\"fr_FR\" \/>\n<meta property=\"og:type\" content=\"article\" \/>\n<meta property=\"og:title\" content=\"Evyan | Producteur d&#039;oranges et grossiste d&#039;agrumes\" \/>\n<meta property=\"og:description\" content=\"Evyan, grossiste en fruits et distributeur d&#039;agrumes en Espagne, applique une gestion durable des d\u00e9chets dans sa culture d&#039;oranges et sa distribution en gros.\" \/>\n<meta property=\"og:url\" content=\"https:\/\/evyan.es\/fr\/gestion-des-dechets\/\" \/>\n<meta property=\"og:site_name\" content=\"Evyan\" \/>\n<meta property=\"article:modified_time\" content=\"2025-11-12T08:19:36+00:00\" \/>\n<meta name=\"twitter:card\" content=\"summary_large_image\" \/>\n<meta name=\"twitter:label1\" content=\"Dur\u00e9e de lecture estim\u00e9e\" \/>\n\t<meta name=\"twitter:data1\" content=\"14 minutes\" \/>\n<!-- \/ Yoast SEO plugin. -->","yoast_head_json":{"title":"Evyan | Producteur d'oranges et grossiste d'agrumes","description":"Evyan, grossiste en fruits et distributeur d'agrumes en Espagne, applique une gestion durable des d\u00e9chets dans sa culture d'oranges et sa distribution en gros.","robots":{"index":"index","follow":"follow","max-snippet":"max-snippet:-1","max-image-preview":"max-image-preview:large","max-video-preview":"max-video-preview:-1"},"canonical":"https:\/\/evyan.es\/fr\/gestion-des-dechets\/","og_locale":"fr_FR","og_type":"article","og_title":"Evyan | Producteur d'oranges et grossiste d'agrumes","og_description":"Evyan, grossiste en fruits et distributeur d'agrumes en Espagne, applique une gestion durable des d\u00e9chets dans sa culture d'oranges et sa distribution en gros.","og_url":"https:\/\/evyan.es\/fr\/gestion-des-dechets\/","og_site_name":"Evyan","article_modified_time":"2025-11-12T08:19:36+00:00","twitter_card":"summary_large_image","twitter_misc":{"Dur\u00e9e de lecture estim\u00e9e":"14 minutes"},"schema":{"@context":"https:\/\/schema.org","@graph":[{"@type":"WebPage","@id":"https:\/\/evyan.es\/fr\/gestion-des-dechets\/","url":"https:\/\/evyan.es\/fr\/gestion-des-dechets\/","name":"Evyan | Producteur d'oranges et grossiste d'agrumes","isPartOf":{"@id":"https:\/\/evyan.es\/fr\/#website"},"datePublished":"2025-10-22T08:07:41+00:00","dateModified":"2025-11-12T08:19:36+00:00","description":"Evyan, grossiste en fruits et distributeur d'agrumes en Espagne, applique une gestion durable des d\u00e9chets dans sa culture d'oranges et sa distribution en gros.","breadcrumb":{"@id":"https:\/\/evyan.es\/fr\/gestion-des-dechets\/#breadcrumb"},"inLanguage":"fr-FR","potentialAction":[{"@type":"ReadAction","target":["https:\/\/evyan.es\/fr\/gestion-des-dechets\/"]}]},{"@type":"BreadcrumbList","@id":"https:\/\/evyan.es\/fr\/gestion-des-dechets\/#breadcrumb","itemListElement":[{"@type":"ListItem","position":1,"name":"Portada","item":"https:\/\/evyan.es\/fr\/"},{"@type":"ListItem","position":2,"name":"Gestion des d\u00e9chets"}]},{"@type":"WebSite","@id":"https:\/\/evyan.es\/fr\/#website","url":"https:\/\/evyan.es\/fr\/","name":"Evyan","description":"","potentialAction":[{"@type":"SearchAction","target":{"@type":"EntryPoint","urlTemplate":"https:\/\/evyan.es\/fr\/?s={search_term_string}"},"query-input":{"@type":"PropertyValueSpecification","valueRequired":true,"valueName":"search_term_string"}}],"inLanguage":"fr-FR"}]}},"_hostinger_reach_plugin_has_subscription_block":false,"_hostinger_reach_plugin_is_elementor":false,"_links":{"self":[{"href":"https:\/\/evyan.es\/fr\/wp-json\/wp\/v2\/pages\/2827","targetHints":{"allow":["GET"]}}],"collection":[{"href":"https:\/\/evyan.es\/fr\/wp-json\/wp\/v2\/pages"}],"about":[{"href":"https:\/\/evyan.es\/fr\/wp-json\/wp\/v2\/types\/page"}],"author":[{"embeddable":true,"href":"https:\/\/evyan.es\/fr\/wp-json\/wp\/v2\/users\/1"}],"replies":[{"embeddable":true,"href":"https:\/\/evyan.es\/fr\/wp-json\/wp\/v2\/comments?post=2827"}],"version-history":[{"count":4,"href":"https:\/\/evyan.es\/fr\/wp-json\/wp\/v2\/pages\/2827\/revisions"}],"predecessor-version":[{"id":3031,"href":"https:\/\/evyan.es\/fr\/wp-json\/wp\/v2\/pages\/2827\/revisions\/3031"}],"wp:attachment":[{"href":"https:\/\/evyan.es\/fr\/wp-json\/wp\/v2\/media?parent=2827"}],"curies":[{"name":"wp","href":"https:\/\/api.w.org\/{rel}","templated":true}]}}