{"id":2818,"date":"2025-10-22T08:06:54","date_gmt":"2025-10-22T08:06:54","guid":{"rendered":"https:\/\/evyan.es\/gestion-de-la-biodiversite\/"},"modified":"2025-11-12T08:17:24","modified_gmt":"2025-11-12T08:17:24","slug":"gestion-de-la-biodiversite","status":"publish","type":"page","link":"https:\/\/evyan.es\/fr\/gestion-de-la-biodiversite\/","title":{"rendered":"Gestion de la biodiversit\u00e9"},"content":{"rendered":"<p><div class=\"fusion-fullwidth fullwidth-box fusion-builder-row-1 fusion-flex-container has-pattern-background has-mask-background fusion-parallax-none hundred-percent-fullwidth non-hundred-percent-height-scrolling lazyload\" style=\"--awb-border-radius-top-left:0px;--awb-border-radius-top-right:0px;--awb-border-radius-bottom-right:0px;--awb-border-radius-bottom-left:0px;--awb-padding-top:80px;--awb-padding-bottom:80px;--awb-margin-top:0px;--awb-background-image:linear-gradient(180deg, rgba(15,19,23,0.39) 0%,rgba(15,19,23,0.39) 100%);;--awb-background-size:cover;--awb-flex-wrap:wrap;\" data-bg=\"https:\/\/evyan.es\/wp-content\/uploads\/2025\/10\/oranges-1117628_1280.jpg\" data-bg-gradient=\"linear-gradient(180deg, rgba(15,19,23,0.39) 0%,rgba(15,19,23,0.39) 100%)\" ><div class=\"fusion-builder-row fusion-row fusion-flex-align-items-center fusion-flex-justify-content-center fusion-flex-content-wrap\" style=\"width:104% !important;max-width:104% !important;margin-left: calc(-4% \/ 2 );margin-right: calc(-4% \/ 2 );\"><div class=\"fusion-layout-column fusion_builder_column fusion-builder-column-0 fusion_builder_column_3_5 3_5 fusion-flex-column\" style=\"--awb-bg-size:cover;--awb-width-large:60%;--awb-margin-top-large:0px;--awb-spacing-right-large:3.2%;--awb-margin-bottom-large:0px;--awb-spacing-left-large:3.2%;--awb-width-medium:66.666666666667%;--awb-order-medium:0;--awb-spacing-right-medium:2.88%;--awb-margin-bottom-medium:0px;--awb-spacing-left-medium:2.88%;--awb-width-small:80%;--awb-order-small:0;--awb-spacing-right-small:2.4%;--awb-margin-bottom-small:0px;--awb-spacing-left-small:2.4%;\"><div class=\"fusion-column-wrapper fusion-column-has-shadow fusion-flex-justify-content-flex-start fusion-content-layout-column\"><div class=\"fusion-title title fusion-title-1 fusion-sep-none fusion-title-text fusion-title-size-three\" style=\"--awb-text-color:var(--awb-color1);\"><h3 class=\"fusion-title-heading title-heading-left\" style=\"margin:0;text-transform:none;\">Gestion de la biodiversit\u00e9<\/h3><\/div><\/div><\/div><\/div><\/div><div class=\"fusion-fullwidth fullwidth-box fusion-builder-row-2 fusion-flex-container has-pattern-background has-mask-background nonhundred-percent-fullwidth non-hundred-percent-height-scrolling\" style=\"--awb-border-radius-top-left:0px;--awb-border-radius-top-right:0px;--awb-border-radius-bottom-right:0px;--awb-border-radius-bottom-left:0px;--awb-margin-top:80px;--awb-margin-bottom:80px;--awb-flex-wrap:wrap;\" ><div class=\"fusion-builder-row fusion-row fusion-flex-align-items-flex-start fusion-flex-content-wrap\" style=\"max-width:1393.6px;margin-left: calc(-4% \/ 2 );margin-right: calc(-4% \/ 2 );\"><div class=\"fusion-layout-column fusion_builder_column fusion-builder-column-1 fusion_builder_column_1_1 1_1 fusion-flex-column\" style=\"--awb-bg-size:cover;--awb-width-large:100%;--awb-margin-top-large:0px;--awb-spacing-right-large:1.92%;--awb-margin-bottom-large:20px;--awb-spacing-left-large:1.92%;--awb-width-medium:100%;--awb-order-medium:0;--awb-spacing-right-medium:1.92%;--awb-spacing-left-medium:1.92%;--awb-width-small:100%;--awb-order-small:0;--awb-spacing-right-small:1.92%;--awb-spacing-left-small:1.92%;\"><div class=\"fusion-column-wrapper fusion-column-has-shadow fusion-flex-justify-content-flex-start fusion-content-layout-column\"><div class=\"fusion-text fusion-text-1\" style=\"--awb-text-transform:none;--awb-margin-top:18px;\"><p>La gestion de la biodiversit\u00e9 dans une exploitation d\u2019agrumes moderne est un \u00e9l\u00e9ment essentiel de la<b> durabilit\u00e9 et de l\u2019agriculture r\u00e9g\u00e9n\u00e9ratrice<\/b>. Il ne s\u2019agit pas seulement de prot\u00e9ger, mais aussi d\u2019i<b>nt\u00e9grer et de favoriser <\/b>activement la faune et les \u00e9cosyst\u00e8mes au sein et autour des exploitations afin d\u2019am\u00e9liorer la productivit\u00e9 et de r\u00e9duire la d\u00e9pendance aux intrants chimiques. <\/p>\n<p>Pour une entreprise comme Evyan, la biodiversit\u00e9 devient un outil agronomique et un facteur de diff\u00e9renciation sur le march\u00e9.<\/p>\n<p><b>1. Objectif principal : Lutte biologique par la conservation<\/b><\/p>\n<p>La pierre angulaire de la gestion de la biodiversit\u00e9 dans les agrumes est la<b> lutte biologique<\/b> par conservation. Celle-ci consiste \u00e0 cr\u00e9er un habitat appropri\u00e9 sur l\u2019exploitation afin d\u2019attirer, de nourrir et d\u2019abriter les <b>ennemis naturels<\/b> (faune b\u00e9n\u00e9fique) des ravageurs des agrumes. <\/p>\n<table border=\"1\" width=\"566\" cellspacing=\"0\" cellpadding=\"1\">\n<thead>\n<tr>\n<td width=\"141\"><b>Ravageur courant<\/b><\/td>\n<p><b>Ennemis naturels fa<\/b><\/p>\n<td width=\"419\">voris\u00e9s<\/td>\n<\/tr>\n<\/thead>\n<tbody>\n<tr>\n<td width=\"141\"><b>Cochenille rouge de Californie<\/b><\/td>\n<td width=\"419\"><i>Aphytis melinus (parasito\u00efde)<\/i><\/td>\n<\/tr>\n<tr>\n<td width=\"141\"><b>Cotonet<\/b><\/td>\n<td width=\"419\"><i>Anagyrus pseudococci (Parasitoide) y <i>Cryptolaemus montrouzieri<\/i> (Depredador)<\/i><\/td>\n<\/tr>\n<tr>\n<td width=\"141\">Acarien rouge<br \/>\nA<\/td>\n<td width=\"419\">cariens pr\u00e9dateurs (Neoseiulus californicus)<\/td>\n<\/tr>\n<\/tbody>\n<\/table>\n<p><b>Pratiques cl\u00e9s pour promouvoir la faune sauvage b\u00e9n\u00e9fique :<\/b><\/p>\n<ul>\n<li><b>Haies et corridors biologiques : <\/b>Plantez des esp\u00e8ces v\u00e9g\u00e9tales non h\u00f4tes des ravageurs des agrumes en bordure de propri\u00e9t\u00e9 ou en accotement. Ces plantes offrent un abri et une source de nectar (une source de nourriture alternative) aux ennemis naturels tout au long de l\u2019ann\u00e9e, m\u00eame lorsque la population de ravageurs est faible. <\/li>\n<li><b>Gestion du couvert v\u00e9g\u00e9tal <\/b>: \u00c9vitez de labourer le sol et d\u2019utiliser des herbicides sans discernement dans les rues. Le couvert v\u00e9g\u00e9tal cr\u00e9e un microclimat et offre un abri aux insectes pr\u00e9dateurs (comme les carabes). <\/li>\n<li><b>R\u00e9duction des agents chimiques :<\/b> la mesure la plus efficace. L\u2019utilisation d\u2019insecticides \u00e0 large spectre est la principale cause de la destruction des insectes utiles. L\u2019entreprise devrait adopter des<b> programmes de lutte int\u00e9gr\u00e9e (IPM),<\/b> en utilisant des produits \u00e0 faible impact ou des biopesticides pour prot\u00e9ger les insectes utiles.  <\/li>\n<\/ul>\n<p><b>2. Conservation des habitats et des paysages<\/b><\/p>\n<p>La gestion de la biodiversit\u00e9 dans la culture des agrumes s\u2019\u00e9tend au-del\u00e0 de l\u2019arbre fruitier, englobant l\u2019ensemble de l\u2019environnement de l\u2019exploitation.<\/p>\n<ul>\n<li><b>Zones non productives : <\/b>Conserver les zones non cultiv\u00e9es, telles que les pentes, les berges de foss\u00e9s ou les bassins d\u2019irrigation. R\u00e9g\u00e9n\u00e9rer la v\u00e9g\u00e9tation dans ces zones afin de cr\u00e9er un habitat pour la faune et la flore locales. <\/li>\n<li><b>Gestion des ressources en eau <\/b>: Les \u00e9tangs et canaux d\u2019irrigation ne se contentent pas de remplir une fonction li\u00e9e \u00e0 l\u2019eau, mais, s\u2019ils sont g\u00e9r\u00e9s de mani\u00e8re \u00e9cologique, ils deviennent des refuges pour les amphibiens et les oiseaux, agissant comme des points chauds pour la faune sauvage.<\/li>\n<li><b>Suivi et \u00e9valuation : <\/b>R\u00e9aliser des inventaires de biodiversit\u00e9 (indices de la flore et de la faune) afin de mesurer l\u2019impact des actions et d\u2019\u00e9tablir des objectifs d\u2019am\u00e9lioration continue.<\/li>\n<\/ul>\n<p><b>3. Responsabilit\u00e9 et certification<\/b><\/p>\n<p>La gestion de la biodiversit\u00e9 n\u2019est pas seulement une pratique interne ; c\u2019est une exigence du march\u00e9 valid\u00e9e par des certifications.<\/p>\n<table border=\"1\" width=\"566\" cellspacing=\"0\" cellpadding=\"1\">\n<thead>\n<tr>\n<td width=\"149\"><b>Norme\/Standard<br \/>\n<\/b><\/td>\n<td width=\"411\">Pertinence pour la biodiversit\u00e9<\/td>\n<\/tr>\n<\/thead>\n<tbody>\n<tr>\n<b><\/b><\/p>\n<td width=\"149\">GLOBALG.A.P.<\/td>\n<p>Il c<\/p>\n<td width=\"411\">omprend un module obligatoire sur l\u2019environnement qui inclut la gestion de l\u2019impact sur la biodiversit\u00e9<\/td>\n<p>.<br \/>\n<\/tr>\n<tr>\n<td width=\"149\"><span lang=\"en-GB\"><b>GLOBALG.A.P. + Add-on (GRASP)<\/b><\/span><\/td>\n<td width=\"411\">Bien qu\u2019elle se concentre sur les aspects sociaux, son approche de la durabilit\u00e9 globale favorise une bonne gestion agricole qui profite \u00e0 l\u2019\u00e9cosyst\u00e8me.<\/td>\n<\/tr>\n<tr>\n<b>A<\/b><\/p>\n<td width=\"149\">griculture biologique (QC)<\/td>\n<p>I<\/p>\n<td width=\"411\">l s\u2019agit de la norme la plus exigeante en mati\u00e8re de conservation de la biodiversit\u00e9, interdisant la plupart des produits chimiques de synth\u00e8se qui affectent la faune b\u00e9n\u00e9fique.<\/td>\n<\/tr>\n<\/tbody>\n<\/table>\n<p>Chez Evyan, la gestion de la biodiversit\u00e9 repose sur un mod\u00e8le o\u00f9 la <b>nature est au service de l\u2019entreprise<\/b>, ce qui permet d\u2019obtenir des r\u00e9coltes de haute qualit\u00e9 avec un impact environnemental r\u00e9duit et des co\u00fbts de lutte antiparasitaire moindres. C\u2019est un pilier de la <b>comp\u00e9titivit\u00e9 durable.<\/b> <\/p>\n<\/div><\/div><\/div><\/div><\/div><\/p>\n","protected":false},"excerpt":{"rendered":"","protected":false},"author":1,"featured_media":0,"parent":0,"menu_order":0,"comment_status":"closed","ping_status":"closed","template":"100-width.php","meta":{"footnotes":""},"class_list":["post-2818","page","type-page","status-publish","hentry"],"yoast_head":"<!-- This site is optimized with the Yoast SEO plugin v26.1.1 - https:\/\/yoast.com\/wordpress\/plugins\/seo\/ -->\n<title>Evyan | Producteur d&#039;oranges et grossiste d&#039;agrumes<\/title>\n<meta name=\"description\" content=\"Evyan, grossiste en fruits et distributeur d&#039;agrumes en Espagne, int\u00e8gre la gestion de la biodiversit\u00e9 dans sa culture en gros d&#039;oranges et d&#039;agrumes.\" \/>\n<meta name=\"robots\" content=\"index, follow, max-snippet:-1, max-image-preview:large, max-video-preview:-1\" \/>\n<link rel=\"canonical\" href=\"https:\/\/evyan.es\/fr\/gestion-de-la-biodiversite\/\" \/>\n<meta property=\"og:locale\" content=\"fr_FR\" \/>\n<meta property=\"og:type\" content=\"article\" \/>\n<meta property=\"og:title\" content=\"Evyan | Producteur d&#039;oranges et grossiste d&#039;agrumes\" \/>\n<meta property=\"og:description\" content=\"Evyan, grossiste en fruits et distributeur d&#039;agrumes en Espagne, int\u00e8gre la gestion de la biodiversit\u00e9 dans sa culture en gros d&#039;oranges et d&#039;agrumes.\" \/>\n<meta property=\"og:url\" content=\"https:\/\/evyan.es\/fr\/gestion-de-la-biodiversite\/\" \/>\n<meta property=\"og:site_name\" content=\"Evyan\" \/>\n<meta property=\"article:modified_time\" content=\"2025-11-12T08:17:24+00:00\" \/>\n<meta name=\"twitter:card\" content=\"summary_large_image\" \/>\n<meta name=\"twitter:label1\" content=\"Dur\u00e9e de lecture estim\u00e9e\" \/>\n\t<meta name=\"twitter:data1\" content=\"13 minutes\" \/>\n<!-- \/ Yoast SEO plugin. -->","yoast_head_json":{"title":"Evyan | Producteur d'oranges et grossiste d'agrumes","description":"Evyan, grossiste en fruits et distributeur d'agrumes en Espagne, int\u00e8gre la gestion de la biodiversit\u00e9 dans sa culture en gros d'oranges et d'agrumes.","robots":{"index":"index","follow":"follow","max-snippet":"max-snippet:-1","max-image-preview":"max-image-preview:large","max-video-preview":"max-video-preview:-1"},"canonical":"https:\/\/evyan.es\/fr\/gestion-de-la-biodiversite\/","og_locale":"fr_FR","og_type":"article","og_title":"Evyan | Producteur d'oranges et grossiste d'agrumes","og_description":"Evyan, grossiste en fruits et distributeur d'agrumes en Espagne, int\u00e8gre la gestion de la biodiversit\u00e9 dans sa culture en gros d'oranges et d'agrumes.","og_url":"https:\/\/evyan.es\/fr\/gestion-de-la-biodiversite\/","og_site_name":"Evyan","article_modified_time":"2025-11-12T08:17:24+00:00","twitter_card":"summary_large_image","twitter_misc":{"Dur\u00e9e de lecture estim\u00e9e":"13 minutes"},"schema":{"@context":"https:\/\/schema.org","@graph":[{"@type":"WebPage","@id":"https:\/\/evyan.es\/fr\/gestion-de-la-biodiversite\/","url":"https:\/\/evyan.es\/fr\/gestion-de-la-biodiversite\/","name":"Evyan | Producteur d'oranges et grossiste d'agrumes","isPartOf":{"@id":"https:\/\/evyan.es\/fr\/#website"},"datePublished":"2025-10-22T08:06:54+00:00","dateModified":"2025-11-12T08:17:24+00:00","description":"Evyan, grossiste en fruits et distributeur d'agrumes en Espagne, int\u00e8gre la gestion de la biodiversit\u00e9 dans sa culture en gros d'oranges et d'agrumes.","breadcrumb":{"@id":"https:\/\/evyan.es\/fr\/gestion-de-la-biodiversite\/#breadcrumb"},"inLanguage":"fr-FR","potentialAction":[{"@type":"ReadAction","target":["https:\/\/evyan.es\/fr\/gestion-de-la-biodiversite\/"]}]},{"@type":"BreadcrumbList","@id":"https:\/\/evyan.es\/fr\/gestion-de-la-biodiversite\/#breadcrumb","itemListElement":[{"@type":"ListItem","position":1,"name":"Portada","item":"https:\/\/evyan.es\/fr\/"},{"@type":"ListItem","position":2,"name":"Gestion de la biodiversit\u00e9"}]},{"@type":"WebSite","@id":"https:\/\/evyan.es\/fr\/#website","url":"https:\/\/evyan.es\/fr\/","name":"Evyan","description":"","potentialAction":[{"@type":"SearchAction","target":{"@type":"EntryPoint","urlTemplate":"https:\/\/evyan.es\/fr\/?s={search_term_string}"},"query-input":{"@type":"PropertyValueSpecification","valueRequired":true,"valueName":"search_term_string"}}],"inLanguage":"fr-FR"}]}},"_hostinger_reach_plugin_has_subscription_block":false,"_hostinger_reach_plugin_is_elementor":false,"_links":{"self":[{"href":"https:\/\/evyan.es\/fr\/wp-json\/wp\/v2\/pages\/2818","targetHints":{"allow":["GET"]}}],"collection":[{"href":"https:\/\/evyan.es\/fr\/wp-json\/wp\/v2\/pages"}],"about":[{"href":"https:\/\/evyan.es\/fr\/wp-json\/wp\/v2\/types\/page"}],"author":[{"embeddable":true,"href":"https:\/\/evyan.es\/fr\/wp-json\/wp\/v2\/users\/1"}],"replies":[{"embeddable":true,"href":"https:\/\/evyan.es\/fr\/wp-json\/wp\/v2\/comments?post=2818"}],"version-history":[{"count":4,"href":"https:\/\/evyan.es\/fr\/wp-json\/wp\/v2\/pages\/2818\/revisions"}],"predecessor-version":[{"id":3025,"href":"https:\/\/evyan.es\/fr\/wp-json\/wp\/v2\/pages\/2818\/revisions\/3025"}],"wp:attachment":[{"href":"https:\/\/evyan.es\/fr\/wp-json\/wp\/v2\/media?parent=2818"}],"curies":[{"name":"wp","href":"https:\/\/api.w.org\/{rel}","templated":true}]}}