{"id":2812,"date":"2025-10-22T08:08:43","date_gmt":"2025-10-22T08:08:43","guid":{"rendered":"https:\/\/evyan.es\/foires\/"},"modified":"2025-11-12T08:15:58","modified_gmt":"2025-11-12T08:15:58","slug":"foires","status":"publish","type":"page","link":"https:\/\/evyan.es\/fr\/foires\/","title":{"rendered":"Foires"},"content":{"rendered":"<p><div class=\"fusion-fullwidth fullwidth-box fusion-builder-row-1 fusion-flex-container has-pattern-background has-mask-background fusion-parallax-none hundred-percent-fullwidth non-hundred-percent-height-scrolling lazyload\" style=\"--awb-border-radius-top-left:0px;--awb-border-radius-top-right:0px;--awb-border-radius-bottom-right:0px;--awb-border-radius-bottom-left:0px;--awb-padding-top:80px;--awb-padding-bottom:80px;--awb-margin-top:0px;--awb-background-image:linear-gradient(180deg, rgba(15,19,23,0.39) 0%,rgba(15,19,23,0.39) 100%);;--awb-background-size:cover;--awb-flex-wrap:wrap;\" data-bg=\"https:\/\/evyan.es\/wp-content\/uploads\/2025\/10\/oranges-1117628_1280.jpg\" data-bg-gradient=\"linear-gradient(180deg, rgba(15,19,23,0.39) 0%,rgba(15,19,23,0.39) 100%)\" ><div class=\"fusion-builder-row fusion-row fusion-flex-align-items-center fusion-flex-justify-content-center fusion-flex-content-wrap\" style=\"width:104% !important;max-width:104% !important;margin-left: calc(-4% \/ 2 );margin-right: calc(-4% \/ 2 );\"><div class=\"fusion-layout-column fusion_builder_column fusion-builder-column-0 fusion_builder_column_3_5 3_5 fusion-flex-column\" style=\"--awb-bg-size:cover;--awb-width-large:60%;--awb-margin-top-large:0px;--awb-spacing-right-large:3.2%;--awb-margin-bottom-large:0px;--awb-spacing-left-large:3.2%;--awb-width-medium:66.666666666667%;--awb-order-medium:0;--awb-spacing-right-medium:2.88%;--awb-margin-bottom-medium:0px;--awb-spacing-left-medium:2.88%;--awb-width-small:80%;--awb-order-small:0;--awb-spacing-right-small:2.4%;--awb-margin-bottom-small:0px;--awb-spacing-left-small:2.4%;\"><div class=\"fusion-column-wrapper fusion-column-has-shadow fusion-flex-justify-content-flex-start fusion-content-layout-column\"><div class=\"fusion-title title fusion-title-1 fusion-sep-none fusion-title-text fusion-title-size-three\" style=\"--awb-text-color:var(--awb-color1);\"><h3 class=\"fusion-title-heading title-heading-left\" style=\"margin:0;text-transform:none;\">Foires<\/h3><\/div><\/div><\/div><\/div><\/div><div class=\"fusion-fullwidth fullwidth-box fusion-builder-row-2 fusion-flex-container has-pattern-background has-mask-background nonhundred-percent-fullwidth non-hundred-percent-height-scrolling\" style=\"--awb-border-radius-top-left:0px;--awb-border-radius-top-right:0px;--awb-border-radius-bottom-right:0px;--awb-border-radius-bottom-left:0px;--awb-margin-top:80px;--awb-flex-wrap:wrap;\" ><div class=\"fusion-builder-row fusion-row fusion-flex-align-items-flex-start fusion-flex-content-wrap\" style=\"max-width:1393.6px;margin-left: calc(-4% \/ 2 );margin-right: calc(-4% \/ 2 );\"><div class=\"fusion-layout-column fusion_builder_column fusion-builder-column-1 fusion_builder_column_1_1 1_1 fusion-flex-column\" style=\"--awb-bg-size:cover;--awb-width-large:100%;--awb-margin-top-large:0px;--awb-spacing-right-large:1.92%;--awb-margin-bottom-large:20px;--awb-spacing-left-large:1.92%;--awb-width-medium:100%;--awb-order-medium:0;--awb-spacing-right-medium:1.92%;--awb-spacing-left-medium:1.92%;--awb-width-small:100%;--awb-order-small:0;--awb-spacing-right-small:1.92%;--awb-spacing-left-small:1.92%;\"><div class=\"fusion-column-wrapper fusion-column-has-shadow fusion-flex-justify-content-flex-start fusion-content-layout-column\"><div class=\"fusion-text fusion-text-1\" style=\"--awb-text-transform:none;--awb-margin-top:18px;\"><p>Les salons les plus importants du secteur des agrumes sont ceux consacr\u00e9s \u00e0 l\u2019<b>industrie mondiale des fruits et l\u00e9gumes<\/b>, la culture des agrumes \u00e9tant un \u00e9l\u00e9ment essentiel de ce march\u00e9. Il existe cependant aussi des \u00e9v\u00e9nements sp\u00e9cialis\u00e9s. <\/p>\n<p>Les trois salons internationaux les plus importants au monde pour le commerce des agrumes et l\u2019ensemble de la cha\u00eene de valeur sont :<\/p>\n<p><b><span style=\"font-family: Segoe UI Emoji, serif;\">1. Fruit Logistica (Berlin, Allemagne) \ud83c\udde9\ud83c\uddea<\/span><\/b><\/p>\n<ul>\n<li><b>Pertinence :<\/b> Elle est traditionnellement consid\u00e9r\u00e9e comme la<b> foire commerciale internationale <\/b>la plus importante au monde pour la commercialisation des fruits et l\u00e9gumes frais.<\/li>\n<li><b>Citrus Focus <\/b>: Il sert de principale plateforme mondiale aux producteurs, exportateurs et distributeurs d\u2019agrumes du monde entier (M\u00e9diterran\u00e9e, Afrique du Sud, Am\u00e9rique du Sud) pour \u00e9tablir des contacts commerciaux internationaux et pr\u00e9senter les nouveaut\u00e9s de leurs campagnes.<\/li>\n<li><b>Quand <\/b>: Elle est c\u00e9l\u00e9br\u00e9e chaque ann\u00e9e, g\u00e9n\u00e9ralement en<b> f\u00e9vrier.<\/b><\/li>\n<\/ul>\n<p><b><span style=\"font-family: Segoe UI Emoji, serif;\">2. Fruit Attraction (Madrid, Espa\u00f1a) <b>\ud83c\uddea\ud83c\uddf8<\/b><\/span><\/b><\/p>\n<ul>\n<li><b>Pertinence <\/b>: Il s\u2019agit du principal salon professionnel du secteur des fruits et l\u00e9gumes en Europe du Sud et de l\u2019un des plus importants au monde. Son d\u00e9veloppement en a fait un concurrent direct et incontournable de Fruit Logistica. <\/li>\n<li><b>March\u00e9 des agrumes : <\/b>Ce march\u00e9 est essentiel pour le secteur des agrumes, compte tenu du r\u00f4le majeur de l\u2019Espagne en tant que premier producteur et exportateur d\u2019agrumes frais de l\u2019h\u00e9misph\u00e8re nord. Il rassemble un grand nombre d\u2019entreprises espagnoles et m\u00e9diterran\u00e9ennes. <\/li>\n<li><b>Quand <\/b>: Il a lieu chaque ann\u00e9e en <b>septembre ou en octobre.<\/b><\/li>\n<\/ul>\n<p><b>3. The Global Produce & Floral Show (EE. UU.) <\/b><span style=\"font-family: Segoe UI Emoji, serif;\"><b>\ud83c\uddfa\ud83c\uddf8<\/b><\/span><\/p>\n<ul>\n<li><b>Pertinence : <\/b>Organis\u00e9 par l\u2019International Fresh Produce Association (IFPA), il s\u2019agit du principal \u00e9v\u00e9nement consacr\u00e9 aux fruits et l\u00e9gumes frais et aux fleurs en <b>Am\u00e9rique du Nord.<\/b><\/li>\n<li>Le march\u00e9 des agrumes est crucial pour les entreprises qui cherchent \u00e0 acc\u00e9der au vaste march\u00e9 nord-am\u00e9ricain ou \u00e0 y consolider leur pr\u00e9sence. Ce march\u00e9 est une destination majeure pour l\u2019exportation d\u2019agrumes.<\/li>\n<li><b>Quand : <\/b>Il a lieu chaque ann\u00e9e en <b>octobre.<\/b><\/li>\n<\/ul>\n<p><b>\u00c9v\u00e9nement sp\u00e9cialis\u00e9 sur les agrumes<\/b><\/p>\n<p>Outre les grands salons professionnels, il existe un \u00e9v\u00e9nement technique et scientifique de haut niveau consacr\u00e9 exclusivement \u00e0 la culture des agrumes :<\/p>\n<ul>\n<li><b>Citrus Forum (Valence, Espagne)<\/b> : \ud83c\uddea\ud83c\uddf8<b> Il est consid\u00e9r\u00e9 comme le plus grand \u00e9v\u00e9nement consacr\u00e9 aux agrumes en Europe.<\/b> Il est ax\u00e9 sur un programme technique de pointe, r\u00e9unissant des chercheurs, des experts et des professionnels pour discuter des tendances, des ravageurs, des maladies, de la nutrition et des technologies appliqu\u00e9es \u00e0 la culture des agrumes (drones, biotechnologie).<\/li>\n<\/ul>\n<p><b>Autres salons professionnels pertinents<\/b><\/p>\n<ul>\n<li><b>Macfrut (Rimini, Italie) <\/b>: Salon international ax\u00e9 sur les produits, les technologies et les services du secteur des fruits et l\u00e9gumes, avec une pr\u00e9sence internationale croissante.<\/li>\n<li><b>Asia Fruit Logistica (Asie)<\/b> : Il s\u2019agit de la version asiatique de Fruit Logistica et du point de rencontre cl\u00e9 pour le march\u00e9 en pleine croissance des agrumes en Asie.<\/li>\n<li><b>Fruit Attraction S\u00e3o Paulo (Br\u00e9sil) :<\/b> Expansion de la marque Fruit Attraction ax\u00e9e sur le march\u00e9 latino-am\u00e9ricain.<\/li>\n<\/ul>\n<\/div><\/div><\/div><\/div><\/div><\/p>\n","protected":false},"excerpt":{"rendered":"","protected":false},"author":1,"featured_media":0,"parent":0,"menu_order":0,"comment_status":"closed","ping_status":"closed","template":"100-width.php","meta":{"footnotes":""},"class_list":["post-2812","page","type-page","status-publish","hentry"],"yoast_head":"<!-- This site is optimized with the Yoast SEO plugin v26.1.1 - https:\/\/yoast.com\/wordpress\/plugins\/seo\/ -->\n<title>Evyan | Grossiste en fruits et producteur d&#039;oranges \u2013 Salons et \u00e9v\u00e9nements sur les agrumes<\/title>\n<meta name=\"description\" content=\"Evyan, grossiste en fruits et distributeur d&#039;agrumes en Espagne, participe \u00e0 des salons professionnels et \u00e0 des \u00e9v\u00e9nements du secteur.\" \/>\n<meta name=\"robots\" content=\"index, follow, max-snippet:-1, max-image-preview:large, max-video-preview:-1\" \/>\n<link rel=\"canonical\" href=\"https:\/\/evyan.es\/fr\/foires\/\" \/>\n<meta property=\"og:locale\" content=\"fr_FR\" \/>\n<meta property=\"og:type\" content=\"article\" \/>\n<meta property=\"og:title\" content=\"Evyan | Grossiste en fruits et producteur d&#039;oranges \u2013 Salons et \u00e9v\u00e9nements sur les agrumes\" \/>\n<meta property=\"og:description\" content=\"Evyan, grossiste en fruits et distributeur d&#039;agrumes en Espagne, participe \u00e0 des salons professionnels et \u00e0 des \u00e9v\u00e9nements du secteur.\" \/>\n<meta property=\"og:url\" content=\"https:\/\/evyan.es\/fr\/foires\/\" \/>\n<meta property=\"og:site_name\" content=\"Evyan\" \/>\n<meta property=\"article:modified_time\" content=\"2025-11-12T08:15:58+00:00\" \/>\n<meta name=\"twitter:card\" content=\"summary_large_image\" \/>\n<meta name=\"twitter:label1\" content=\"Dur\u00e9e de lecture estim\u00e9e\" \/>\n\t<meta name=\"twitter:data1\" content=\"13 minutes\" \/>\n<!-- \/ Yoast SEO plugin. -->","yoast_head_json":{"title":"Evyan | Grossiste en fruits et producteur d'oranges \u2013 Salons et \u00e9v\u00e9nements sur les agrumes","description":"Evyan, grossiste en fruits et distributeur d'agrumes en Espagne, participe \u00e0 des salons professionnels et \u00e0 des \u00e9v\u00e9nements du secteur.","robots":{"index":"index","follow":"follow","max-snippet":"max-snippet:-1","max-image-preview":"max-image-preview:large","max-video-preview":"max-video-preview:-1"},"canonical":"https:\/\/evyan.es\/fr\/foires\/","og_locale":"fr_FR","og_type":"article","og_title":"Evyan | Grossiste en fruits et producteur d'oranges \u2013 Salons et \u00e9v\u00e9nements sur les agrumes","og_description":"Evyan, grossiste en fruits et distributeur d'agrumes en Espagne, participe \u00e0 des salons professionnels et \u00e0 des \u00e9v\u00e9nements du secteur.","og_url":"https:\/\/evyan.es\/fr\/foires\/","og_site_name":"Evyan","article_modified_time":"2025-11-12T08:15:58+00:00","twitter_card":"summary_large_image","twitter_misc":{"Dur\u00e9e de lecture estim\u00e9e":"13 minutes"},"schema":{"@context":"https:\/\/schema.org","@graph":[{"@type":"WebPage","@id":"https:\/\/evyan.es\/fr\/foires\/","url":"https:\/\/evyan.es\/fr\/foires\/","name":"Evyan | Grossiste en fruits et producteur d'oranges \u2013 Salons et \u00e9v\u00e9nements sur les agrumes","isPartOf":{"@id":"https:\/\/evyan.es\/fr\/#website"},"datePublished":"2025-10-22T08:08:43+00:00","dateModified":"2025-11-12T08:15:58+00:00","description":"Evyan, grossiste en fruits et distributeur d'agrumes en Espagne, participe \u00e0 des salons professionnels et \u00e0 des \u00e9v\u00e9nements du secteur.","breadcrumb":{"@id":"https:\/\/evyan.es\/fr\/foires\/#breadcrumb"},"inLanguage":"fr-FR","potentialAction":[{"@type":"ReadAction","target":["https:\/\/evyan.es\/fr\/foires\/"]}]},{"@type":"BreadcrumbList","@id":"https:\/\/evyan.es\/fr\/foires\/#breadcrumb","itemListElement":[{"@type":"ListItem","position":1,"name":"Portada","item":"https:\/\/evyan.es\/fr\/"},{"@type":"ListItem","position":2,"name":"Foires"}]},{"@type":"WebSite","@id":"https:\/\/evyan.es\/fr\/#website","url":"https:\/\/evyan.es\/fr\/","name":"Evyan","description":"","potentialAction":[{"@type":"SearchAction","target":{"@type":"EntryPoint","urlTemplate":"https:\/\/evyan.es\/fr\/?s={search_term_string}"},"query-input":{"@type":"PropertyValueSpecification","valueRequired":true,"valueName":"search_term_string"}}],"inLanguage":"fr-FR"}]}},"_hostinger_reach_plugin_has_subscription_block":false,"_hostinger_reach_plugin_is_elementor":false,"_links":{"self":[{"href":"https:\/\/evyan.es\/fr\/wp-json\/wp\/v2\/pages\/2812","targetHints":{"allow":["GET"]}}],"collection":[{"href":"https:\/\/evyan.es\/fr\/wp-json\/wp\/v2\/pages"}],"about":[{"href":"https:\/\/evyan.es\/fr\/wp-json\/wp\/v2\/types\/page"}],"author":[{"embeddable":true,"href":"https:\/\/evyan.es\/fr\/wp-json\/wp\/v2\/users\/1"}],"replies":[{"embeddable":true,"href":"https:\/\/evyan.es\/fr\/wp-json\/wp\/v2\/comments?post=2812"}],"version-history":[{"count":4,"href":"https:\/\/evyan.es\/fr\/wp-json\/wp\/v2\/pages\/2812\/revisions"}],"predecessor-version":[{"id":3020,"href":"https:\/\/evyan.es\/fr\/wp-json\/wp\/v2\/pages\/2812\/revisions\/3020"}],"wp:attachment":[{"href":"https:\/\/evyan.es\/fr\/wp-json\/wp\/v2\/media?parent=2812"}],"curies":[{"name":"wp","href":"https:\/\/api.w.org\/{rel}","templated":true}]}}