{"id":2799,"date":"2025-10-20T08:44:07","date_gmt":"2025-10-20T08:44:07","guid":{"rendered":"https:\/\/evyan.es\/distribution-et-logistique\/"},"modified":"2025-11-12T08:04:41","modified_gmt":"2025-11-12T08:04:41","slug":"distribution-et-logistique","status":"publish","type":"page","link":"https:\/\/evyan.es\/fr\/distribution-et-logistique\/","title":{"rendered":"Distribution et logistique"},"content":{"rendered":"<p><div class=\"fusion-fullwidth fullwidth-box fusion-builder-row-1 fusion-flex-container has-pattern-background has-mask-background fusion-parallax-none hundred-percent-fullwidth non-hundred-percent-height-scrolling lazyload\" style=\"--awb-border-radius-top-left:0px;--awb-border-radius-top-right:0px;--awb-border-radius-bottom-right:0px;--awb-border-radius-bottom-left:0px;--awb-padding-top:80px;--awb-padding-bottom:80px;--awb-margin-top:0px;--awb-background-image:linear-gradient(180deg, rgba(15,19,23,0.39) 0%,rgba(15,19,23,0.39) 100%);;--awb-background-size:cover;--awb-flex-wrap:wrap;\" data-bg=\"https:\/\/evyan.es\/wp-content\/uploads\/2025\/10\/oranges-1117628_1280.jpg\" data-bg-gradient=\"linear-gradient(180deg, rgba(15,19,23,0.39) 0%,rgba(15,19,23,0.39) 100%)\" ><div class=\"fusion-builder-row fusion-row fusion-flex-align-items-center fusion-flex-justify-content-center fusion-flex-content-wrap\" style=\"width:104% !important;max-width:104% !important;margin-left: calc(-4% \/ 2 );margin-right: calc(-4% \/ 2 );\"><div class=\"fusion-layout-column fusion_builder_column fusion-builder-column-0 fusion_builder_column_3_5 3_5 fusion-flex-column\" style=\"--awb-bg-size:cover;--awb-width-large:60%;--awb-margin-top-large:0px;--awb-spacing-right-large:3.2%;--awb-margin-bottom-large:0px;--awb-spacing-left-large:3.2%;--awb-width-medium:66.666666666667%;--awb-order-medium:0;--awb-spacing-right-medium:2.88%;--awb-margin-bottom-medium:0px;--awb-spacing-left-medium:2.88%;--awb-width-small:80%;--awb-order-small:0;--awb-spacing-right-small:2.4%;--awb-margin-bottom-small:0px;--awb-spacing-left-small:2.4%;\"><div class=\"fusion-column-wrapper fusion-column-has-shadow fusion-flex-justify-content-flex-start fusion-content-layout-column\"><div class=\"fusion-title title fusion-title-1 fusion-sep-none fusion-title-text fusion-title-size-three\" style=\"--awb-text-color:var(--awb-color1);\"><h3 class=\"fusion-title-heading title-heading-left\" style=\"margin:0;text-transform:none;\">Distribution et logistique<\/h3><\/div><\/div><\/div><\/div><\/div><div class=\"fusion-fullwidth fullwidth-box fusion-builder-row-2 fusion-flex-container has-pattern-background has-mask-background nonhundred-percent-fullwidth non-hundred-percent-height-scrolling\" style=\"--awb-border-radius-top-left:0px;--awb-border-radius-top-right:0px;--awb-border-radius-bottom-right:0px;--awb-border-radius-bottom-left:0px;--awb-margin-top:80px;--awb-margin-bottom:80px;--awb-flex-wrap:wrap;\" ><div class=\"fusion-builder-row fusion-row fusion-flex-align-items-flex-start fusion-flex-content-wrap\" style=\"max-width:1393.6px;margin-left: calc(-4% \/ 2 );margin-right: calc(-4% \/ 2 );\"><div class=\"fusion-layout-column fusion_builder_column fusion-builder-column-1 fusion_builder_column_1_1 1_1 fusion-flex-column\" style=\"--awb-bg-size:cover;--awb-width-large:100%;--awb-margin-top-large:0px;--awb-spacing-right-large:1.92%;--awb-margin-bottom-large:20px;--awb-spacing-left-large:1.92%;--awb-width-medium:100%;--awb-order-medium:0;--awb-spacing-right-medium:1.92%;--awb-spacing-left-medium:1.92%;--awb-width-small:100%;--awb-order-small:0;--awb-spacing-right-small:1.92%;--awb-spacing-left-small:1.92%;\"><div class=\"fusion-column-wrapper fusion-column-has-shadow fusion-flex-justify-content-flex-start fusion-content-layout-column\"><div class=\"fusion-text fusion-text-1\" style=\"--awb-text-transform:none;--awb-margin-top:18px;\"><p>La distribution et la logistique des agrumes sont des processus essentiels qui d\u00e9butent une fois que les fruits ont \u00e9t\u00e9 s\u00e9lectionn\u00e9s, trait\u00e9s et emball\u00e9s. L\u2019objectif principal est de garantir que le produit frais parvienne au consommateur ou \u00e0 sa destination industrielle en <b>pr\u00e9servant sa qualit\u00e9<\/b> et en prolongeant sa<b> dur\u00e9e de conservation.<\/b><\/p>\n<p><b>\ud83e\uddcaLogistique aval et cha\u00eene du froid<\/b><\/p>\n<p>La logistique aval comprend la pr\u00e9paration, le regroupement, le transport et l\u2019exp\u00e9dition du produit depuis l\u2019entrep\u00f4t d\u2019emballage jusqu\u2019\u00e0 sa destination finale. Le facteur le plus important dans cette phase est la <b>cha\u00eene du froid.<\/b><\/p>\n<table border=\"1\" width=\"566\" cellspacing=\"0\" cellpadding=\"1\">\n<thead>\n<tr>\n<td width=\"120\"><b>Apparence<br \/>\n<\/b><\/td>\n<td width=\"440\">Description<\/td>\n<\/tr>\n<\/thead>\n<tbody>\n<tr>\n<td width=\"120\">Pr\u00e9refroidissement<br \/>\n<b><\/b><\/td>\n<td width=\"440\">Avant le chargement, les agrumes sont g\u00e9n\u00e9ralement pr\u00e9-refroidis afin d\u2019\u00e9liminer la chaleur du champ et la chaleur m\u00e9tabolique g\u00e9n\u00e9r\u00e9e par la respiration du fruit.<\/td>\n<\/tr>\n<tr>\n<td width=\"120\"><b>Temp\u00e9rature optimale<\/b><\/td>\n<\/p>\n<td width=\"440\">Les agrumes ne sont pas climact\u00e9riques (ils ne m\u00fbrissent pas significativement apr\u00e8s la r\u00e9colte) et leur plage de temp\u00e9rature optimale pour le transport et le stockage se situe entre 2 \u00b0C et 15 \u00b0C. Les temp\u00e9ratures pr\u00e9cises varient : par exemple, il est recommand\u00e9 de conserver les citrons entre 8 \u00b0C et 10 \u00b0C afin d\u2019\u00e9viter les dommages caus\u00e9s par le froid lors d\u2019un stockage prolong\u00e9.<\/td>\n<\/tr>\n<tr>\n<td width=\"120\">Ventilation et humidit\u00e9\n<\/td>\n<td width=\"440\">Une bonne circulation d\u2019air est n\u00e9cessaire pour homog\u00e9n\u00e9iser la temp\u00e9rature et \u00e9viter l\u2019accumulation d\u2019\u00e9thyl\u00e8ne (m\u00eame si les agrumes en produisent en petites quantit\u00e9s, l\u2019\u00e9thyl\u00e8ne peut acc\u00e9l\u00e9rer la maturation des autres fruits transport\u00e9s simultan\u00e9ment). L\u2019humidit\u00e9 relative id\u00e9ale se situe entre 85 % et 90 %.<\/td>\n<\/tr>\n<tr>\n<td width=\"120\"><b>Transport<\/b><\/td>\n<td width=\"440\">Pour les longs trajets, notamment \u00e0 l\u2019exportation, des camions ou conteneurs frigorifiques sont utilis\u00e9s afin de maintenir une temp\u00e9rature stable et contr\u00f4l\u00e9e. Il est essentiel que l\u2019\u00e9quipement frigorifique soit en parfait \u00e9tat de fonctionnement et que les op\u00e9rations de chargement et de d\u00e9chargement soient effectu\u00e9es rapidement pour \u00e9viter toute rupture de la cha\u00eene d\u2019approvisionnement.<\/td>\n<\/tr>\n<tr>\n<b>C<\/b><\/p>\n<td width=\"120\">ontr\u00f4les phytosanitaires<\/td>\n<p>E<\/p>\n<td width=\"440\">n logistique d\u2019exportation, les contr\u00f4les phytosanitaires sont essentiels pour se conformer \u00e0 la r\u00e9glementation des pays de destination.<\/td>\n<\/tr>\n<\/tbody>\n<\/table>\n<p>\ud83d\udce6 <b>Palettisation et exp\u00e9dition<\/b><\/p>\n<ol>\n<li><b>Palettisation et cerclage<\/b> : Les bo\u00eetes ou emballages finaux sont regroup\u00e9s sur des palettes et cercl\u00e9s (fix\u00e9s avec du ruban adh\u00e9sif) ou emball\u00e9s pour assurer leur stabilit\u00e9 pendant le transport. L\u2019emballage doit permettre une palettisation et une circulation d\u2019air optimales.<\/li>\n<li><b>Chargement du v\u00e9hicule :<\/b> Les fruits sont charg\u00e9s dans le v\u00e9hicule frigorifique (camion, wagon ou conteneur maritime) de mani\u00e8re \u00e0 permettre la circulation de l\u2019air en dessous, autour et \u00e0 travers la charge. Si le chargement comporte plusieurs destinations, il est organis\u00e9 dans l\u2019ordre inverse du d\u00e9chargement.<\/li>\n<li><b>Inspection \u00e0 destination : <\/b>\u00c0 leur arriv\u00e9e dans les centres de distribution ou les ports de destination (en cas d\u2019exportation), les fruits peuvent faire l\u2019objet d\u2019inspections suppl\u00e9mentaires avant d\u2019\u00eatre distribu\u00e9s aux grossistes, aux supermarch\u00e9s ou aux industries de transformation (jus, huiles, etc.).<\/li>\n<\/ol>\n<p>\ud83c\udf0d <b>March\u00e9s et exportations<\/b><\/p>\n<p>La logistique mondiale des agrumes est une op\u00e9ration de grande envergure, avec les acteurs cl\u00e9s suivants :<\/p>\n<ul>\n<li>Principaux exportateurs (2023) : <b>Espagne <\/b>\ud83c\uddea\ud83c\uddf8 (leader mondial des agrumes frais), <b>Afrique du Sud<\/b> \ud83c\uddff\ud83c\udde6, <b>Chine<\/b> \ud83c\udde8\ud83c\uddf3 et <b>Turquie<\/b> \ud83c\uddf9\ud83c\uddf7.<\/li>\n<li><b>Principaux importateurs (2023) : \u00c9tats-Unis<\/b> \ud83c\uddfa\ud83c\uddf8<b>, Allemagn<\/b>e \ud83c\udde9\ud83c\uddea et <b>France <\/b>\ud83c\uddeb\ud83c\uddf7.<\/li>\n<li><b>Avantages logistiques :<\/b>\n<ul>\n<li><b>Espagne :<\/b> Proximit\u00e9 des principaux march\u00e9s europ\u00e9ens.<\/li>\n<li><b>Afrique du Sud <\/b>: Production hors <b>saison <\/b>(lorsque l\u2019h\u00e9misph\u00e8re nord n\u2019est pas en p\u00e9riode de r\u00e9colte), ce qui garantit un approvisionnement tout au long de l\u2019ann\u00e9e.<\/li>\n<\/ul>\n<\/li>\n<\/ul>\n<\/div><\/div><\/div><\/div><\/div><\/p>\n","protected":false},"excerpt":{"rendered":"","protected":false},"author":1,"featured_media":0,"parent":0,"menu_order":0,"comment_status":"closed","ping_status":"closed","template":"100-width.php","meta":{"footnotes":""},"class_list":["post-2799","page","type-page","status-publish","hentry"],"yoast_head":"<!-- This site is optimized with the Yoast SEO plugin v26.1.1 - https:\/\/yoast.com\/wordpress\/plugins\/seo\/ -->\n<title>Evyan | Grossiste en fruits et distributeur d&#039;agrumes \u2013 Distribution et logistique efficaces<\/title>\n<meta name=\"description\" content=\"Evyan, grossiste en fruits et producteur d&#039;oranges en Espagne, propose la distribution en gros et la logistique d&#039;agrumes avec une fra\u00eecheur, une ponctualit\u00e9 et une qualit\u00e9 maximale garanties pour chaque livraison.\" \/>\n<meta name=\"robots\" content=\"index, follow, max-snippet:-1, max-image-preview:large, max-video-preview:-1\" \/>\n<link rel=\"canonical\" href=\"https:\/\/evyan.es\/fr\/distribution-et-logistique\/\" \/>\n<meta property=\"og:locale\" content=\"fr_FR\" \/>\n<meta property=\"og:type\" content=\"article\" \/>\n<meta property=\"og:title\" content=\"Evyan | Grossiste en fruits et distributeur d&#039;agrumes \u2013 Distribution et logistique efficaces\" \/>\n<meta property=\"og:description\" content=\"Evyan, grossiste en fruits et producteur d&#039;oranges en Espagne, propose la distribution en gros et la logistique d&#039;agrumes avec une fra\u00eecheur, une ponctualit\u00e9 et une qualit\u00e9 maximale garanties pour chaque livraison.\" \/>\n<meta property=\"og:url\" content=\"https:\/\/evyan.es\/fr\/distribution-et-logistique\/\" \/>\n<meta property=\"og:site_name\" content=\"Evyan\" \/>\n<meta property=\"article:modified_time\" content=\"2025-11-12T08:04:41+00:00\" \/>\n<meta name=\"twitter:card\" content=\"summary_large_image\" \/>\n<meta name=\"twitter:label1\" content=\"Dur\u00e9e de lecture estim\u00e9e\" \/>\n\t<meta name=\"twitter:data1\" content=\"13 minutes\" \/>\n<!-- \/ Yoast SEO plugin. -->","yoast_head_json":{"title":"Evyan | Grossiste en fruits et distributeur d'agrumes \u2013 Distribution et logistique efficaces","description":"Evyan, grossiste en fruits et producteur d'oranges en Espagne, propose la distribution en gros et la logistique d'agrumes avec une fra\u00eecheur, une ponctualit\u00e9 et une qualit\u00e9 maximale garanties pour chaque livraison.","robots":{"index":"index","follow":"follow","max-snippet":"max-snippet:-1","max-image-preview":"max-image-preview:large","max-video-preview":"max-video-preview:-1"},"canonical":"https:\/\/evyan.es\/fr\/distribution-et-logistique\/","og_locale":"fr_FR","og_type":"article","og_title":"Evyan | Grossiste en fruits et distributeur d'agrumes \u2013 Distribution et logistique efficaces","og_description":"Evyan, grossiste en fruits et producteur d'oranges en Espagne, propose la distribution en gros et la logistique d'agrumes avec une fra\u00eecheur, une ponctualit\u00e9 et une qualit\u00e9 maximale garanties pour chaque livraison.","og_url":"https:\/\/evyan.es\/fr\/distribution-et-logistique\/","og_site_name":"Evyan","article_modified_time":"2025-11-12T08:04:41+00:00","twitter_card":"summary_large_image","twitter_misc":{"Dur\u00e9e de lecture estim\u00e9e":"13 minutes"},"schema":{"@context":"https:\/\/schema.org","@graph":[{"@type":"WebPage","@id":"https:\/\/evyan.es\/fr\/distribution-et-logistique\/","url":"https:\/\/evyan.es\/fr\/distribution-et-logistique\/","name":"Evyan | Grossiste en fruits et distributeur d'agrumes \u2013 Distribution et logistique efficaces","isPartOf":{"@id":"https:\/\/evyan.es\/fr\/#website"},"datePublished":"2025-10-20T08:44:07+00:00","dateModified":"2025-11-12T08:04:41+00:00","description":"Evyan, grossiste en fruits et producteur d'oranges en Espagne, propose la distribution en gros et la logistique d'agrumes avec une fra\u00eecheur, une ponctualit\u00e9 et une qualit\u00e9 maximale garanties pour chaque livraison.","breadcrumb":{"@id":"https:\/\/evyan.es\/fr\/distribution-et-logistique\/#breadcrumb"},"inLanguage":"fr-FR","potentialAction":[{"@type":"ReadAction","target":["https:\/\/evyan.es\/fr\/distribution-et-logistique\/"]}]},{"@type":"BreadcrumbList","@id":"https:\/\/evyan.es\/fr\/distribution-et-logistique\/#breadcrumb","itemListElement":[{"@type":"ListItem","position":1,"name":"Portada","item":"https:\/\/evyan.es\/fr\/"},{"@type":"ListItem","position":2,"name":"Distribution et logistique"}]},{"@type":"WebSite","@id":"https:\/\/evyan.es\/fr\/#website","url":"https:\/\/evyan.es\/fr\/","name":"Evyan","description":"","potentialAction":[{"@type":"SearchAction","target":{"@type":"EntryPoint","urlTemplate":"https:\/\/evyan.es\/fr\/?s={search_term_string}"},"query-input":{"@type":"PropertyValueSpecification","valueRequired":true,"valueName":"search_term_string"}}],"inLanguage":"fr-FR"}]}},"_hostinger_reach_plugin_has_subscription_block":false,"_hostinger_reach_plugin_is_elementor":false,"_links":{"self":[{"href":"https:\/\/evyan.es\/fr\/wp-json\/wp\/v2\/pages\/2799","targetHints":{"allow":["GET"]}}],"collection":[{"href":"https:\/\/evyan.es\/fr\/wp-json\/wp\/v2\/pages"}],"about":[{"href":"https:\/\/evyan.es\/fr\/wp-json\/wp\/v2\/types\/page"}],"author":[{"embeddable":true,"href":"https:\/\/evyan.es\/fr\/wp-json\/wp\/v2\/users\/1"}],"replies":[{"embeddable":true,"href":"https:\/\/evyan.es\/fr\/wp-json\/wp\/v2\/comments?post=2799"}],"version-history":[{"count":4,"href":"https:\/\/evyan.es\/fr\/wp-json\/wp\/v2\/pages\/2799\/revisions"}],"predecessor-version":[{"id":3003,"href":"https:\/\/evyan.es\/fr\/wp-json\/wp\/v2\/pages\/2799\/revisions\/3003"}],"wp:attachment":[{"href":"https:\/\/evyan.es\/fr\/wp-json\/wp\/v2\/media?parent=2799"}],"curies":[{"name":"wp","href":"https:\/\/api.w.org\/{rel}","templated":true}]}}