{"id":2791,"date":"2025-10-22T08:06:19","date_gmt":"2025-10-22T08:06:19","guid":{"rendered":"https:\/\/evyan.es\/qualite\/"},"modified":"2025-11-12T08:01:20","modified_gmt":"2025-11-12T08:01:20","slug":"qualite","status":"publish","type":"page","link":"https:\/\/evyan.es\/fr\/qualite\/","title":{"rendered":"Qualit\u00e9"},"content":{"rendered":"<p><div class=\"fusion-fullwidth fullwidth-box fusion-builder-row-1 fusion-flex-container has-pattern-background has-mask-background fusion-parallax-none hundred-percent-fullwidth non-hundred-percent-height-scrolling lazyload\" style=\"--awb-border-radius-top-left:0px;--awb-border-radius-top-right:0px;--awb-border-radius-bottom-right:0px;--awb-border-radius-bottom-left:0px;--awb-padding-top:80px;--awb-padding-bottom:80px;--awb-margin-top:0px;--awb-background-image:linear-gradient(180deg, rgba(15,19,23,0.39) 0%,rgba(15,19,23,0.39) 100%);;--awb-background-size:cover;--awb-flex-wrap:wrap;\" data-bg=\"https:\/\/evyan.es\/wp-content\/uploads\/2025\/10\/oranges-1117628_1280.jpg\" data-bg-gradient=\"linear-gradient(180deg, rgba(15,19,23,0.39) 0%,rgba(15,19,23,0.39) 100%)\" ><div class=\"fusion-builder-row fusion-row fusion-flex-align-items-center fusion-flex-justify-content-center fusion-flex-content-wrap\" style=\"width:104% !important;max-width:104% !important;margin-left: calc(-4% \/ 2 );margin-right: calc(-4% \/ 2 );\"><div class=\"fusion-layout-column fusion_builder_column fusion-builder-column-0 fusion_builder_column_3_5 3_5 fusion-flex-column\" style=\"--awb-bg-size:cover;--awb-width-large:60%;--awb-margin-top-large:0px;--awb-spacing-right-large:3.2%;--awb-margin-bottom-large:0px;--awb-spacing-left-large:3.2%;--awb-width-medium:66.666666666667%;--awb-order-medium:0;--awb-spacing-right-medium:2.88%;--awb-margin-bottom-medium:0px;--awb-spacing-left-medium:2.88%;--awb-width-small:80%;--awb-order-small:0;--awb-spacing-right-small:2.4%;--awb-margin-bottom-small:0px;--awb-spacing-left-small:2.4%;\"><div class=\"fusion-column-wrapper fusion-column-has-shadow fusion-flex-justify-content-flex-start fusion-content-layout-column\"><div class=\"fusion-title title fusion-title-1 fusion-sep-none fusion-title-text fusion-title-size-three\" style=\"--awb-text-color:var(--awb-color1);\"><h3 class=\"fusion-title-heading title-heading-left\" style=\"margin:0;text-transform:none;\">Qualit\u00e9<\/h3><\/div><\/div><\/div><\/div><\/div><div class=\"fusion-fullwidth fullwidth-box fusion-builder-row-2 fusion-flex-container nonhundred-percent-fullwidth non-hundred-percent-height-scrolling\" style=\"--awb-background-position:right bottom;--awb-background-repeat:repeat-y;--awb-border-radius-top-left:0px;--awb-border-radius-top-right:0px;--awb-border-radius-bottom-right:0px;--awb-border-radius-bottom-left:0px;--awb-margin-top:100px;--awb-flex-wrap:wrap;\" ><div class=\"fusion-builder-row fusion-row fusion-flex-align-items-flex-start fusion-flex-content-wrap\" style=\"max-width:1393.6px;margin-left: calc(-4% \/ 2 );margin-right: calc(-4% \/ 2 );\"><div class=\"fusion-layout-column fusion_builder_column fusion-builder-column-1 fusion_builder_column_1_2 1_2 fusion-flex-column\" style=\"--awb-bg-size:cover;--awb-width-large:50%;--awb-margin-top-large:0px;--awb-spacing-right-large:3.84%;--awb-margin-bottom-large:0px;--awb-spacing-left-large:3.84%;--awb-width-medium:50%;--awb-order-medium:0;--awb-spacing-right-medium:3.84%;--awb-spacing-left-medium:3.84%;--awb-width-small:100%;--awb-order-small:0;--awb-spacing-right-small:1.92%;--awb-spacing-left-small:1.92%;\"><div class=\"fusion-column-wrapper fusion-column-has-shadow fusion-flex-justify-content-flex-start fusion-content-layout-column\"><div class=\"fusion-image-element \" style=\"--awb-caption-title-font-family:var(--h2_typography-font-family);--awb-caption-title-font-weight:var(--h2_typography-font-weight);--awb-caption-title-font-style:var(--h2_typography-font-style);--awb-caption-title-size:var(--h2_typography-font-size);--awb-caption-title-transform:var(--h2_typography-text-transform);--awb-caption-title-line-height:var(--h2_typography-line-height);--awb-caption-title-letter-spacing:var(--h2_typography-letter-spacing);\"><span class=\" fusion-imageframe imageframe-none imageframe-1 hover-type-none\"><img decoding=\"async\" width=\"1184\" height=\"864\" title=\"calidad\" src=\"data:image\/svg+xml,%3Csvg%20xmlns%3D%27http%3A%2F%2Fwww.w3.org%2F2000%2Fsvg%27%20width%3D%271184%27%20height%3D%27864%27%20viewBox%3D%270%200%201184%20864%27%3E%3Crect%20width%3D%271184%27%20height%3D%27864%27%20fill-opacity%3D%220%22%2F%3E%3C%2Fsvg%3E\" data-orig-src=\"https:\/\/evyan.es\/wp-content\/uploads\/2025\/10\/calidad.png\" alt class=\"lazyload img-responsive wp-image-2621\"\/><\/span><\/div><\/div><\/div><div class=\"fusion-layout-column fusion_builder_column fusion-builder-column-2 fusion_builder_column_1_2 1_2 fusion-flex-column fusion-flex-align-self-center\" style=\"--awb-padding-left:15x;--awb-bg-size:cover;--awb-width-large:50%;--awb-margin-top-large:0px;--awb-spacing-right-large:3.84%;--awb-margin-bottom-large:0px;--awb-spacing-left-large:3.84%;--awb-width-medium:50%;--awb-order-medium:0;--awb-spacing-right-medium:3.84%;--awb-spacing-left-medium:3.84%;--awb-width-small:100%;--awb-order-small:0;--awb-margin-top-small:40px;--awb-spacing-right-small:1.92%;--awb-spacing-left-small:1.92%;\"><div class=\"fusion-column-wrapper fusion-column-has-shadow fusion-flex-justify-content-flex-start fusion-content-layout-column\"><div class=\"fusion-title title fusion-title-2 fusion-sep-none fusion-title-text fusion-title-size-two\" style=\"--awb-margin-top:0px;\"><h2 class=\"fusion-title-heading title-heading-left\" style=\"margin:0;text-transform:capitalize;\">L\u2019approche qualit\u00e9 d\u2019Evyan pour les agrumes<\/h2><\/div><div class=\"fusion-text fusion-text-1\" style=\"--awb-text-transform:none;--awb-margin-top:18px;\"><p>Comme toute entreprise d\u2019agrumes comp\u00e9titive, Evyan doit g\u00e9rer sa qualit\u00e9 gr\u00e2ce \u00e0 un<b> syst\u00e8me de gestion de la qualit\u00e9 (SGQ)<\/b> ax\u00e9 sur la s\u00e9curit\u00e9, l\u2019excellence<b> organoleptique et la conformit\u00e9 r\u00e9glementaire.<\/b><\/p>\n<p><b>1. Engagement en mati\u00e8re de s\u00e9curit\u00e9 alimentaire (exigences minimales)<\/b><\/p>\n<p>Le premier pilier d\u2019Evyan doit \u00eatre la s\u00e9curit\u00e9 alimentaire et sa garantie.<\/p>\n<p>Mise en \u0153uvre des normes GFSI (Global Food Safety Initiative) : Evyan est en cours de mise en \u0153uvre des normes GFSI. Ces normes garantissent que les processus de manutention, d\u2019emballage et de stockage dans ses entrep\u00f4ts sont rigoureux et s\u00fbrs. <\/p>\n<ul>\n<li><b>Tra\u00e7abilit\u00e9 \u00e0 360\u00b0 <\/b>: Evyan dispose d\u2019un syst\u00e8me permettant d\u2019identifier en quelques minutes l\u2019origine de chaque fruit (parcelle, date de r\u00e9colte, traitements). Un atout essentiel pour la gestion des risques et la confiance des clients. <\/li>\n<li><b>Contr\u00f4le des LMR :<\/b> Analyses constantes pour garantir que les niveaux de r\u00e9sidus de pesticides sont bien inf\u00e9rieurs aux limites maximales de r\u00e9sidus (LMR) exig\u00e9es par les pays de destination.<\/li>\n<\/ul>\n<\/div><\/div><\/div><\/div><\/div><div class=\"fusion-fullwidth fullwidth-box fusion-builder-row-3 fusion-flex-container has-pattern-background has-mask-background nonhundred-percent-fullwidth non-hundred-percent-height-scrolling\" style=\"--awb-border-radius-top-left:0px;--awb-border-radius-top-right:0px;--awb-border-radius-bottom-right:0px;--awb-border-radius-bottom-left:0px;--awb-flex-wrap:wrap;\" ><div class=\"fusion-builder-row fusion-row fusion-flex-align-items-flex-start fusion-flex-content-wrap\" style=\"max-width:1393.6px;margin-left: calc(-4% \/ 2 );margin-right: calc(-4% \/ 2 );\"><div class=\"fusion-layout-column fusion_builder_column fusion-builder-column-3 fusion_builder_column_1_1 1_1 fusion-flex-column\" style=\"--awb-bg-size:cover;--awb-width-large:100%;--awb-margin-top-large:0px;--awb-spacing-right-large:1.92%;--awb-margin-bottom-large:20px;--awb-spacing-left-large:1.92%;--awb-width-medium:100%;--awb-order-medium:0;--awb-spacing-right-medium:1.92%;--awb-spacing-left-medium:1.92%;--awb-width-small:100%;--awb-order-small:0;--awb-spacing-right-small:1.92%;--awb-spacing-left-small:1.92%;\"><div class=\"fusion-column-wrapper fusion-column-has-shadow fusion-flex-justify-content-flex-start fusion-content-layout-column\"><div class=\"fusion-text fusion-text-2\" style=\"--awb-text-transform:none;--awb-margin-top:18px;\"><p><b>2. L\u2019excellence du fruit (Ce qui distingue Evyan)<\/b><\/p>\n<p>Au-del\u00e0 de la s\u00e9curit\u00e9, la qualit\u00e9 chez Evyan doit se concentrer sur l\u2019exp\u00e9rience du consommateur :<\/p>\n<ul>\n<li><b>S\u00e9lection bas\u00e9e sur la saveur <\/b>(et non uniquement sur la couleur) : la r\u00e9colte doit se fonder sur <b>l\u2019indice de maturit\u00e9<\/b> (Brix\/acidit\u00e9), et non uniquement sur la couleur. Evyan doit veiller \u00e0 ce que ses oranges et mandarines (comme les Oronules ou les Clemenules) pr\u00e9sentent un \u00e9quilibre optimal entre douceur et acidit\u00e9 au moment de la r\u00e9colte. <\/li>\n<li><b>Qualit\u00e9 gustative :<\/b> Evyan privil\u00e9gie la fermet\u00e9, le juteux et la texture de la chair. Par exemple, pour des vari\u00e9t\u00e9s comme l\u2019Ortanique, la teneur en graines et l\u2019\u00e9paisseur de la peau sont soigneusement contr\u00f4l\u00e9es afin d\u2019optimiser le plaisir gustatif. <\/li>\n<li><b>Gestion post-r\u00e9colte sur mesure :<\/b>\n<ul>\n<li><b>Nettoyage et traitement :<\/b> Utilisation de lignes de traitement ultramodernes pour minimiser les dommages et appliquer uniform\u00e9ment les traitements fongicides et les cires.<\/li>\n<li><b>Calibrage optique <\/b>: Evyan doit utiliser des trieuses optiques de pointe pour s\u00e9parer les fruits par taille, couleur et m\u00eame d\u00e9tecter avec une grande pr\u00e9cision les d\u00e9fauts internes (comme le gonflement) ou externes.<\/li>\n<\/ul>\n<\/li>\n<\/ul>\n<p><b>3. Durabilit\u00e9 et pratiques \u00e9thiques<\/b><\/p>\n<p>Le march\u00e9 moderne exige une responsabilit\u00e9 sociale et environnementale :<\/p>\n<ul>\n<li><b>GlobalG.A.P. et GRASP <\/b>: Evyan doit faire certifier ses champs selon les normes <b>GlobalG.A.P. <\/b>(Bonnes Pratiques Agricoles) et son compl\u00e9ment <b>GRASP <\/b>(Pratiques Sociales), d\u00e9montrant ainsi son respect de l\u2019environnement et des conditions de travail de ses employ\u00e9s.<\/li>\n<li><b>Gestion des emballages :<\/b> (cartons, bois, IFCO, sacs Girsac, sacs en jute), Evyan propose une gamme vari\u00e9e d\u2019options d\u2019emballage. La qualit\u00e9 est ici synonyme de choix de mat\u00e9riaux durables ou r\u00e9utilisables (comme les caisses IFCO) et de garantie d\u2019une protection optimale des fruits jusqu\u2019\u00e0 leur destination. <\/li>\n<\/ul>\n<p><b>Conclusion pour Evyan<\/b><\/p>\n<p>Chez Evyan, la qualit\u00e9 se d\u00e9finit par l\u2019int\u00e9gration de la s\u00e9curit\u00e9 alimentaire certifi\u00e9e, de <b>l\u2019excellence organoleptiqu<\/b>e (saveur et jutosit\u00e9) et de la <b>responsabilit\u00e9 sociale et environnementale<\/b> (GlobalG.A.P.). C\u2019est un engagement total qui se refl\u00e8te dans la fra\u00eecheur, l\u2019aspect et, surtout, la saveur de chaque agrume qui parvient au consommateur.<\/p>\n<\/div><\/div><\/div><\/div><\/div><\/p>\n","protected":false},"excerpt":{"rendered":"","protected":false},"author":1,"featured_media":0,"parent":0,"menu_order":0,"comment_status":"closed","ping_status":"closed","template":"100-width.php","meta":{"footnotes":""},"class_list":["post-2791","page","type-page","status-publish","hentry"],"yoast_head":"<!-- This site is optimized with the Yoast SEO plugin v26.1.1 - https:\/\/yoast.com\/wordpress\/plugins\/seo\/ -->\n<title>Evyan | Producteur d&#039;oranges et grossiste d&#039;agrumes \u2013 Qualit\u00e9 garantie pour chaque fruit<\/title>\n<meta name=\"description\" content=\"Evyan, grossiste en fruits et distributeur d&#039;agrumes en Espagne, garantit la qualit\u00e9 de ses oranges et agrumes en gros, offrant fra\u00eecheur, saveur et tra\u00e7abilit\u00e9 pour chaque envoi.\" \/>\n<meta name=\"robots\" content=\"index, follow, max-snippet:-1, max-image-preview:large, max-video-preview:-1\" \/>\n<link rel=\"canonical\" href=\"https:\/\/evyan.es\/fr\/qualite\/\" \/>\n<meta property=\"og:locale\" content=\"fr_FR\" \/>\n<meta property=\"og:type\" content=\"article\" \/>\n<meta property=\"og:title\" content=\"Evyan | Producteur d&#039;oranges et grossiste d&#039;agrumes \u2013 Qualit\u00e9 garantie pour chaque fruit\" \/>\n<meta property=\"og:description\" content=\"Evyan, grossiste en fruits et distributeur d&#039;agrumes en Espagne, garantit la qualit\u00e9 de ses oranges et agrumes en gros, offrant fra\u00eecheur, saveur et tra\u00e7abilit\u00e9 pour chaque envoi.\" \/>\n<meta property=\"og:url\" content=\"https:\/\/evyan.es\/fr\/qualite\/\" \/>\n<meta property=\"og:site_name\" content=\"Evyan\" \/>\n<meta property=\"article:modified_time\" content=\"2025-11-12T08:01:20+00:00\" \/>\n<meta name=\"twitter:card\" content=\"summary_large_image\" \/>\n<meta name=\"twitter:label1\" content=\"Dur\u00e9e de lecture estim\u00e9e\" \/>\n\t<meta name=\"twitter:data1\" content=\"19 minutes\" \/>\n<!-- \/ Yoast SEO plugin. -->","yoast_head_json":{"title":"Evyan | Producteur d'oranges et grossiste d'agrumes \u2013 Qualit\u00e9 garantie pour chaque fruit","description":"Evyan, grossiste en fruits et distributeur d'agrumes en Espagne, garantit la qualit\u00e9 de ses oranges et agrumes en gros, offrant fra\u00eecheur, saveur et tra\u00e7abilit\u00e9 pour chaque envoi.","robots":{"index":"index","follow":"follow","max-snippet":"max-snippet:-1","max-image-preview":"max-image-preview:large","max-video-preview":"max-video-preview:-1"},"canonical":"https:\/\/evyan.es\/fr\/qualite\/","og_locale":"fr_FR","og_type":"article","og_title":"Evyan | Producteur d'oranges et grossiste d'agrumes \u2013 Qualit\u00e9 garantie pour chaque fruit","og_description":"Evyan, grossiste en fruits et distributeur d'agrumes en Espagne, garantit la qualit\u00e9 de ses oranges et agrumes en gros, offrant fra\u00eecheur, saveur et tra\u00e7abilit\u00e9 pour chaque envoi.","og_url":"https:\/\/evyan.es\/fr\/qualite\/","og_site_name":"Evyan","article_modified_time":"2025-11-12T08:01:20+00:00","twitter_card":"summary_large_image","twitter_misc":{"Dur\u00e9e de lecture estim\u00e9e":"19 minutes"},"schema":{"@context":"https:\/\/schema.org","@graph":[{"@type":"WebPage","@id":"https:\/\/evyan.es\/fr\/qualite\/","url":"https:\/\/evyan.es\/fr\/qualite\/","name":"Evyan | Producteur d'oranges et grossiste d'agrumes \u2013 Qualit\u00e9 garantie pour chaque fruit","isPartOf":{"@id":"https:\/\/evyan.es\/fr\/#website"},"datePublished":"2025-10-22T08:06:19+00:00","dateModified":"2025-11-12T08:01:20+00:00","description":"Evyan, grossiste en fruits et distributeur d'agrumes en Espagne, garantit la qualit\u00e9 de ses oranges et agrumes en gros, offrant fra\u00eecheur, saveur et tra\u00e7abilit\u00e9 pour chaque envoi.","breadcrumb":{"@id":"https:\/\/evyan.es\/fr\/qualite\/#breadcrumb"},"inLanguage":"fr-FR","potentialAction":[{"@type":"ReadAction","target":["https:\/\/evyan.es\/fr\/qualite\/"]}]},{"@type":"BreadcrumbList","@id":"https:\/\/evyan.es\/fr\/qualite\/#breadcrumb","itemListElement":[{"@type":"ListItem","position":1,"name":"Portada","item":"https:\/\/evyan.es\/fr\/"},{"@type":"ListItem","position":2,"name":"Qualit\u00e9"}]},{"@type":"WebSite","@id":"https:\/\/evyan.es\/fr\/#website","url":"https:\/\/evyan.es\/fr\/","name":"Evyan","description":"","potentialAction":[{"@type":"SearchAction","target":{"@type":"EntryPoint","urlTemplate":"https:\/\/evyan.es\/fr\/?s={search_term_string}"},"query-input":{"@type":"PropertyValueSpecification","valueRequired":true,"valueName":"search_term_string"}}],"inLanguage":"fr-FR"}]}},"_hostinger_reach_plugin_has_subscription_block":false,"_hostinger_reach_plugin_is_elementor":false,"_links":{"self":[{"href":"https:\/\/evyan.es\/fr\/wp-json\/wp\/v2\/pages\/2791","targetHints":{"allow":["GET"]}}],"collection":[{"href":"https:\/\/evyan.es\/fr\/wp-json\/wp\/v2\/pages"}],"about":[{"href":"https:\/\/evyan.es\/fr\/wp-json\/wp\/v2\/types\/page"}],"author":[{"embeddable":true,"href":"https:\/\/evyan.es\/fr\/wp-json\/wp\/v2\/users\/1"}],"replies":[{"embeddable":true,"href":"https:\/\/evyan.es\/fr\/wp-json\/wp\/v2\/comments?post=2791"}],"version-history":[{"count":6,"href":"https:\/\/evyan.es\/fr\/wp-json\/wp\/v2\/pages\/2791\/revisions"}],"predecessor-version":[{"id":2995,"href":"https:\/\/evyan.es\/fr\/wp-json\/wp\/v2\/pages\/2791\/revisions\/2995"}],"wp:attachment":[{"href":"https:\/\/evyan.es\/fr\/wp-json\/wp\/v2\/media?parent=2791"}],"curies":[{"name":"wp","href":"https:\/\/api.w.org\/{rel}","templated":true}]}}